{"id":59,"date":"2022-04-20T16:40:12","date_gmt":"2022-04-20T14:40:12","guid":{"rendered":"https:\/\/www.advanceparis.com\/?post_type=product&#038;p=59"},"modified":"2026-04-20T14:36:18","modified_gmt":"2026-04-20T12:36:18","slug":"playstream-a5","status":"publish","type":"product","link":"https:\/\/www.advanceparis.com\/fr\/produit\/playstream-a5\/","title":{"rendered":"PlayStream A5"},"content":{"rendered":"<h3>Le centre n\u00e9vralgique de votre syst\u00e8me<\/h3>\n<p>Le PlayStream A5 est un amplificateur int\u00e9gr\u00e9 connect\u00e9. D\u2019une puissance de 2x80W\/8\u03a9 en classe AB, le A5 a \u00e9t\u00e9 con\u00e7u dans le but ultime de satisfaire l\u2019audiophile exigeant. Sa restitution sonore est sans compromis, compatible avec toutes les nouvelles sources haute d\u00e9finition. Le A5 int\u00e8gre un lecteur de r\u00e9seau ethernet et wifi incluant de nombreux services comme Spotify, Deezer, Qobuz, Tidal, TuneIn, iHeartRadio, vTuner, Napster, etc, il permet la lecture en r\u00e9seau de votre biblioth\u00e8que musicale stock\u00e9e sur votre smartphone, tablette, ordinateur ou disque r\u00e9seau de type NAS (Synology). Un tuner num\u00e9rique DAB+, un tuner FM, 4 entr\u00e9es num\u00e9riques dont une coaxiale et 3 optiques, une entr\u00e9e USB ainsi que 6 entr\u00e9es analogiques dont une entr\u00e9e phono param\u00e9trables \u00e9quipent le PlayStream A5.<\/p>\n<p><img loading=\"lazy\" decoding=\"async\" class=\"alignnone wp-image-322 size-thumbnail\" src=\"https:\/\/www.advanceparis.com\/wp-content\/uploads\/2022\/04\/ADP-Picto_SPOTIFY-150x150.png\" alt=\"\" width=\"150\" height=\"150\" srcset=\"https:\/\/www.advanceparis.com\/wp-content\/uploads\/2022\/04\/ADP-Picto_SPOTIFY-150x150.png 150w, https:\/\/www.advanceparis.com\/wp-content\/uploads\/2022\/04\/ADP-Picto_SPOTIFY-300x300.png 300w, https:\/\/www.advanceparis.com\/wp-content\/uploads\/2022\/04\/ADP-Picto_SPOTIFY-600x600.png 600w, https:\/\/www.advanceparis.com\/wp-content\/uploads\/2022\/04\/ADP-Picto_SPOTIFY-1024x1024.png 1024w, https:\/\/www.advanceparis.com\/wp-content\/uploads\/2022\/04\/ADP-Picto_SPOTIFY-768x768.png 768w, https:\/\/www.advanceparis.com\/wp-content\/uploads\/2022\/04\/ADP-Picto_SPOTIFY-320x320.png 320w, https:\/\/www.advanceparis.com\/wp-content\/uploads\/2022\/04\/ADP-Picto_SPOTIFY.png 1182w\" sizes=\"auto, (max-width: 150px) 100vw, 150px\" \/> <img loading=\"lazy\" decoding=\"async\" class=\"alignnone wp-image-321 size-thumbnail\" src=\"https:\/\/www.advanceparis.com\/wp-content\/uploads\/2022\/04\/ADP-Picto_DEEZER-150x150.png\" alt=\"\" width=\"150\" height=\"150\" srcset=\"https:\/\/www.advanceparis.com\/wp-content\/uploads\/2022\/04\/ADP-Picto_DEEZER-150x150.png 150w, https:\/\/www.advanceparis.com\/wp-content\/uploads\/2022\/04\/ADP-Picto_DEEZER-300x300.png 300w, https:\/\/www.advanceparis.com\/wp-content\/uploads\/2022\/04\/ADP-Picto_DEEZER-600x600.png 600w, https:\/\/www.advanceparis.com\/wp-content\/uploads\/2022\/04\/ADP-Picto_DEEZER-1024x1024.png 1024w, https:\/\/www.advanceparis.com\/wp-content\/uploads\/2022\/04\/ADP-Picto_DEEZER-768x768.png 768w, https:\/\/www.advanceparis.com\/wp-content\/uploads\/2022\/04\/ADP-Picto_DEEZER-320x320.png 320w, https:\/\/www.advanceparis.com\/wp-content\/uploads\/2022\/04\/ADP-Picto_DEEZER.png 1182w\" sizes=\"auto, (max-width: 150px) 100vw, 150px\" \/><img loading=\"lazy\" decoding=\"async\" class=\"alignnone wp-image-323 size-thumbnail\" src=\"https:\/\/www.advanceparis.com\/wp-content\/uploads\/2022\/04\/ADP-Picto_TIDAL-150x150.png\" alt=\"\" width=\"150\" height=\"150\" srcset=\"https:\/\/www.advanceparis.com\/wp-content\/uploads\/2022\/04\/ADP-Picto_TIDAL-150x150.png 150w, https:\/\/www.advanceparis.com\/wp-content\/uploads\/2022\/04\/ADP-Picto_TIDAL-300x300.png 300w, https:\/\/www.advanceparis.com\/wp-content\/uploads\/2022\/04\/ADP-Picto_TIDAL-600x600.png 600w, https:\/\/www.advanceparis.com\/wp-content\/uploads\/2022\/04\/ADP-Picto_TIDAL-1024x1024.png 1024w, https:\/\/www.advanceparis.com\/wp-content\/uploads\/2022\/04\/ADP-Picto_TIDAL-768x768.png 768w, https:\/\/www.advanceparis.com\/wp-content\/uploads\/2022\/04\/ADP-Picto_TIDAL-320x320.png 320w, https:\/\/www.advanceparis.com\/wp-content\/uploads\/2022\/04\/ADP-Picto_TIDAL.png 1182w\" sizes=\"auto, (max-width: 150px) 100vw, 150px\" \/><img loading=\"lazy\" decoding=\"async\" class=\"alignnone wp-image-325 size-thumbnail\" src=\"https:\/\/www.advanceparis.com\/wp-content\/uploads\/2022\/04\/ADP-Picto_TUNE_IN-150x150.png\" alt=\"\" width=\"150\" height=\"150\" srcset=\"https:\/\/www.advanceparis.com\/wp-content\/uploads\/2022\/04\/ADP-Picto_TUNE_IN-150x150.png 150w, https:\/\/www.advanceparis.com\/wp-content\/uploads\/2022\/04\/ADP-Picto_TUNE_IN-300x300.png 300w, https:\/\/www.advanceparis.com\/wp-content\/uploads\/2022\/04\/ADP-Picto_TUNE_IN-600x600.png 600w, https:\/\/www.advanceparis.com\/wp-content\/uploads\/2022\/04\/ADP-Picto_TUNE_IN-1024x1024.png 1024w, https:\/\/www.advanceparis.com\/wp-content\/uploads\/2022\/04\/ADP-Picto_TUNE_IN-768x768.png 768w, https:\/\/www.advanceparis.com\/wp-content\/uploads\/2022\/04\/ADP-Picto_TUNE_IN-320x320.png 320w, https:\/\/www.advanceparis.com\/wp-content\/uploads\/2022\/04\/ADP-Picto_TUNE_IN.png 1182w\" sizes=\"auto, (max-width: 150px) 100vw, 150px\" \/><img loading=\"lazy\" decoding=\"async\" class=\"alignnone wp-image-324 size-thumbnail\" src=\"https:\/\/www.advanceparis.com\/wp-content\/uploads\/2022\/04\/ADP-Picto_TUNE_IN-copie-150x150.png\" alt=\"\" width=\"150\" height=\"150\" srcset=\"https:\/\/www.advanceparis.com\/wp-content\/uploads\/2022\/04\/ADP-Picto_TUNE_IN-copie-150x150.png 150w, https:\/\/www.advanceparis.com\/wp-content\/uploads\/2022\/04\/ADP-Picto_TUNE_IN-copie-300x300.png 300w, https:\/\/www.advanceparis.com\/wp-content\/uploads\/2022\/04\/ADP-Picto_TUNE_IN-copie-600x600.png 600w, https:\/\/www.advanceparis.com\/wp-content\/uploads\/2022\/04\/ADP-Picto_TUNE_IN-copie-1024x1024.png 1024w, https:\/\/www.advanceparis.com\/wp-content\/uploads\/2022\/04\/ADP-Picto_TUNE_IN-copie-768x768.png 768w, https:\/\/www.advanceparis.com\/wp-content\/uploads\/2022\/04\/ADP-Picto_TUNE_IN-copie-320x320.png 320w, https:\/\/www.advanceparis.com\/wp-content\/uploads\/2022\/04\/ADP-Picto_TUNE_IN-copie.png 1182w\" sizes=\"auto, (max-width: 150px) 100vw, 150px\" \/><\/p>\n<p>Le PlayStream A5 est compatible avec nos recepteurs compatibles Bluetooth X-FTB01 et nouveau X-FTB02 int\u00e9grant l\u2019aptX HD haute d\u00e9finition. Equip\u00e9 du High-Bias, le PlayStream A5 d\u00e9livre un son assimilable \u00e0 de la classe A sur les premiers watts. Compatible DLNA et Airplay. A d\u00e9couvrir !<\/p>\n","protected":false},"excerpt":{"rendered":"<p>Le PlayStream A5 est un amplificateur int\u00e9gr\u00e9 connect\u00e9.<\/p>\n","protected":false},"featured_media":3060,"template":"","meta":{"_acf_changed":false},"product_brand":[],"product_cat":[420,482],"product_tag":[316,344,315],"class_list":{"0":"post-59","1":"product","2":"type-product","3":"status-publish","4":"has-post-thumbnail","6":"product_cat-amplificateur-connecte","7":"product_cat-playstream","8":"product_tag-ethernet","9":"product_tag-vu","10":"product_tag-wifi","12":"first","13":"outofstock","14":"shipping-taxable","15":"purchasable","16":"product-type-variable","17":"has-default-attributes"},"acf":[],"jetpack_sharing_enabled":true,"_links":{"self":[{"href":"https:\/\/www.advanceparis.com\/fr\/wp-json\/wp\/v2\/product\/59","targetHints":{"allow":["GET"]}}],"collection":[{"href":"https:\/\/www.advanceparis.com\/fr\/wp-json\/wp\/v2\/product"}],"about":[{"href":"https:\/\/www.advanceparis.com\/fr\/wp-json\/wp\/v2\/types\/product"}],"wp:featuredmedia":[{"embeddable":true,"href":"https:\/\/www.advanceparis.com\/fr\/wp-json\/wp\/v2\/media\/3060"}],"wp:attachment":[{"href":"https:\/\/www.advanceparis.com\/fr\/wp-json\/wp\/v2\/media?parent=59"}],"wp:term":[{"taxonomy":"product_brand","embeddable":true,"href":"https:\/\/www.advanceparis.com\/fr\/wp-json\/wp\/v2\/product_brand?post=59"},{"taxonomy":"product_cat","embeddable":true,"href":"https:\/\/www.advanceparis.com\/fr\/wp-json\/wp\/v2\/product_cat?post=59"},{"taxonomy":"product_tag","embeddable":true,"href":"https:\/\/www.advanceparis.com\/fr\/wp-json\/wp\/v2\/product_tag?post=59"}],"curies":[{"name":"wp","href":"https:\/\/api.w.org\/{rel}","templated":true}]}}