{"id":584,"date":"2022-05-16T23:40:54","date_gmt":"2022-05-16T21:40:54","guid":{"rendered":"https:\/\/www.advanceparis.com\/?post_type=product&#038;p=584"},"modified":"2025-03-10T15:41:37","modified_gmt":"2025-03-10T14:41:37","slug":"bx-2","status":"publish","type":"product","link":"https:\/\/www.advanceparis.com\/fr\/produit\/bx-2\/","title":{"rendered":"BX-2"},"content":{"rendered":"<h3>215 Watts de finesse<\/h3>\n<p>Le BX2 est un bloc de puissance d\u00e9livrant une puissance 215 Watts sous 8 Ohms. Les ing\u00e9nieurs d\u2019Advance Paris se sont inspir\u00e9s de notre ampli de r\u00e9f\u00e9rence, le X-A1200 pour cr\u00e9er le BX2 afin qu\u2019il puisse \u00eatre destin\u00e9 autant \u00e0 la HiFi qu\u2019au home Cinema.<\/p>\n<p>L\u2019amplificateur BX2 int\u00e8gre des composants tri\u00e9s et surdimensionn\u00e9s, comme en t\u00e9moigne l\u2019imposant transformateur torique capable de fournir instantan\u00e9ment un fort courant. Notre BX2 dispose d\u2019une connectique cinch (asym\u00e9trique) ou XLR (sym\u00e9trique) commutable au moyen d\u2019un petit commutateur.<\/p>\n<p>Le BX2 int\u00e8gre la fonction High Bias, ce qui permet \u00e0 l\u2019amplificateur de d\u00e9livrer les premiers watts dans un mode assimilable \u00e0 la classe A. Au del\u00e0, l\u2019amplificateur fonctionnera en classe AB. En outre, notre bloc monophonique est \u00e9quip\u00e9 d\u2019un bornier pour le bicablage, d\u2019un r\u00e9glage de gain et d\u2019un dimmer \u00e0 quatre niveaux.<\/p>\n<p>&nbsp;<\/p>\n","protected":false},"excerpt":{"rendered":"<p><strong>Le BX2 est un amplificateur de puissance<\/strong>\u00a0que vous pouvez associer \u00e0 notre AX1, DX1 ou PX1.<\/p>\n","protected":false},"featured_media":587,"template":"","meta":{"_acf_changed":false},"product_brand":[],"product_cat":[318,481],"product_tag":[344],"class_list":{"0":"post-584","1":"product","2":"type-product","3":"status-publish","4":"has-post-thumbnail","6":"product_cat-bloc-mono","7":"product_cat-smart-line","8":"product_tag-vu","10":"first","11":"outofstock","12":"shipping-taxable","13":"purchasable","14":"product-type-variable","15":"has-default-attributes"},"acf":[],"jetpack_sharing_enabled":true,"_links":{"self":[{"href":"https:\/\/www.advanceparis.com\/fr\/wp-json\/wp\/v2\/product\/584","targetHints":{"allow":["GET"]}}],"collection":[{"href":"https:\/\/www.advanceparis.com\/fr\/wp-json\/wp\/v2\/product"}],"about":[{"href":"https:\/\/www.advanceparis.com\/fr\/wp-json\/wp\/v2\/types\/product"}],"wp:featuredmedia":[{"embeddable":true,"href":"https:\/\/www.advanceparis.com\/fr\/wp-json\/wp\/v2\/media\/587"}],"wp:attachment":[{"href":"https:\/\/www.advanceparis.com\/fr\/wp-json\/wp\/v2\/media?parent=584"}],"wp:term":[{"taxonomy":"product_brand","embeddable":true,"href":"https:\/\/www.advanceparis.com\/fr\/wp-json\/wp\/v2\/product_brand?post=584"},{"taxonomy":"product_cat","embeddable":true,"href":"https:\/\/www.advanceparis.com\/fr\/wp-json\/wp\/v2\/product_cat?post=584"},{"taxonomy":"product_tag","embeddable":true,"href":"https:\/\/www.advanceparis.com\/fr\/wp-json\/wp\/v2\/product_tag?post=584"}],"curies":[{"name":"wp","href":"https:\/\/api.w.org\/{rel}","templated":true}]}}