{"id":545,"date":"2022-05-12T11:35:00","date_gmt":"2022-05-12T09:35:00","guid":{"rendered":"https:\/\/www.advanceparis.com\/?post_type=product&#038;p=545"},"modified":"2025-09-01T09:29:02","modified_gmt":"2025-09-01T07:29:02","slug":"x-i1100","status":"publish","type":"product","link":"https:\/\/www.advanceparis.com\/fr\/produit\/x-i1100\/","title":{"rendered":"X-i1100"},"content":{"rendered":"<h3>L&#8217;h\u00e9ritier<\/h3>\n<p>Advance Paris, fabricant fran\u00e7ais de haute fid\u00e9lit\u00e9 pr\u00e9sente le dernier n\u00e9 de sa gammeCLASSIC con\u00e7u pour le m\u00e9lomane exigeant. Ce nouvel amplificateur int\u00e9gr\u00e9 rec\u00e8le de nombreux atouts techniques. Nous confirmons ainsi notre volont\u00e9 de ne rien laisser au hasard et d\u2019optimiser chacun des modules qui composent cet amplificateur int\u00e9gr\u00e9.<\/p>\n<p>On obtient un appareil dot\u00e9 de nombreuses possibilit\u00e9s, exploit\u00e9es de mani\u00e8re intuitive, gr\u00e2ce \u00e0 une ergonomie pouvant faire r\u00e9f\u00e9rence, et surtout une musicalit\u00e9 sans faille et sans reproche, le tout propos\u00e9 \u00e0 un prix tr\u00e8s comp\u00e9titif, en regard de l\u2019\u00e9norme potentiel du X-i1100.Le X-i1100 compte pas moins de six entr\u00e9es, dont une phono \u00e0 aimant mobile, une CD asym\u00e9trique et sym\u00e9trique, une tuner, deux auxiliaires et une entr\u00e9e directe \u00abAmp ln\u00bb.<\/p>\n<p>Les entr\u00e9es num\u00e9riques sont tout aussi nombreuses : une USB, une AES, et six S\/PDIF dont quatre optiques. Les sorties ne sont pas en reste : une d\u00e9di\u00e9e \u00e0 l\u2019enregistrement ligne en asym\u00e9trique et une sortie du pr\u00e9amplificateur, afin de raccorder au X-i1100 un bloc de puissance suppl\u00e9mentaire.Le X-i1100 peut alimenter n\u2019importe quel type d\u2019enceinte passive avec ses 220W efficace par canal sous 8\u03a9 (400W sous 4\u03a9\u20ac !) s\u2019appuyant sur un transformateur torique de 700VA et60000uF de capacit\u00e9 de filtrage.<\/p>\n<p>La partie pr\u00e9amplification n\u2019est pas en reste avec des relais de commutations au plus pr\u00e8s des entr\u00e9es.le DAC dispose de deux r\u00e9cepteurs de signaux num\u00e9riques : un processeur X-Mos et unUSB3318 \u00e0 correction de jitter pour l\u2019entr\u00e9e USB et un Cirrus Logic CS8416 pour toutes les autres, AES et S\/PDIF. Le convertisseur choisi, un Burr Brown PCM1796, g\u00e8re les signaux jusqu\u2019\u00e0 192 kHz sous 24 bits. Des r\u00e9sistances \u00e0 couche m\u00e9tal et des condensateurs au polypropyl\u00e9ne contribuent \u00e0 la qualit\u00e9 de restitution de cet amplificateur int\u00e9gr\u00e9. Mont\u00e9es sur de grands dissipateurs thermiques, les cartes d\u2019amplification, reli\u00e9es aux bornes de sortie au moyen de c\u00e2bles de 4 mm2 de section, disposent d\u2019un triple push-pull par canal, donc trois paires de transistors bipolaires NJW0281 G et NJW0302G.<\/p>\n<p>La construction m\u00e9canique a elle aussi \u00e9t\u00e9 soign\u00e9e: cinq compartiments formant autant d\u2019isolations galvaniques et contribuant \u00e0 la rigidit\u00e9 du X-i1100 sont int\u00e9gr\u00e9 au chassis.Chassis constitu\u00e9 d\u2019acier coiff\u00e9 par des flancs en aluminium noir ainsi qu\u2019un couvercle ajour\u00e9 assure une ventilation optimum du X-i1100<\/p>\n","protected":false},"excerpt":{"rendered":"<p>L\u2019Advance Paris X-i1100 est un amplificateur int\u00e9gr\u00e9 haut de gamme alliant puissance (220 W\/8\u03a9, 400 W\/4\u03a9), musicalit\u00e9 et ergonomie exemplaire. Dot\u00e9 de multiples entr\u00e9es analogiques et num\u00e9riques, d\u2019un DAC Burr Brown performant et d\u2019une construction soign\u00e9e, il offre polyvalence, pr\u00e9cision et fiabilit\u00e9, \u00e0 un prix comp\u00e9titif pour ses performances.<\/p>\n","protected":false},"featured_media":549,"template":"woocommerce\/single-product-v2.php","meta":{"_acf_changed":false},"product_brand":[],"product_cat":[419,480],"product_tag":[344],"class_list":{"0":"post-545","1":"product","2":"type-product","3":"status-publish","4":"has-post-thumbnail","6":"product_cat-amplificateur-integre","7":"product_cat-classic-line","8":"product_tag-vu","10":"first","11":"instock","12":"shipping-taxable","13":"purchasable","14":"product-type-variable","15":"has-default-attributes"},"acf":[],"jetpack_sharing_enabled":true,"_links":{"self":[{"href":"https:\/\/www.advanceparis.com\/fr\/wp-json\/wp\/v2\/product\/545","targetHints":{"allow":["GET"]}}],"collection":[{"href":"https:\/\/www.advanceparis.com\/fr\/wp-json\/wp\/v2\/product"}],"about":[{"href":"https:\/\/www.advanceparis.com\/fr\/wp-json\/wp\/v2\/types\/product"}],"wp:featuredmedia":[{"embeddable":true,"href":"https:\/\/www.advanceparis.com\/fr\/wp-json\/wp\/v2\/media\/549"}],"wp:attachment":[{"href":"https:\/\/www.advanceparis.com\/fr\/wp-json\/wp\/v2\/media?parent=545"}],"wp:term":[{"taxonomy":"product_brand","embeddable":true,"href":"https:\/\/www.advanceparis.com\/fr\/wp-json\/wp\/v2\/product_brand?post=545"},{"taxonomy":"product_cat","embeddable":true,"href":"https:\/\/www.advanceparis.com\/fr\/wp-json\/wp\/v2\/product_cat?post=545"},{"taxonomy":"product_tag","embeddable":true,"href":"https:\/\/www.advanceparis.com\/fr\/wp-json\/wp\/v2\/product_tag?post=545"}],"curies":[{"name":"wp","href":"https:\/\/api.w.org\/{rel}","templated":true}]}}