{"id":524,"date":"2022-05-12T10:26:20","date_gmt":"2022-05-12T08:26:20","guid":{"rendered":"https:\/\/www.advanceparis.com\/?post_type=product&#038;p=524"},"modified":"2025-03-07T16:52:05","modified_gmt":"2025-03-07T15:52:05","slug":"x-d500","status":"publish","type":"product","link":"https:\/\/www.advanceparis.com\/fr\/produit\/x-d500\/","title":{"rendered":"X-D500"},"content":{"rendered":"<p>Le X-D500 est un Transport CD qui se concentre sur sa t\u00e2che principale : extraire l\u02bcinformation num\u00e9rique la plus pure du CD.<\/p>\n<p>La conversion analogique devra se faire au travers d\u02bcun convertisseur Num\u00e9rique \/ Analogique (DAC) ou d\u02bcun amplificateur disposant de prises num\u00e9riques.<\/p>\n<p>L\u02bcalimentation de type lin\u00e9aire se base sur 2transformateurs toro\u00efdaux pour une parfaite s\u00e9paration des diff\u00e9rentes alimentations. Des circuits n\u00e9cessaires au fonctionnement du produit comme la gestion de la m\u00e9canique, le traitement du signal issu du laser&#8230;<\/p>\n<p>Une fonction de sur-\u00e9chantillonage (Up-Scaling)permet de faire passer le signal num\u00e9rique original(16bit\/44.1kHz) \u00e0 un signal de type Haute-D\u00e9finition(24bit\/96kHz ou 24bit\/192kHz).<\/p>\n<p>Le X-D500 b\u00e9n\u00e9ficie d\u02bcun ch\u00e2ssis d\u02bcune rigidit\u00e9 importante gr\u00e2ce \u00e0 son design m\u00e9canique. Chaque circuit est s\u00e9par\u00e9 des autres par une construction compartiment\u00e9e assurant un blindage efficace.Muni de sorties num\u00e9riques Coaxiale (RCA),Optique (TOSLINK) et AES \/ EBU (XLR), le X-D500 est une source CD haut-de-gamme pour votre syst\u00e8meHi-Fi.<\/p>\n<p>Compatible avec l\u02bcint\u00e9gralit\u00e9 de nos produits (sauf le X-i50BT), il vous permettra de profiter de vos CD,m\u00e9dia qui restent encore une r\u00e9f\u00e9rence pour sa qualit\u00e9 audio<\/p>\n","protected":false},"excerpt":{"rendered":"<p>Le X-D500 est un Transport CD qui se concentre sur sa t\u00e2che principale : extraire l\u02bcinformation num\u00e9rique la plus pure [&hellip;]<\/p>\n","protected":false},"featured_media":3067,"template":"","meta":{"_acf_changed":false},"product_brand":[],"product_cat":[480,321],"product_tag":[],"class_list":{"0":"post-524","1":"product","2":"type-product","3":"status-publish","4":"has-post-thumbnail","6":"product_cat-classic-line","7":"product_cat-transport-cd","9":"first","10":"outofstock","11":"shipping-taxable","12":"purchasable","13":"product-type-simple"},"acf":[],"jetpack_sharing_enabled":true,"_links":{"self":[{"href":"https:\/\/www.advanceparis.com\/fr\/wp-json\/wp\/v2\/product\/524","targetHints":{"allow":["GET"]}}],"collection":[{"href":"https:\/\/www.advanceparis.com\/fr\/wp-json\/wp\/v2\/product"}],"about":[{"href":"https:\/\/www.advanceparis.com\/fr\/wp-json\/wp\/v2\/types\/product"}],"wp:featuredmedia":[{"embeddable":true,"href":"https:\/\/www.advanceparis.com\/fr\/wp-json\/wp\/v2\/media\/3067"}],"wp:attachment":[{"href":"https:\/\/www.advanceparis.com\/fr\/wp-json\/wp\/v2\/media?parent=524"}],"wp:term":[{"taxonomy":"product_brand","embeddable":true,"href":"https:\/\/www.advanceparis.com\/fr\/wp-json\/wp\/v2\/product_brand?post=524"},{"taxonomy":"product_cat","embeddable":true,"href":"https:\/\/www.advanceparis.com\/fr\/wp-json\/wp\/v2\/product_cat?post=524"},{"taxonomy":"product_tag","embeddable":true,"href":"https:\/\/www.advanceparis.com\/fr\/wp-json\/wp\/v2\/product_tag?post=524"}],"curies":[{"name":"wp","href":"https:\/\/api.w.org\/{rel}","templated":true}]}}