{"id":300,"date":"2022-04-22T08:36:26","date_gmt":"2022-04-22T06:36:26","guid":{"rendered":"https:\/\/www.advanceparis.com\/?post_type=product&#038;p=300"},"modified":"2025-03-07T16:54:41","modified_gmt":"2025-03-07T15:54:41","slug":"bx-1","status":"publish","type":"product","link":"https:\/\/www.advanceparis.com\/fr\/produit\/bx-1\/","title":{"rendered":"BX-1"},"content":{"rendered":"<h3>Puissance compact<\/h3>\n<p>Le BX1 est un amplificateur de puissance\u00a0que vous pouvez associer \u00e0 notre AX1, DX1 ou PX1.<\/p>\n<p>Cet amplificateur d\u2019une puissance de 2x105W sous 8 Ohms sera \u00e0 m\u00eame de driver, par sa polyvalence, sa neutralit\u00e9 et sa dynamique, la majorit\u00e9 des enceintes du march\u00e9. Vous appr\u00e9cierez son esth\u00e9tique et son ergonomie gr\u00e2ce \u00e0 sa fa\u00e7ade en m\u00e9thacrylate transparente \u00e0 fond blanc ou noir qui n\u2019a d\u2019\u00e9gale que la conception g\u00e9n\u00e9rale et l\u2019implantation des diff\u00e9rents sous-ensembles dans le coffret.<\/p>\n<p>Notre BX1 dispose d\u2019une connectique cinch (asym\u00e9trique) ou XLR (sym\u00e9trique) commutable au moyen d\u2019un petit commutateur. Le BX1 int\u00e8gre la fonction High Bias, ce qui permet \u00e0 l\u2019amplificateur de d\u00e9livrer les premiers watts dans un mode assimilable \u00e0 la classe A. Au del\u00e0, l\u2019amplificateur fonctionnera en classe AB. La structure interne s\u2019appuie sur des compartiments, assurant rigidit\u00e9 m\u00e9canique et blindage des diff\u00e9rents composants, \u00e0 commencer par le transformateur torique de 480VA. Le courant ainsi redress\u00e9 traverse quatre condensateurs de 6800uF sous 63V. Les \u00e9tages de puissance sont assur\u00e9s par toute une batterie de transistors Toshiba r\u00e9put\u00e9s pour leur qualit\u00e9 audio. L\u2019\u00e9coute se r\u00e9v\u00e8le neutre et transparente, caract\u00e9ris\u00e9e par une excellente tenue en puissance. Le grave est charpent\u00e9 et tenu sans lourdeur, le medium montre un souci du d\u00e9tail particuli\u00e8rement attachant avec une restitution d\u00e9taill\u00e9 au niveau des voix et timbres complexes. Les aigus ne sont pas en reste avec une absence d\u2019agressivit\u00e9 et une grande finesse.<\/p>\n<p>Le BX1 dispose d\u2019un bornier haut-parleurs permettant de brancher jusqu\u2019\u00e0 deux paires d\u2019enceintes.<\/p>\n<h3>Connectiques<\/h3>\n<p><img loading=\"lazy\" decoding=\"async\" class=\"alignnone size-medium wp-image-505\" src=\"https:\/\/www.advanceparis.com\/wp-content\/uploads\/2022\/04\/ADP-Picto_BORNIER-300x300.png\" alt=\"\" width=\"300\" height=\"300\" srcset=\"https:\/\/www.advanceparis.com\/wp-content\/uploads\/2022\/04\/ADP-Picto_BORNIER-300x300.png 300w, https:\/\/www.advanceparis.com\/wp-content\/uploads\/2022\/04\/ADP-Picto_BORNIER-600x601.png 600w, https:\/\/www.advanceparis.com\/wp-content\/uploads\/2022\/04\/ADP-Picto_BORNIER-1024x1024.png 1024w, https:\/\/www.advanceparis.com\/wp-content\/uploads\/2022\/04\/ADP-Picto_BORNIER-150x150.png 150w, https:\/\/www.advanceparis.com\/wp-content\/uploads\/2022\/04\/ADP-Picto_BORNIER-768x769.png 768w, https:\/\/www.advanceparis.com\/wp-content\/uploads\/2022\/04\/ADP-Picto_BORNIER-320x320.png 320w, https:\/\/www.advanceparis.com\/wp-content\/uploads\/2022\/04\/ADP-Picto_BORNIER.png 1182w\" sizes=\"auto, (max-width: 300px) 100vw, 300px\" \/> <img loading=\"lazy\" decoding=\"async\" class=\"alignnone size-medium wp-image-511\" src=\"https:\/\/www.advanceparis.com\/wp-content\/uploads\/2022\/04\/ADP-Picto_RCA-2-300x300.png\" alt=\"\" width=\"300\" height=\"300\" srcset=\"https:\/\/www.advanceparis.com\/wp-content\/uploads\/2022\/04\/ADP-Picto_RCA-2-300x300.png 300w, https:\/\/www.advanceparis.com\/wp-content\/uploads\/2022\/04\/ADP-Picto_RCA-2-600x601.png 600w, https:\/\/www.advanceparis.com\/wp-content\/uploads\/2022\/04\/ADP-Picto_RCA-2-1024x1024.png 1024w, https:\/\/www.advanceparis.com\/wp-content\/uploads\/2022\/04\/ADP-Picto_RCA-2-150x150.png 150w, https:\/\/www.advanceparis.com\/wp-content\/uploads\/2022\/04\/ADP-Picto_RCA-2-768x769.png 768w, https:\/\/www.advanceparis.com\/wp-content\/uploads\/2022\/04\/ADP-Picto_RCA-2-320x320.png 320w, https:\/\/www.advanceparis.com\/wp-content\/uploads\/2022\/04\/ADP-Picto_RCA-2.png 1182w\" sizes=\"auto, (max-width: 300px) 100vw, 300px\" \/> <img loading=\"lazy\" decoding=\"async\" class=\"alignnone size-medium wp-image-512\" src=\"https:\/\/www.advanceparis.com\/wp-content\/uploads\/2022\/04\/ADP-Picto_XLR-2-300x300.png\" alt=\"\" width=\"300\" height=\"300\" srcset=\"https:\/\/www.advanceparis.com\/wp-content\/uploads\/2022\/04\/ADP-Picto_XLR-2-300x300.png 300w, https:\/\/www.advanceparis.com\/wp-content\/uploads\/2022\/04\/ADP-Picto_XLR-2-600x601.png 600w, https:\/\/www.advanceparis.com\/wp-content\/uploads\/2022\/04\/ADP-Picto_XLR-2-1024x1024.png 1024w, https:\/\/www.advanceparis.com\/wp-content\/uploads\/2022\/04\/ADP-Picto_XLR-2-150x150.png 150w, https:\/\/www.advanceparis.com\/wp-content\/uploads\/2022\/04\/ADP-Picto_XLR-2-768x769.png 768w, https:\/\/www.advanceparis.com\/wp-content\/uploads\/2022\/04\/ADP-Picto_XLR-2-320x320.png 320w, https:\/\/www.advanceparis.com\/wp-content\/uploads\/2022\/04\/ADP-Picto_XLR-2.png 1182w\" sizes=\"auto, (max-width: 300px) 100vw, 300px\" \/><\/p>\n<h3><\/h3>\n","protected":false},"excerpt":{"rendered":"<p><strong>Le BX1 est un amplificateur de puissance<\/strong>\u00a0que vous pouvez associer \u00e0 notre AX1, DX1 ou PX1.<\/p>\n","protected":false},"featured_media":301,"template":"","meta":{"_acf_changed":false},"product_brand":[],"product_cat":[317,481],"product_tag":[344],"class_list":{"0":"post-300","1":"product","2":"type-product","3":"status-publish","4":"has-post-thumbnail","6":"product_cat-bloc-stereo","7":"product_cat-smart-line","8":"product_tag-vu","10":"first","11":"outofstock","12":"shipping-taxable","13":"purchasable","14":"product-type-variable"},"acf":[],"jetpack_sharing_enabled":true,"_links":{"self":[{"href":"https:\/\/www.advanceparis.com\/fr\/wp-json\/wp\/v2\/product\/300","targetHints":{"allow":["GET"]}}],"collection":[{"href":"https:\/\/www.advanceparis.com\/fr\/wp-json\/wp\/v2\/product"}],"about":[{"href":"https:\/\/www.advanceparis.com\/fr\/wp-json\/wp\/v2\/types\/product"}],"wp:featuredmedia":[{"embeddable":true,"href":"https:\/\/www.advanceparis.com\/fr\/wp-json\/wp\/v2\/media\/301"}],"wp:attachment":[{"href":"https:\/\/www.advanceparis.com\/fr\/wp-json\/wp\/v2\/media?parent=300"}],"wp:term":[{"taxonomy":"product_brand","embeddable":true,"href":"https:\/\/www.advanceparis.com\/fr\/wp-json\/wp\/v2\/product_brand?post=300"},{"taxonomy":"product_cat","embeddable":true,"href":"https:\/\/www.advanceparis.com\/fr\/wp-json\/wp\/v2\/product_cat?post=300"},{"taxonomy":"product_tag","embeddable":true,"href":"https:\/\/www.advanceparis.com\/fr\/wp-json\/wp\/v2\/product_tag?post=300"}],"curies":[{"name":"wp","href":"https:\/\/api.w.org\/{rel}","templated":true}]}}