{"id":2059,"date":"2022-09-30T15:51:25","date_gmt":"2022-09-30T13:51:25","guid":{"rendered":"https:\/\/www.advanceparis.com\/?post_type=product&#038;p=2059"},"modified":"2026-03-23T15:55:07","modified_gmt":"2026-03-23T14:55:07","slug":"kc-400","status":"publish","type":"product","link":"https:\/\/www.advanceparis.com\/fr\/produit\/kc-400\/","title":{"rendered":"KC-400 EVO"},"content":{"rendered":"<p><strong>Advance Paris, Cr\u00e9ateur d\u2019\u00e9motions<\/strong><br \/>\nAdvance Paris est une histoire de passion, passion de ce m\u00e9tier de cr\u00e9ateur d\u2019\u00e9motions, partag\u00e9e avec une \u00e9quipe toute investie dans la qu\u00eate de la perfection. Cr\u00e9\u00e9 par deux passionn\u00e9s de musique il y a plus de 20 ans, Advance Paris \u2013 \u00e0 l\u2019\u00e9poque Advance Acoustic \u2013 con\u00e7oit sa premi\u00e8re enceinte en s\u2019appuyant sur trois points fondamentaux : l\u2019\u00e9b\u00e9nisterie, les haut-parleurs et le circuit de filtrage.<\/p>\n<p>\u00c0 ce jour, cette orientation premi\u00e8re reste plus que jamais d\u2019actualit\u00e9s.<\/p>\n<p><strong>L\u2019\u00e9b\u00e9nisterie<\/strong><br \/>\nNotre philosophie haut de gamme nous a naturellement guid\u00e9e vers les fabricants d\u2019\u00e9b\u00e9nisterie reconnus pour leur s\u00e9rieux et leur professionnalisme.<br \/>\nFabriquer des \u00e9b\u00e9nisteries est une t\u00e2che beaucoup plus ardue qu\u2019elle n\u2019y para\u00eet. La structure de la caisse doit \u00eatre homog\u00e8ne et totalement rigide afin d\u2019\u00e9liminer les vibrations parasites polluant l\u2019\u00e9coute.<br \/>\nDans ce but, Advance Paris impose \u00e0 ses sous-traitants \u00e9b\u00e9nistes l\u2019utilisation de mat\u00e9riaux de haute qualit\u00e9. Ainsi les panneaux structurants haute densit\u00e9 ne sont plus en agglom\u00e9r\u00e9s, mais en fibres de bois associ\u00e9es \u00e0 un liant synth\u00e9tique. Les avantages de ces panneaux composites sont leur homog\u00e9n\u00e9it\u00e9 dans les trois dimensions : la possibilit\u00e9 de les travailler dans des \u00e9paisseurs importantes, jusqu\u2019\u00e0 30mm, leur ind\u00e9formabilit\u00e9 et enfin leurs performances acoustiques sup\u00e9rieures aux classiques panneaux OSB ou PP.<br \/>\nAinsi, pour des raisons de rigidit\u00e9 et de pr\u00e9cision d\u2019usinage toutes les \u00e9b\u00e9nisteries des enceintes Advance Paris sont r\u00e9alis\u00e9es dans ce mat\u00e9riau composite.<br \/>\nAfin de parfaire cette rigidit\u00e9 et homog\u00e9n\u00e9it\u00e9, des renforts int\u00e9rieurs ainsi que des cloisons emp\u00eachent toute formation de vibrations parasites. Le volume int\u00e9rieur de l\u2019enceinte est minutieusement calcul\u00e9 ainsi que les dimensions de l\u2019\u00e9vent d\u2019accord pour chacun des haut-parleurs utilis\u00e9. Enfin, chaque coffret d\u2019enceinte fait l\u2019objet d\u2019un contr\u00f4le individuel d\u2019\u00e9tanch\u00e9it\u00e9 au des assemblages, tant au niveau de la ceinture que de la face avant et arri\u00e8re de l\u2019\u00e9b\u00e9nisterie.<\/p>\n<p><strong>L\u2019amortissement interne<\/strong><br \/>\nLe d\u00e9placement de la membrane des haut-parleurs de grave et m\u00e9dium se propage devant et derri\u00e8re le haut-parleur lui m\u00eame, en opposition de phase. L\u2019utilisation d\u2019une \u00e9b\u00e9nisterie (le coffret de l\u2019enceinte) est destin\u00e9e \u00e0 supprimer ce court-circuit acoustique. Dans ce but, nous utilisons des mat\u00e9riaux amortissants sp\u00e9cifiquement d\u00e9velopp\u00e9s pour traiter efficacement ces ondes stationnaires. Leurs modalit\u00e9s d\u2019utilisation sont pr\u00e9cises, ainsi, pour chaque mod\u00e8le, nos concepteurs d\u00e9terminent le positionnement, la densit\u00e9 et le volume de la mousse acoustique utilis\u00e9e.<\/p>\n<p><strong>Les haut-parleurs<\/strong><br \/>\nLa conception de nos haut-parleurs r\u00e9pond \u00e0 un cahier des charges pr\u00e9cis. Ainsi nos boomers et m\u00e9diums poss\u00e8dent des membranes en papier trait\u00e9 \u00e0 trame serr\u00e9e, \u00e0 la fois l\u00e9ger et rigide pour une plus grande neutralit\u00e9 sonore.<br \/>\nL\u2019utilisation d&#8217;une suspension \u00e0 profil en &#8220;demi-rouleau invers\u00e9&#8221; permet d&#8217;optimiser la lin\u00e9arit\u00e9 de la r\u00e9ponse en fr\u00e9quence du haut-parleur.<\/p>\n","protected":false},"excerpt":{"rendered":"<p>Une enceinte 2 voies au format biblioth\u00e8que parfaite pour votre studio, votre salon ou votre bureau. Le compagnon id\u00e9al des <a href=\"https:\/\/www.advanceparis.com\/index.php\/produit\/myconnect-60\/\">MyConnect 60<\/a> pour un syst\u00e8me connect\u00e9 et performant !<\/p>\n","protected":false},"featured_media":3062,"template":"","meta":{"_acf_changed":false},"product_brand":[],"product_cat":[331,479,539],"product_tag":[],"class_list":{"0":"post-2059","1":"product","2":"type-product","3":"status-publish","4":"has-post-thumbnail","6":"product_cat-enceinte-passive","7":"product_cat-gamme","8":"product_cat-kc","10":"first","11":"outofstock","12":"shipping-taxable","13":"purchasable","14":"product-type-variable","15":"has-default-attributes"},"acf":[],"jetpack_sharing_enabled":true,"_links":{"self":[{"href":"https:\/\/www.advanceparis.com\/fr\/wp-json\/wp\/v2\/product\/2059","targetHints":{"allow":["GET"]}}],"collection":[{"href":"https:\/\/www.advanceparis.com\/fr\/wp-json\/wp\/v2\/product"}],"about":[{"href":"https:\/\/www.advanceparis.com\/fr\/wp-json\/wp\/v2\/types\/product"}],"wp:featuredmedia":[{"embeddable":true,"href":"https:\/\/www.advanceparis.com\/fr\/wp-json\/wp\/v2\/media\/3062"}],"wp:attachment":[{"href":"https:\/\/www.advanceparis.com\/fr\/wp-json\/wp\/v2\/media?parent=2059"}],"wp:term":[{"taxonomy":"product_brand","embeddable":true,"href":"https:\/\/www.advanceparis.com\/fr\/wp-json\/wp\/v2\/product_brand?post=2059"},{"taxonomy":"product_cat","embeddable":true,"href":"https:\/\/www.advanceparis.com\/fr\/wp-json\/wp\/v2\/product_cat?post=2059"},{"taxonomy":"product_tag","embeddable":true,"href":"https:\/\/www.advanceparis.com\/fr\/wp-json\/wp\/v2\/product_tag?post=2059"}],"curies":[{"name":"wp","href":"https:\/\/api.w.org\/{rel}","templated":true}]}}