{"id":2056,"date":"2022-09-30T15:49:10","date_gmt":"2022-09-30T13:49:10","guid":{"rendered":"https:\/\/www.advanceparis.com\/?post_type=product&#038;p=2056"},"modified":"2024-09-02T15:03:55","modified_gmt":"2024-09-02T13:03:55","slug":"acs-fourches","status":"publish","type":"product","link":"https:\/\/www.advanceparis.com\/fr\/produit\/acs-fourches\/","title":{"rendered":"ACS &#8211; Fourches"},"content":{"rendered":"<p>Le comportement des c\u00e2bles de liaison, la qualit\u00e9 des prises et la connectique en g\u00e9n\u00e9ral ont une influence primordiale sur les performances musicales d\u2019un syst\u00e8me audio.<\/p>\n<p>En cons\u00e9quence, nous avons d\u00e9velopp\u00e9 une gamme de c\u00e2bles aux performances exceptionnelles, ils sont capables de restituer tous les param\u00e8tres contenus dans la musique, rythme, m\u00e9lodie et dynamique. Les c\u00e2bles Advance Acoustic vous apportent une solution et la garantie d&#8217;optimiser un parfait raccordement des \u00e9l\u00e9ments entre eux.<\/p>\n<p>Les caract\u00e9ristiques m\u00e9canique et \u00e9lectrique de nos prises sont de haute qualit\u00e9, bien trop souvent les performances d&#8217;un syst\u00e8me Hi-Fi, se trouvent alt\u00e9r\u00e9es ou d\u00e9grad\u00e9es par des mauvais contacts. Pour ces raisons, nous vous conseillons d&#8217;utiliser le c\u00e2ble haut parleur ACS 100 avec les fourches ACS 97.<\/p>\n","protected":false},"excerpt":{"rendered":"<p>Le comportement des c\u00e2bles de liaison, la qualit\u00e9 des prises et la connectique en g\u00e9n\u00e9ral ont une influence primordiale sur [&hellip;]<\/p>\n","protected":false},"featured_media":2058,"template":"","meta":{"_acf_changed":false},"product_brand":[],"product_cat":[422,486],"product_tag":[],"class_list":{"0":"post-2056","1":"product","2":"type-product","3":"status-publish","4":"has-post-thumbnail","6":"product_cat-cable","7":"product_cat-wire","9":"first","10":"instock","11":"shipping-taxable","12":"purchasable","13":"product-type-simple"},"acf":[],"jetpack_sharing_enabled":true,"_links":{"self":[{"href":"https:\/\/www.advanceparis.com\/fr\/wp-json\/wp\/v2\/product\/2056","targetHints":{"allow":["GET"]}}],"collection":[{"href":"https:\/\/www.advanceparis.com\/fr\/wp-json\/wp\/v2\/product"}],"about":[{"href":"https:\/\/www.advanceparis.com\/fr\/wp-json\/wp\/v2\/types\/product"}],"wp:featuredmedia":[{"embeddable":true,"href":"https:\/\/www.advanceparis.com\/fr\/wp-json\/wp\/v2\/media\/2058"}],"wp:attachment":[{"href":"https:\/\/www.advanceparis.com\/fr\/wp-json\/wp\/v2\/media?parent=2056"}],"wp:term":[{"taxonomy":"product_brand","embeddable":true,"href":"https:\/\/www.advanceparis.com\/fr\/wp-json\/wp\/v2\/product_brand?post=2056"},{"taxonomy":"product_cat","embeddable":true,"href":"https:\/\/www.advanceparis.com\/fr\/wp-json\/wp\/v2\/product_cat?post=2056"},{"taxonomy":"product_tag","embeddable":true,"href":"https:\/\/www.advanceparis.com\/fr\/wp-json\/wp\/v2\/product_tag?post=2056"}],"curies":[{"name":"wp","href":"https:\/\/api.w.org\/{rel}","templated":true}]}}