{"id":2051,"date":"2022-09-30T15:26:37","date_gmt":"2022-09-30T13:26:37","guid":{"rendered":"https:\/\/www.advanceparis.com\/?post_type=product&#038;p=2051"},"modified":"2025-03-07T15:11:36","modified_gmt":"2025-03-07T14:11:36","slug":"acs-optique","status":"publish","type":"product","link":"https:\/\/www.advanceparis.com\/fr\/produit\/acs-optique\/","title":{"rendered":"ACS &#8211; Optique"},"content":{"rendered":"<p>Le comportement des c\u00e2bles de liaison, la qualit\u00e9 des prises et la connectique en g\u00e9n\u00e9ral ont une influence primordiale sur les performances musicales d\u2019un syst\u00e8me audio.<\/p>\n<p>En cons\u00e9quence, nous avons d\u00e9velopp\u00e9 une gamme de c\u00e2bles aux performances exceptionnelles, ils sont capables de restituer tous les param\u00e8tres contenus dans la musique, rythme, m\u00e9lodie et dynamique. Les c\u00e2bles Advance Acoustic vous apportent une solution et la garantie d&#8217;optimiser un parfait raccordement des \u00e9l\u00e9ments entre eux.<\/p>\n<p>La fibre optique ACS est constitu\u00e9e d&#8217;une fibre extr\u00eamement souple, le polissage des surfaces en contacts est de haute qualit\u00e9. Gr\u00e2ce aux diff\u00e9rents isolants, la fibre optique ACS est insensible au rayonnement interne et externe.<\/p>\n<p>La fibre optique ACS est conseill\u00e9e pour tous les types de raccordements entre des sources num\u00e9riques et un convertisseur ou un amplificateur disposant d&#8217;entr\u00e9e num\u00e9rique optique (prise TOSLINK).<\/p>\n","protected":false},"excerpt":{"rendered":"<p>Le comportement des c\u00e2bles de liaison, la qualit\u00e9 des prises et la connectique en g\u00e9n\u00e9ral ont une influence primordiale sur [&hellip;]<\/p>\n","protected":false},"featured_media":2054,"template":"","meta":{"_acf_changed":false},"product_brand":[],"product_cat":[422,486],"product_tag":[],"class_list":{"0":"post-2051","1":"product","2":"type-product","3":"status-publish","4":"has-post-thumbnail","6":"product_cat-cable","7":"product_cat-wire","9":"first","10":"outofstock","11":"shipping-taxable","12":"purchasable","13":"product-type-variable","14":"has-default-attributes"},"acf":[],"jetpack_sharing_enabled":true,"_links":{"self":[{"href":"https:\/\/www.advanceparis.com\/fr\/wp-json\/wp\/v2\/product\/2051","targetHints":{"allow":["GET"]}}],"collection":[{"href":"https:\/\/www.advanceparis.com\/fr\/wp-json\/wp\/v2\/product"}],"about":[{"href":"https:\/\/www.advanceparis.com\/fr\/wp-json\/wp\/v2\/types\/product"}],"wp:featuredmedia":[{"embeddable":true,"href":"https:\/\/www.advanceparis.com\/fr\/wp-json\/wp\/v2\/media\/2054"}],"wp:attachment":[{"href":"https:\/\/www.advanceparis.com\/fr\/wp-json\/wp\/v2\/media?parent=2051"}],"wp:term":[{"taxonomy":"product_brand","embeddable":true,"href":"https:\/\/www.advanceparis.com\/fr\/wp-json\/wp\/v2\/product_brand?post=2051"},{"taxonomy":"product_cat","embeddable":true,"href":"https:\/\/www.advanceparis.com\/fr\/wp-json\/wp\/v2\/product_cat?post=2051"},{"taxonomy":"product_tag","embeddable":true,"href":"https:\/\/www.advanceparis.com\/fr\/wp-json\/wp\/v2\/product_tag?post=2051"}],"curies":[{"name":"wp","href":"https:\/\/api.w.org\/{rel}","templated":true}]}}