{"id":2045,"date":"2022-09-30T14:34:03","date_gmt":"2022-09-30T12:34:03","guid":{"rendered":"https:\/\/www.advanceparis.com\/?post_type=product&#038;p=2045"},"modified":"2025-05-23T12:09:05","modified_gmt":"2025-05-23T10:09:05","slug":"acs-xlr","status":"publish","type":"product","link":"https:\/\/www.advanceparis.com\/fr\/produit\/acs-xlr\/","title":{"rendered":"ACS &#8211; XLR"},"content":{"rendered":"<p>Le comportement des c\u00e2bles de liaison, la qualit\u00e9 des prises et la connectique en g\u00e9n\u00e9ral ont une influence primordiale sur les performances musicales d\u2019un syst\u00e8me audio.<\/p>\n<p>En cons\u00e9quence, nous avons d\u00e9velopp\u00e9 une gamme de c\u00e2bles aux performances exceptionnelles, ils sont capables de restituer tous les param\u00e8tres contenus dans la musique, rythme, m\u00e9lodie et dynamique. Les c\u00e2bles Advance Acoustic vous apportent une solution et la garantie d&#8217;optimiser un parfait raccordement des \u00e9l\u00e9ments entre eux.<\/p>\n<p>Contrairement aux c\u00e2bles de modulation asym\u00e9trique, constitu\u00e9s d&#8217;un conducteur actif (point chaud) et d&#8217;une tresse de masse (point froid), le c\u00e2ble de modulation sym\u00e9trique ACS 12 est constitu\u00e9 de deux conducteurs actifs (+ et -) appel\u00e9s point chaud et point froid, la tresse de masse s\u00e9par\u00e9e servant uniquement de blindage est reli\u00e9e \u00e0 la masse. De plus, une feuille d&#8217;aluminium entoure l&#8217;isolant des c\u00e2bles afin de servir d&#8217;\u00e9cran aux perturbations \u00e9lectromagn\u00e9tiques et autres parasites nous environnant.<\/p>\n<p>Cette technique issue du mat\u00e9riel professionnel et introduit dans le monde de la Haute Fid\u00e9lit\u00e9 &#8220;Haut de Gamme&#8221; permet d&#8217;obtenir des performances musicales de tr\u00e8s haut niveau m\u00eame sur des longueurs de plusieurs m\u00e8tres.<\/p>\n<p>Ce c\u00e2ble est recommand\u00e9 pour tous les types de raccordements pourvu de prises XLR comme un pr\u00e9amplificateur \u00e0 un amplificateur. Mais \u00e9galement pour relier nos sources avec les entr\u00e9es de certains de nos amplificateurs ou de nos pr\u00e9amplificateurs<\/p>\n","protected":false},"excerpt":{"rendered":"<p>Le comportement des c\u00e2bles de liaison, la qualit\u00e9 des prises et la connectique en g\u00e9n\u00e9ral ont une influence primordiale sur [&hellip;]<\/p>\n","protected":false},"featured_media":8212,"template":"","meta":{"_acf_changed":false},"product_brand":[],"product_cat":[422,486],"product_tag":[],"class_list":{"0":"post-2045","1":"product","2":"type-product","3":"status-publish","4":"has-post-thumbnail","6":"product_cat-cable","7":"product_cat-wire","9":"first","10":"instock","11":"shipping-taxable","12":"purchasable","13":"product-type-variable","14":"has-default-attributes"},"acf":[],"jetpack_sharing_enabled":true,"_links":{"self":[{"href":"https:\/\/www.advanceparis.com\/fr\/wp-json\/wp\/v2\/product\/2045","targetHints":{"allow":["GET"]}}],"collection":[{"href":"https:\/\/www.advanceparis.com\/fr\/wp-json\/wp\/v2\/product"}],"about":[{"href":"https:\/\/www.advanceparis.com\/fr\/wp-json\/wp\/v2\/types\/product"}],"wp:featuredmedia":[{"embeddable":true,"href":"https:\/\/www.advanceparis.com\/fr\/wp-json\/wp\/v2\/media\/8212"}],"wp:attachment":[{"href":"https:\/\/www.advanceparis.com\/fr\/wp-json\/wp\/v2\/media?parent=2045"}],"wp:term":[{"taxonomy":"product_brand","embeddable":true,"href":"https:\/\/www.advanceparis.com\/fr\/wp-json\/wp\/v2\/product_brand?post=2045"},{"taxonomy":"product_cat","embeddable":true,"href":"https:\/\/www.advanceparis.com\/fr\/wp-json\/wp\/v2\/product_cat?post=2045"},{"taxonomy":"product_tag","embeddable":true,"href":"https:\/\/www.advanceparis.com\/fr\/wp-json\/wp\/v2\/product_tag?post=2045"}],"curies":[{"name":"wp","href":"https:\/\/api.w.org\/{rel}","templated":true}]}}