{"id":1849,"date":"2022-09-15T15:51:08","date_gmt":"2022-09-15T13:51:08","guid":{"rendered":"https:\/\/www.advanceparis.com\/?post_type=product&#038;p=1849"},"modified":"2025-12-12T10:50:27","modified_gmt":"2025-12-12T09:50:27","slug":"wtx-tubes","status":"publish","type":"product","link":"https:\/\/www.advanceparis.com\/fr\/produit\/wtx-tubes\/","title":{"rendered":"WTX-Tubes"},"content":{"rendered":"<p>L\u2019ART DU STREAMING<\/p>\n<p>Le d\u00e9fi n\u2019\u00e9tait pas facile, nous voulions lire la musique d\u00e9mat\u00e9rialis\u00e9e la plus musicale possible. En fait, oubliez ce son que nous avons jug\u00e9 trop num\u00e9rique pour un son plus analogique, plus dans l\u2019esprit du vinyle.<br \/>\nAtteindre ce r\u00e9sultat nous a sembl\u00e9 possible en combinant plusieurs technologies et design.<\/p>\n<p>C\u2019est ce que nous avons fait !<\/p>\n<p>Utilisation d\u2019une paire de tubes subminiatures Raytheon 5703, conception Classe A, l\u2019int\u00e9gration d\u2019un processeur Tri-core, une combinaison d\u2019un DualCore 32 bits et d\u2019un 120Mhz Single-Core avec un DAC ind\u00e9pendant Wolfson WM8740, 24-Bit \/ 192 kHz et enfin l\u2019int\u00e9gration d\u2019un codec haute d\u00e9finition permettant de restituer les moindres d\u00e9tails de la musique.<\/p>\n<p>La restitution sonore qui en r\u00e9sulte est \u00e9poustouflante, respectant les exigences des audiophiles et rappelant la musicalit\u00e9 chaleureuse ch\u00e8re aux amateurs de vinyles.<br \/>\nLes fichiers HD passent facilement par WTX-TUBES et deviennent plus pr\u00e9cis et \u00e9quilibr\u00e9s gr\u00e2ce \u00e0 l\u2019int\u00e9gration du codec aptX HD.<\/p>\n<p>A d\u00e9couvrir au plus vite!<\/p>\n","protected":false},"excerpt":{"rendered":"<p>R\u00e9cepteur Bluetooth avec sorties analogiques \u00e0 tubes<\/p>\n","protected":false},"featured_media":3055,"template":"","meta":{"_acf_changed":false},"product_brand":[],"product_cat":[332,487],"product_tag":[345,314],"class_list":{"0":"post-1849","1":"product","2":"type-product","3":"status-publish","4":"has-post-thumbnail","6":"product_cat-recepteur-bluetooth","7":"product_cat-wtx","8":"product_tag-bluetooth","9":"product_tag-tubes","11":"first","12":"outofstock","13":"shipping-taxable","14":"purchasable","15":"product-type-simple"},"acf":[],"jetpack_sharing_enabled":true,"_links":{"self":[{"href":"https:\/\/www.advanceparis.com\/fr\/wp-json\/wp\/v2\/product\/1849","targetHints":{"allow":["GET"]}}],"collection":[{"href":"https:\/\/www.advanceparis.com\/fr\/wp-json\/wp\/v2\/product"}],"about":[{"href":"https:\/\/www.advanceparis.com\/fr\/wp-json\/wp\/v2\/types\/product"}],"wp:featuredmedia":[{"embeddable":true,"href":"https:\/\/www.advanceparis.com\/fr\/wp-json\/wp\/v2\/media\/3055"}],"wp:attachment":[{"href":"https:\/\/www.advanceparis.com\/fr\/wp-json\/wp\/v2\/media?parent=1849"}],"wp:term":[{"taxonomy":"product_brand","embeddable":true,"href":"https:\/\/www.advanceparis.com\/fr\/wp-json\/wp\/v2\/product_brand?post=1849"},{"taxonomy":"product_cat","embeddable":true,"href":"https:\/\/www.advanceparis.com\/fr\/wp-json\/wp\/v2\/product_cat?post=1849"},{"taxonomy":"product_tag","embeddable":true,"href":"https:\/\/www.advanceparis.com\/fr\/wp-json\/wp\/v2\/product_tag?post=1849"}],"curies":[{"name":"wp","href":"https:\/\/api.w.org\/{rel}","templated":true}]}}