{"id":1848,"date":"2022-09-15T15:50:50","date_gmt":"2022-09-15T13:50:50","guid":{"rendered":"https:\/\/www.advanceparis.com\/?post_type=product&#038;p=1848"},"modified":"2025-12-10T19:09:36","modified_gmt":"2025-12-10T18:09:36","slug":"wtx-1100","status":"publish","type":"product","link":"https:\/\/www.advanceparis.com\/fr\/produit\/wtx-1100\/","title":{"rendered":"WTX-1100"},"content":{"rendered":"<p><strong>STREAMING HAUTE DEFINITION EN BLUETOOTH<\/strong><\/p>\n<p>Simplicit\u00e9 et performance caract\u00e9risent notre nouveau r\u00e9cepteur WTX-1100 compatible Bluetooth. Int\u00e9grant l\u2019aptX HD, notre WTX-1100 a \u00e9t\u00e9 con\u00e7u pour r\u00e9pondre \u00e0 la demande croissante de l\u2019audio haute d\u00e9finition. Ce codec am\u00e9lior\u00e9 prend en charge la qualit\u00e9 musicale 24 bits via Bluetooth. Cela signifie que les audiophiles peuvent entendre les plus petits d\u00e9tails de leur musique.<\/p>\n<p>Ce r\u00e9sultat de tr\u00e8s haut niveau a \u00e9t\u00e9 rendu possible gr\u00e2ce \u00e0 l\u2019int\u00e9gration d\u2019un processeur Tri-core, association d\u2019un Dual-Core 32-bit et d\u2019un Single-Core 120Mhz.<\/p>\n<p>Le WTX-1100 poss\u00e8de une sortie analogique st\u00e9r\u00e9o (RCA) et deux sorties num\u00e9riques, une optique TOSLINK et une coaxiale (RCA).<\/p>\n","protected":false},"excerpt":{"rendered":"<p>R\u00e9cepteur Bluetooth aptX HD avec sorties num\u00e9riques et analogiques<\/p>\n","protected":false},"featured_media":3040,"template":"","meta":{"_acf_changed":false},"product_brand":[],"product_cat":[332,487],"product_tag":[345],"class_list":{"0":"post-1848","1":"product","2":"type-product","3":"status-publish","4":"has-post-thumbnail","6":"product_cat-recepteur-bluetooth","7":"product_cat-wtx","8":"product_tag-bluetooth","10":"first","11":"instock","12":"shipping-taxable","13":"purchasable","14":"product-type-simple"},"acf":[],"jetpack_sharing_enabled":true,"_links":{"self":[{"href":"https:\/\/www.advanceparis.com\/fr\/wp-json\/wp\/v2\/product\/1848","targetHints":{"allow":["GET"]}}],"collection":[{"href":"https:\/\/www.advanceparis.com\/fr\/wp-json\/wp\/v2\/product"}],"about":[{"href":"https:\/\/www.advanceparis.com\/fr\/wp-json\/wp\/v2\/types\/product"}],"wp:featuredmedia":[{"embeddable":true,"href":"https:\/\/www.advanceparis.com\/fr\/wp-json\/wp\/v2\/media\/3040"}],"wp:attachment":[{"href":"https:\/\/www.advanceparis.com\/fr\/wp-json\/wp\/v2\/media?parent=1848"}],"wp:term":[{"taxonomy":"product_brand","embeddable":true,"href":"https:\/\/www.advanceparis.com\/fr\/wp-json\/wp\/v2\/product_brand?post=1848"},{"taxonomy":"product_cat","embeddable":true,"href":"https:\/\/www.advanceparis.com\/fr\/wp-json\/wp\/v2\/product_cat?post=1848"},{"taxonomy":"product_tag","embeddable":true,"href":"https:\/\/www.advanceparis.com\/fr\/wp-json\/wp\/v2\/product_tag?post=1848"}],"curies":[{"name":"wp","href":"https:\/\/api.w.org\/{rel}","templated":true}]}}