{"id":1847,"date":"2022-09-15T15:50:31","date_gmt":"2022-09-15T13:50:31","guid":{"rendered":"https:\/\/www.advanceparis.com\/?post_type=product&#038;p=1847"},"modified":"2025-08-05T18:17:28","modified_gmt":"2025-08-05T16:17:28","slug":"wtx-700","status":"publish","type":"product","link":"https:\/\/www.advanceparis.com\/fr\/produit\/wtx-700\/","title":{"rendered":"WTX-700 EVO"},"content":{"rendered":"<p>La haute d\u00e9finition en Bluetooth grace au nouveau WTX-700 EVO, streamer votre musique en haute d\u00e9finition devient accessible.<\/p>\n<p>Le WTX-700 EVO est compatible avec tous les p\u00e9riph\u00e8riques audio Bluetooth du march\u00e9: smartphones, tablettes, PC ou Mac&#8230;<\/p>\n<p>Int\u00e9grant \u00e0 la fois l\u2019aptX HD et un convertisseur ind\u00e9pendant TI PCM 5102, le WTX-700 repousse les limites de la transmission hifi haute d\u00e9finition.<\/p>\n<p>La technologie employ\u00e9e permet non seulement de g\u00e9rer l\u2019audio 24 bits de bout en bout, mais offre \u00e9galement un traitement du signal num\u00e9rique plus performant ainsi qu\u2019un rapport signal sur bruit plus faible gr\u00e2ce au codage et au d\u00e9codage, ainsi qu\u2019une distorsion moindre, en particulier dans la gamme 10-20kHz.<\/p>\n","protected":false},"excerpt":{"rendered":"<p>R\u00e9cepteur Bluetooth aptx HD de format compact<\/p>\n","protected":false},"featured_media":3049,"template":"","meta":{"_acf_changed":false},"product_brand":[],"product_cat":[332,487],"product_tag":[345],"class_list":{"0":"post-1847","1":"product","2":"type-product","3":"status-publish","4":"has-post-thumbnail","6":"product_cat-recepteur-bluetooth","7":"product_cat-wtx","8":"product_tag-bluetooth","10":"first","11":"instock","12":"shipping-taxable","13":"purchasable","14":"product-type-simple"},"acf":[],"jetpack_sharing_enabled":true,"_links":{"self":[{"href":"https:\/\/www.advanceparis.com\/fr\/wp-json\/wp\/v2\/product\/1847","targetHints":{"allow":["GET"]}}],"collection":[{"href":"https:\/\/www.advanceparis.com\/fr\/wp-json\/wp\/v2\/product"}],"about":[{"href":"https:\/\/www.advanceparis.com\/fr\/wp-json\/wp\/v2\/types\/product"}],"wp:featuredmedia":[{"embeddable":true,"href":"https:\/\/www.advanceparis.com\/fr\/wp-json\/wp\/v2\/media\/3049"}],"wp:attachment":[{"href":"https:\/\/www.advanceparis.com\/fr\/wp-json\/wp\/v2\/media?parent=1847"}],"wp:term":[{"taxonomy":"product_brand","embeddable":true,"href":"https:\/\/www.advanceparis.com\/fr\/wp-json\/wp\/v2\/product_brand?post=1847"},{"taxonomy":"product_cat","embeddable":true,"href":"https:\/\/www.advanceparis.com\/fr\/wp-json\/wp\/v2\/product_cat?post=1847"},{"taxonomy":"product_tag","embeddable":true,"href":"https:\/\/www.advanceparis.com\/fr\/wp-json\/wp\/v2\/product_tag?post=1847"}],"curies":[{"name":"wp","href":"https:\/\/api.w.org\/{rel}","templated":true}]}}