{"id":1846,"date":"2022-09-15T15:49:50","date_gmt":"2022-09-15T13:49:50","guid":{"rendered":"https:\/\/www.advanceparis.com\/?post_type=product&#038;p=1846"},"modified":"2024-02-28T17:10:32","modified_gmt":"2024-02-28T16:10:32","slug":"wtx-500","status":"publish","type":"product","link":"https:\/\/www.advanceparis.com\/fr\/produit\/wtx-500\/","title":{"rendered":"WTX-500"},"content":{"rendered":"<p>Nous \u00e9voluons dans un environnement o\u00f9 la musique d\u00e9mat\u00e9rialis\u00e9e prend une place de plus en plus importante. Il est maintenant possible de faire communiquer sans fil toutes les musiques de vos nomades, ordinateurs, tablettes, Smartphones et autres baladeurs vers votre cha\u00eene HIFI.<\/p>\n<p>Le nouveau r\u00e9cepteur sans fil WTX-500 s&#8217;acquitte de cette t\u00e2che avec un r\u00e9el talent. Il s\u2019adapte facilement sur n\u2019importe quelle entr\u00e9e analogique de votre amplificateur.<\/p>\n<p>Le WTX-500 vous apporte des performances musicales \u00e9lev\u00e9es, associ\u00e9es au confort d\u2019utilisation et sa compatibilit\u00e9 aptX.<\/p>\n","protected":false},"excerpt":{"rendered":"<p>R\u00e9cepteur Bluetooth aptX de format compact<\/p>\n","protected":false},"featured_media":3042,"template":"","meta":{"_acf_changed":false},"product_brand":[],"product_cat":[332,487],"product_tag":[345],"class_list":{"0":"post-1846","1":"product","2":"type-product","3":"status-publish","4":"has-post-thumbnail","6":"product_cat-recepteur-bluetooth","7":"product_cat-wtx","8":"product_tag-bluetooth","10":"first","11":"instock","12":"shipping-taxable","13":"purchasable","14":"product-type-simple"},"acf":[],"jetpack_sharing_enabled":true,"_links":{"self":[{"href":"https:\/\/www.advanceparis.com\/fr\/wp-json\/wp\/v2\/product\/1846","targetHints":{"allow":["GET"]}}],"collection":[{"href":"https:\/\/www.advanceparis.com\/fr\/wp-json\/wp\/v2\/product"}],"about":[{"href":"https:\/\/www.advanceparis.com\/fr\/wp-json\/wp\/v2\/types\/product"}],"wp:featuredmedia":[{"embeddable":true,"href":"https:\/\/www.advanceparis.com\/fr\/wp-json\/wp\/v2\/media\/3042"}],"wp:attachment":[{"href":"https:\/\/www.advanceparis.com\/fr\/wp-json\/wp\/v2\/media?parent=1846"}],"wp:term":[{"taxonomy":"product_brand","embeddable":true,"href":"https:\/\/www.advanceparis.com\/fr\/wp-json\/wp\/v2\/product_brand?post=1846"},{"taxonomy":"product_cat","embeddable":true,"href":"https:\/\/www.advanceparis.com\/fr\/wp-json\/wp\/v2\/product_cat?post=1846"},{"taxonomy":"product_tag","embeddable":true,"href":"https:\/\/www.advanceparis.com\/fr\/wp-json\/wp\/v2\/product_tag?post=1846"}],"curies":[{"name":"wp","href":"https:\/\/api.w.org\/{rel}","templated":true}]}}