{"id":1661,"date":"2022-09-12T15:09:29","date_gmt":"2022-09-12T13:09:29","guid":{"rendered":"https:\/\/adp.stanisdemo.fr\/?post_type=product&#038;p=1661"},"modified":"2026-04-20T14:36:58","modified_gmt":"2026-04-20T12:36:58","slug":"x-ftb02","status":"publish","type":"product","link":"https:\/\/www.advanceparis.com\/fr\/produit\/x-ftb02\/","title":{"rendered":"X-FTB02"},"content":{"rendered":"<p><strong>Traitement par multiprocesseur puissant \u00a0<\/strong><br \/>\nUne puissance de calcul in\u00e9gal\u00e9e permettant un traitement rapide des donn\u00e9es permet \u00e0 notre X-FTB02 d\u2019offrir une restitution musicale de haut niveau. Notre X-FTB02 int\u00e9gre un processeur Dual Core 32-Bit combin\u00e9 \u00e0 un single core \u00e0 120Mhz. (24-bit audio interfaces).<br \/>\nLe signal audio originel est r\u00e9cup\u00e9r\u00e9 directement en num\u00e9rique au niveau de son \u00e9tage de sortie, de ce fait, il ne subit aucune alt\u00e9ration li\u00e9e \u00e0 une quelquonque conversion num\u00e9rique vers analogique. La conversion \u00e9tant \u00e9ffectu\u00e9e directement par le DAC en aval.<\/p>\n<p><strong>L\u2019audio en haute d\u00e9finition<\/strong><br \/>\nNotre X-FTB02 int\u00e8gre l\u2019aptX HD. Ce codec a \u00e9t\u00e9 d\u00e9velopp\u00e9 pour satisfaire les m\u00e9lomanes exigeants d\u00e9sirant acc\u00e9der \u00e0 l\u2019audio en haute r\u00e9solution. Ce codec optimis\u00e9 supporte la musique de qualit\u00e9 en 24-bit. Cela signifie\u00a0 que les d\u00e9tails les plus fins de votre musique deviendront audibles.<\/p>\n","protected":false},"excerpt":{"rendered":"<p>R\u00e9cepteur Bluetooth aptX HD compatible avec les produits MyConnect, PlayStream et de la gamme Classic<\/p>\n","protected":false},"featured_media":2916,"template":"","meta":{"_acf_changed":false},"product_brand":[],"product_cat":[332,487],"product_tag":[345],"class_list":{"0":"post-1661","1":"product","2":"type-product","3":"status-publish","4":"has-post-thumbnail","6":"product_cat-recepteur-bluetooth","7":"product_cat-wtx","8":"product_tag-bluetooth","10":"first","11":"outofstock","12":"shipping-taxable","13":"purchasable","14":"product-type-simple"},"acf":[],"jetpack_sharing_enabled":true,"_links":{"self":[{"href":"https:\/\/www.advanceparis.com\/fr\/wp-json\/wp\/v2\/product\/1661","targetHints":{"allow":["GET"]}}],"collection":[{"href":"https:\/\/www.advanceparis.com\/fr\/wp-json\/wp\/v2\/product"}],"about":[{"href":"https:\/\/www.advanceparis.com\/fr\/wp-json\/wp\/v2\/types\/product"}],"wp:featuredmedia":[{"embeddable":true,"href":"https:\/\/www.advanceparis.com\/fr\/wp-json\/wp\/v2\/media\/2916"}],"wp:attachment":[{"href":"https:\/\/www.advanceparis.com\/fr\/wp-json\/wp\/v2\/media?parent=1661"}],"wp:term":[{"taxonomy":"product_brand","embeddable":true,"href":"https:\/\/www.advanceparis.com\/fr\/wp-json\/wp\/v2\/product_brand?post=1661"},{"taxonomy":"product_cat","embeddable":true,"href":"https:\/\/www.advanceparis.com\/fr\/wp-json\/wp\/v2\/product_cat?post=1661"},{"taxonomy":"product_tag","embeddable":true,"href":"https:\/\/www.advanceparis.com\/fr\/wp-json\/wp\/v2\/product_tag?post=1661"}],"curies":[{"name":"wp","href":"https:\/\/api.w.org\/{rel}","templated":true}]}}