{"id":1660,"date":"2022-09-12T15:09:11","date_gmt":"2022-09-12T13:09:11","guid":{"rendered":"https:\/\/adp.stanisdemo.fr\/?post_type=product&#038;p=1660"},"modified":"2025-06-10T10:45:42","modified_gmt":"2025-06-10T08:45:42","slug":"x-ftb01","status":"publish","type":"product","link":"https:\/\/www.advanceparis.com\/fr\/produit\/x-ftb01\/","title":{"rendered":"X-FTB01"},"content":{"rendered":"<p>Nous \u00e9voluons dans un environnement o\u00f9 la musique d\u00e9mat\u00e9rialis\u00e9e prend une place de plus en plus importante. Il est maintenant possible de faire communiquer sans fil toutes les musiques de vos nomades, ordinateurs, tablettes, Smartphones et autres baladeurs vers votre cha\u00eene HIFI.<\/p>\n<p>Le nouveau r\u00e9cepteur num\u00e9rique compatible Bluetooth s&#8217;acquitte de cette t\u00e2che avec un r\u00e9el talent. Il est compatible avec tous les produits de la gamme Classic, MyConnect, PlayStream et Smart munis d&#8217;un port BT.<\/p>\n<p>Performances musicales \u00e9lev\u00e9es et confort d\u2019utilisation sont au rendez-vous.<\/p>\n","protected":false},"excerpt":{"rendered":"<p>R\u00e9cepteur Bluetooth \u00a0compatible avec les produits MyConnect, PlayStream et de la gamme Classic<\/p>\n","protected":false},"featured_media":2926,"template":"","meta":{"_acf_changed":false},"product_brand":[],"product_cat":[332,487],"product_tag":[345],"class_list":{"0":"post-1660","1":"product","2":"type-product","3":"status-publish","4":"has-post-thumbnail","6":"product_cat-recepteur-bluetooth","7":"product_cat-wtx","8":"product_tag-bluetooth","10":"first","11":"outofstock","12":"shipping-taxable","13":"purchasable","14":"product-type-simple"},"acf":[],"jetpack_sharing_enabled":true,"_links":{"self":[{"href":"https:\/\/www.advanceparis.com\/fr\/wp-json\/wp\/v2\/product\/1660","targetHints":{"allow":["GET"]}}],"collection":[{"href":"https:\/\/www.advanceparis.com\/fr\/wp-json\/wp\/v2\/product"}],"about":[{"href":"https:\/\/www.advanceparis.com\/fr\/wp-json\/wp\/v2\/types\/product"}],"wp:featuredmedia":[{"embeddable":true,"href":"https:\/\/www.advanceparis.com\/fr\/wp-json\/wp\/v2\/media\/2926"}],"wp:attachment":[{"href":"https:\/\/www.advanceparis.com\/fr\/wp-json\/wp\/v2\/media?parent=1660"}],"wp:term":[{"taxonomy":"product_brand","embeddable":true,"href":"https:\/\/www.advanceparis.com\/fr\/wp-json\/wp\/v2\/product_brand?post=1660"},{"taxonomy":"product_cat","embeddable":true,"href":"https:\/\/www.advanceparis.com\/fr\/wp-json\/wp\/v2\/product_cat?post=1660"},{"taxonomy":"product_tag","embeddable":true,"href":"https:\/\/www.advanceparis.com\/fr\/wp-json\/wp\/v2\/product_tag?post=1660"}],"curies":[{"name":"wp","href":"https:\/\/api.w.org\/{rel}","templated":true}]}}