{"id":1290,"date":"2022-09-07T11:23:12","date_gmt":"2022-09-07T09:23:12","guid":{"rendered":"https:\/\/adp.stanisdemo.fr\/?post_type=product&#038;p=1290"},"modified":"2025-11-18T18:21:29","modified_gmt":"2025-11-18T17:21:29","slug":"a10classic","status":"publish","type":"product","link":"https:\/\/www.advanceparis.com\/fr\/produit\/a10classic\/","title":{"rendered":"A10 Classic"},"content":{"rendered":"<p>L\u2019\u00c9VIDENCE MUSICALE<\/p>\n<p>Avec notre nouvel amplificateur A10 CLASSIC, notre objectif \u00e9tait de proposer un amplificateur int\u00e9gr\u00e9 audiophile inspir\u00e9 du c\u00e9l\u00e8bre X-i1100, salu\u00e9 pour sa musicalit\u00e9 et sa vivacit\u00e9.<br \/>\nL\u2019A10 est enti\u00e8rement int\u00e9gr\u00e9 dans le futur et facile \u00e0 utiliser. Bien que son design classique reste intemporel, il combine un pr\u00e9amplificateur \u00e0 tubes ECC81\/12AT7 avec un amplificateur push-pull de 2x130W en classe AB.<br \/>\nBref, le meilleur des deux mondes !<\/p>\n<p>La modernit\u00e9 est \u00e9galement affich\u00e9e gr\u00e2ce \u00e0 un microprocesseur qui g\u00e8re toutes les fonctions appel\u00e9es par la roue codeuse, une pression longue ou courte permet d\u2019acc\u00e9der aux menus.<br \/>\nNous pouvons faire d\u00e9filer les entr\u00e9es: 6 analogiques sur RCA avec un phono MM avec trois r\u00e9glages de capacit\u00e9 (100, 200, 320 pf), une ligne sym\u00e9trique sur XLR, 5 num\u00e9riques dont 3 optiques, un S \/ PDIF et un USB audio, plus un connecteur pour un r\u00e9cepteur bluetooth aptX XFTB01 ou XFTB02 (facultatif).<br \/>\nUne prise USB-A accepte les fichiers audio MP3 d\u2019un baladeur ou d\u2019une cl\u00e9 USB. Originalit\u00e9: deux prises HDMI, dont une pour un DVD afin de b\u00e9n\u00e9ficier de la qualit\u00e9 signal audio de l\u2019A10 et une HDMI ARC pour connecter un \u00e9cran \u00e0 protocole CEC, peuvent \u00eatre activ\u00e9es dans le menu de configuration du syst\u00e8me.<br \/>\nIci sont montr\u00e9es \u00e9galement des informations sur le syst\u00e8me, la s\u00e9lection de haut-parleurs (A, B ou A+B), le r\u00e9glage du loudness, grave, aigu ou by-pass, la mise en veille auto (ou non) \u00e9tal\u00e9e de 5 \u00e0 90 min.<\/p>\n<p>La sortie trigger Out commande l\u2019allumage et l\u2019arr\u00eat des produits reli\u00e9s \u00e0 distance au A10 Classic (lecteur CD, bloc de puissance&#8230;).<\/p>\n<p>Le A10 offre la possibilit\u00e9 de brancher deux subwoofers. Une sortie Pre-Out permet de connecter un ampli de puissance suppl\u00e9mentaire.<br \/>\nUne sortie fixe Rec Out est destin\u00e9e \u00e0 un enregistreur de type lecteur cassette, MD, ou autre.<br \/>\n\u00c0 l\u2019arri\u00e8re, l\u2019interrupteur High Bias active la polarisation en classe A sur les premiers watts de l\u2019\u00e9tage de puissance.<\/p>\n<p>L\u2019A10 rafle tous les suffrages, pouvant m\u00eame en remontrer \u00e0 bien plus ambitieux et cher que lui.<br \/>\nUne grande r\u00e9ussite en perspective !<\/p>\n","protected":false},"excerpt":{"rendered":"<p>L\u2019A10 CLASSIC est un amplificateur int\u00e9gr\u00e9 audiophile, inspir\u00e9 du X-i1100, alliant tubes ECC81\/12AT7 et puissance de 2x130W en classe AB. Il offre connectiques vari\u00e9es (analogiques, num\u00e9riques, USB, Bluetooth, HDMI ARC), contr\u00f4le moderne via microprocesseur et options compl\u00e8tes (subwoofers, Pre-Out, High Bias). Un design intemporel, musical et performant.<\/p>\n","protected":false},"featured_media":3061,"template":"","meta":{"_acf_changed":false},"product_brand":[],"product_cat":[419,480],"product_tag":[314,344],"class_list":{"0":"post-1290","1":"product","2":"type-product","3":"status-publish","4":"has-post-thumbnail","6":"product_cat-amplificateur-integre","7":"product_cat-classic-line","8":"product_tag-tubes","9":"product_tag-vu","11":"first","12":"outofstock","13":"shipping-taxable","14":"purchasable","15":"product-type-variable","16":"has-default-attributes"},"acf":[],"jetpack_sharing_enabled":true,"_links":{"self":[{"href":"https:\/\/www.advanceparis.com\/fr\/wp-json\/wp\/v2\/product\/1290","targetHints":{"allow":["GET"]}}],"collection":[{"href":"https:\/\/www.advanceparis.com\/fr\/wp-json\/wp\/v2\/product"}],"about":[{"href":"https:\/\/www.advanceparis.com\/fr\/wp-json\/wp\/v2\/types\/product"}],"wp:featuredmedia":[{"embeddable":true,"href":"https:\/\/www.advanceparis.com\/fr\/wp-json\/wp\/v2\/media\/3061"}],"wp:attachment":[{"href":"https:\/\/www.advanceparis.com\/fr\/wp-json\/wp\/v2\/media?parent=1290"}],"wp:term":[{"taxonomy":"product_brand","embeddable":true,"href":"https:\/\/www.advanceparis.com\/fr\/wp-json\/wp\/v2\/product_brand?post=1290"},{"taxonomy":"product_cat","embeddable":true,"href":"https:\/\/www.advanceparis.com\/fr\/wp-json\/wp\/v2\/product_cat?post=1290"},{"taxonomy":"product_tag","embeddable":true,"href":"https:\/\/www.advanceparis.com\/fr\/wp-json\/wp\/v2\/product_tag?post=1290"}],"curies":[{"name":"wp","href":"https:\/\/api.w.org\/{rel}","templated":true}]}}