{"id":10307,"date":"2025-04-11T17:00:38","date_gmt":"2025-04-11T15:00:38","guid":{"rendered":"https:\/\/www.advanceparis.com\/?post_type=product&#038;p=10307"},"modified":"2025-10-08T15:25:27","modified_gmt":"2025-10-08T13:25:27","slug":"link-xlr","status":"publish","type":"product","link":"https:\/\/www.advanceparis.com\/fr\/produit\/link-xlr\/","title":{"rendered":"LINK XLR"},"content":{"rendered":"<p><\/p>\n","protected":false},"excerpt":{"rendered":"<p>C\u00e2ble audio analogique blind\u00e9 haute performance LINK XLR, sp\u00e9cialement con\u00e7u pour les m\u00e9lomanes exigeants \u00e0 la recherche d\u2019une restitution sonore pure et fid\u00e8le. Id\u00e9al pour connecter un amplificateur, un lecteur CD, une platine vinyle ou un pr\u00e9amplificateur, le c\u00e2ble LINK XLR garantit une sc\u00e8ne sonore \u00e9quilibr\u00e9e, une dynamique ma\u00eetris\u00e9e et une transparence remarquable.<\/p>\n","protected":false},"featured_media":10325,"template":"woocommerce\/single-product-v2.php","meta":{"_acf_changed":false},"product_brand":[],"product_cat":[422,1407],"product_tag":[],"class_list":{"0":"post-10307","1":"product","2":"type-product","3":"status-publish","4":"has-post-thumbnail","6":"product_cat-cable","7":"product_cat-link","9":"first","10":"instock","11":"shipping-taxable","12":"purchasable","13":"product-type-variable","14":"has-default-attributes"},"acf":[],"jetpack_sharing_enabled":true,"_links":{"self":[{"href":"https:\/\/www.advanceparis.com\/fr\/wp-json\/wp\/v2\/product\/10307","targetHints":{"allow":["GET"]}}],"collection":[{"href":"https:\/\/www.advanceparis.com\/fr\/wp-json\/wp\/v2\/product"}],"about":[{"href":"https:\/\/www.advanceparis.com\/fr\/wp-json\/wp\/v2\/types\/product"}],"wp:featuredmedia":[{"embeddable":true,"href":"https:\/\/www.advanceparis.com\/fr\/wp-json\/wp\/v2\/media\/10325"}],"wp:attachment":[{"href":"https:\/\/www.advanceparis.com\/fr\/wp-json\/wp\/v2\/media?parent=10307"}],"wp:term":[{"taxonomy":"product_brand","embeddable":true,"href":"https:\/\/www.advanceparis.com\/fr\/wp-json\/wp\/v2\/product_brand?post=10307"},{"taxonomy":"product_cat","embeddable":true,"href":"https:\/\/www.advanceparis.com\/fr\/wp-json\/wp\/v2\/product_cat?post=10307"},{"taxonomy":"product_tag","embeddable":true,"href":"https:\/\/www.advanceparis.com\/fr\/wp-json\/wp\/v2\/product_tag?post=10307"}],"curies":[{"name":"wp","href":"https:\/\/api.w.org\/{rel}","templated":true}]}}