{"id":10291,"date":"2025-04-11T17:00:01","date_gmt":"2025-04-11T15:00:01","guid":{"rendered":"https:\/\/www.advanceparis.com\/?post_type=product&#038;p=10291"},"modified":"2025-11-05T12:03:18","modified_gmt":"2025-11-05T11:03:18","slug":"link-speaker","status":"publish","type":"product","link":"https:\/\/www.advanceparis.com\/fr\/produit\/link-speaker\/","title":{"rendered":"LINK Speaker"},"content":{"rendered":"<p>qdoqzkdoqqzd<\/p>\n","protected":false},"excerpt":{"rendered":"<p>C\u00e2ble audio analogique blind\u00e9 haute performance LINK SPEAKER, con\u00e7u pour r\u00e9pondre aux exigences des audiophiles et garantir une restitution sonore de qualit\u00e9 exceptionnelle. Parfaitement adapt\u00e9 pour une utilisation entre votre bloc de puissance ou amplificateur int\u00e9gr\u00e9 et une paire d\u2019enceintes.<\/p>\n","protected":false},"featured_media":10341,"template":"woocommerce\/single-product-v2.php","meta":{"_acf_changed":false},"product_brand":[],"product_cat":[422,1407],"product_tag":[],"class_list":{"0":"post-10291","1":"product","2":"type-product","3":"status-publish","4":"has-post-thumbnail","6":"product_cat-cable","7":"product_cat-link","9":"first","10":"instock","11":"shipping-taxable","12":"purchasable","13":"product-type-variable"},"acf":[],"jetpack_sharing_enabled":true,"_links":{"self":[{"href":"https:\/\/www.advanceparis.com\/fr\/wp-json\/wp\/v2\/product\/10291","targetHints":{"allow":["GET"]}}],"collection":[{"href":"https:\/\/www.advanceparis.com\/fr\/wp-json\/wp\/v2\/product"}],"about":[{"href":"https:\/\/www.advanceparis.com\/fr\/wp-json\/wp\/v2\/types\/product"}],"wp:featuredmedia":[{"embeddable":true,"href":"https:\/\/www.advanceparis.com\/fr\/wp-json\/wp\/v2\/media\/10341"}],"wp:attachment":[{"href":"https:\/\/www.advanceparis.com\/fr\/wp-json\/wp\/v2\/media?parent=10291"}],"wp:term":[{"taxonomy":"product_brand","embeddable":true,"href":"https:\/\/www.advanceparis.com\/fr\/wp-json\/wp\/v2\/product_brand?post=10291"},{"taxonomy":"product_cat","embeddable":true,"href":"https:\/\/www.advanceparis.com\/fr\/wp-json\/wp\/v2\/product_cat?post=10291"},{"taxonomy":"product_tag","embeddable":true,"href":"https:\/\/www.advanceparis.com\/fr\/wp-json\/wp\/v2\/product_tag?post=10291"}],"curies":[{"name":"wp","href":"https:\/\/api.w.org\/{rel}","templated":true}]}}