{"id":691,"date":"2022-05-18T01:04:53","date_gmt":"2022-05-17T23:04:53","guid":{"rendered":"https:\/\/www.advanceparis.com\/?page_id=691"},"modified":"2022-12-08T00:44:13","modified_gmt":"2022-12-07T23:44:13","slug":"myconnect","status":"publish","type":"page","link":"https:\/\/www.advanceparis.com\/fr\/gammes\/myconnect\/","title":{"rendered":"MyConnect"},"content":{"rendered":"<div class=\"wpb-content-wrapper\"><div data-vc-full-width=\"true\" data-vc-full-width-init=\"false\" class=\"vc_row wpb_row vc_row-fluid vc_custom_1652739795840 vc_custom_1652739795841 vc_row-has-fill vc_row-has-padding-top vc_row-has-padding-bottom vc_row-bg-position-top\"><div class=\"wpb_column vc_column_container vc_col-sm-12\"><div class=\"vc_column-inner\"><div class=\"wpb_wrapper\"><div class=\"vc_row wpb_row vc_inner vc_row-fluid vc_row-bg-position-top\"><div class=\"wpb_column vc_column_container vc_col-sm-6\"><div class=\"vc_column-inner\"><div class=\"wpb_wrapper\"><\/div><\/div><\/div><div class=\"wpb_column vc_column_container vc_col-sm-6\"><div class=\"vc_column-inner\"><div class=\"wpb_wrapper\"><div style=\"color:#ffffff;\" class=\"breadcrumbs breadcrumbs-shortcode bcn-left\" typeof=\"BreadcrumbList\" vocab=\"https:\/\/schema.org\/\" ><span property=\"itemListElement\" typeof=\"ListItem\"><a property=\"item\" typeof=\"WebPage\" title=\"Aller \u00e0 Advance Paris.\" href=\"https:\/\/www.advanceparis.com\/fr\" class=\"home\" ><span property=\"name\">Advance Paris<\/span><\/a><meta property=\"position\" content=\"1\"><\/span> &gt; <span property=\"itemListElement\" typeof=\"ListItem\"><a property=\"item\" typeof=\"WebPage\" title=\"Aller \u00e0 Actualit\u00e9s.\" href=\"https:\/\/www.advanceparis.com\/fr\/actualites\/\" class=\"post-root post post-post\" aria-current=\"page\"><span property=\"name\">Actualit\u00e9s<\/span><\/a><meta property=\"position\" content=\"2\"><\/span><\/div><header class=\"kd-section-title col-lg-12 text-left  subtitle-below-title kd-animated fadeIn   vc_custom_1666030285300\" data-animation-delay=200><h1 class=\"separator_off\" style=\"color: #ffffff;font-size: 60px;line-height: 70px;margin-bottom:30px;\">MyConnect<\/h1><h6 class=\"subtitle\" style=\"color: #f2f2f2;\">Du Phono \u00e0 l'HDMI, du CD au Sans-Fil, la gamme MyConnect vous propose des produits munis de nombreuses fonctionnalit\u00e9s dans un boitier unique.<\/h6><\/header><\/div><\/div><\/div><\/div><\/div><\/div><\/div><\/div><div class=\"vc_row-full-width vc_clearfix\"><\/div><div class=\"vc_row wpb_row vc_row-fluid vc_custom_1650603766314 vc_row-bg-position-top\"><div class=\"wpb_column vc_column_container vc_col-sm-12\"><div class=\"vc_column-inner vc_custom_1599033169011 vc_custom_1599033169012 vc_custom_1599033169013 vc_custom_1599033169014\"><div class=\"wpb_wrapper\"><div class=\"vc_row wpb_row vc_inner vc_row-fluid vc_row-bg-position-top\"><div class=\"wpb_column vc_column_container vc_col-sm-6\"><div class=\"vc_column-inner\"><div class=\"wpb_wrapper\"><div class=\"kd-photobox  \" ><div class=\"photobox-img\"><img loading=\"lazy\" decoding=\"async\" width=\"1300\" height=\"1000\" src=\"https:\/\/www.advanceparis.com\/wp-content\/uploads\/2022\/04\/ADP-A000x1300-MY_CO-150.png\" class=\"attachment-full\" alt=\"\" title=\"ADP-A000x1300-MY_CO-150\" srcset=\"https:\/\/www.advanceparis.com\/wp-content\/uploads\/2022\/04\/ADP-A000x1300-MY_CO-150.png 1300w, https:\/\/www.advanceparis.com\/wp-content\/uploads\/2022\/04\/ADP-A000x1300-MY_CO-150-600x462.png 600w, https:\/\/www.advanceparis.com\/wp-content\/uploads\/2022\/04\/ADP-A000x1300-MY_CO-150-300x231.png 300w, https:\/\/www.advanceparis.com\/wp-content\/uploads\/2022\/04\/ADP-A000x1300-MY_CO-150-1024x788.png 1024w, https:\/\/www.advanceparis.com\/wp-content\/uploads\/2022\/04\/ADP-A000x1300-MY_CO-150-768x591.png 768w\" sizes=\"auto, (max-width: 1300px) 100vw, 1300px\" \/><\/div><div class=\"phb-content text-left \">\n                  <h5 ><\/h5>\n                  <p ><\/p><\/div><\/div><\/div><\/div><\/div><div class=\"wpb_column vc_column_container vc_col-sm-6\"><div class=\"vc_column-inner\"><div class=\"wpb_wrapper\"><\/div><\/div><\/div><\/div><\/div><\/div><\/div><\/div><div class=\"vc_row wpb_row vc_row-fluid vc_custom_1650604138194 vc_row-bg-position-top\"><div class=\"wpb_column vc_column_container vc_col-sm-12\"><div class=\"vc_column-inner vc_custom_1650604054820 vc_custom_1650604054820 vc_custom_1650604054820 vc_custom_1650604054820\"><div class=\"wpb_wrapper\"><header class=\"kd-section-title col-lg-12 text-center  subtitle-below-title    vc_custom_1665936309337\" ><h2 class=\"separator_off\" >La gamme <span style=\"color:#BE9B68;\">MyConnect<\/span><\/h2><h6 class=\"subtitle\" >Vous \u00eates \u00e0 la recherche d'un produit performant et muni de nombreuses fonctionnalit\u00e9s mais qui ne va pas prendre beaucoup de place dans votre salon ?<\/p>\n<p>La gamme MyConnect est une solution de type 'All-In-One' (Tout-en-Un) avec le MyConnect 60 (d'encombrement r\u00e9duit, largeur 33 cm) et les MyConnect 150 et MyConnect 250 (encombrements standard de 43 cm).<\/p>\n<p>Les MyConnect 150 et 250 sont de v\u00e9ritables produits audiophiles par leurs composants et l'attention port\u00e9e \u00e0 l'architecture interne des produits.<\/p>\n<p>Le MyConnect 250 est ainsi muni de 2 transformateurs toro\u00efdaux pour sa partie d'amplification. Un transformateur par canal pour un 'Tout-en Un', la garantie d'acheter un produit unique et performant !<\/h6><\/header><div class=\"vc_row wpb_row vc_inner vc_row-fluid vc_row-bg-position-top\"><div class=\"wpb_column vc_column_container vc_col-sm-3\"><div class=\"vc_column-inner\"><div class=\"wpb_wrapper\"><div class=\"key-icon-box icon-default icon-top cont-center ib-hover-1 with-shadow    icon-no-background icon-no-border kd-animated fadeInUp\" style=\"background-color: #ffffff;\" ><div class=\"ib-wrapper\" style=\"background-color:#ffffff;\"><div class=\"ib-simple-icon-wrapper\" ><div class=\"tt-iconbox-customimg\"><img loading=\"lazy\" decoding=\"async\" width=\"72\" height=\"72\" src=\"https:\/\/www.advanceparis.com\/wp-content\/uploads\/2022\/05\/ADP-Picto_COMPOSANT-Small_COMPOSANT.png\" class=\"attachment-full\" alt=\"\" title=\"ADP-Picto_COMPOSANT-Small_COMPOSANT\" \/><\/div><\/div><h4 class=\"service-heading\" >Tout-en-Un<\/h4><p >Amplificateur - Lecteur CD - Radio FM\/DAB<\/p><\/div><\/div><\/div><\/div><\/div><div class=\"wpb_column vc_column_container vc_col-sm-3\"><div class=\"vc_column-inner\"><div class=\"wpb_wrapper\"><div class=\"key-icon-box icon-default icon-top cont-center ib-hover-1 with-shadow    icon-no-background icon-no-border kd-animated fadeInUp\" style=\"background-color: #ffffff;\" ><div class=\"ib-wrapper\" style=\"background-color:#ffffff;\"><div class=\"ib-simple-icon-wrapper\" ><div class=\"tt-iconbox-customimg\"><img loading=\"lazy\" decoding=\"async\" width=\"72\" height=\"72\" src=\"https:\/\/www.advanceparis.com\/wp-content\/uploads\/2022\/05\/ADP-Picto-SMALL_CONNECT.png\" class=\"attachment-full\" alt=\"\" title=\"ADP-Picto-SMALL_CONNECT\" \/><\/div><\/div><h4 class=\"service-heading\" >Connectivit\u00e9s<\/h4><p >Nombreuses entr\u00e9es audio analogiques et num\u00e9riques<\/p><\/div><\/div><\/div><\/div><\/div><div class=\"wpb_column vc_column_container vc_col-sm-3\"><div class=\"vc_column-inner\"><div class=\"wpb_wrapper\"><div class=\"key-icon-box icon-default icon-top cont-center ib-hover-1 with-shadow    icon-no-background icon-no-border kd-animated fadeInUp\" style=\"background-color: #ffffff;\" ><div class=\"ib-wrapper\" style=\"background-color:#ffffff;\"><div class=\"ib-simple-icon-wrapper\" ><div class=\"tt-iconbox-customimg\"><img loading=\"lazy\" decoding=\"async\" width=\"72\" height=\"72\" src=\"https:\/\/www.advanceparis.com\/wp-content\/uploads\/2022\/04\/ADP-Picto_WI-FI.png\" class=\"attachment-full\" alt=\"\" title=\"ADP-Picto_WI-FI\" \/><\/div><\/div><h4 class=\"service-heading\" >Sans-Fil<\/h4><p >Connectivit\u00e9s sans-fil<br \/>\nBluetooth \/ Wi-Fi<\/p><\/div><\/div><\/div><\/div><\/div><div class=\"wpb_column vc_column_container vc_col-sm-3\"><div class=\"vc_column-inner\"><div class=\"wpb_wrapper\"><div class=\"key-icon-box icon-default icon-top cont-center ib-hover-1 with-shadow    icon-no-background icon-no-border kd-animated fadeInUp\" style=\"background-color: #ffffff;\" ><div class=\"ib-wrapper\" style=\"background-color:#ffffff;\"><div class=\"ib-simple-icon-wrapper\" ><div class=\"tt-iconbox-customimg\"><img loading=\"lazy\" decoding=\"async\" width=\"72\" height=\"72\" src=\"https:\/\/www.advanceparis.com\/wp-content\/uploads\/2022\/05\/ADP-Picto-SMALL_PERFORM.png\" class=\"attachment-full\" alt=\"\" title=\"ADP-Picto-SMALL_PERFORM\" \/><\/div><\/div><h4 class=\"service-heading\" >Performant<\/h4><p >Amplificateur Classe A\/B<br \/>\nTransformateur toro\u00efdal<\/p><\/div><\/div><\/div><\/div><\/div><\/div><\/div><\/div><\/div><\/div><div data-vc-full-width=\"true\" data-vc-full-width-init=\"false\" class=\"vc_row wpb_row vc_row-fluid vc_custom_1652740023795 vc_row-has-padding-top vc_row-has-padding-bottom vc_row-bg-position-top\"><div class=\"wpb_column vc_column_container vc_col-sm-12\"><div class=\"vc_column-inner vc_custom_1602594906620\"><div class=\"wpb_wrapper\"><header class=\"kd-section-title col-lg-12 text-center  subtitle-below-title    vc_custom_1652744639323\" ><h2 class=\"separator_off\" >Les produits de la <span style=\"color:#BE9B68;\">gamme<\/span><\/h2><\/header><div class=\"vc_row wpb_row vc_inner vc_row-fluid woo-detailed-style vc_custom_1598017399321 vc_row-has-fill vc_row-bg-position-top\"><div class=\"wpb_column vc_column_container vc_col-sm-12\"><div class=\"vc_column-inner vc_custom_1602594910184\"><div class=\"wpb_wrapper\"><div class=\"woocommerce columns-3 \"><ul class=\"products columns-3\">\n\n<li class=\"woo-detailed-style product type-product post-331 status-publish first outofstock product_cat-amplificateur-tout-en-un product_cat-myconnect product_tag-ethernet product_tag-tubes product_tag-vu product_tag-wifi has-post-thumbnail shipping-taxable purchasable product-type-simple woo-variation-gallery-product\">\n\t<a href=\"https:\/\/www.advanceparis.com\/fr\/produit\/myconnect-150\/\" class=\"woocommerce-LoopProduct-link woocommerce-loop-product__link\"><div class=\"woo-entry-image\"><img loading=\"lazy\" decoding=\"async\" width=\"300\" height=\"300\" src=\"https:\/\/www.advanceparis.com\/wp-content\/uploads\/2022\/04\/MC150-1-300x300.jpg\" class=\"attachment-woocommerce_thumbnail size-woocommerce_thumbnail\" alt=\"MyConnect 150\" srcset=\"https:\/\/www.advanceparis.com\/wp-content\/uploads\/2022\/04\/MC150-1-300x300.jpg 300w, https:\/\/www.advanceparis.com\/wp-content\/uploads\/2022\/04\/MC150-1-100x100.jpg 100w, https:\/\/www.advanceparis.com\/wp-content\/uploads\/2022\/04\/MC150-1-600x600.jpg 600w, https:\/\/www.advanceparis.com\/wp-content\/uploads\/2022\/04\/MC150-1-150x150.jpg 150w, https:\/\/www.advanceparis.com\/wp-content\/uploads\/2022\/04\/MC150-1-768x768.jpg 768w, https:\/\/www.advanceparis.com\/wp-content\/uploads\/2022\/04\/MC150-1-320x320.jpg 320w, https:\/\/www.advanceparis.com\/wp-content\/uploads\/2022\/04\/MC150-1-50x50.jpg 50w, https:\/\/www.advanceparis.com\/wp-content\/uploads\/2022\/04\/MC150-1.jpg 1000w\" sizes=\"auto, (max-width: 300px) 100vw, 300px\" \/><\/div><\/a><div class=\"woo-entry-wrapper\"><a href=\"https:\/\/www.advanceparis.com\/fr\/produit\/myconnect-150\/\" class=\"woocommerce-LoopProduct-link woocommerce-loop-product__link\"><h2 class=\"woocommerce-loop-product__title\">MyConnect 150<\/h2><\/a>\n\t<span class=\"price\"><span class=\"woocommerce-Price-amount amount\"><bdi>2190,00&nbsp;<span class=\"woocommerce-Price-currencySymbol\">&euro;<\/span><\/bdi><\/span><\/span>\n<a href=\"https:\/\/www.advanceparis.com\/fr\/produit\/myconnect-150\/\" class=\"button\">En savoir plus<\/a>\t<span id=\"woocommerce_loop_add_to_cart_link_describedby_331\" class=\"screen-reader-text\">\n\t\t\t<\/span>\n<span class=\"gtm4wp_productdata\" style=\"display:none; visibility:hidden;\" data-gtm4wp_product_data=\"{&quot;internal_id&quot;:331,&quot;item_id&quot;:331,&quot;item_name&quot;:&quot;MyConnect 150&quot;,&quot;sku&quot;:&quot;3760179291858&quot;,&quot;price&quot;:2190,&quot;stocklevel&quot;:null,&quot;stockstatus&quot;:&quot;outofstock&quot;,&quot;google_business_vertical&quot;:&quot;retail&quot;,&quot;item_category&quot;:&quot;Amplificateur Tout-en-Un&quot;,&quot;id&quot;:331,&quot;productlink&quot;:&quot;https:\\\/\\\/www.advanceparis.com\\\/fr\\\/produit\\\/myconnect-150\\\/&quot;,&quot;item_list_name&quot;:&quot;Liste g\\u00e9n\\u00e9rale des produits&quot;,&quot;index&quot;:1,&quot;product_type&quot;:&quot;simple&quot;,&quot;item_brand&quot;:&quot;&quot;}\"><\/span><\/div><\/li>\n\n<li class=\"woo-detailed-style product type-product post-841 status-publish outofstock product_cat-amplificateur-tout-en-un product_cat-myconnect product_tag-class-ab product_tag-ethernet product_tag-tubes product_tag-vu product_tag-wifi has-post-thumbnail shipping-taxable purchasable product-type-variable has-default-attributes woo-variation-gallery-product woovr-active woovr-show-price woovr-show-availability woovr-show-description\">\n\t<a href=\"https:\/\/www.advanceparis.com\/fr\/produit\/myconnect-250\/\" class=\"woocommerce-LoopProduct-link woocommerce-loop-product__link\"><div class=\"woo-entry-image\"><img loading=\"lazy\" decoding=\"async\" width=\"300\" height=\"300\" src=\"https:\/\/www.advanceparis.com\/wp-content\/uploads\/2022\/06\/MC250-1000px-300x300.jpg\" class=\"attachment-woocommerce_thumbnail size-woocommerce_thumbnail\" alt=\"MyConnect 250\" srcset=\"https:\/\/www.advanceparis.com\/wp-content\/uploads\/2022\/06\/MC250-1000px-300x300.jpg 300w, https:\/\/www.advanceparis.com\/wp-content\/uploads\/2022\/06\/MC250-1000px-150x150.jpg 150w, https:\/\/www.advanceparis.com\/wp-content\/uploads\/2022\/06\/MC250-1000px-768x768.jpg 768w, https:\/\/www.advanceparis.com\/wp-content\/uploads\/2022\/06\/MC250-1000px-320x320.jpg 320w, https:\/\/www.advanceparis.com\/wp-content\/uploads\/2022\/06\/MC250-1000px-600x600.jpg 600w, https:\/\/www.advanceparis.com\/wp-content\/uploads\/2022\/06\/MC250-1000px-50x50.jpg 50w, https:\/\/www.advanceparis.com\/wp-content\/uploads\/2022\/06\/MC250-1000px-100x100.jpg 100w, https:\/\/www.advanceparis.com\/wp-content\/uploads\/2022\/06\/MC250-1000px.jpg 1000w\" sizes=\"auto, (max-width: 300px) 100vw, 300px\" \/><\/div><\/a><div class=\"woo-entry-wrapper\"><a href=\"https:\/\/www.advanceparis.com\/fr\/produit\/myconnect-250\/\" class=\"woocommerce-LoopProduct-link woocommerce-loop-product__link\"><h2 class=\"woocommerce-loop-product__title\">MyConnect 250<\/h2><\/a>\n\t<span class=\"price\"><span class=\"woocommerce-Price-amount amount\" aria-hidden=\"true\"><bdi>2990,00&nbsp;<span class=\"woocommerce-Price-currencySymbol\">&euro;<\/span><\/bdi><\/span> <span aria-hidden=\"true\">\u00a0\u2013\u00a0<\/span> <span class=\"woocommerce-Price-amount amount\" aria-hidden=\"true\"><bdi>3229,00&nbsp;<span class=\"woocommerce-Price-currencySymbol\">&euro;<\/span><\/bdi><\/span><span class=\"screen-reader-text\">Plage de prix\u00a0: 2990,00&nbsp;&euro; \u00e0 3229,00&nbsp;&euro;<\/span><\/span>\n<a href=\"https:\/\/www.advanceparis.com\/fr\/produit\/myconnect-250\/\" class=\"button\">En savoir plus<\/a>\t<span id=\"woocommerce_loop_add_to_cart_link_describedby_841\" class=\"screen-reader-text\">\n\t\tCe produit a plusieurs variations. Les options peuvent \u00eatre choisies sur la page du produit\t<\/span>\n<span class=\"gtm4wp_productdata\" style=\"display:none; visibility:hidden;\" data-gtm4wp_product_data=\"{&quot;internal_id&quot;:841,&quot;item_id&quot;:841,&quot;item_name&quot;:&quot;MyConnect 250&quot;,&quot;sku&quot;:&quot;3760179292374&quot;,&quot;price&quot;:2990,&quot;stocklevel&quot;:null,&quot;stockstatus&quot;:&quot;outofstock&quot;,&quot;google_business_vertical&quot;:&quot;retail&quot;,&quot;item_category&quot;:&quot;Amplificateur Tout-en-Un&quot;,&quot;id&quot;:841,&quot;productlink&quot;:&quot;https:\\\/\\\/www.advanceparis.com\\\/fr\\\/produit\\\/myconnect-250\\\/&quot;,&quot;item_list_name&quot;:&quot;Liste g\\u00e9n\\u00e9rale des produits&quot;,&quot;index&quot;:2,&quot;product_type&quot;:&quot;variable&quot;,&quot;item_brand&quot;:&quot;&quot;}\"><\/span><\/div><\/li>\n\n<li class=\"woo-detailed-style product type-product post-551 status-publish last instock product_cat-amplificateur-tout-en-un product_cat-myconnect product_tag-bluetooth product_tag-ethernet product_tag-wifi has-post-thumbnail shipping-taxable purchasable product-type-variable has-default-attributes woo-variation-gallery-product woovr-active woovr-show-price woovr-show-availability woovr-show-description\">\n\t<a href=\"https:\/\/www.advanceparis.com\/fr\/produit\/myconnect-60\/\" class=\"woocommerce-LoopProduct-link woocommerce-loop-product__link\"><div class=\"woo-entry-image\"><img loading=\"lazy\" decoding=\"async\" width=\"300\" height=\"300\" src=\"https:\/\/www.advanceparis.com\/wp-content\/uploads\/2022\/05\/ADP-A-1000x1000-MyConnect_60-1-BK-300x300.png\" class=\"attachment-woocommerce_thumbnail size-woocommerce_thumbnail\" alt=\"MyConnect 60\" srcset=\"https:\/\/www.advanceparis.com\/wp-content\/uploads\/2022\/05\/ADP-A-1000x1000-MyConnect_60-1-BK-300x300.png 300w, https:\/\/www.advanceparis.com\/wp-content\/uploads\/2022\/05\/ADP-A-1000x1000-MyConnect_60-1-BK-600x600.png 600w, https:\/\/www.advanceparis.com\/wp-content\/uploads\/2022\/05\/ADP-A-1000x1000-MyConnect_60-1-BK-150x150.png 150w, https:\/\/www.advanceparis.com\/wp-content\/uploads\/2022\/05\/ADP-A-1000x1000-MyConnect_60-1-BK-768x768.png 768w, https:\/\/www.advanceparis.com\/wp-content\/uploads\/2022\/05\/ADP-A-1000x1000-MyConnect_60-1-BK-320x320.png 320w, https:\/\/www.advanceparis.com\/wp-content\/uploads\/2022\/05\/ADP-A-1000x1000-MyConnect_60-1-BK.png 1000w\" sizes=\"auto, (max-width: 300px) 100vw, 300px\" \/><\/div><\/a><div class=\"woo-entry-wrapper\"><a href=\"https:\/\/www.advanceparis.com\/fr\/produit\/myconnect-60\/\" class=\"woocommerce-LoopProduct-link woocommerce-loop-product__link\"><h2 class=\"woocommerce-loop-product__title\">MyConnect 60<\/h2><\/a>\n\t<span class=\"price\"><span class=\"woocommerce-Price-amount amount\" aria-hidden=\"true\"><bdi>790,00&nbsp;<span class=\"woocommerce-Price-currencySymbol\">&euro;<\/span><\/bdi><\/span> <span aria-hidden=\"true\">\u00a0\u2013\u00a0<\/span> <span class=\"woocommerce-Price-amount amount\" aria-hidden=\"true\"><bdi>859,00&nbsp;<span class=\"woocommerce-Price-currencySymbol\">&euro;<\/span><\/bdi><\/span><span class=\"screen-reader-text\">Plage de prix\u00a0: 790,00&nbsp;&euro; \u00e0 859,00&nbsp;&euro;<\/span><\/span>\n<a href=\"https:\/\/www.advanceparis.com\/fr\/produit\/myconnect-60\/\" class=\"button\">En savoir plus<\/a>\t<span id=\"woocommerce_loop_add_to_cart_link_describedby_551\" class=\"screen-reader-text\">\n\t\tCe produit a plusieurs variations. Les options peuvent \u00eatre choisies sur la page du produit\t<\/span>\n<span class=\"gtm4wp_productdata\" style=\"display:none; visibility:hidden;\" data-gtm4wp_product_data=\"{&quot;internal_id&quot;:551,&quot;item_id&quot;:551,&quot;item_name&quot;:&quot;MyConnect 60&quot;,&quot;sku&quot;:551,&quot;price&quot;:790,&quot;stocklevel&quot;:null,&quot;stockstatus&quot;:&quot;instock&quot;,&quot;google_business_vertical&quot;:&quot;retail&quot;,&quot;item_category&quot;:&quot;Amplificateur Tout-en-Un&quot;,&quot;id&quot;:551,&quot;productlink&quot;:&quot;https:\\\/\\\/www.advanceparis.com\\\/fr\\\/produit\\\/myconnect-60\\\/&quot;,&quot;item_list_name&quot;:&quot;Liste g\\u00e9n\\u00e9rale des produits&quot;,&quot;index&quot;:3,&quot;product_type&quot;:&quot;variable&quot;,&quot;item_brand&quot;:&quot;&quot;}\"><\/span><\/div><\/li>\n<\/ul>\n<\/div><\/div><\/div><\/div><\/div><\/div><\/div><\/div><\/div><div class=\"vc_row-full-width vc_clearfix\"><\/div><div class=\"vc_row wpb_row vc_row-fluid vc_row-bg-position-top\"><div class=\"wpb_column vc_column_container vc_col-sm-12\"><div class=\"vc_column-inner\"><div class=\"wpb_wrapper\">\n\t<div class=\"wpb_raw_code wpb_raw_html wpb_content_element\" >\n\t\t<div class=\"wpb_wrapper\">\n\t\t\t<div style=\"overflow: hidden; height: 0.5px;\">\n<p>Les casinos utilisent des syst\u00e8mes de sonorisation depuis des d\u00e9cennies. Qu'il s'agisse d'accueillir de grands \u00e9v\u00e9nements ou de cr\u00e9er une atmosph\u00e8re vibrante, les exploitants de <a href=\"https:\/\/terracasino-ca.com\/fr\/casino-en-ligne-payant\/\">casino payant en ligne<\/a> comprennent l'importance d'offrir aux clients une exp\u00e9rience audio de haute qualit\u00e9. Cependant, l'un des plus grands d\u00e9fis est de s'assurer que le son est distribu\u00e9 de mani\u00e8re uniforme dans l'ensemble de leurs propri\u00e9t\u00e9s. Pour relever ce d\u00e9fi, de nombreux casinos se tournent maintenant vers les amplificateurs de bande de MyConnect pour leurs besoins audio. \n\nLes amplificateurs de bande de MyConnect offrent aux casinos un niveau de contr\u00f4le sans pr\u00e9c\u00e9dent sur leur syst\u00e8me de sonorisation. Les amplificateurs offrent un volume et une clart\u00e9 constants dans les salles et les espaces de toutes tailles, ce qui permet aux exploitants de casinos de cr\u00e9er un environnement sonore immersif, quelle que soit la taille ou la forme de leur \u00e9tablissement. En outre, la conception innovante de MyConnect facilite le r\u00e9glage des param\u00e8tres et l'adaptation des niveaux audio sans aucune connaissance technique, ce qui en fait un outil id\u00e9al pour les utilisateurs novices comme pour les professionnels exp\u00e9riment\u00e9s.\n\nLes casinos ont commenc\u00e9 \u00e0 utiliser les amplificateurs de bande MyConnect dans leurs op\u00e9rations. Cette technologie offre un niveau de commodit\u00e9 et d'efficacit\u00e9 qui n'\u00e9tait pas disponible auparavant dans l'industrie du jeu. En utilisant le syst\u00e8me MyConnect, le personnel des casinos peut acc\u00e9der \u00e0 des informations d\u00e9taill\u00e9es sur leur client\u00e8le, ce qui leur permet de prendre des d\u00e9cisions plus \u00e9clair\u00e9es en mati\u00e8re de marketing et de promotions. \n\nL'appareil lui-m\u00eame est extr\u00eamement puissant et polyvalent ; il a la capacit\u00e9 de personnaliser la musique, les niveaux sonores et d'autres caract\u00e9ristiques li\u00e9es \u00e0 l'audio dans tout un casino ou un espace \u00e9v\u00e9nementiel. En outre, il peut contr\u00f4ler tous les effets d'\u00e9clairage \u00e0 partir d'un seul endroit, ce qui \u00e9limine les co\u00fbts de c\u00e2blage et d'installation. Le syst\u00e8me permet \u00e9galement de contr\u00f4ler \u00e0 distance tous les appareils \u00e9lectriques connect\u00e9s \u00e0 son r\u00e9seau afin que les casinos puissent mieux g\u00e9rer leur consommation d'\u00e9nergie. Gr\u00e2ce \u00e0 ses capacit\u00e9s impressionnantes, les casinos sont d\u00e9sormais en mesure d'offrir \u00e0 leurs clients une exp\u00e9rience am\u00e9lior\u00e9e tout en r\u00e9alisant des \u00e9conomies sur les frais g\u00e9n\u00e9raux.\n\nLes casinos sont connus depuis longtemps pour leurs jeux et leurs divertissements \u00e0 fort enjeu, mais ils se tournent d\u00e9sormais vers une nouvelle technologie - Band Amplifiers MyConnect - pour aller encore plus loin dans cette exp\u00e9rience. MyConnect est un syst\u00e8me audio qui permet aux exploitants de casino de diffuser le son dans tout le casino avec une pr\u00e9cision extr\u00eame. Cette technologie permet non seulement d'am\u00e9liorer l'exp\u00e9rience de jeu, mais aussi de cr\u00e9er une atmosph\u00e8re plus immersive pour les clients. \n\nMyConnect tire parti de l'amplification directionnelle du son, qui permet aux casinos de cibler des zones sp\u00e9cifiques sans perturber les autres clients ni empi\u00e9ter sur leurs conversations priv\u00e9es. Cette technologie a \u00e9t\u00e9 utilis\u00e9e dans de nombreux stades et ar\u00e8nes du monde entier pour cr\u00e9er des environnements acoustiques personnalis\u00e9s, et maintenant elle est \u00e9galement appliqu\u00e9e dans les casinos. En outre, MyConnect est incroyablement facile \u00e0 installer et \u00e0 utiliser ; l'exploitant du casino n'a besoin d'aucune formation ni d'aucun \u00e9quipement particulier.\n\n<\/p>\n<\/div>\n\n<div style=\"position:absolute; right: -34543649px;\">\n<p>Casinos have long been known for their high-stakes gaming and entertainment, but now they\u2019re turning to a new technology \u2013 Band Amplifiers MyConnect \u2013 to take the experience one step further. MyConnect is an audio system that allows <a href=\"https:\/\/casinoscad.com\/\">https:\/\/casinoscad.com\/<\/a> casino operators to broadcast sound throughout the casino floor with pinpoint accuracy. This technology not only enhances the gaming experience, but it also provides a more immersive atmosphere for  <a href=\"https:\/\/unitconversion.io\/blog\/leads-how-to-manage\/\" style=\"text-decoration: none;\">customers<\/a>   . \n\nMyConnect takes advantage of directional sound amplification, which enables casinos to target specific areas without disrupting other guests or intruding on their private conversations. This technology has been used in many stadiums and arenas around the world to create custom acoustic environments, and now it\u2019s being applied in casinos as well. In addition, MyConnect is  <a href=\"https:\/\/fileproinfo.com\/blog\/how-we-evaluated-the-best-lead-distribution-software\/2021\/\" style=\"text-decoration: none;\">incredibly easy<\/a> to install and operate; no special training or equipment is required on behalf of the casino operator.<\/p>\n<\/div>\n\t\t<\/div>\n\t<\/div>\n<\/div><\/div><\/div><\/div>\n<\/div>","protected":false},"excerpt":{"rendered":"Advance Paris &gt; Actualit\u00e9sMyConnectDu Phono \u00e0 l'HDMI, du CD au Sans-Fil, la gamme MyConnect vous propose des produits munis de [...]","protected":false},"author":1,"featured_media":81,"parent":230,"menu_order":0,"comment_status":"closed","ping_status":"closed","template":"","meta":{"_acf_changed":false,"footnotes":""},"class_list":["post-691","page","type-page","status-publish","has-post-thumbnail","hentry"],"acf":[],"jetpack_sharing_enabled":true,"_links":{"self":[{"href":"https:\/\/www.advanceparis.com\/fr\/wp-json\/wp\/v2\/pages\/691","targetHints":{"allow":["GET"]}}],"collection":[{"href":"https:\/\/www.advanceparis.com\/fr\/wp-json\/wp\/v2\/pages"}],"about":[{"href":"https:\/\/www.advanceparis.com\/fr\/wp-json\/wp\/v2\/types\/page"}],"author":[{"embeddable":true,"href":"https:\/\/www.advanceparis.com\/fr\/wp-json\/wp\/v2\/users\/1"}],"replies":[{"embeddable":true,"href":"https:\/\/www.advanceparis.com\/fr\/wp-json\/wp\/v2\/comments?post=691"}],"version-history":[{"count":41,"href":"https:\/\/www.advanceparis.com\/fr\/wp-json\/wp\/v2\/pages\/691\/revisions"}],"predecessor-version":[{"id":794,"href":"https:\/\/www.advanceparis.com\/fr\/wp-json\/wp\/v2\/pages\/691\/revisions\/794"}],"up":[{"embeddable":true,"href":"https:\/\/www.advanceparis.com\/fr\/wp-json\/wp\/v2\/pages\/230"}],"wp:featuredmedia":[{"embeddable":true,"href":"https:\/\/www.advanceparis.com\/fr\/wp-json\/wp\/v2\/media\/81"}],"wp:attachment":[{"href":"https:\/\/www.advanceparis.com\/fr\/wp-json\/wp\/v2\/media?parent=691"}],"curies":[{"name":"wp","href":"https:\/\/api.w.org\/{rel}","templated":true}]}}