{"id":11219,"date":"2026-04-08T14:22:59","date_gmt":"2026-04-08T12:22:59","guid":{"rendered":"https:\/\/www.advanceparis.com\/?page_id=11219"},"modified":"2026-04-14T09:32:17","modified_gmt":"2026-04-14T07:32:17","slug":"nova","status":"publish","type":"page","link":"https:\/\/www.advanceparis.com\/fr\/gammes\/nova\/","title":{"rendered":"NOVA"},"content":{"rendered":"<div class=\"wpb-content-wrapper\"><div data-vc-full-width=\"true\" data-vc-full-width-init=\"false\" class=\"vc_row wpb_row vc_row-fluid vc_custom_1652739795840 vc_custom_1652739795841 vc_row-has-fill vc_row-has-padding-top vc_row-has-padding-bottom vc_row-bg-position-top\"><div class=\"wpb_column vc_column_container vc_col-sm-12\"><div class=\"vc_column-inner\"><div class=\"wpb_wrapper\"><div class=\"vc_row wpb_row vc_inner vc_row-fluid vc_row-bg-position-top\"><div class=\"wpb_column vc_column_container vc_col-sm-12\"><div class=\"vc_column-inner\"><div class=\"wpb_wrapper\"><div style=\"color:#ffffff;\" class=\"breadcrumbs breadcrumbs-shortcode bcn-left\" typeof=\"BreadcrumbList\" vocab=\"https:\/\/schema.org\/\" ><span property=\"itemListElement\" typeof=\"ListItem\"><a property=\"item\" typeof=\"WebPage\" title=\"Aller \u00e0 Advance Paris.\" href=\"https:\/\/www.advanceparis.com\/fr\" class=\"home\" ><span property=\"name\">Advance Paris<\/span><\/a><meta property=\"position\" content=\"1\"><\/span> &gt; <span property=\"itemListElement\" typeof=\"ListItem\"><a property=\"item\" typeof=\"WebPage\" title=\"Aller \u00e0 Actualit\u00e9s.\" href=\"https:\/\/www.advanceparis.com\/fr\/actualites\/\" class=\"post-root post post-post\" aria-current=\"page\"><span property=\"name\">Actualit\u00e9s<\/span><\/a><meta property=\"position\" content=\"2\"><\/span><\/div><header class=\"kd-section-title col-lg-12 text-left  subtitle-below-title kd-animated fadeIn   vc_custom_1775566718189\" data-animation-delay=200><h1 class=\"separator_off\" style=\"color: #ffffff;font-size: 60px;line-height: 70px;margin-bottom:30px;\">NOVA<\/h1><h6 class=\"subtitle\" style=\"color: #f2f2f2;\">Le son premium au style n\u00e9o-r\u00e9tro.<\/h6><\/header><\/div><\/div><\/div><\/div><\/div><\/div><\/div><\/div><div class=\"vc_row-full-width vc_clearfix\"><\/div><div class=\"vc_row wpb_row vc_row-fluid vc_row-bg-position-top\"><div class=\"wpb_column vc_column_container vc_col-sm-12\"><div class=\"vc_column-inner\"><div class=\"wpb_wrapper\"><div class=\"vc_empty_space\"   style=\"height: 32px\"><span class=\"vc_empty_space_inner\"><\/span><\/div><\/div><\/div><\/div><\/div><div class=\"vc_row wpb_row vc_row-fluid vc_row-bg-position-top\"><div class=\"wpb_column vc_column_container vc_col-sm-12\"><div class=\"vc_column-inner vc_custom_1761256019773 vc_custom_1761256019773 vc_custom_1761256019773 vc_custom_1761256019773\"><div class=\"wpb_wrapper\"><header class=\"kd-section-title col-lg-12 text-center  subtitle-below-title   \" ><h2 class=\"separator_off\" >La gamme <span style=\"color:#BE9B68;\">NOVA<\/span><\/h2><\/header><\/div><\/div><\/div><\/div><div class=\"vc_row wpb_row vc_row-fluid vc_row-bg-position-top\"><div class=\"wpb_column vc_column_container vc_col-sm-12\"><div class=\"vc_column-inner\"><div class=\"wpb_wrapper\"><div class=\"vc_empty_space\"   style=\"height: 32px\"><span class=\"vc_empty_space_inner\"><\/span><\/div><\/div><\/div><\/div><\/div><div class=\"vc_row wpb_row vc_row-fluid vc_row-bg-position-top\"><div class=\"wpb_column vc_column_container vc_col-sm-3\"><div class=\"vc_column-inner\"><div class=\"wpb_wrapper\">\n\t<div  class=\"wpb_single_image wpb_content_element vc_align_center wpb_content_element\">\n\t\t\n\t\t<figure class=\"wpb_wrapper vc_figure\">\n\t\t\t<div class=\"vc_single_image-wrapper   vc_box_border_grey\"><img loading=\"lazy\" decoding=\"async\" width=\"1080\" height=\"1500\" src=\"https:\/\/www.advanceparis.com\/wp-content\/uploads\/2026\/04\/ADVANCE_Tubes-gamme.jpg\" class=\"vc_single_image-img attachment-full\" alt=\"\" title=\"ADVANCE_Tubes-gamme\" \/><\/div>\n\t\t<\/figure>\n\t<\/div>\n<\/div><\/div><\/div><div class=\"wpb_column vc_column_container vc_col-sm-9\"><div class=\"vc_column-inner\"><div class=\"wpb_wrapper\">\n\t<div class=\"wpb_text_column wpb_content_element\" >\n\t\t<div class=\"wpb_wrapper\">\n\t\t\t<h6 style=\"text-align: left;\"><span style=\"font-weight: 400;\">Philosophie<\/span><\/h6>\n\n\t\t<\/div>\n\t<\/div>\n\n\t<div class=\"wpb_text_column wpb_content_element\" >\n\t\t<div class=\"wpb_wrapper\">\n\t\t\t<blockquote>\n<h1 style=\"text-align: center;\"><span style=\"font-weight: 400;\">L\u2019hybridation comme <em>manifeste<\/em><\/span><\/h1>\n<\/blockquote>\n\n\t\t<\/div>\n\t<\/div>\n\n\t<div class=\"wpb_text_column wpb_content_element\" >\n\t\t<div class=\"wpb_wrapper\">\n\t\t\t<h6><span style=\"font-weight: 400;\">Nova n\u2019est pas une simple gamme d\u2019amplificateur. C\u2019est une conviction : que la chaleur des tubes et la ma\u00eetrise du num\u00e9rique ne s\u2019opposent pas \u2014 ils se compl\u00e8tent. Chaque NOVA int\u00e8gre un \u00e9tage de pr\u00e9amplification \u00e0 tubes ECC81, signature sonore inimitable, coupl\u00e9 \u00e0 une section amplificatrice \u00e0 transistors de Classe AB pour une puissance sans compromis.<\/span><\/h6>\n<h6><span style=\"font-weight: 400;\">En aval, un DSP 4 canaux offre une correction acoustique de pr\u00e9cision professionnelle, suivi d\u2019un DAC ESS9017S 8 canaux en mode Quad \u2014 la garantie d\u2019une conversion haute r\u00e9solution sur chacun de vos canaux, ind\u00e9pendamment.<\/span><\/h6>\n<h6><span style=\"font-weight: 400;\">Le r\u00e9sultat : un syst\u00e8me qui s\u2019adapte \u00e0 votre espace, \u00e0 vos enceintes, \u00e0 vos usages \u2014 aujourd\u2019hui et demain.<\/span><\/h6>\n\n\t\t<\/div>\n\t<\/div>\n<\/div><\/div><\/div><\/div><div class=\"vc_row wpb_row vc_row-fluid vc_row-bg-position-top\"><div class=\"wpb_column vc_column_container vc_col-sm-12\"><div class=\"vc_column-inner\"><div class=\"wpb_wrapper\"><div class=\"vc_empty_space\"   style=\"height: 32px\"><span class=\"vc_empty_space_inner\"><\/span><\/div><\/div><\/div><\/div><\/div><div class=\"vc_row wpb_row vc_row-fluid vc_row-bg-position-top\"><div class=\"wpb_column vc_column_container vc_col-sm-12\"><div class=\"vc_column-inner\"><div class=\"wpb_wrapper\"><div class=\"vc_separator wpb_content_element vc_separator_align_center vc_sep_width_100 vc_sep_pos_align_center vc_separator_no_text wpb_content_element  wpb_content_element\" ><span class=\"vc_sep_holder vc_sep_holder_l\"><span style=\"border-color:#000000;\" class=\"vc_sep_line\"><\/span><\/span><span class=\"vc_sep_holder vc_sep_holder_r\"><span style=\"border-color:#000000;\" class=\"vc_sep_line\"><\/span><\/span>\n<\/div><\/div><\/div><\/div><\/div><div class=\"vc_row wpb_row vc_row-fluid vc_row-bg-position-top\"><div class=\"wpb_column vc_column_container vc_col-sm-12\"><div class=\"vc_column-inner\"><div class=\"wpb_wrapper\">\n\t<div class=\"wpb_text_column wpb_content_element wpb_animate_when_almost_visible wpb_fadeIn fadeIn\" >\n\t\t<div class=\"wpb_wrapper\">\n\t\t\t<h1 style=\"text-align: center;\">Les 5 engagements NOVA<\/h1>\n\n\t\t<\/div>\n\t<\/div>\n<\/div><\/div><\/div><\/div><div class=\"vc_row wpb_row vc_row-fluid vc_row-bg-position-top\"><div class=\"wpb_column vc_column_container vc_col-sm-12\"><div class=\"vc_column-inner\"><div class=\"wpb_wrapper\"><div class=\"vc_empty_space\"   style=\"height: 32px\"><span class=\"vc_empty_space_inner\"><\/span><\/div><\/div><\/div><\/div><\/div><div class=\"vc_row wpb_row vc_row-fluid vc_row-bg-position-top\"><div class=\"wpb_column vc_column_container vc_col-sm-1\/5\"><div class=\"vc_column-inner\"><div class=\"wpb_wrapper\">\n\t<div class=\"wpb_text_column wpb_content_element\" >\n\t\t<div class=\"wpb_wrapper\">\n\t\t\t<h4><b>01. High End<\/b><\/h4>\n<p><span style=\"font-weight: 400;\">Composants de r\u00e9f\u00e9rence. Transformateur toro\u00efdal, potentiom\u00e8tre ALPS, tube ECC81 s\u00e9lectionn\u00e9. Aucun compromis sur la cha\u00eene de signal.<\/span><\/p>\n\n\t\t<\/div>\n\t<\/div>\n<\/div><\/div><\/div><div class=\"wpb_column vc_column_container vc_col-sm-1\/5\"><div class=\"vc_column-inner\"><div class=\"wpb_wrapper\">\n\t<div class=\"wpb_text_column wpb_content_element\" >\n\t\t<div class=\"wpb_wrapper\">\n\t\t\t<h4><b>02. Design \u00e9l\u00e9gant<\/b><\/h4>\n<p><span style=\"font-weight: 400;\">Fa\u00e7ade aluminium 8mm, finition bross\u00e9e, anodisation noire ou grise. Vu-m\u00e8tres bicolores. Une pr\u00e9f\u00e9rence visuelle inoubliable.<\/span><\/p>\n\n\t\t<\/div>\n\t<\/div>\n<\/div><\/div><\/div><div class=\"wpb_column vc_column_container vc_col-sm-1\/5\"><div class=\"vc_column-inner\"><div class=\"wpb_wrapper\">\n\t<div class=\"wpb_text_column wpb_content_element\" >\n\t\t<div class=\"wpb_wrapper\">\n\t\t\t<h4><b>03. Con\u00e7u pour durer<\/b><\/h4>\n<p><span style=\"font-weight: 400;\">M\u00e9canique robuste, module streaming \u00e9volutif, compatibilit\u00e9 technologique anticip\u00e9e. NOVA grandit avec vous et choisit d\u2019interchanger la technologie de streaming.<\/span><\/p>\n\n\t\t<\/div>\n\t<\/div>\n<\/div><\/div><\/div><div class=\"wpb_column vc_column_container vc_col-sm-1\/5\"><div class=\"vc_column-inner\"><div class=\"wpb_wrapper\">\n\t<div class=\"wpb_text_column wpb_content_element\" >\n\t\t<div class=\"wpb_wrapper\">\n\t\t\t<h4><b>04. Performance<\/b><\/h4>\n<p><span style=\"font-weight: 400;\">De 130 \u00e0 190 W RMS par canal. Calibration DSP professionnelle. Pilote n\u2019importe quelle enceinte. \u00c9quilibre n\u2019importe quelle acoustique.<\/span><\/p>\n\n\t\t<\/div>\n\t<\/div>\n<\/div><\/div><\/div><div class=\"wpb_column vc_column_container vc_col-sm-1\/5\"><div class=\"vc_column-inner\"><div class=\"wpb_wrapper\">\n\t<div class=\"wpb_text_column wpb_content_element\" >\n\t\t<div class=\"wpb_wrapper\">\n\t\t\t<h4><b>05. Design x Usage<\/b><\/h4>\n<p><span style=\"font-weight: 400;\">Interface intuitive, compatibilit\u00e9 HDMI eARC avec la TV, t\u00e9l\u00e9commande rotative en m\u00e9tal. La complexit\u00e9 technique, invisible \u00e0 l\u2019usage.<\/span><\/p>\n\n\t\t<\/div>\n\t<\/div>\n<\/div><\/div><\/div><\/div><div class=\"vc_row wpb_row vc_row-fluid vc_row-bg-position-top\"><div class=\"wpb_column vc_column_container vc_col-sm-12\"><div class=\"vc_column-inner\"><div class=\"wpb_wrapper\"><div class=\"vc_separator wpb_content_element vc_separator_align_center vc_sep_width_100 vc_sep_pos_align_center vc_separator_no_text vc_custom_1775846467739 wpb_content_element  vc_custom_1775846467739 wpb_content_element\" ><span class=\"vc_sep_holder vc_sep_holder_l\"><span style=\"border-color:#000000;\" class=\"vc_sep_line\"><\/span><\/span><span class=\"vc_sep_holder vc_sep_holder_r\"><span style=\"border-color:#000000;\" class=\"vc_sep_line\"><\/span><\/span>\n<\/div><div class=\"vc_empty_space\"   style=\"height: 32px\"><span class=\"vc_empty_space_inner\"><\/span><\/div><\/div><\/div><\/div><\/div><div class=\"vc_row wpb_row vc_row-fluid vc_custom_1665060160175 vc_row-bg-position-top\"><div class=\"wpb_column vc_column_container vc_col-sm-12\"><div class=\"vc_column-inner\"><div class=\"wpb_wrapper\"><div class=\"woocommerce columns-3 \"><ul class=\"products columns-3\">\n\n<li class=\"woo-detailed-style product type-product post-11230 status-publish first outofstock product_cat-amplificateur product_cat-amplificateur-integre product_cat-nova product_tag-tubes has-post-thumbnail shipping-taxable purchasable product-type-variable has-default-attributes woo-variation-gallery-product woovr-active woovr-show-price woovr-show-availability woovr-show-description\">\n\t<a href=\"https:\/\/www.advanceparis.com\/fr\/produit\/a-i130-nova\/\" class=\"woocommerce-LoopProduct-link woocommerce-loop-product__link\"><div class=\"woo-entry-image\"><img loading=\"lazy\" decoding=\"async\" width=\"300\" height=\"300\" src=\"https:\/\/www.advanceparis.com\/wp-content\/uploads\/2026\/04\/ADVANCE_NOVA_A-I130_3-4_grey.jpg\" class=\"attachment-woocommerce_thumbnail size-woocommerce_thumbnail\" alt=\"A-i130 NOVA\" \/><\/div><\/a><div class=\"woo-entry-wrapper\"><a href=\"https:\/\/www.advanceparis.com\/fr\/produit\/a-i130-nova\/\" class=\"woocommerce-LoopProduct-link woocommerce-loop-product__link\"><h2 class=\"woocommerce-loop-product__title\">A-i130 NOVA<\/h2><\/a>\n\t<span class=\"price\"><span class=\"woocommerce-Price-amount amount\"><bdi>4490,00&nbsp;<span class=\"woocommerce-Price-currencySymbol\">&euro;<\/span><\/bdi><\/span><\/span>\n<a href=\"https:\/\/www.advanceparis.com\/fr\/produit\/a-i130-nova\/\" class=\"button\">En savoir plus<\/a>\t<span id=\"woocommerce_loop_add_to_cart_link_describedby_11230\" class=\"screen-reader-text\">\n\t\tCe produit a plusieurs variations. Les options peuvent \u00eatre choisies sur la page du produit\t<\/span>\n<span class=\"gtm4wp_productdata\" style=\"display:none; visibility:hidden;\" data-gtm4wp_product_data=\"{&quot;internal_id&quot;:11230,&quot;item_id&quot;:11230,&quot;item_name&quot;:&quot;A-i130 NOVA&quot;,&quot;sku&quot;:11230,&quot;price&quot;:4490,&quot;stocklevel&quot;:null,&quot;stockstatus&quot;:&quot;outofstock&quot;,&quot;google_business_vertical&quot;:&quot;retail&quot;,&quot;item_category&quot;:&quot;Amplificateur int\\u00e9gr\\u00e9&quot;,&quot;id&quot;:11230,&quot;productlink&quot;:&quot;https:\\\/\\\/www.advanceparis.com\\\/fr\\\/produit\\\/a-i130-nova\\\/&quot;,&quot;item_list_name&quot;:&quot;Liste g\\u00e9n\\u00e9rale des produits&quot;,&quot;index&quot;:1,&quot;product_type&quot;:&quot;variable&quot;,&quot;item_brand&quot;:&quot;&quot;}\"><\/span><\/div><\/li>\n\n<li class=\"woo-detailed-style product type-product post-11285 status-publish outofstock product_cat-amplificateur product_cat-amplificateur-integre product_cat-nova product_tag-tubes has-post-thumbnail shipping-taxable purchasable product-type-variable has-default-attributes woo-variation-gallery-product woovr-active woovr-show-price woovr-show-availability woovr-show-description\">\n\t<a href=\"https:\/\/www.advanceparis.com\/fr\/produit\/a-i190-nova\/\" class=\"woocommerce-LoopProduct-link woocommerce-loop-product__link\"><div class=\"woo-entry-image\"><img loading=\"lazy\" decoding=\"async\" width=\"300\" height=\"300\" src=\"https:\/\/www.advanceparis.com\/wp-content\/uploads\/2026\/04\/ADVANCE_NOVA_A-I190_3-4_black.jpg\" class=\"attachment-woocommerce_thumbnail size-woocommerce_thumbnail\" alt=\"A-i190 NOVA\" \/><\/div><\/a><div class=\"woo-entry-wrapper\"><a href=\"https:\/\/www.advanceparis.com\/fr\/produit\/a-i190-nova\/\" class=\"woocommerce-LoopProduct-link woocommerce-loop-product__link\"><h2 class=\"woocommerce-loop-product__title\">A-i190 NOVA<\/h2><\/a>\n\t<span class=\"price\"><span class=\"woocommerce-Price-amount amount\"><bdi>5490,00&nbsp;<span class=\"woocommerce-Price-currencySymbol\">&euro;<\/span><\/bdi><\/span><\/span>\n<a href=\"https:\/\/www.advanceparis.com\/fr\/produit\/a-i190-nova\/\" class=\"button\">En savoir plus<\/a>\t<span id=\"woocommerce_loop_add_to_cart_link_describedby_11285\" class=\"screen-reader-text\">\n\t\tCe produit a plusieurs variations. Les options peuvent \u00eatre choisies sur la page du produit\t<\/span>\n<span class=\"gtm4wp_productdata\" style=\"display:none; visibility:hidden;\" data-gtm4wp_product_data=\"{&quot;internal_id&quot;:11285,&quot;item_id&quot;:11285,&quot;item_name&quot;:&quot;A-i190 NOVA&quot;,&quot;sku&quot;:11285,&quot;price&quot;:5490,&quot;stocklevel&quot;:null,&quot;stockstatus&quot;:&quot;outofstock&quot;,&quot;google_business_vertical&quot;:&quot;retail&quot;,&quot;item_category&quot;:&quot;Amplificateur int\\u00e9gr\\u00e9&quot;,&quot;id&quot;:11285,&quot;productlink&quot;:&quot;https:\\\/\\\/www.advanceparis.com\\\/fr\\\/produit\\\/a-i190-nova\\\/&quot;,&quot;item_list_name&quot;:&quot;Liste g\\u00e9n\\u00e9rale des produits&quot;,&quot;index&quot;:2,&quot;product_type&quot;:&quot;variable&quot;,&quot;item_brand&quot;:&quot;&quot;}\"><\/span><\/div><\/li>\n<\/ul>\n<\/div><\/div><\/div><\/div><\/div>\n<\/div>","protected":false},"excerpt":{"rendered":"Advance Paris &gt; Actualit\u00e9sNOVALe son premium au style n\u00e9o-r\u00e9tro.La gamme NOVA Philosophie L\u2019hybridation comme manifeste Nova n\u2019est pas une simple [...]","protected":false},"author":2,"featured_media":0,"parent":230,"menu_order":0,"comment_status":"closed","ping_status":"closed","template":"","meta":{"_acf_changed":false,"footnotes":""},"class_list":["post-11219","page","type-page","status-publish","hentry"],"acf":[],"jetpack_sharing_enabled":true,"_links":{"self":[{"href":"https:\/\/www.advanceparis.com\/fr\/wp-json\/wp\/v2\/pages\/11219","targetHints":{"allow":["GET"]}}],"collection":[{"href":"https:\/\/www.advanceparis.com\/fr\/wp-json\/wp\/v2\/pages"}],"about":[{"href":"https:\/\/www.advanceparis.com\/fr\/wp-json\/wp\/v2\/types\/page"}],"author":[{"embeddable":true,"href":"https:\/\/www.advanceparis.com\/fr\/wp-json\/wp\/v2\/users\/2"}],"replies":[{"embeddable":true,"href":"https:\/\/www.advanceparis.com\/fr\/wp-json\/wp\/v2\/comments?post=11219"}],"version-history":[{"count":15,"href":"https:\/\/www.advanceparis.com\/fr\/wp-json\/wp\/v2\/pages\/11219\/revisions"}],"predecessor-version":[{"id":11312,"href":"https:\/\/www.advanceparis.com\/fr\/wp-json\/wp\/v2\/pages\/11219\/revisions\/11312"}],"up":[{"embeddable":true,"href":"https:\/\/www.advanceparis.com\/fr\/wp-json\/wp\/v2\/pages\/230"}],"wp:attachment":[{"href":"https:\/\/www.advanceparis.com\/fr\/wp-json\/wp\/v2\/media?parent=11219"}],"curies":[{"name":"wp","href":"https:\/\/api.w.org\/{rel}","templated":true}]}}