{"id":640,"date":"2022-05-17T02:10:39","date_gmt":"2022-05-17T00:10:39","guid":{"rendered":"https:\/\/www.advanceparis.com\/?post_type=product&#038;p=640"},"modified":"2025-10-23T16:11:25","modified_gmt":"2025-10-23T14:11:25","slug":"x-i75","status":"publish","type":"product","link":"https:\/\/www.advanceparis.com\/es\/producto\/x-i75\/","title":{"rendered":"X-i75"},"content":{"rendered":"<p>Los amplificadores X-i75 son atemporales por su dise\u00f1o sobrio y elegante.<\/p>\n<p>La amplia gama de aplicaciones, tanto anal\u00f3gicas como digitales, se beneficia de las \u00faltimas innovaciones t\u00e9cnicas.<br \/>\nCombinados con los mejores componentes disponibles en la actualidad, proporcionan una experiencia auditiva excepcionalmente din\u00e1mica y no agresiva, al tiempo que reproducen todos los matices de la m\u00fasica.<\/p>\n<p>El modo de funcionamiento \"Hi Bias\" facilita la alimentaci\u00f3n de la gran mayor\u00eda de altavoces del mercado.<\/p>\n<p>El mando a distancia global suministrado de serie le proporcionar\u00e1 una facilidad de uso a\u00fan mayor.<\/p>","protected":false},"excerpt":{"rendered":"<p>Los amplificadores X-i75 son atemporales por su dise\u00f1o sobrio y elegante.<\/p>","protected":false},"featured_media":8106,"template":"","meta":{"_acf_changed":false},"product_brand":[],"product_cat":[419,480],"product_tag":[],"class_list":{"0":"post-640","1":"product","2":"type-product","3":"status-publish","4":"has-post-thumbnail","6":"product_cat-amplificateur-integre","7":"product_cat-classic-line","9":"first","10":"instock","11":"shipping-taxable","12":"purchasable","13":"product-type-simple"},"acf":[],"jetpack_sharing_enabled":true,"_links":{"self":[{"href":"https:\/\/www.advanceparis.com\/es\/wp-json\/wp\/v2\/product\/640","targetHints":{"allow":["GET"]}}],"collection":[{"href":"https:\/\/www.advanceparis.com\/es\/wp-json\/wp\/v2\/product"}],"about":[{"href":"https:\/\/www.advanceparis.com\/es\/wp-json\/wp\/v2\/types\/product"}],"wp:featuredmedia":[{"embeddable":true,"href":"https:\/\/www.advanceparis.com\/es\/wp-json\/wp\/v2\/media\/8106"}],"wp:attachment":[{"href":"https:\/\/www.advanceparis.com\/es\/wp-json\/wp\/v2\/media?parent=640"}],"wp:term":[{"taxonomy":"product_brand","embeddable":true,"href":"https:\/\/www.advanceparis.com\/es\/wp-json\/wp\/v2\/product_brand?post=640"},{"taxonomy":"product_cat","embeddable":true,"href":"https:\/\/www.advanceparis.com\/es\/wp-json\/wp\/v2\/product_cat?post=640"},{"taxonomy":"product_tag","embeddable":true,"href":"https:\/\/www.advanceparis.com\/es\/wp-json\/wp\/v2\/product_tag?post=640"}],"curies":[{"name":"wp","href":"https:\/\/api.w.org\/{rel}","templated":true}]}}