{"id":634,"date":"2022-05-17T01:53:16","date_gmt":"2022-05-16T23:53:16","guid":{"rendered":"https:\/\/www.advanceparis.com\/?post_type=product&#038;p=634"},"modified":"2025-05-23T12:21:19","modified_gmt":"2025-05-23T10:21:19","slug":"x-a1200","status":"publish","type":"product","link":"https:\/\/www.advanceparis.com\/es\/producto\/x-a1200\/","title":{"rendered":"X-A1200"},"content":{"rendered":"<p>Para satisfacer las expectativas de los mel\u00f3manos m\u00e1s exigentes, que prestan especial atenci\u00f3n al resultado final de su sistema de audio y que dedican gran parte de su tiempo de ocio a escuchar m\u00fasica, hemos creado la etapa de potencia monof\u00f3nica X-A1200.<\/p>\n<p>El amplificador X-A1200 impone respeto de inmediato, tanto por sus prestaciones musicales como por su aspecto sobrio y lujoso. Un amplificador monof\u00f3nico es la soluci\u00f3n ideal para mejorar el rendimiento general de un sistema de alta fidelidad.<\/p>\n<p>Este principio proh\u00edbe cualquier interacci\u00f3n entre los circuitos de alimentaci\u00f3n y las etapas de amplificaci\u00f3n entre los canales izquierdo y derecho. La fuente de alimentaci\u00f3n de alta potencia puede describirse como \"sobredimensionada\". No es una exageraci\u00f3n, dado el tama\u00f1o del bloque mono, su dise\u00f1o compartimentado y su electr\u00f3nica de alimentaci\u00f3n basada en un transformador toroidal de 1.000 VA, dos puentes de diodos de potencia montados sobre un gran disipador t\u00e9rmico y 12 condensadores de 10.000 \u03bcF cada uno, es decir, 120.000 \u03bcF.<\/p>\n<p>Combinada con los 10 transistores de potencia de \"muy alta corriente\" (NJW0281G - NJW0302G), esta fuente de alimentaci\u00f3n permite al amplificador X-A1200 suministrar 450 vatios RMS a 8 ohmios y m\u00e1s de 700 vatios RMS a 4\u03a9.<\/p>\n<p>Un interruptor situado en la parte trasera del aparato permite a la X-A1200 suministrar los primeros vatios en clase A (modo High Bias). M\u00e1s all\u00e1 de este nivel de potencia, el sistema cambia autom\u00e1tica y progresivamente a clase AB.<\/p>\n<p>El robusto dise\u00f1o del chasis le confiere rigidez, incluso cuando se retira la cubierta de acero perforado. El interior est\u00e1 compartimentado, lo que no s\u00f3lo aumenta la rigidez, sino que tambi\u00e9n proporciona aislamiento galv\u00e1nico entre los distintos subconjuntos, instalados de forma muy racional.<\/p>\n<p>&nbsp;<\/p>\n<style>.imh-6310-point-icons{display: none}<\/style>\r\n<div \r\n   class=\"imh-6310-annotation-box imh-6310-annotation-box-4\" \r\n   data-id=\"4\"\r\n   data-display-type=\"0\"\r\n   >\r\n<img decoding=\"async\" src=\"https:\/\/www.advanceparis.com\/wp-content\/uploads\/2022\/09\/XA1200-rear.png\" class=\"imh-6310-main-image imh-6310-img\" data-imh-cls=\"imh-6310-main-image imh-6310-img\"  data-imh-value=\"https:\/\/www.advanceparis.com\/wp-content\/uploads\/2022\/09\/XA1200-rear.png\"  \/>\r\n   \r\n            <div data-id='1' data-always-show='0' data-json='{&quot;iconType&quot;:1,&quot;fontAwesomeIcon&quot;:&quot;fas fa-plus&quot;,&quot;fontAwesomeHoverIcon&quot;:&quot;fas fa-plus&quot;,&quot;fontAwesomeIconColor&quot;:&quot;rgba(255, 255, 255, 1)&quot;,&quot;fontAwesomeIconHoverColor&quot;:&quot;rgba(255, 255, 255, 1)&quot;,&quot;fontAwesomIconSize&quot;:&quot;30&quot;,&quot;fontAwesomIconSizeInMobile&quot;:&quot;20&quot;,&quot;imgOrIconSize&quot;:&quot;30&quot;,&quot;imgOrIconSizeInMobile&quot;:&quot;20&quot;,&quot;customFirstImg&quot;:&quot;&quot;,&quot;customSecondImg&quot;:&quot;&quot;,&quot;customText&quot;:&quot;Hover here&quot;,&quot;customTextSize&quot;:&quot;16&quot;,&quot;customTextColor&quot;:&quot;rgb(255, 255, 255)&quot;,&quot;customTextBgColor&quot;:&quot;rgba(2, 59, 92, 0.99)&quot;,&quot;blinkTooltip&quot;:&quot;1&quot;,&quot;alwaysShow&quot;:&quot;2&quot;,&quot;glowColor&quot;:&quot;rgba(255, 255, 255, 1)&quot;,&quot;selectedTemplate&quot;:&quot;01&quot;,&quot;linkText&quot;:&quot;Borniers pour la connexion de vos enceintes&quot;,&quot;linkURL&quot;:&quot;www.wpmart.org&quot;,&quot;openNewTab&quot;:&quot;1&quot;,&quot;openPopup&quot;:&quot;1&quot;,&quot;openDesImg&quot;:&quot;&quot;,&quot;openDescription&quot;:&quot;Lorem ipsum dolor sit amet consectetur adipisicing elit. Debitis vero maxime beatae fugiat, aspernatur quia.&quot;,&quot;openDesFontSize&quot;:&quot;16&quot;,&quot;openDesFontColor&quot;:&quot;rgb(0, 0, 0)&quot;,&quot;tempCommonFontSize&quot;:&quot;16&quot;,&quot;tempCommonFontColor&quot;:&quot;rgb(18, 0, 0)&quot;,&quot;tempCommonBgColor&quot;:&quot;rgb(255, 255, 255)&quot;,&quot;tem02EmbeddedLink&quot;:&quot;&quot;,&quot;customeHtmlCode&quot;:&quot;&quot;,&quot;customeCssCode&quot;:&quot;&quot;,&quot;customeCodePopup&quot;:&quot;&quot;,&quot;popupCustomHtml&quot;:&quot;&quot;,&quot;popupCustomCss&quot;:&quot;&quot;,&quot;popupCustomCodeWidth&quot;:&quot;&quot;,&quot;customIconLinkType&quot;:&quot;2&quot;,&quot;elementType&quot;:1,&quot;xPos&quot;:&quot;42.16&quot;,&quot;yPos&quot;:&quot;31.95&quot;,&quot;tWidth&quot;:&quot;1795.359375&quot;,&quot;iconWidth&quot;:&quot;26.25&quot;}' class='imh-6310-drag imh-6310-point-4-1' style='style: display: none' >\r\n               <div class='imh-6310-point-icons imh-6310-point-icons-4-1'>\r\n                                            \r\n                <i class='fas fa-plus imh-6310-pin-main-img imh-6310-blinking-4-1'><\/i>\r\n                <i class='fas fa-plus imh-6310-pin-hover-img imh-6310-blinking-hover-4-1'><\/i>              \r\n              \r\n               <\/div>\r\n            <\/div>  \r\n            \r\n               <div class='imh-6310-hover-content imh-6310-hover-content-4-1' data-always-show='0' style='display:none;'>\r\n               \r\n               <div class='imh-6310-template-01-hover-content'><div class='imh-6310-close-button imh-6310-close-button-mobile'><\/div>Terminales para conectar los altavoces<\/div>\r\n               \r\n            <\/div>\r\n            \r\n            <div data-id='2' data-always-show='0' data-json='{&quot;iconType&quot;:1,&quot;fontAwesomeIcon&quot;:&quot;fas fa-plus&quot;,&quot;fontAwesomeHoverIcon&quot;:&quot;fas fa-plus&quot;,&quot;fontAwesomeIconColor&quot;:&quot;rgba(255, 255, 255, 1)&quot;,&quot;fontAwesomeIconHoverColor&quot;:&quot;rgba(255, 255, 255, 1)&quot;,&quot;fontAwesomIconSize&quot;:&quot;30&quot;,&quot;fontAwesomIconSizeInMobile&quot;:&quot;20&quot;,&quot;imgOrIconSize&quot;:&quot;30&quot;,&quot;imgOrIconSizeInMobile&quot;:&quot;20&quot;,&quot;customFirstImg&quot;:&quot;&quot;,&quot;customSecondImg&quot;:&quot;&quot;,&quot;customText&quot;:&quot;Hover here&quot;,&quot;customTextSize&quot;:&quot;16&quot;,&quot;customTextColor&quot;:&quot;rgb(255, 255, 255)&quot;,&quot;customTextBgColor&quot;:&quot;rgba(2, 59, 92, 0.99)&quot;,&quot;blinkTooltip&quot;:&quot;1&quot;,&quot;alwaysShow&quot;:&quot;2&quot;,&quot;glowColor&quot;:&quot;rgba(255, 255, 255, 1)&quot;,&quot;selectedTemplate&quot;:&quot;01&quot;,&quot;linkText&quot;:&quot;Entr\\u00e9es analogiques asym\\u00e9triques (RCA) et asym\\u00e9triques (XLR)&quot;,&quot;linkURL&quot;:&quot;www.wpmart.org&quot;,&quot;openNewTab&quot;:&quot;1&quot;,&quot;openPopup&quot;:&quot;1&quot;,&quot;openDesImg&quot;:&quot;&quot;,&quot;openDescription&quot;:&quot;Lorem ipsum dolor sit amet consectetur adipisicing elit. Debitis vero maxime beatae fugiat, aspernatur quia.&quot;,&quot;openDesFontSize&quot;:&quot;16&quot;,&quot;openDesFontColor&quot;:&quot;rgb(0, 0, 0)&quot;,&quot;tempCommonFontSize&quot;:&quot;16&quot;,&quot;tempCommonFontColor&quot;:&quot;rgb(18, 0, 0)&quot;,&quot;tempCommonBgColor&quot;:&quot;rgb(255, 255, 255)&quot;,&quot;tem02EmbeddedLink&quot;:&quot;&quot;,&quot;customeHtmlCode&quot;:&quot;&quot;,&quot;customeCssCode&quot;:&quot;&quot;,&quot;customeCodePopup&quot;:&quot;&quot;,&quot;popupCustomHtml&quot;:&quot;&quot;,&quot;popupCustomCss&quot;:&quot;&quot;,&quot;popupCustomCodeWidth&quot;:&quot;&quot;,&quot;customIconLinkType&quot;:&quot;2&quot;,&quot;elementType&quot;:1,&quot;xPos&quot;:&quot;37.04&quot;,&quot;yPos&quot;:&quot;82.05&quot;,&quot;tWidth&quot;:&quot;1795.359375&quot;,&quot;iconWidth&quot;:&quot;26.25&quot;}' class='imh-6310-drag imh-6310-point-4-2' style='style: display: none' >\r\n               <div class='imh-6310-point-icons imh-6310-point-icons-4-2'>\r\n                                            \r\n                <i class='fas fa-plus imh-6310-pin-main-img imh-6310-blinking-4-2'><\/i>\r\n                <i class='fas fa-plus imh-6310-pin-hover-img imh-6310-blinking-hover-4-2'><\/i>              \r\n              \r\n               <\/div>\r\n            <\/div>  \r\n            \r\n               <div class='imh-6310-hover-content imh-6310-hover-content-4-2' data-always-show='0' style='display:none;'>\r\n               \r\n               <div class='imh-6310-template-01-hover-content'><div class='imh-6310-close-button imh-6310-close-button-mobile'><\/div>Entradas anal\u00f3gicas no balanceadas (RCA) y balanceadas (XLR)<\/div>\r\n               \r\n            <\/div>\r\n            \r\n            <div data-id='3' data-always-show='0' data-json='{&quot;iconType&quot;:1,&quot;fontAwesomeIcon&quot;:&quot;fas fa-plus&quot;,&quot;fontAwesomeHoverIcon&quot;:&quot;fas fa-plus&quot;,&quot;fontAwesomeIconColor&quot;:&quot;rgba(255, 255, 255, 1)&quot;,&quot;fontAwesomeIconHoverColor&quot;:&quot;rgba(255, 255, 255, 1)&quot;,&quot;fontAwesomIconSize&quot;:&quot;30&quot;,&quot;fontAwesomIconSizeInMobile&quot;:&quot;20&quot;,&quot;imgOrIconSize&quot;:&quot;30&quot;,&quot;imgOrIconSizeInMobile&quot;:&quot;20&quot;,&quot;customFirstImg&quot;:&quot;&quot;,&quot;customSecondImg&quot;:&quot;&quot;,&quot;customText&quot;:&quot;Hover here&quot;,&quot;customTextSize&quot;:&quot;16&quot;,&quot;customTextColor&quot;:&quot;rgb(255, 255, 255)&quot;,&quot;customTextBgColor&quot;:&quot;rgba(2, 59, 92, 0.99)&quot;,&quot;blinkTooltip&quot;:&quot;1&quot;,&quot;alwaysShow&quot;:&quot;2&quot;,&quot;glowColor&quot;:&quot;rgba(255, 255, 255, 1)&quot;,&quot;selectedTemplate&quot;:&quot;01&quot;,&quot;linkText&quot;:&quot;Les prises TRIGGER permettent l&#039;allumage et l&#039;extinction du X-A1200 lors de la mise en fonction du pr\\u00e9-ampli (muni de prises TRIGGER)&quot;,&quot;linkURL&quot;:&quot;www.wpmart.org&quot;,&quot;openNewTab&quot;:&quot;1&quot;,&quot;openPopup&quot;:&quot;1&quot;,&quot;openDesImg&quot;:&quot;&quot;,&quot;openDescription&quot;:&quot;Lorem ipsum dolor sit amet consectetur adipisicing elit. Debitis vero maxime beatae fugiat, aspernatur quia.&quot;,&quot;openDesFontSize&quot;:&quot;16&quot;,&quot;openDesFontColor&quot;:&quot;rgb(0, 0, 0)&quot;,&quot;tempCommonFontSize&quot;:&quot;16&quot;,&quot;tempCommonFontColor&quot;:&quot;rgb(18, 0, 0)&quot;,&quot;tempCommonBgColor&quot;:&quot;rgb(255, 255, 255)&quot;,&quot;tem02EmbeddedLink&quot;:&quot;&quot;,&quot;customeHtmlCode&quot;:&quot;&quot;,&quot;customeCssCode&quot;:&quot;&quot;,&quot;customeCodePopup&quot;:&quot;&quot;,&quot;popupCustomHtml&quot;:&quot;&quot;,&quot;popupCustomCss&quot;:&quot;&quot;,&quot;popupCustomCodeWidth&quot;:&quot;&quot;,&quot;customIconLinkType&quot;:&quot;2&quot;,&quot;elementType&quot;:1,&quot;xPos&quot;:&quot;61.37&quot;,&quot;yPos&quot;:&quot;70.36&quot;,&quot;tWidth&quot;:&quot;2196.171875&quot;,&quot;iconWidth&quot;:&quot;26.25&quot;}' class='imh-6310-drag imh-6310-point-4-3' style='style: display: none' >\r\n               <div class='imh-6310-point-icons imh-6310-point-icons-4-3'>\r\n                                            \r\n                <i class='fas fa-plus imh-6310-pin-main-img imh-6310-blinking-4-3'><\/i>\r\n                <i class='fas fa-plus imh-6310-pin-hover-img imh-6310-blinking-hover-4-3'><\/i>              \r\n              \r\n               <\/div>\r\n            <\/div>  \r\n            \r\n               <div class='imh-6310-hover-content imh-6310-hover-content-4-3' data-always-show='0' style='display:none;'>\r\n               \r\n               <div class='imh-6310-template-01-hover-content'><div class='imh-6310-close-button imh-6310-close-button-mobile'><\/div>Las tomas TRIGGER permiten encender y apagar el X-A1200 cuando se enciende el preamplificador (equipado con tomas TRIGGER).<\/div>\r\n               \r\n            <\/div>\r\n            \r\n            <div data-id='4' data-always-show='0' data-json='{&quot;iconType&quot;:1,&quot;fontAwesomeIcon&quot;:&quot;fas fa-plus&quot;,&quot;fontAwesomeHoverIcon&quot;:&quot;fas fa-plus&quot;,&quot;fontAwesomeIconColor&quot;:&quot;rgba(255, 255, 255, 1)&quot;,&quot;fontAwesomeIconHoverColor&quot;:&quot;rgba(255, 255, 255, 1)&quot;,&quot;fontAwesomIconSize&quot;:&quot;30&quot;,&quot;fontAwesomIconSizeInMobile&quot;:&quot;20&quot;,&quot;imgOrIconSize&quot;:&quot;30&quot;,&quot;imgOrIconSizeInMobile&quot;:&quot;20&quot;,&quot;customFirstImg&quot;:&quot;&quot;,&quot;customSecondImg&quot;:&quot;&quot;,&quot;customText&quot;:&quot;Hover here&quot;,&quot;customTextSize&quot;:&quot;16&quot;,&quot;customTextColor&quot;:&quot;rgb(255, 255, 255)&quot;,&quot;customTextBgColor&quot;:&quot;rgba(2, 59, 92, 0.99)&quot;,&quot;blinkTooltip&quot;:&quot;1&quot;,&quot;alwaysShow&quot;:&quot;2&quot;,&quot;glowColor&quot;:&quot;rgba(255, 255, 255, 1)&quot;,&quot;selectedTemplate&quot;:&quot;01&quot;,&quot;linkText&quot;:&quot;R\\u00e9glage de l&#039;intensit\\u00e9 du r\\u00e9tro-\\u00e9clairage&quot;,&quot;linkURL&quot;:&quot;www.wpmart.org&quot;,&quot;openNewTab&quot;:&quot;1&quot;,&quot;openPopup&quot;:&quot;1&quot;,&quot;openDesImg&quot;:&quot;&quot;,&quot;openDescription&quot;:&quot;Lorem ipsum dolor sit amet consectetur adipisicing elit. Debitis vero maxime beatae fugiat, aspernatur quia.&quot;,&quot;openDesFontSize&quot;:&quot;16&quot;,&quot;openDesFontColor&quot;:&quot;rgb(0, 0, 0)&quot;,&quot;tempCommonFontSize&quot;:&quot;16&quot;,&quot;tempCommonFontColor&quot;:&quot;rgb(18, 0, 0)&quot;,&quot;tempCommonBgColor&quot;:&quot;rgb(255, 255, 255)&quot;,&quot;tem02EmbeddedLink&quot;:&quot;&quot;,&quot;customeHtmlCode&quot;:&quot;&quot;,&quot;customeCssCode&quot;:&quot;&quot;,&quot;customeCodePopup&quot;:&quot;&quot;,&quot;popupCustomHtml&quot;:&quot;&quot;,&quot;popupCustomCss&quot;:&quot;&quot;,&quot;popupCustomCodeWidth&quot;:&quot;&quot;,&quot;customIconLinkType&quot;:&quot;2&quot;,&quot;elementType&quot;:1,&quot;xPos&quot;:&quot;52.90&quot;,&quot;yPos&quot;:&quot;75.55&quot;,&quot;tWidth&quot;:&quot;2196.171875&quot;,&quot;iconWidth&quot;:&quot;26.25&quot;}' class='imh-6310-drag imh-6310-point-4-4' style='style: display: none' >\r\n               <div class='imh-6310-point-icons imh-6310-point-icons-4-4'>\r\n                                            \r\n                <i class='fas fa-plus imh-6310-pin-main-img imh-6310-blinking-4-4'><\/i>\r\n                <i class='fas fa-plus imh-6310-pin-hover-img imh-6310-blinking-hover-4-4'><\/i>              \r\n              \r\n               <\/div>\r\n            <\/div>  \r\n            \r\n               <div class='imh-6310-hover-content imh-6310-hover-content-4-4' data-always-show='0' style='display:none;'>\r\n               \r\n               <div class='imh-6310-template-01-hover-content'><div class='imh-6310-close-button imh-6310-close-button-mobile'><\/div>Ajuste de la intensidad de la retroiluminaci\u00f3n<\/div>\r\n               \r\n            <\/div>\r\n            \r\n            <div data-id='5' data-always-show='0' data-json='{&quot;iconType&quot;:1,&quot;fontAwesomeIcon&quot;:&quot;fas fa-plus&quot;,&quot;fontAwesomeHoverIcon&quot;:&quot;fas fa-plus&quot;,&quot;fontAwesomeIconColor&quot;:&quot;rgba(255, 255, 255, 1)&quot;,&quot;fontAwesomeIconHoverColor&quot;:&quot;rgba(255, 255, 255, 1)&quot;,&quot;fontAwesomIconSize&quot;:&quot;30&quot;,&quot;fontAwesomIconSizeInMobile&quot;:&quot;20&quot;,&quot;imgOrIconSize&quot;:&quot;30&quot;,&quot;imgOrIconSizeInMobile&quot;:&quot;20&quot;,&quot;customFirstImg&quot;:&quot;&quot;,&quot;customSecondImg&quot;:&quot;&quot;,&quot;customText&quot;:&quot;Hover here&quot;,&quot;customTextSize&quot;:&quot;16&quot;,&quot;customTextColor&quot;:&quot;rgb(255, 255, 255)&quot;,&quot;customTextBgColor&quot;:&quot;rgba(2, 59, 92, 0.99)&quot;,&quot;blinkTooltip&quot;:&quot;1&quot;,&quot;alwaysShow&quot;:&quot;2&quot;,&quot;glowColor&quot;:&quot;rgba(255, 255, 255, 1)&quot;,&quot;selectedTemplate&quot;:&quot;01&quot;,&quot;linkText&quot;:&quot;R\\u00e9glage du bias&quot;,&quot;linkURL&quot;:&quot;www.wpmart.org&quot;,&quot;openNewTab&quot;:&quot;1&quot;,&quot;openPopup&quot;:&quot;1&quot;,&quot;openDesImg&quot;:&quot;&quot;,&quot;openDescription&quot;:&quot;Lorem ipsum dolor sit amet consectetur adipisicing elit. Debitis vero maxime beatae fugiat, aspernatur quia.&quot;,&quot;openDesFontSize&quot;:&quot;16&quot;,&quot;openDesFontColor&quot;:&quot;rgb(0, 0, 0)&quot;,&quot;tempCommonFontSize&quot;:&quot;16&quot;,&quot;tempCommonFontColor&quot;:&quot;rgb(18, 0, 0)&quot;,&quot;tempCommonBgColor&quot;:&quot;rgb(255, 255, 255)&quot;,&quot;tem02EmbeddedLink&quot;:&quot;&quot;,&quot;customeHtmlCode&quot;:&quot;&quot;,&quot;customeCssCode&quot;:&quot;&quot;,&quot;customeCodePopup&quot;:&quot;&quot;,&quot;popupCustomHtml&quot;:&quot;&quot;,&quot;popupCustomCss&quot;:&quot;&quot;,&quot;popupCustomCodeWidth&quot;:&quot;&quot;,&quot;customIconLinkType&quot;:&quot;2&quot;,&quot;elementType&quot;:1,&quot;xPos&quot;:&quot;48.28&quot;,&quot;yPos&quot;:&quot;73.25&quot;,&quot;tWidth&quot;:&quot;2196.171875&quot;,&quot;iconWidth&quot;:&quot;26.25&quot;}' class='imh-6310-drag imh-6310-point-4-5' style='style: display: none' >\r\n               <div class='imh-6310-point-icons imh-6310-point-icons-4-5'>\r\n                                            \r\n                <i class='fas fa-plus imh-6310-pin-main-img imh-6310-blinking-4-5'><\/i>\r\n                <i class='fas fa-plus imh-6310-pin-hover-img imh-6310-blinking-hover-4-5'><\/i>              \r\n              \r\n               <\/div>\r\n            <\/div>  \r\n            \r\n               <div class='imh-6310-hover-content imh-6310-hover-content-4-5' data-always-show='0' style='display:none;'>\r\n               \r\n               <div class='imh-6310-template-01-hover-content'><div class='imh-6310-close-button imh-6310-close-button-mobile'><\/div>Ajuste del sesgo<\/div>\r\n               \r\n            <\/div>\r\n            <\/div>","protected":false},"excerpt":{"rendered":"<p>Para satisfacer las expectativas de los mel\u00f3manos m\u00e1s exigentes, que prestan especial atenci\u00f3n al resultado final de su sistema de audio y que dedican gran parte de su tiempo de ocio a escuchar m\u00fasica, hemos creado la etapa de potencia monof\u00f3nica X-A1200.<\/p>","protected":false},"featured_media":635,"template":"","meta":{"_acf_changed":false},"product_brand":[],"product_cat":[318,480],"product_tag":[344],"class_list":{"0":"post-634","1":"product","2":"type-product","3":"status-publish","4":"has-post-thumbnail","6":"product_cat-bloc-mono","7":"product_cat-classic-line","8":"product_tag-vu","10":"first","11":"outofstock","12":"shipping-taxable","13":"purchasable","14":"product-type-simple"},"acf":[],"jetpack_sharing_enabled":true,"_links":{"self":[{"href":"https:\/\/www.advanceparis.com\/es\/wp-json\/wp\/v2\/product\/634","targetHints":{"allow":["GET"]}}],"collection":[{"href":"https:\/\/www.advanceparis.com\/es\/wp-json\/wp\/v2\/product"}],"about":[{"href":"https:\/\/www.advanceparis.com\/es\/wp-json\/wp\/v2\/types\/product"}],"wp:featuredmedia":[{"embeddable":true,"href":"https:\/\/www.advanceparis.com\/es\/wp-json\/wp\/v2\/media\/635"}],"wp:attachment":[{"href":"https:\/\/www.advanceparis.com\/es\/wp-json\/wp\/v2\/media?parent=634"}],"wp:term":[{"taxonomy":"product_brand","embeddable":true,"href":"https:\/\/www.advanceparis.com\/es\/wp-json\/wp\/v2\/product_brand?post=634"},{"taxonomy":"product_cat","embeddable":true,"href":"https:\/\/www.advanceparis.com\/es\/wp-json\/wp\/v2\/product_cat?post=634"},{"taxonomy":"product_tag","embeddable":true,"href":"https:\/\/www.advanceparis.com\/es\/wp-json\/wp\/v2\/product_tag?post=634"}],"curies":[{"name":"wp","href":"https:\/\/api.w.org\/{rel}","templated":true}]}}