{"id":59,"date":"2022-04-20T16:40:12","date_gmt":"2022-04-20T14:40:12","guid":{"rendered":"https:\/\/www.advanceparis.com\/?post_type=product&#038;p=59"},"modified":"2026-04-20T14:36:18","modified_gmt":"2026-04-20T12:36:18","slug":"playstream-a5","status":"publish","type":"product","link":"https:\/\/www.advanceparis.com\/es\/producto\/playstream-a5\/","title":{"rendered":"PlayStream A5"},"content":{"rendered":"<h3>El centro neur\u00e1lgico de su sistema<\/h3>\n<p>El PlayStream A5 es un amplificador integrado conectado. Con una potencia de 2x80W\/8\u03a9 en clase AB, el A5 se ha dise\u00f1ado con el objetivo \u00faltimo de satisfacer al audi\u00f3filo exigente. Su reproducci\u00f3n de sonido es inflexible, compatible con todas las nuevas fuentes de alta definici\u00f3n. El A5 incorpora un reproductor de red ethernet y wifi que incluye numerosos servicios como Spotify, Deezer, Qobuz, Tidal, TuneIn, iHeartRadio, vTuner, Napster, etc, permite la reproducci\u00f3n en red de su biblioteca musical almacenada en su smartphone, tableta, ordenador o unidad de red de tipo NAS (Synology). PlayStream A5 dispone de un sintonizador digital DAB+, un sintonizador FM, 4 entradas digitales (una coaxial y 3 \u00f3pticas), una entrada USB y 6 entradas anal\u00f3gicas (incluida una entrada phono).<\/p>\n<p><img loading=\"lazy\" decoding=\"async\" class=\"alignnone wp-image-322 size-thumbnail\" src=\"https:\/\/www.advanceparis.com\/wp-content\/uploads\/2022\/04\/ADP-Picto_SPOTIFY-150x150.png\" alt=\"\" width=\"150\" height=\"150\" srcset=\"https:\/\/www.advanceparis.com\/wp-content\/uploads\/2022\/04\/ADP-Picto_SPOTIFY-150x150.png 150w, https:\/\/www.advanceparis.com\/wp-content\/uploads\/2022\/04\/ADP-Picto_SPOTIFY-300x300.png 300w, https:\/\/www.advanceparis.com\/wp-content\/uploads\/2022\/04\/ADP-Picto_SPOTIFY-600x600.png 600w, https:\/\/www.advanceparis.com\/wp-content\/uploads\/2022\/04\/ADP-Picto_SPOTIFY-1024x1024.png 1024w, https:\/\/www.advanceparis.com\/wp-content\/uploads\/2022\/04\/ADP-Picto_SPOTIFY-768x768.png 768w, https:\/\/www.advanceparis.com\/wp-content\/uploads\/2022\/04\/ADP-Picto_SPOTIFY-320x320.png 320w, https:\/\/www.advanceparis.com\/wp-content\/uploads\/2022\/04\/ADP-Picto_SPOTIFY.png 1182w\" sizes=\"auto, (max-width: 150px) 100vw, 150px\" \/> <img loading=\"lazy\" decoding=\"async\" class=\"alignnone wp-image-321 size-thumbnail\" src=\"https:\/\/www.advanceparis.com\/wp-content\/uploads\/2022\/04\/ADP-Picto_DEEZER-150x150.png\" alt=\"\" width=\"150\" height=\"150\" srcset=\"https:\/\/www.advanceparis.com\/wp-content\/uploads\/2022\/04\/ADP-Picto_DEEZER-150x150.png 150w, https:\/\/www.advanceparis.com\/wp-content\/uploads\/2022\/04\/ADP-Picto_DEEZER-300x300.png 300w, https:\/\/www.advanceparis.com\/wp-content\/uploads\/2022\/04\/ADP-Picto_DEEZER-600x600.png 600w, https:\/\/www.advanceparis.com\/wp-content\/uploads\/2022\/04\/ADP-Picto_DEEZER-1024x1024.png 1024w, https:\/\/www.advanceparis.com\/wp-content\/uploads\/2022\/04\/ADP-Picto_DEEZER-768x768.png 768w, https:\/\/www.advanceparis.com\/wp-content\/uploads\/2022\/04\/ADP-Picto_DEEZER-320x320.png 320w, https:\/\/www.advanceparis.com\/wp-content\/uploads\/2022\/04\/ADP-Picto_DEEZER.png 1182w\" sizes=\"auto, (max-width: 150px) 100vw, 150px\" \/><img loading=\"lazy\" decoding=\"async\" class=\"alignnone wp-image-323 size-thumbnail\" src=\"https:\/\/www.advanceparis.com\/wp-content\/uploads\/2022\/04\/ADP-Picto_TIDAL-150x150.png\" alt=\"\" width=\"150\" height=\"150\" srcset=\"https:\/\/www.advanceparis.com\/wp-content\/uploads\/2022\/04\/ADP-Picto_TIDAL-150x150.png 150w, https:\/\/www.advanceparis.com\/wp-content\/uploads\/2022\/04\/ADP-Picto_TIDAL-300x300.png 300w, https:\/\/www.advanceparis.com\/wp-content\/uploads\/2022\/04\/ADP-Picto_TIDAL-600x600.png 600w, https:\/\/www.advanceparis.com\/wp-content\/uploads\/2022\/04\/ADP-Picto_TIDAL-1024x1024.png 1024w, https:\/\/www.advanceparis.com\/wp-content\/uploads\/2022\/04\/ADP-Picto_TIDAL-768x768.png 768w, https:\/\/www.advanceparis.com\/wp-content\/uploads\/2022\/04\/ADP-Picto_TIDAL-320x320.png 320w, https:\/\/www.advanceparis.com\/wp-content\/uploads\/2022\/04\/ADP-Picto_TIDAL.png 1182w\" sizes=\"auto, (max-width: 150px) 100vw, 150px\" \/><img loading=\"lazy\" decoding=\"async\" class=\"alignnone wp-image-325 size-thumbnail\" src=\"https:\/\/www.advanceparis.com\/wp-content\/uploads\/2022\/04\/ADP-Picto_TUNE_IN-150x150.png\" alt=\"\" width=\"150\" height=\"150\" srcset=\"https:\/\/www.advanceparis.com\/wp-content\/uploads\/2022\/04\/ADP-Picto_TUNE_IN-150x150.png 150w, https:\/\/www.advanceparis.com\/wp-content\/uploads\/2022\/04\/ADP-Picto_TUNE_IN-300x300.png 300w, https:\/\/www.advanceparis.com\/wp-content\/uploads\/2022\/04\/ADP-Picto_TUNE_IN-600x600.png 600w, https:\/\/www.advanceparis.com\/wp-content\/uploads\/2022\/04\/ADP-Picto_TUNE_IN-1024x1024.png 1024w, https:\/\/www.advanceparis.com\/wp-content\/uploads\/2022\/04\/ADP-Picto_TUNE_IN-768x768.png 768w, https:\/\/www.advanceparis.com\/wp-content\/uploads\/2022\/04\/ADP-Picto_TUNE_IN-320x320.png 320w, https:\/\/www.advanceparis.com\/wp-content\/uploads\/2022\/04\/ADP-Picto_TUNE_IN.png 1182w\" sizes=\"auto, (max-width: 150px) 100vw, 150px\" \/><img loading=\"lazy\" decoding=\"async\" class=\"alignnone wp-image-324 size-thumbnail\" src=\"https:\/\/www.advanceparis.com\/wp-content\/uploads\/2022\/04\/ADP-Picto_TUNE_IN-copie-150x150.png\" alt=\"\" width=\"150\" height=\"150\" srcset=\"https:\/\/www.advanceparis.com\/wp-content\/uploads\/2022\/04\/ADP-Picto_TUNE_IN-copie-150x150.png 150w, https:\/\/www.advanceparis.com\/wp-content\/uploads\/2022\/04\/ADP-Picto_TUNE_IN-copie-300x300.png 300w, https:\/\/www.advanceparis.com\/wp-content\/uploads\/2022\/04\/ADP-Picto_TUNE_IN-copie-600x600.png 600w, https:\/\/www.advanceparis.com\/wp-content\/uploads\/2022\/04\/ADP-Picto_TUNE_IN-copie-1024x1024.png 1024w, https:\/\/www.advanceparis.com\/wp-content\/uploads\/2022\/04\/ADP-Picto_TUNE_IN-copie-768x768.png 768w, https:\/\/www.advanceparis.com\/wp-content\/uploads\/2022\/04\/ADP-Picto_TUNE_IN-copie-320x320.png 320w, https:\/\/www.advanceparis.com\/wp-content\/uploads\/2022\/04\/ADP-Picto_TUNE_IN-copie.png 1182w\" sizes=\"auto, (max-width: 150px) 100vw, 150px\" \/><\/p>\n<p>El PlayStream A5 es compatible con nuestros receptores X-FTB01 y el nuevo X-FTB02, compatibles con Bluetooth y dotados de aptX HD de alta definici\u00f3n. Equipado con High-Bias, el PlayStream A5 ofrece un sonido comparable a la clase A en los primeros vatios. Compatible con DLNA y Airplay. \u00a1Merece la pena comprobarlo!<\/p>","protected":false},"excerpt":{"rendered":"<p>PlayStream A5 es un amplificador integrado conectado.<\/p>","protected":false},"featured_media":3060,"template":"","meta":{"_acf_changed":false},"product_brand":[],"product_cat":[420,482],"product_tag":[316,344,315],"class_list":{"0":"post-59","1":"product","2":"type-product","3":"status-publish","4":"has-post-thumbnail","6":"product_cat-amplificateur-connecte","7":"product_cat-playstream","8":"product_tag-ethernet","9":"product_tag-vu","10":"product_tag-wifi","12":"first","13":"outofstock","14":"shipping-taxable","15":"purchasable","16":"product-type-variable","17":"has-default-attributes"},"acf":[],"jetpack_sharing_enabled":true,"_links":{"self":[{"href":"https:\/\/www.advanceparis.com\/es\/wp-json\/wp\/v2\/product\/59","targetHints":{"allow":["GET"]}}],"collection":[{"href":"https:\/\/www.advanceparis.com\/es\/wp-json\/wp\/v2\/product"}],"about":[{"href":"https:\/\/www.advanceparis.com\/es\/wp-json\/wp\/v2\/types\/product"}],"wp:featuredmedia":[{"embeddable":true,"href":"https:\/\/www.advanceparis.com\/es\/wp-json\/wp\/v2\/media\/3060"}],"wp:attachment":[{"href":"https:\/\/www.advanceparis.com\/es\/wp-json\/wp\/v2\/media?parent=59"}],"wp:term":[{"taxonomy":"product_brand","embeddable":true,"href":"https:\/\/www.advanceparis.com\/es\/wp-json\/wp\/v2\/product_brand?post=59"},{"taxonomy":"product_cat","embeddable":true,"href":"https:\/\/www.advanceparis.com\/es\/wp-json\/wp\/v2\/product_cat?post=59"},{"taxonomy":"product_tag","embeddable":true,"href":"https:\/\/www.advanceparis.com\/es\/wp-json\/wp\/v2\/product_tag?post=59"}],"curies":[{"name":"wp","href":"https:\/\/api.w.org\/{rel}","templated":true}]}}