{"id":562,"date":"2022-05-16T01:59:42","date_gmt":"2022-05-15T23:59:42","guid":{"rendered":"https:\/\/www.advanceparis.com\/?post_type=product&#038;p=562"},"modified":"2025-06-04T11:22:52","modified_gmt":"2025-06-04T09:22:52","slug":"px-1","status":"publish","type":"product","link":"https:\/\/www.advanceparis.com\/es\/producto\/px-1\/","title":{"rendered":"PX-1"},"content":{"rendered":"<h3>Un aut\u00e9ntico centro de mando para su equipo de alta fidelidad<\/h3>\n<p>El nuevo preamplificador PX-1 es una referencia absoluta. J\u00fazguelo usted mismo:<\/p>\n<p>Dise\u00f1ado en torno a dos preamplificadores monof\u00f3nicos alojados en una \u00fanica caja, nuestro preamplificador est\u00e9reo Px1 puede describirse como un verdadero mono dual, con dos transformadores de tipo EI, apantallados por placas de mumetal: una soluci\u00f3n cara pero muy eficaz.<\/p>\n<p>El PX-1 es el centro neur\u00e1lgico de su sistema de alta fidelidad. Aunque la calidad de sonido era nuestra principal prioridad, quer\u00edamos que nuestro preamplificador fuera apto para todas las fuentes actuales, anal\u00f3gicas, digitales, desmaterializadas o f\u00edsicas.<\/p>\n<p>No se ha pasado nada por alto, y cada entrada se ha afinado con el objetivo \u00faltimo de lograr la mejor reproducci\u00f3n musical posible. El PX-1 dispone de nueve entradas anal\u00f3gicas, incluida una entrada balanceada y una entrada de fono MM o MC de doble nivel. Tambi\u00e9n se puede ajustar la capacitancia de la c\u00e9lula de fono. En el lado digital, el PX-1 dispone de tres entradas digitales \u00f3pticas, una entrada digital coaxial, una entrada USB B (XMOS as\u00edncrona) y una entrada USB A. La conversi\u00f3n de la se\u00f1al digital corre a cargo del famoso convertidor Wolfson WM8740.<\/p>\n<p>Estas entradas digitales se complementan con un puerto propietario que permite conectar el Bluetooth <a href=\"https:\/\/www.advanceparis.com\/produit\/x-ftb01\/\">X-FTB01<\/a> y <a href=\"https:\/\/www.advanceparis.com\/produit\/x-ftb02\/\">X-FTB02<\/a>.<\/p>\n<p>La se\u00f1al se procesa de la forma m\u00e1s directa posible (ruta directa) para no alterar su calidad original. El men\u00fa interactivo del PX-1 ofrece dos modos de utilizaci\u00f3n, \"Clase A\" o modo discreto. La salida \"clase A\" se basa en un circuito que utiliza \u00fanicamente transistores bipolares, en un conjunto \"doble cascode\" que ofrece un rendimiento en t\u00e9rminos de gradaci\u00f3n de distorsi\u00f3n cercano al de un conjunto a v\u00e1lvulas, por lo tanto muy homog\u00e9neo y polarizado en clase A, la salida \"discreta\" es una etapa basada en una tipolog\u00eda m\u00e1s convencional basada en una etapa de entrada JFET diferencial y un espejo de corriente bipolar con una salida polarizada en clase AB, m\u00e1s propensa a la distorsi\u00f3n en arm\u00f3nicos impares, a veces menos apreciada \"de o\u00eddo\", pero a veces tambi\u00e9n considerada m\u00e1s definida.<\/p>\n<p>Utilizar el PX-1 es especialmente f\u00e1cil, gracias a un \u00fanico mando giratorio con un pulsador para confirmar una elecci\u00f3n, que permite acceder a la selecci\u00f3n de entrada, a los ajustes de volumen, graves, agudos, balance y sonoridad, y al apagado autom\u00e1tico tras 30 minutos de inactividad. Por \u00faltimo, en el lado de las salidas, su PX-1 es tan completo como en el de las entradas: una balanceada (XLR), una no balanceada (Cinch), una de grabaci\u00f3n (Rec Out), una de paso alto y dos de subgraves.<\/p>\n<p>Por \u00faltimo, como guinda del pastel, los dise\u00f1adores no se han olvidado de los aficionados a escuchar con auriculares al integrar, bajo la unidad, un doble ajuste independiente para dos auriculares de la ganancia de +6,0,-4dB y de la impedancia de salida de 0 \u00f3 100\u03a9.<\/p>\n<p>&nbsp;<\/p>","protected":false},"excerpt":{"rendered":"<p>El preamplificador PX-1 es una referencia absoluta en el formato compacto Smart Line. Entradas digitales y anal\u00f3gicas, Bluetooth opcional, XLR, USB para tu ordenador...<\/p>","protected":false},"featured_media":567,"template":"","meta":{"_acf_changed":false},"product_brand":[],"product_cat":[424,481],"product_tag":[],"class_list":{"0":"post-562","1":"product","2":"type-product","3":"status-publish","4":"has-post-thumbnail","6":"product_cat-pre-amplificateur","7":"product_cat-smart-line","9":"first","10":"instock","11":"shipping-taxable","12":"purchasable","13":"product-type-variable","14":"has-default-attributes"},"acf":[],"jetpack_sharing_enabled":true,"_links":{"self":[{"href":"https:\/\/www.advanceparis.com\/es\/wp-json\/wp\/v2\/product\/562","targetHints":{"allow":["GET"]}}],"collection":[{"href":"https:\/\/www.advanceparis.com\/es\/wp-json\/wp\/v2\/product"}],"about":[{"href":"https:\/\/www.advanceparis.com\/es\/wp-json\/wp\/v2\/types\/product"}],"wp:featuredmedia":[{"embeddable":true,"href":"https:\/\/www.advanceparis.com\/es\/wp-json\/wp\/v2\/media\/567"}],"wp:attachment":[{"href":"https:\/\/www.advanceparis.com\/es\/wp-json\/wp\/v2\/media?parent=562"}],"wp:term":[{"taxonomy":"product_brand","embeddable":true,"href":"https:\/\/www.advanceparis.com\/es\/wp-json\/wp\/v2\/product_brand?post=562"},{"taxonomy":"product_cat","embeddable":true,"href":"https:\/\/www.advanceparis.com\/es\/wp-json\/wp\/v2\/product_cat?post=562"},{"taxonomy":"product_tag","embeddable":true,"href":"https:\/\/www.advanceparis.com\/es\/wp-json\/wp\/v2\/product_tag?post=562"}],"curies":[{"name":"wp","href":"https:\/\/api.w.org\/{rel}","templated":true}]}}