{"id":545,"date":"2022-05-12T11:35:00","date_gmt":"2022-05-12T09:35:00","guid":{"rendered":"https:\/\/www.advanceparis.com\/?post_type=product&#038;p=545"},"modified":"2025-09-01T09:29:02","modified_gmt":"2025-09-01T07:29:02","slug":"x-i1100","status":"publish","type":"product","link":"https:\/\/www.advanceparis.com\/es\/producto\/x-i1100\/","title":{"rendered":"X-i1100"},"content":{"rendered":"<h3>El heredero<\/h3>\n<p>Advance Paris, el fabricante franc\u00e9s de equipos de alta fidelidad, presenta la \u00faltima incorporaci\u00f3n a su gamaCLASSIC , dise\u00f1ada para los mel\u00f3manos m\u00e1s exigentes. Este nuevo amplificador integrado est\u00e1 repleto de caracter\u00edsticas t\u00e9cnicas. Confirma nuestra voluntad de no dejar nada al azar y de optimizar cada uno de los m\u00f3dulos que componen este amplificador integrado.<\/p>\n<p>El X-i1100 dispone de nada menos que seis entradas, entre ellas un fono de im\u00e1n m\u00f3vil, CD balanceado y no balanceado, un sintonizador, dos auxiliares y una entrada directa \"Amp ln\".<\/p>\n<p>Las entradas digitales son igual de abundantes: una USB, una AES y seis S\/PDIF, cuatro de ellas \u00f3pticas. El X-i1100 puede alimentar cualquier tipo de altavoz pasivo con sus 220W efectivos por canal a 8\u03a9 (\u00a1400W a 4\u03a9\u20ac!) basados en un transformador toroidal de 700VA y una capacidad de filtrado de 60000uF.<\/p>\n<p>El DAC tiene dos receptores de se\u00f1al digital: un procesador X-Mos y un USB 3318 con correcci\u00f3n de fluctuaciones para la entrada USB y un Cirrus Logic CS8416 para todas las dem\u00e1s, AES y S\/PDIF. El convertidor elegido, un Burr Brown PCM1796, maneja se\u00f1ales de hasta 192 kHz a 24 bits. Las resistencias recubiertas de metal y los condensadores de polipropileno contribuyen a la calidad de reproducci\u00f3n de este amplificador integrado. Montadas sobre grandes disipadores t\u00e9rmicos, las tarjetas amplificadoras, conectadas a los terminales de salida mediante cables de 4 mm2 de secci\u00f3n, incorporan un triple push-pull por canal, es decir, tres pares de transistores bipolares NJW0281 G y NJW0302G.<\/p>\n<p>La construcci\u00f3n mec\u00e1nica tambi\u00e9n se ha pensado cuidadosamente: en el chasis se han integrado cinco compartimentos que forman aislamientos galv\u00e1nicos y contribuyen a la rigidez del X-i1100. El chasis es de acero rematado con laterales de aluminio negro y una cubierta perforada garantiza una ventilaci\u00f3n \u00f3ptima del X-i1100.<\/p>","protected":false},"excerpt":{"rendered":"<p>El Advance Paris X-i1100 es un amplificador integrado de gama alta que combina potencia (220 W\/8\u03a9, 400 W\/4\u03a9), musicalidad y una ergonom\u00eda ejemplar. Con m\u00faltiples entradas anal\u00f3gicas y digitales, un DAC Burr Brown de alto rendimiento y una construcci\u00f3n meticulosa, ofrece versatilidad, precisi\u00f3n y fiabilidad a un precio competitivo para sus prestaciones.<\/p>","protected":false},"featured_media":549,"template":"woocommerce\/single-product-v2.php","meta":{"_acf_changed":false},"product_brand":[],"product_cat":[419,480],"product_tag":[344],"class_list":{"0":"post-545","1":"product","2":"type-product","3":"status-publish","4":"has-post-thumbnail","6":"product_cat-amplificateur-integre","7":"product_cat-classic-line","8":"product_tag-vu","10":"first","11":"instock","12":"shipping-taxable","13":"purchasable","14":"product-type-variable","15":"has-default-attributes"},"acf":[],"jetpack_sharing_enabled":true,"_links":{"self":[{"href":"https:\/\/www.advanceparis.com\/es\/wp-json\/wp\/v2\/product\/545","targetHints":{"allow":["GET"]}}],"collection":[{"href":"https:\/\/www.advanceparis.com\/es\/wp-json\/wp\/v2\/product"}],"about":[{"href":"https:\/\/www.advanceparis.com\/es\/wp-json\/wp\/v2\/types\/product"}],"wp:featuredmedia":[{"embeddable":true,"href":"https:\/\/www.advanceparis.com\/es\/wp-json\/wp\/v2\/media\/549"}],"wp:attachment":[{"href":"https:\/\/www.advanceparis.com\/es\/wp-json\/wp\/v2\/media?parent=545"}],"wp:term":[{"taxonomy":"product_brand","embeddable":true,"href":"https:\/\/www.advanceparis.com\/es\/wp-json\/wp\/v2\/product_brand?post=545"},{"taxonomy":"product_cat","embeddable":true,"href":"https:\/\/www.advanceparis.com\/es\/wp-json\/wp\/v2\/product_cat?post=545"},{"taxonomy":"product_tag","embeddable":true,"href":"https:\/\/www.advanceparis.com\/es\/wp-json\/wp\/v2\/product_tag?post=545"}],"curies":[{"name":"wp","href":"https:\/\/api.w.org\/{rel}","templated":true}]}}