{"id":524,"date":"2022-05-12T10:26:20","date_gmt":"2022-05-12T08:26:20","guid":{"rendered":"https:\/\/www.advanceparis.com\/?post_type=product&#038;p=524"},"modified":"2025-03-07T16:52:05","modified_gmt":"2025-03-07T15:52:05","slug":"x-d500","status":"publish","type":"product","link":"https:\/\/www.advanceparis.com\/es\/producto\/x-d500\/","title":{"rendered":"X-D500"},"content":{"rendered":"<p>El X-D500 es un transportador de CD que se concentra en su tarea principal: extraer la informaci\u00f3n digital m\u00e1s pura del CD.<\/p>\n<p>La conversi\u00f3n anal\u00f3gica debe realizarse mediante un convertidor digital-anal\u00f3gico (DAC) o un amplificador con tomas digitales.<\/p>\n<p>La alimentaci\u00f3n lineal se basa en 2 transformadores toroidales para una separaci\u00f3n perfecta de las distintas fuentes de alimentaci\u00f3n. Los circuitos necesarios para el funcionamiento del producto, como la gesti\u00f3n mec\u00e1nica, el procesamiento de se\u00f1ales del l\u00e1ser...<\/p>\n<p>Una funci\u00f3n de muestreo ascendente permite convertir la se\u00f1al digital original (16bit\/44,1kHz) en una se\u00f1al de alta definici\u00f3n (24bit\/96kHz o 24bit\/192kHz).<\/p>\n<p>El X-D500 se beneficia de un chasis de gran rigidez gracias a su dise\u00f1o mec\u00e1nico. Equipado con salidas digitales Coaxial (RCA), \u00d3ptica (TOSLINK) y AES \/ EBU (XLR), el X-D500 es una fuente de CD de alta gama para su sistema Hi-Fi.<\/p>\n<p>Compatible con todos nuestros productos (excepto el X-i50BT), le permitir\u00e1 disfrutar de sus CD, soportes que siguen siendo una referencia por su calidad de audio.<\/p>","protected":false},"excerpt":{"rendered":"<p>Le X-D500 est un Transport CD qui se concentre sur sa t\u00e2che principale : extraire l\u02bcinformation num\u00e9rique la plus pure [&hellip;]<\/p>\n","protected":false},"featured_media":3067,"template":"","meta":{"_acf_changed":false},"product_brand":[],"product_cat":[480,321],"product_tag":[],"class_list":{"0":"post-524","1":"product","2":"type-product","3":"status-publish","4":"has-post-thumbnail","6":"product_cat-classic-line","7":"product_cat-transport-cd","9":"first","10":"outofstock","11":"shipping-taxable","12":"purchasable","13":"product-type-simple"},"acf":[],"jetpack_sharing_enabled":true,"_links":{"self":[{"href":"https:\/\/www.advanceparis.com\/es\/wp-json\/wp\/v2\/product\/524","targetHints":{"allow":["GET"]}}],"collection":[{"href":"https:\/\/www.advanceparis.com\/es\/wp-json\/wp\/v2\/product"}],"about":[{"href":"https:\/\/www.advanceparis.com\/es\/wp-json\/wp\/v2\/types\/product"}],"wp:featuredmedia":[{"embeddable":true,"href":"https:\/\/www.advanceparis.com\/es\/wp-json\/wp\/v2\/media\/3067"}],"wp:attachment":[{"href":"https:\/\/www.advanceparis.com\/es\/wp-json\/wp\/v2\/media?parent=524"}],"wp:term":[{"taxonomy":"product_brand","embeddable":true,"href":"https:\/\/www.advanceparis.com\/es\/wp-json\/wp\/v2\/product_brand?post=524"},{"taxonomy":"product_cat","embeddable":true,"href":"https:\/\/www.advanceparis.com\/es\/wp-json\/wp\/v2\/product_cat?post=524"},{"taxonomy":"product_tag","embeddable":true,"href":"https:\/\/www.advanceparis.com\/es\/wp-json\/wp\/v2\/product_tag?post=524"}],"curies":[{"name":"wp","href":"https:\/\/api.w.org\/{rel}","templated":true}]}}