{"id":486,"date":"2022-05-11T16:08:29","date_gmt":"2022-05-11T14:08:29","guid":{"rendered":"https:\/\/www.advanceparis.com\/?post_type=product&#038;p=486"},"modified":"2024-10-16T10:46:01","modified_gmt":"2024-10-16T08:46:01","slug":"x-p1200","status":"publish","type":"product","link":"https:\/\/www.advanceparis.com\/es\/producto\/x-p1200\/","title":{"rendered":"X-P1200"},"content":{"rendered":"<h3 class=\"p2\">Respetar las fuentes<\/h3>\n<p class=\"p2\">El nuevo preamplificador X-P1200 es el escaparate de nuestra experiencia. Preamplificador est\u00e9reo de referencia, se compone en realidad de dos preamplificadores mono montados en una \u00fanica carcasa compartimentada para garantizar el aislamiento completo de los distintos circuitos y etapas de preamplificaci\u00f3n.<span class=\"Apple-converted-space\">\u00a0<\/span><\/p>\n<p class=\"p2\">Este dise\u00f1o garantiza una mejor separaci\u00f3n de canales (diafon\u00eda) y, por tanto, un mejor efecto est\u00e9reo.<span class=\"Apple-converted-space\">\u00a0<\/span><\/p>\n<p class=\"p2\">Su X-P1200 no s\u00f3lo tiene circuitos de preamplificaci\u00f3n independientes para los canales izquierdo y derecho, sino que sus fuentes de alimentaci\u00f3n tambi\u00e9n est\u00e1n separadas.<span class=\"Apple-converted-space\">\u00a0<\/span>que hemos optado por hacerlos totalmente independientes<span class=\"Apple-converted-space\">\u00a0<\/span>gracias al uso de dos transformadores.<span class=\"Apple-converted-space\">\u00a0<\/span><\/p>\n<p class=\"p2\">La X-P1200 est\u00e1 equipada con 9 entradas anal\u00f3gicas, incluidas 2<span class=\"Apple-converted-space\">\u00a0<\/span>Una entrada USB B (XMOS), 2 entradas digitales coaxiales y 2 entradas digitales. Salida,<span class=\"Apple-converted-space\">\u00a0<\/span>puedes elegir entre una salida XLR balanceada<span class=\"Apple-converted-space\"> \u00a0<\/span>o de tipo RCA no balanceado.<span class=\"Apple-converted-space\">\u00a0<\/span>Todo ha sido pensado para hacer de este preamplificador la referencia para<span class=\"Apple-converted-space\"> \u00a0<\/span>los mejores sistemas de audio: entrada de red con filtro de inductancia<span class=\"Apple-converted-space\">\u00a0<\/span>y condensadores, dos transformadores toroidales de alta<span class=\"Apple-converted-space\">\u00a0<\/span>capacidad de corriente, filtrado compuesto por 4 condensadores 12000uF \/ 150V.<span class=\"Apple-converted-space\">\u00a0<\/span><\/p>\n<p class=\"p2\">La regulaci\u00f3n se realiza mediante circuitos integrados montados en disipadores de calor.<span class=\"Apple-converted-space\"> \u00a0<\/span>Las entradas y salidas se conmutan mediante rel\u00e9s sin p\u00e9rdida de contacto. Las entradas cinch est\u00e1n equilibradas y desequilibradas mediante amplificadores operacionales Burr Brown de alta calidad.<span class=\"Apple-converted-space\">\u00a0<\/span><\/p>\n<p class=\"p2\">El procesamiento de la fuente digital corre a cargo de un convertidor Analog Device AD-1955. Este convertidor est\u00e1 especialmente indicado para aplicaciones de alta gama y SACD. La calidad de descodificaci\u00f3n digital\/anal\u00f3gica es muy alta, con una relaci\u00f3n se\u00f1al\/ruido de 123 dB y una calidad de audio superior. Incorpora un modulador multibit sigmadelta, filtros de interpolaci\u00f3n digital de alto rendimiento y un DAC de salida de corriente diferencial en tiempo continuo.<span class=\"Apple-converted-space\">\u00a0<\/span><\/p>\n<p class=\"p2\">La reproducci\u00f3n de archivos de audio desde un PC o MAC se conf\u00eda a XMOS, una soluci\u00f3n de referencia en el campo de la reproducci\u00f3n de audio de alta calidad.<span class=\"Apple-converted-space\">\u00a0<\/span><\/p>\n<p class=\"p3\">Sin duda, el X-P1200 se emparejar\u00e1 con la unidad mono X-A1200 para crear un sistema de alta fidelidad excepcional.<span class=\"Apple-converted-space\">\u00a0<\/span><\/p>\n<p>&nbsp;<\/p>\n<style>.imh-6310-point-icons{display: none}<\/style>\r\n<div \r\n   class=\"imh-6310-annotation-box imh-6310-annotation-box-12\" \r\n   data-id=\"12\"\r\n   data-display-type=\"0\"\r\n   >\r\n<img decoding=\"async\" src=\"https:\/\/www.advanceparis.com\/wp-content\/uploads\/2022\/09\/X-P1200-Rear.jpg\" class=\"imh-6310-main-image imh-6310-img\" data-imh-cls=\"imh-6310-main-image imh-6310-img\"  data-imh-value=\"https:\/\/www.advanceparis.com\/wp-content\/uploads\/2022\/09\/X-P1200-Rear.jpg\"  \/>\r\n   \r\n            <div data-id='1' data-always-show='0' data-json='{&quot;iconType&quot;:1,&quot;fontAwesomeIcon&quot;:&quot;fas fa-plus&quot;,&quot;fontAwesomeHoverIcon&quot;:&quot;fas fa-plus&quot;,&quot;fontAwesomeIconColor&quot;:&quot;rgba(255, 255, 255, 1)&quot;,&quot;fontAwesomeIconHoverColor&quot;:&quot;rgba(255, 255, 255, 1)&quot;,&quot;fontAwesomIconSize&quot;:&quot;30&quot;,&quot;fontAwesomIconSizeInMobile&quot;:&quot;20&quot;,&quot;imgOrIconSize&quot;:&quot;30&quot;,&quot;imgOrIconSizeInMobile&quot;:&quot;20&quot;,&quot;customFirstImg&quot;:&quot;&quot;,&quot;customSecondImg&quot;:&quot;&quot;,&quot;customText&quot;:&quot;Hover here&quot;,&quot;customTextSize&quot;:&quot;16&quot;,&quot;customTextColor&quot;:&quot;rgb(255, 255, 255)&quot;,&quot;customTextBgColor&quot;:&quot;rgba(2, 59, 92, 0.99)&quot;,&quot;blinkTooltip&quot;:&quot;1&quot;,&quot;glowColor&quot;:&quot;rgb(255, 255, 255)&quot;,&quot;selectedTemplate&quot;:&quot;01&quot;,&quot;linkText&quot;:&quot;La prise TRIGGER permet la mise en route d&#039;autres produits lorsque vous allumez le X-P1200&quot;,&quot;linkURL&quot;:&quot;www.wpmart.org&quot;,&quot;openNewTab&quot;:&quot;1&quot;,&quot;openPopup&quot;:&quot;1&quot;,&quot;openDesImg&quot;:&quot;&quot;,&quot;openDescription&quot;:&quot;Lorem ipsum dolor sit amet consectetur adipisicing elit. Debitis vero maxime beatae fugiat, aspernatur quia.&quot;,&quot;openDesFontSize&quot;:&quot;16&quot;,&quot;openDesFontColor&quot;:&quot;rgb(0, 0, 0)&quot;,&quot;tempCommonFontSize&quot;:&quot;16&quot;,&quot;tempCommonFontColor&quot;:&quot;rgb(18, 0, 0)&quot;,&quot;tempCommonBgColor&quot;:&quot;rgb(255, 255, 255)&quot;,&quot;tem02EmbeddedLink&quot;:&quot;&quot;,&quot;customeHtmlCode&quot;:&quot;&quot;,&quot;customeCssCode&quot;:&quot;&quot;,&quot;customeCodePopup&quot;:&quot;&quot;,&quot;popupCustomHtml&quot;:&quot;&quot;,&quot;popupCustomCss&quot;:&quot;&quot;,&quot;popupCustomCodeWidth&quot;:&quot;&quot;,&quot;customIconLinkType&quot;:&quot;2&quot;,&quot;elementType&quot;:1,&quot;xPos&quot;:&quot;38.20&quot;,&quot;yPos&quot;:&quot;88.87&quot;,&quot;tWidth&quot;:&quot;2196.171875&quot;,&quot;iconWidth&quot;:&quot;26.25&quot;}' class='imh-6310-drag imh-6310-point-12-1' style='style: display: none' >\r\n               <div class='imh-6310-point-icons imh-6310-point-icons-12-1'>\r\n                                            \r\n                <i class='fas fa-plus imh-6310-pin-main-img imh-6310-blinking-12-1'><\/i>\r\n                <i class='fas fa-plus imh-6310-pin-hover-img imh-6310-blinking-hover-12-1'><\/i>              \r\n              \r\n               <\/div>\r\n            <\/div>  \r\n            \r\n               <div class='imh-6310-hover-content imh-6310-hover-content-12-1' data-always-show='0' style='display:none;'>\r\n               \r\n               <div class='imh-6310-template-01-hover-content'><div class='imh-6310-close-button imh-6310-close-button-mobile'><\/div>La toma TRIGGER permite encender otros productos cuando la X-P1200 est\u00e1 encendida.<\/div>\r\n               \r\n            <\/div>\r\n            \r\n            <div data-id='2' data-always-show='0' data-json='{&quot;iconType&quot;:1,&quot;fontAwesomeIcon&quot;:&quot;fas fa-plus&quot;,&quot;fontAwesomeHoverIcon&quot;:&quot;fas fa-plus&quot;,&quot;fontAwesomeIconColor&quot;:&quot;rgba(255, 255, 255, 1)&quot;,&quot;fontAwesomeIconHoverColor&quot;:&quot;rgba(255, 255, 255, 1)&quot;,&quot;fontAwesomIconSize&quot;:&quot;30&quot;,&quot;fontAwesomIconSizeInMobile&quot;:&quot;20&quot;,&quot;imgOrIconSize&quot;:&quot;30&quot;,&quot;imgOrIconSizeInMobile&quot;:&quot;20&quot;,&quot;customFirstImg&quot;:&quot;&quot;,&quot;customSecondImg&quot;:&quot;&quot;,&quot;customText&quot;:&quot;Hover here&quot;,&quot;customTextSize&quot;:&quot;16&quot;,&quot;customTextColor&quot;:&quot;rgb(255, 255, 255)&quot;,&quot;customTextBgColor&quot;:&quot;rgba(2, 59, 92, 0.99)&quot;,&quot;blinkTooltip&quot;:&quot;1&quot;,&quot;alwaysShow&quot;:&quot;2&quot;,&quot;glowColor&quot;:&quot;rgb(255, 255, 255)&quot;,&quot;selectedTemplate&quot;:&quot;01&quot;,&quot;linkText&quot;:&quot;Entr\\u00e9es num\\u00e9riques y compris une entr\\u00e9e USB pour votre ordinateur&quot;,&quot;linkURL&quot;:&quot;www.wpmart.org&quot;,&quot;openNewTab&quot;:&quot;1&quot;,&quot;openPopup&quot;:&quot;1&quot;,&quot;openDesImg&quot;:&quot;&quot;,&quot;openDescription&quot;:&quot;Lorem ipsum dolor sit amet consectetur adipisicing elit. Debitis vero maxime beatae fugiat, aspernatur quia.&quot;,&quot;openDesFontSize&quot;:&quot;16&quot;,&quot;openDesFontColor&quot;:&quot;rgb(0, 0, 0)&quot;,&quot;tempCommonFontSize&quot;:&quot;16&quot;,&quot;tempCommonFontColor&quot;:&quot;rgb(18, 0, 0)&quot;,&quot;tempCommonBgColor&quot;:&quot;rgb(255, 255, 255)&quot;,&quot;tem02EmbeddedLink&quot;:&quot;&quot;,&quot;customeHtmlCode&quot;:&quot;&quot;,&quot;customeCssCode&quot;:&quot;&quot;,&quot;customeCodePopup&quot;:&quot;&quot;,&quot;popupCustomHtml&quot;:&quot;&quot;,&quot;popupCustomCss&quot;:&quot;&quot;,&quot;popupCustomCodeWidth&quot;:&quot;&quot;,&quot;customIconLinkType&quot;:&quot;2&quot;,&quot;elementType&quot;:1,&quot;xPos&quot;:&quot;53.91&quot;,&quot;yPos&quot;:&quot;91.86&quot;,&quot;tWidth&quot;:&quot;2196.171875&quot;,&quot;iconWidth&quot;:&quot;26.25&quot;}' class='imh-6310-drag imh-6310-point-12-2' style='style: display: none' >\r\n               <div class='imh-6310-point-icons imh-6310-point-icons-12-2'>\r\n                                            \r\n                <i class='fas fa-plus imh-6310-pin-main-img imh-6310-blinking-12-2'><\/i>\r\n                <i class='fas fa-plus imh-6310-pin-hover-img imh-6310-blinking-hover-12-2'><\/i>              \r\n              \r\n               <\/div>\r\n            <\/div>  \r\n            \r\n               <div class='imh-6310-hover-content imh-6310-hover-content-12-2' data-always-show='0' style='display:none;'>\r\n               \r\n               <div class='imh-6310-template-01-hover-content'><div class='imh-6310-close-button imh-6310-close-button-mobile'><\/div>Entradas digitales, incluida una entrada USB para el ordenador<\/div>\r\n               \r\n            <\/div>\r\n            \r\n            <div data-id='3' data-always-show='0' data-json='{&quot;iconType&quot;:1,&quot;fontAwesomeIcon&quot;:&quot;fas fa-plus&quot;,&quot;fontAwesomeHoverIcon&quot;:&quot;fas fa-plus&quot;,&quot;fontAwesomeIconColor&quot;:&quot;rgba(255, 255, 255, 1)&quot;,&quot;fontAwesomeIconHoverColor&quot;:&quot;rgba(255, 255, 255, 1)&quot;,&quot;fontAwesomIconSize&quot;:&quot;30&quot;,&quot;fontAwesomIconSizeInMobile&quot;:&quot;20&quot;,&quot;imgOrIconSize&quot;:&quot;30&quot;,&quot;imgOrIconSizeInMobile&quot;:&quot;20&quot;,&quot;customFirstImg&quot;:&quot;&quot;,&quot;customSecondImg&quot;:&quot;&quot;,&quot;customText&quot;:&quot;Hover here&quot;,&quot;customTextSize&quot;:&quot;16&quot;,&quot;customTextColor&quot;:&quot;rgb(255, 255, 255)&quot;,&quot;customTextBgColor&quot;:&quot;rgba(2, 59, 92, 0.99)&quot;,&quot;blinkTooltip&quot;:&quot;1&quot;,&quot;alwaysShow&quot;:&quot;2&quot;,&quot;glowColor&quot;:&quot;rgb(255, 255, 255)&quot;,&quot;selectedTemplate&quot;:&quot;01&quot;,&quot;linkText&quot;:&quot;Sorties analogiques asym\\u00e9triques (RCA) et asym\\u00e9triques (XLR)&quot;,&quot;linkURL&quot;:&quot;www.wpmart.org&quot;,&quot;openNewTab&quot;:&quot;1&quot;,&quot;openPopup&quot;:&quot;1&quot;,&quot;openDesImg&quot;:&quot;&quot;,&quot;openDescription&quot;:&quot;Lorem ipsum dolor sit amet consectetur adipisicing elit. Debitis vero maxime beatae fugiat, aspernatur quia.&quot;,&quot;openDesFontSize&quot;:&quot;16&quot;,&quot;openDesFontColor&quot;:&quot;rgb(0, 0, 0)&quot;,&quot;tempCommonFontSize&quot;:&quot;16&quot;,&quot;tempCommonFontColor&quot;:&quot;rgb(18, 0, 0)&quot;,&quot;tempCommonBgColor&quot;:&quot;rgb(255, 255, 255)&quot;,&quot;tem02EmbeddedLink&quot;:&quot;&quot;,&quot;customeHtmlCode&quot;:&quot;&quot;,&quot;customeCssCode&quot;:&quot;&quot;,&quot;customeCodePopup&quot;:&quot;&quot;,&quot;popupCustomHtml&quot;:&quot;&quot;,&quot;popupCustomCss&quot;:&quot;&quot;,&quot;popupCustomCodeWidth&quot;:&quot;&quot;,&quot;customIconLinkType&quot;:&quot;2&quot;,&quot;elementType&quot;:1,&quot;xPos&quot;:&quot;11.16&quot;,&quot;yPos&quot;:&quot;70.42&quot;,&quot;tWidth&quot;:&quot;2196.171875&quot;,&quot;iconWidth&quot;:&quot;26.25&quot;}' class='imh-6310-drag imh-6310-point-12-3' style='style: display: none' >\r\n               <div class='imh-6310-point-icons imh-6310-point-icons-12-3'>\r\n                                            \r\n                <i class='fas fa-plus imh-6310-pin-main-img imh-6310-blinking-12-3'><\/i>\r\n                <i class='fas fa-plus imh-6310-pin-hover-img imh-6310-blinking-hover-12-3'><\/i>              \r\n              \r\n               <\/div>\r\n            <\/div>  \r\n            \r\n               <div class='imh-6310-hover-content imh-6310-hover-content-12-3' data-always-show='0' style='display:none;'>\r\n               \r\n               <div class='imh-6310-template-01-hover-content'><div class='imh-6310-close-button imh-6310-close-button-mobile'><\/div>Salidas anal\u00f3gicas no balanceadas (RCA) y balanceadas (XLR)<\/div>\r\n               \r\n            <\/div>\r\n            \r\n            <div data-id='4' data-always-show='0' data-json='{&quot;iconType&quot;:1,&quot;fontAwesomeIcon&quot;:&quot;fas fa-plus&quot;,&quot;fontAwesomeHoverIcon&quot;:&quot;fas fa-plus&quot;,&quot;fontAwesomeIconColor&quot;:&quot;rgba(255, 255, 255, 1)&quot;,&quot;fontAwesomeIconHoverColor&quot;:&quot;rgba(255, 255, 255, 1)&quot;,&quot;fontAwesomIconSize&quot;:&quot;30&quot;,&quot;fontAwesomIconSizeInMobile&quot;:&quot;20&quot;,&quot;imgOrIconSize&quot;:&quot;30&quot;,&quot;imgOrIconSizeInMobile&quot;:&quot;20&quot;,&quot;customFirstImg&quot;:&quot;&quot;,&quot;customSecondImg&quot;:&quot;&quot;,&quot;customText&quot;:&quot;Hover here&quot;,&quot;customTextSize&quot;:&quot;16&quot;,&quot;customTextColor&quot;:&quot;rgb(255, 255, 255)&quot;,&quot;customTextBgColor&quot;:&quot;rgba(2, 59, 92, 0.99)&quot;,&quot;blinkTooltip&quot;:&quot;1&quot;,&quot;alwaysShow&quot;:&quot;2&quot;,&quot;glowColor&quot;:&quot;rgb(255, 255, 255)&quot;,&quot;selectedTemplate&quot;:&quot;01&quot;,&quot;linkText&quot;:&quot;Sorties analogiques asym\\u00e9triques (RCA) et asym\\u00e9triques (XLR)&quot;,&quot;linkURL&quot;:&quot;www.wpmart.org&quot;,&quot;openNewTab&quot;:&quot;1&quot;,&quot;openPopup&quot;:&quot;1&quot;,&quot;openDesImg&quot;:&quot;&quot;,&quot;openDescription&quot;:&quot;Lorem ipsum dolor sit amet consectetur adipisicing elit. Debitis vero maxime beatae fugiat, aspernatur quia.&quot;,&quot;openDesFontSize&quot;:&quot;16&quot;,&quot;openDesFontColor&quot;:&quot;rgb(0, 0, 0)&quot;,&quot;tempCommonFontSize&quot;:&quot;16&quot;,&quot;tempCommonFontColor&quot;:&quot;rgb(18, 0, 0)&quot;,&quot;tempCommonBgColor&quot;:&quot;rgb(255, 255, 255)&quot;,&quot;tem02EmbeddedLink&quot;:&quot;&quot;,&quot;customeHtmlCode&quot;:&quot;&quot;,&quot;customeCssCode&quot;:&quot;&quot;,&quot;customeCodePopup&quot;:&quot;&quot;,&quot;popupCustomHtml&quot;:&quot;&quot;,&quot;popupCustomCss&quot;:&quot;&quot;,&quot;popupCustomCodeWidth&quot;:&quot;&quot;,&quot;customIconLinkType&quot;:&quot;2&quot;,&quot;elementType&quot;:1,&quot;xPos&quot;:&quot;87.52&quot;,&quot;yPos&quot;:&quot;68.79&quot;,&quot;tWidth&quot;:&quot;2196.171875&quot;,&quot;iconWidth&quot;:&quot;26.25&quot;}' class='imh-6310-drag imh-6310-point-12-4' style='style: display: none' >\r\n               <div class='imh-6310-point-icons imh-6310-point-icons-12-4'>\r\n                                            \r\n                <i class='fas fa-plus imh-6310-pin-main-img imh-6310-blinking-12-4'><\/i>\r\n                <i class='fas fa-plus imh-6310-pin-hover-img imh-6310-blinking-hover-12-4'><\/i>              \r\n              \r\n               <\/div>\r\n            <\/div>  \r\n            \r\n               <div class='imh-6310-hover-content imh-6310-hover-content-12-4' data-always-show='0' style='display:none;'>\r\n               \r\n               <div class='imh-6310-template-01-hover-content'><div class='imh-6310-close-button imh-6310-close-button-mobile'><\/div>Salidas anal\u00f3gicas no balanceadas (RCA) y balanceadas (XLR)<\/div>\r\n               \r\n            <\/div>\r\n            \r\n            <div data-id='5' data-always-show='0' data-json='{&quot;iconType&quot;:1,&quot;fontAwesomeIcon&quot;:&quot;fas fa-plus&quot;,&quot;fontAwesomeHoverIcon&quot;:&quot;fas fa-plus&quot;,&quot;fontAwesomeIconColor&quot;:&quot;rgba(255, 255, 255, 1)&quot;,&quot;fontAwesomeIconHoverColor&quot;:&quot;rgba(255, 255, 255, 1)&quot;,&quot;fontAwesomIconSize&quot;:&quot;30&quot;,&quot;fontAwesomIconSizeInMobile&quot;:&quot;20&quot;,&quot;imgOrIconSize&quot;:&quot;30&quot;,&quot;imgOrIconSizeInMobile&quot;:&quot;20&quot;,&quot;customFirstImg&quot;:&quot;&quot;,&quot;customSecondImg&quot;:&quot;&quot;,&quot;customText&quot;:&quot;Hover here&quot;,&quot;customTextSize&quot;:&quot;16&quot;,&quot;customTextColor&quot;:&quot;rgb(255, 255, 255)&quot;,&quot;customTextBgColor&quot;:&quot;rgba(2, 59, 92, 0.99)&quot;,&quot;blinkTooltip&quot;:&quot;1&quot;,&quot;alwaysShow&quot;:&quot;2&quot;,&quot;glowColor&quot;:&quot;rgb(255, 255, 255)&quot;,&quot;selectedTemplate&quot;:&quot;01&quot;,&quot;linkText&quot;:&quot;Entr\\u00e9es analogiques asym\\u00e9triques (RCA) et asym\\u00e9triques (XLR) cot\\u00e9 droit&quot;,&quot;linkURL&quot;:&quot;www.wpmart.org&quot;,&quot;openNewTab&quot;:&quot;1&quot;,&quot;openPopup&quot;:&quot;1&quot;,&quot;openDesImg&quot;:&quot;&quot;,&quot;openDescription&quot;:&quot;Lorem ipsum dolor sit amet consectetur adipisicing elit. Debitis vero maxime beatae fugiat, aspernatur quia.&quot;,&quot;openDesFontSize&quot;:&quot;16&quot;,&quot;openDesFontColor&quot;:&quot;rgb(0, 0, 0)&quot;,&quot;tempCommonFontSize&quot;:&quot;16&quot;,&quot;tempCommonFontColor&quot;:&quot;rgb(18, 0, 0)&quot;,&quot;tempCommonBgColor&quot;:&quot;rgb(255, 255, 255)&quot;,&quot;tem02EmbeddedLink&quot;:&quot;&quot;,&quot;customeHtmlCode&quot;:&quot;&quot;,&quot;customeCssCode&quot;:&quot;&quot;,&quot;customeCodePopup&quot;:&quot;&quot;,&quot;popupCustomHtml&quot;:&quot;&quot;,&quot;popupCustomCss&quot;:&quot;&quot;,&quot;popupCustomCodeWidth&quot;:&quot;&quot;,&quot;customIconLinkType&quot;:&quot;2&quot;,&quot;elementType&quot;:1,&quot;xPos&quot;:&quot;22.13&quot;,&quot;yPos&quot;:&quot;33.79&quot;,&quot;tWidth&quot;:&quot;2196.171875&quot;,&quot;iconWidth&quot;:&quot;26.25&quot;}' class='imh-6310-drag imh-6310-point-12-5' style='style: display: none' >\r\n               <div class='imh-6310-point-icons imh-6310-point-icons-12-5'>\r\n                                            \r\n                <i class='fas fa-plus imh-6310-pin-main-img imh-6310-blinking-12-5'><\/i>\r\n                <i class='fas fa-plus imh-6310-pin-hover-img imh-6310-blinking-hover-12-5'><\/i>              \r\n              \r\n               <\/div>\r\n            <\/div>  \r\n            \r\n               <div class='imh-6310-hover-content imh-6310-hover-content-12-5' data-always-show='0' style='display:none;'>\r\n               \r\n               <div class='imh-6310-template-01-hover-content'><div class='imh-6310-close-button imh-6310-close-button-mobile'><\/div>Entradas anal\u00f3gicas no balanceadas (RCA) y no balanceadas (XLR), lado derecho<\/div>\r\n               \r\n            <\/div>\r\n            \r\n            <div data-id='6' data-always-show='0' data-json='{&quot;iconType&quot;:1,&quot;fontAwesomeIcon&quot;:&quot;fas fa-plus&quot;,&quot;fontAwesomeHoverIcon&quot;:&quot;fas fa-plus&quot;,&quot;fontAwesomeIconColor&quot;:&quot;rgba(255, 255, 255, 1)&quot;,&quot;fontAwesomeIconHoverColor&quot;:&quot;rgba(255, 255, 255, 1)&quot;,&quot;fontAwesomIconSize&quot;:&quot;30&quot;,&quot;fontAwesomIconSizeInMobile&quot;:&quot;20&quot;,&quot;imgOrIconSize&quot;:&quot;30&quot;,&quot;imgOrIconSizeInMobile&quot;:&quot;20&quot;,&quot;customFirstImg&quot;:&quot;&quot;,&quot;customSecondImg&quot;:&quot;&quot;,&quot;customText&quot;:&quot;Hover here&quot;,&quot;customTextSize&quot;:&quot;16&quot;,&quot;customTextColor&quot;:&quot;rgb(255, 255, 255)&quot;,&quot;customTextBgColor&quot;:&quot;rgba(2, 59, 92, 0.99)&quot;,&quot;blinkTooltip&quot;:&quot;1&quot;,&quot;alwaysShow&quot;:&quot;2&quot;,&quot;glowColor&quot;:&quot;rgb(255, 255, 255)&quot;,&quot;selectedTemplate&quot;:&quot;01&quot;,&quot;linkText&quot;:&quot;Entr\\u00e9es analogiques asym\\u00e9triques (RCA) et asym\\u00e9triques (XLR) cot\\u00e9 gauche&quot;,&quot;linkURL&quot;:&quot;www.wpmart.org&quot;,&quot;openNewTab&quot;:&quot;1&quot;,&quot;openPopup&quot;:&quot;1&quot;,&quot;openDesImg&quot;:&quot;&quot;,&quot;openDescription&quot;:&quot;Lorem ipsum dolor sit amet consectetur adipisicing elit. Debitis vero maxime beatae fugiat, aspernatur quia.&quot;,&quot;openDesFontSize&quot;:&quot;16&quot;,&quot;openDesFontColor&quot;:&quot;rgb(0, 0, 0)&quot;,&quot;tempCommonFontSize&quot;:&quot;16&quot;,&quot;tempCommonFontColor&quot;:&quot;rgb(18, 0, 0)&quot;,&quot;tempCommonBgColor&quot;:&quot;rgb(255, 255, 255)&quot;,&quot;tem02EmbeddedLink&quot;:&quot;&quot;,&quot;customeHtmlCode&quot;:&quot;&quot;,&quot;customeCssCode&quot;:&quot;&quot;,&quot;customeCodePopup&quot;:&quot;&quot;,&quot;popupCustomHtml&quot;:&quot;&quot;,&quot;popupCustomCss&quot;:&quot;&quot;,&quot;popupCustomCodeWidth&quot;:&quot;&quot;,&quot;customIconLinkType&quot;:&quot;2&quot;,&quot;elementType&quot;:1,&quot;xPos&quot;:&quot;75.81&quot;,&quot;yPos&quot;:&quot;34.87&quot;,&quot;tWidth&quot;:&quot;2196.171875&quot;,&quot;iconWidth&quot;:&quot;26.25&quot;}' class='imh-6310-drag imh-6310-point-12-6' style='style: display: none' >\r\n               <div class='imh-6310-point-icons imh-6310-point-icons-12-6'>\r\n                                            \r\n                <i class='fas fa-plus imh-6310-pin-main-img imh-6310-blinking-12-6'><\/i>\r\n                <i class='fas fa-plus imh-6310-pin-hover-img imh-6310-blinking-hover-12-6'><\/i>              \r\n              \r\n               <\/div>\r\n            <\/div>  \r\n            \r\n               <div class='imh-6310-hover-content imh-6310-hover-content-12-6' data-always-show='0' style='display:none;'>\r\n               \r\n               <div class='imh-6310-template-01-hover-content'><div class='imh-6310-close-button imh-6310-close-button-mobile'><\/div>Entradas anal\u00f3gicas no balanceadas (RCA) y no balanceadas (XLR) en el lado izquierdo<\/div>\r\n               \r\n            <\/div>\r\n            <\/div>","protected":false},"excerpt":{"rendered":"<p>Para satisfacer las expectativas de los mel\u00f3manos m\u00e1s exigentes, que prestan especial atenci\u00f3n al resultado final de su sistema de audio y que dedican gran parte de su tiempo de ocio a escuchar m\u00fasica, hemos creado la etapa de potencia monof\u00f3nica X-A1200.<\/p>","protected":false},"featured_media":3065,"template":"","meta":{"_acf_changed":false},"product_brand":[],"product_cat":[480,479,424],"product_tag":[],"class_list":{"0":"post-486","1":"product","2":"type-product","3":"status-publish","4":"has-post-thumbnail","6":"product_cat-classic-line","7":"product_cat-gamme","8":"product_cat-pre-amplificateur","10":"first","11":"instock","12":"shipping-taxable","13":"purchasable","14":"product-type-simple"},"acf":[],"jetpack_sharing_enabled":true,"_links":{"self":[{"href":"https:\/\/www.advanceparis.com\/es\/wp-json\/wp\/v2\/product\/486","targetHints":{"allow":["GET"]}}],"collection":[{"href":"https:\/\/www.advanceparis.com\/es\/wp-json\/wp\/v2\/product"}],"about":[{"href":"https:\/\/www.advanceparis.com\/es\/wp-json\/wp\/v2\/types\/product"}],"wp:featuredmedia":[{"embeddable":true,"href":"https:\/\/www.advanceparis.com\/es\/wp-json\/wp\/v2\/media\/3065"}],"wp:attachment":[{"href":"https:\/\/www.advanceparis.com\/es\/wp-json\/wp\/v2\/media?parent=486"}],"wp:term":[{"taxonomy":"product_brand","embeddable":true,"href":"https:\/\/www.advanceparis.com\/es\/wp-json\/wp\/v2\/product_brand?post=486"},{"taxonomy":"product_cat","embeddable":true,"href":"https:\/\/www.advanceparis.com\/es\/wp-json\/wp\/v2\/product_cat?post=486"},{"taxonomy":"product_tag","embeddable":true,"href":"https:\/\/www.advanceparis.com\/es\/wp-json\/wp\/v2\/product_tag?post=486"}],"curies":[{"name":"wp","href":"https:\/\/api.w.org\/{rel}","templated":true}]}}