{"id":300,"date":"2022-04-22T08:36:26","date_gmt":"2022-04-22T06:36:26","guid":{"rendered":"https:\/\/www.advanceparis.com\/?post_type=product&#038;p=300"},"modified":"2025-03-07T16:54:41","modified_gmt":"2025-03-07T15:54:41","slug":"bx-1","status":"publish","type":"product","link":"https:\/\/www.advanceparis.com\/es\/producto\/bx-1\/","title":{"rendered":"BX-1"},"content":{"rendered":"<h3>Potencia compacta<\/h3>\n<p>El BX1 es un amplificador de potencia que puede combinar con nuestros AX1, DX1 o PX1.<\/p>\n<p>Este amplificador, con una potencia nominal de 2 x 105 W a 8 ohmios, tiene la versatilidad, neutralidad y rango din\u00e1mico necesarios para accionar la mayor\u00eda de los altavoces del mercado. Apreciar\u00e1 la est\u00e9tica y ergonom\u00eda de su panel frontal de metacrilato transparente con fondo blanco o negro, s\u00f3lo igualada por el dise\u00f1o general y la disposici\u00f3n de los distintos subconjuntos de la caja.<\/p>\n<p>Nuestro BX1 dispone de un conector cinch (no balanceado) o XLR (balanceado) que puede conmutarse mediante un peque\u00f1o interruptor. El BX1 incorpora la funci\u00f3n High Bias, que permite al amplificador entregar los primeros vatios en un modo similar a la clase A. M\u00e1s all\u00e1, el amplificador funcionar\u00e1 en clase AB. La estructura interna se basa en compartimentos, que proporcionan rigidez mec\u00e1nica y blindaje a los distintos componentes, empezando por el transformador toroidal de 480VA. La corriente rectificada pasa a trav\u00e9s de cuatro condensadores de 6800uF a 63V. De las etapas de potencia se encarga una bater\u00eda de transistores Toshiba famosos por su calidad de audio. La experiencia auditiva es neutra y transparente, con un excelente manejo de la potencia. Los graves tienen cuerpo y se mantienen sin pesadez, y los medios muestran una atenci\u00f3n al detalle especialmente entra\u00f1able, con una reproducci\u00f3n detallada de voces y timbres complejos. Los agudos no se quedan atr\u00e1s, con ausencia de agresividad y gran finura.<\/p>\n<p>El BX1 dispone de un bloque de terminales de altavoces para conectar hasta dos pares de altavoces.<\/p>\n<h3>Conectores<\/h3>\n<p><img loading=\"lazy\" decoding=\"async\" class=\"alignnone size-medium wp-image-505\" src=\"https:\/\/www.advanceparis.com\/wp-content\/uploads\/2022\/04\/ADP-Picto_BORNIER-300x300.png\" alt=\"\" width=\"300\" height=\"300\" srcset=\"https:\/\/www.advanceparis.com\/wp-content\/uploads\/2022\/04\/ADP-Picto_BORNIER-300x300.png 300w, https:\/\/www.advanceparis.com\/wp-content\/uploads\/2022\/04\/ADP-Picto_BORNIER-600x601.png 600w, https:\/\/www.advanceparis.com\/wp-content\/uploads\/2022\/04\/ADP-Picto_BORNIER-1024x1024.png 1024w, https:\/\/www.advanceparis.com\/wp-content\/uploads\/2022\/04\/ADP-Picto_BORNIER-150x150.png 150w, https:\/\/www.advanceparis.com\/wp-content\/uploads\/2022\/04\/ADP-Picto_BORNIER-768x769.png 768w, https:\/\/www.advanceparis.com\/wp-content\/uploads\/2022\/04\/ADP-Picto_BORNIER-320x320.png 320w, https:\/\/www.advanceparis.com\/wp-content\/uploads\/2022\/04\/ADP-Picto_BORNIER.png 1182w\" sizes=\"auto, (max-width: 300px) 100vw, 300px\" \/> <img loading=\"lazy\" decoding=\"async\" class=\"alignnone size-medium wp-image-511\" src=\"https:\/\/www.advanceparis.com\/wp-content\/uploads\/2022\/04\/ADP-Picto_RCA-2-300x300.png\" alt=\"\" width=\"300\" height=\"300\" srcset=\"https:\/\/www.advanceparis.com\/wp-content\/uploads\/2022\/04\/ADP-Picto_RCA-2-300x300.png 300w, https:\/\/www.advanceparis.com\/wp-content\/uploads\/2022\/04\/ADP-Picto_RCA-2-600x601.png 600w, https:\/\/www.advanceparis.com\/wp-content\/uploads\/2022\/04\/ADP-Picto_RCA-2-1024x1024.png 1024w, https:\/\/www.advanceparis.com\/wp-content\/uploads\/2022\/04\/ADP-Picto_RCA-2-150x150.png 150w, https:\/\/www.advanceparis.com\/wp-content\/uploads\/2022\/04\/ADP-Picto_RCA-2-768x769.png 768w, https:\/\/www.advanceparis.com\/wp-content\/uploads\/2022\/04\/ADP-Picto_RCA-2-320x320.png 320w, https:\/\/www.advanceparis.com\/wp-content\/uploads\/2022\/04\/ADP-Picto_RCA-2.png 1182w\" sizes=\"auto, (max-width: 300px) 100vw, 300px\" \/> <img loading=\"lazy\" decoding=\"async\" class=\"alignnone size-medium wp-image-512\" src=\"https:\/\/www.advanceparis.com\/wp-content\/uploads\/2022\/04\/ADP-Picto_XLR-2-300x300.png\" alt=\"\" width=\"300\" height=\"300\" srcset=\"https:\/\/www.advanceparis.com\/wp-content\/uploads\/2022\/04\/ADP-Picto_XLR-2-300x300.png 300w, https:\/\/www.advanceparis.com\/wp-content\/uploads\/2022\/04\/ADP-Picto_XLR-2-600x601.png 600w, https:\/\/www.advanceparis.com\/wp-content\/uploads\/2022\/04\/ADP-Picto_XLR-2-1024x1024.png 1024w, https:\/\/www.advanceparis.com\/wp-content\/uploads\/2022\/04\/ADP-Picto_XLR-2-150x150.png 150w, https:\/\/www.advanceparis.com\/wp-content\/uploads\/2022\/04\/ADP-Picto_XLR-2-768x769.png 768w, https:\/\/www.advanceparis.com\/wp-content\/uploads\/2022\/04\/ADP-Picto_XLR-2-320x320.png 320w, https:\/\/www.advanceparis.com\/wp-content\/uploads\/2022\/04\/ADP-Picto_XLR-2.png 1182w\" sizes=\"auto, (max-width: 300px) 100vw, 300px\" \/><\/p>\n<h3><\/h3>","protected":false},"excerpt":{"rendered":"<p><strong>El BX1 es un amplificador de potencia<\/strong>\u00a0que puede combinar con nuestras AX1, DX1 o PX1.<\/p>","protected":false},"featured_media":301,"template":"","meta":{"_acf_changed":false},"product_brand":[],"product_cat":[317,481],"product_tag":[344],"class_list":{"0":"post-300","1":"product","2":"type-product","3":"status-publish","4":"has-post-thumbnail","6":"product_cat-bloc-stereo","7":"product_cat-smart-line","8":"product_tag-vu","10":"first","11":"outofstock","12":"shipping-taxable","13":"purchasable","14":"product-type-variable"},"acf":[],"jetpack_sharing_enabled":true,"_links":{"self":[{"href":"https:\/\/www.advanceparis.com\/es\/wp-json\/wp\/v2\/product\/300","targetHints":{"allow":["GET"]}}],"collection":[{"href":"https:\/\/www.advanceparis.com\/es\/wp-json\/wp\/v2\/product"}],"about":[{"href":"https:\/\/www.advanceparis.com\/es\/wp-json\/wp\/v2\/types\/product"}],"wp:featuredmedia":[{"embeddable":true,"href":"https:\/\/www.advanceparis.com\/es\/wp-json\/wp\/v2\/media\/301"}],"wp:attachment":[{"href":"https:\/\/www.advanceparis.com\/es\/wp-json\/wp\/v2\/media?parent=300"}],"wp:term":[{"taxonomy":"product_brand","embeddable":true,"href":"https:\/\/www.advanceparis.com\/es\/wp-json\/wp\/v2\/product_brand?post=300"},{"taxonomy":"product_cat","embeddable":true,"href":"https:\/\/www.advanceparis.com\/es\/wp-json\/wp\/v2\/product_cat?post=300"},{"taxonomy":"product_tag","embeddable":true,"href":"https:\/\/www.advanceparis.com\/es\/wp-json\/wp\/v2\/product_tag?post=300"}],"curies":[{"name":"wp","href":"https:\/\/api.w.org\/{rel}","templated":true}]}}