{"id":2059,"date":"2022-09-30T15:51:25","date_gmt":"2022-09-30T13:51:25","guid":{"rendered":"https:\/\/www.advanceparis.com\/?post_type=product&#038;p=2059"},"modified":"2026-03-23T15:55:07","modified_gmt":"2026-03-23T14:55:07","slug":"kc-400","status":"publish","type":"product","link":"https:\/\/www.advanceparis.com\/es\/producto\/kc-400\/","title":{"rendered":"KC-400 EVO"},"content":{"rendered":"<p><strong>Advance Paris, Crear emociones<\/strong><br \/>\nAdvance Paris es una historia de pasi\u00f3n, una pasi\u00f3n por el oficio de crear emociones, compartida con un equipo plenamente comprometido con la b\u00fasqueda de la perfecci\u00f3n. Creada por dos apasionados de la m\u00fasica hace m\u00e1s de 20 a\u00f1os, Advance Paris -conocida entonces como Advance Acoustic- dise\u00f1\u00f3 su primer altavoz bas\u00e1ndose en tres puntos fundamentales: el mueble, los altavoces y el circuito de cruce.<\/p>\n<p>Hoy en d\u00eda, esta orientaci\u00f3n primaria sigue siendo m\u00e1s relevante que nunca.<\/p>\n<p><strong>Ebanister\u00eda<\/strong><br \/>\nNuestra filosof\u00eda de alta gama nos llev\u00f3 naturalmente a ebanistas reconocidos por su fiabilidad y profesionalidad.<br \/>\nFabricar un mueble es una tarea mucho m\u00e1s ardua de lo que parece. La estructura del cuerpo debe ser homog\u00e9nea y totalmente r\u00edgida para eliminar las vibraciones par\u00e1sitas que contaminan la experiencia auditiva.<br \/>\nPara ello, Advance Paris exige a sus subcontratistas de ebanister\u00eda que utilicen materiales de alta calidad. Los paneles estructurales de alta densidad ya no se fabrican con aglomerado, sino con fibra de madera combinada con un aglutinante sint\u00e9tico. Las ventajas de estos paneles compuestos son su homogeneidad tridimensional, la posibilidad de trabajar con ellos en espesores de hasta 30 mm, su indeformabilidad y, por \u00faltimo, su rendimiento ac\u00fastico, superior al de los paneles tradicionales de OSB o PP.<br \/>\nPor razones de rigidez y precisi\u00f3n de mecanizado, todos los armarios Advance Paris se fabrican con este material compuesto.<br \/>\nPara perfeccionar esta rigidez y homogeneidad, los refuerzos y tabiques internos impiden la formaci\u00f3n de vibraciones par\u00e1sitas. El volumen interno del altavoz se calcula meticulosamente, al igual que las dimensiones del puerto de sintonizaci\u00f3n para cada uno de los altavoces utilizados. Por \u00faltimo, cada caja ac\u00fastica se somete a un control individual de estanqueidad en las juntas, tanto en la cintura como en la parte delantera y trasera de la caja.<\/p>\n<p><strong>Amortizaci\u00f3n interna<\/strong><br \/>\nEl desplazamiento del diafragma de los transductores de graves y medios se propaga por delante y por detr\u00e1s del propio transductor, en oposici\u00f3n de fase. El uso de una caja ac\u00fastica (el recinto del altavoz) est\u00e1 dise\u00f1ado para eliminar este cortocircuito ac\u00fastico. Para ello, se utilizan materiales amortiguadores espec\u00edficamente desarrollados para tratar eficazmente estas ondas estacionarias. Los m\u00e9todos de utilizaci\u00f3n son precisos, por lo que para cada modelo nuestros dise\u00f1adores determinan la colocaci\u00f3n, la densidad y el volumen de la espuma ac\u00fastica utilizada.<\/p>\n<p><strong>Los altavoces<\/strong><br \/>\nNuestros altavoces est\u00e1n dise\u00f1ados seg\u00fan especificaciones precisas. Por ejemplo, nuestros transductores de graves y medios tienen conos de papel tratado de tejido apretado que son a la vez ligeros y r\u00edgidos para una mayor neutralidad s\u00f3nica.<br \/>\nEl uso de una suspensi\u00f3n con un perfil de \"medio balanceo invertido\" optimiza la linealidad de la respuesta en frecuencia del altavoz.<\/p>","protected":false},"excerpt":{"rendered":"<p>Un altavoz de estanter\u00eda de 2 v\u00edas perfecto para su estudio, sal\u00f3n u oficina. El compa\u00f1ero ideal para <a href=\"https:\/\/www.advanceparis.com\/index.php\/produit\/myconnect-60\/\">MyConnect 60<\/a> para un sistema conectado y de alto rendimiento.<\/p>","protected":false},"featured_media":3062,"template":"","meta":{"_acf_changed":false},"product_brand":[],"product_cat":[331,479,539],"product_tag":[],"class_list":{"0":"post-2059","1":"product","2":"type-product","3":"status-publish","4":"has-post-thumbnail","6":"product_cat-enceinte-passive","7":"product_cat-gamme","8":"product_cat-kc","10":"first","11":"outofstock","12":"shipping-taxable","13":"purchasable","14":"product-type-variable","15":"has-default-attributes"},"acf":[],"jetpack_sharing_enabled":true,"_links":{"self":[{"href":"https:\/\/www.advanceparis.com\/es\/wp-json\/wp\/v2\/product\/2059","targetHints":{"allow":["GET"]}}],"collection":[{"href":"https:\/\/www.advanceparis.com\/es\/wp-json\/wp\/v2\/product"}],"about":[{"href":"https:\/\/www.advanceparis.com\/es\/wp-json\/wp\/v2\/types\/product"}],"wp:featuredmedia":[{"embeddable":true,"href":"https:\/\/www.advanceparis.com\/es\/wp-json\/wp\/v2\/media\/3062"}],"wp:attachment":[{"href":"https:\/\/www.advanceparis.com\/es\/wp-json\/wp\/v2\/media?parent=2059"}],"wp:term":[{"taxonomy":"product_brand","embeddable":true,"href":"https:\/\/www.advanceparis.com\/es\/wp-json\/wp\/v2\/product_brand?post=2059"},{"taxonomy":"product_cat","embeddable":true,"href":"https:\/\/www.advanceparis.com\/es\/wp-json\/wp\/v2\/product_cat?post=2059"},{"taxonomy":"product_tag","embeddable":true,"href":"https:\/\/www.advanceparis.com\/es\/wp-json\/wp\/v2\/product_tag?post=2059"}],"curies":[{"name":"wp","href":"https:\/\/api.w.org\/{rel}","templated":true}]}}