{"id":2056,"date":"2022-09-30T15:49:10","date_gmt":"2022-09-30T13:49:10","guid":{"rendered":"https:\/\/www.advanceparis.com\/?post_type=product&#038;p=2056"},"modified":"2024-09-02T15:03:55","modified_gmt":"2024-09-02T13:03:55","slug":"acs-fourches","status":"publish","type":"product","link":"https:\/\/www.advanceparis.com\/es\/producto\/acs-fourches\/","title":{"rendered":"ACS - Horquillas"},"content":{"rendered":"<p>El comportamiento de los cables de conexi\u00f3n, la calidad de las clavijas y los conectores en general tienen una influencia fundamental en el rendimiento musical de un sistema de audio.<\/p>\n<p>Como resultado, hemos desarrollado una gama de cables con un rendimiento excepcional, capaces de reproducir todos los par\u00e1metros que contiene la m\u00fasica: ritmo, melod\u00eda y din\u00e1mica. Los cables Advance Acoustic le ofrecen una soluci\u00f3n y la garant\u00eda de una conexi\u00f3n perfecta entre los elementos.<\/p>\n<p>Las caracter\u00edsticas mec\u00e1nicas y el\u00e9ctricas de nuestras clavijas son de gran calidad, pero con demasiada frecuencia el rendimiento de un sistema Hi-Fi se ve alterado o degradado por unos contactos deficientes. Por estos motivos, le recomendamos que utilice el cable de altavoz ACS 100 con las horquillas ACS 97.<\/p>","protected":false},"excerpt":{"rendered":"<p>Le comportement des c\u00e2bles de liaison, la qualit\u00e9 des prises et la connectique en g\u00e9n\u00e9ral ont une influence primordiale sur [&hellip;]<\/p>\n","protected":false},"featured_media":2058,"template":"","meta":{"_acf_changed":false},"product_brand":[],"product_cat":[422,486],"product_tag":[],"class_list":{"0":"post-2056","1":"product","2":"type-product","3":"status-publish","4":"has-post-thumbnail","6":"product_cat-cable","7":"product_cat-wire","9":"first","10":"instock","11":"shipping-taxable","12":"purchasable","13":"product-type-simple"},"acf":[],"jetpack_sharing_enabled":true,"_links":{"self":[{"href":"https:\/\/www.advanceparis.com\/es\/wp-json\/wp\/v2\/product\/2056","targetHints":{"allow":["GET"]}}],"collection":[{"href":"https:\/\/www.advanceparis.com\/es\/wp-json\/wp\/v2\/product"}],"about":[{"href":"https:\/\/www.advanceparis.com\/es\/wp-json\/wp\/v2\/types\/product"}],"wp:featuredmedia":[{"embeddable":true,"href":"https:\/\/www.advanceparis.com\/es\/wp-json\/wp\/v2\/media\/2058"}],"wp:attachment":[{"href":"https:\/\/www.advanceparis.com\/es\/wp-json\/wp\/v2\/media?parent=2056"}],"wp:term":[{"taxonomy":"product_brand","embeddable":true,"href":"https:\/\/www.advanceparis.com\/es\/wp-json\/wp\/v2\/product_brand?post=2056"},{"taxonomy":"product_cat","embeddable":true,"href":"https:\/\/www.advanceparis.com\/es\/wp-json\/wp\/v2\/product_cat?post=2056"},{"taxonomy":"product_tag","embeddable":true,"href":"https:\/\/www.advanceparis.com\/es\/wp-json\/wp\/v2\/product_tag?post=2056"}],"curies":[{"name":"wp","href":"https:\/\/api.w.org\/{rel}","templated":true}]}}