{"id":2040,"date":"2022-09-30T14:04:26","date_gmt":"2022-09-30T12:04:26","guid":{"rendered":"https:\/\/www.advanceparis.com\/?post_type=product&#038;p=2040"},"modified":"2025-04-14T10:12:22","modified_gmt":"2025-04-14T08:12:22","slug":"acs-100","status":"publish","type":"product","link":"https:\/\/www.advanceparis.com\/es\/producto\/acs-100\/","title":{"rendered":"ACS - 100"},"content":{"rendered":"<p>El comportamiento de los cables de conexi\u00f3n, la calidad de las clavijas y los conectores en general tienen una influencia fundamental en el rendimiento musical de un sistema de audio.<\/p>\n<p>Como resultado, hemos desarrollado una gama de cables con un rendimiento excepcional, capaces de reproducir todos los par\u00e1metros que contiene la m\u00fasica: ritmo, melod\u00eda y din\u00e1mica. Los cables Advance Acoustic le ofrecen una soluci\u00f3n y la garant\u00eda de una conexi\u00f3n perfecta entre los elementos.<\/p>\n<p>El cable de altavoz ACS 100 est\u00e1 formado por cuatro cables por conductor. Cada cable tiene un di\u00e1metro diferente para garantizar una respuesta en frecuencia perfecta y reproducir una din\u00e1mica perfecta sin ninguna agresividad. El di\u00e1metro exterior de cada conductor es de 8 mm, lo que requiere el uso de conectores banana u horquillas, cuyo cuerpo debe permitir el paso de cada conductor.<\/p>\n<p>Cable HP - Disponible por metros \/ bobina de 50 m<\/p>\n<p>&nbsp;<\/p>\n<p>Cable OFC<br \/>\n8 Conductores separados<br \/>\nPropagaci\u00f3n constante del grupo<br \/>\nTriple aislamiento independiente<\/p>","protected":false},"excerpt":{"rendered":"<p>Le comportement des c\u00e2bles de liaison, la qualit\u00e9 des prises et la connectique en g\u00e9n\u00e9ral ont une influence primordiale sur [&hellip;]<\/p>\n","protected":false},"featured_media":2044,"template":"","meta":{"_acf_changed":false},"product_brand":[],"product_cat":[422,486],"product_tag":[],"class_list":{"0":"post-2040","1":"product","2":"type-product","3":"status-publish","4":"has-post-thumbnail","6":"product_cat-cable","7":"product_cat-wire","9":"first","10":"outofstock","11":"shipping-taxable","12":"purchasable","13":"product-type-variable","14":"has-default-attributes"},"acf":[],"jetpack_sharing_enabled":true,"_links":{"self":[{"href":"https:\/\/www.advanceparis.com\/es\/wp-json\/wp\/v2\/product\/2040","targetHints":{"allow":["GET"]}}],"collection":[{"href":"https:\/\/www.advanceparis.com\/es\/wp-json\/wp\/v2\/product"}],"about":[{"href":"https:\/\/www.advanceparis.com\/es\/wp-json\/wp\/v2\/types\/product"}],"wp:featuredmedia":[{"embeddable":true,"href":"https:\/\/www.advanceparis.com\/es\/wp-json\/wp\/v2\/media\/2044"}],"wp:attachment":[{"href":"https:\/\/www.advanceparis.com\/es\/wp-json\/wp\/v2\/media?parent=2040"}],"wp:term":[{"taxonomy":"product_brand","embeddable":true,"href":"https:\/\/www.advanceparis.com\/es\/wp-json\/wp\/v2\/product_brand?post=2040"},{"taxonomy":"product_cat","embeddable":true,"href":"https:\/\/www.advanceparis.com\/es\/wp-json\/wp\/v2\/product_cat?post=2040"},{"taxonomy":"product_tag","embeddable":true,"href":"https:\/\/www.advanceparis.com\/es\/wp-json\/wp\/v2\/product_tag?post=2040"}],"curies":[{"name":"wp","href":"https:\/\/api.w.org\/{rel}","templated":true}]}}