{"id":1849,"date":"2022-09-15T15:51:08","date_gmt":"2022-09-15T13:51:08","guid":{"rendered":"https:\/\/www.advanceparis.com\/?post_type=product&#038;p=1849"},"modified":"2025-12-12T10:50:27","modified_gmt":"2025-12-12T09:50:27","slug":"wtx-tubes","status":"publish","type":"product","link":"https:\/\/www.advanceparis.com\/es\/producto\/wtx-tubes\/","title":{"rendered":"WTX-Tubes"},"content":{"rendered":"<p>EL ARTE DEL STREAMING<\/p>\n<p>No era un reto f\u00e1cil; quer\u00edamos tocar m\u00fasica desmaterializada de la forma m\u00e1s musical posible. De hecho, quer\u00edamos alejarnos de un sonido que nos parec\u00eda demasiado digital para acercarnos a un sonido m\u00e1s anal\u00f3gico, m\u00e1s en el esp\u00edritu del vinilo.<br \/>\nCre\u00edmos que pod\u00edamos conseguirlo combinando varias tecnolog\u00edas y dise\u00f1os.<\/p>\n<p>\u00a1Eso es lo que hemos hecho!<\/p>\n<p>Uso de un par de tubos subminiatura Raytheon 5703, dise\u00f1o de Clase A, la integraci\u00f3n de un procesador Tri-core, una combinaci\u00f3n de un DualCore de 32 bits y un Single-Core de 120Mhz con un DAC Wolfson WM8740 independiente, 24-Bit \/ 192 kHz y, por \u00faltimo, la integraci\u00f3n de un c\u00f3dec de alta definici\u00f3n para reproducir los detalles m\u00e1s finos de la m\u00fasica.<\/p>\n<p>La reproducci\u00f3n de sonido resultante es impresionante, satisface las exigencias de los audi\u00f3filos y recuerda la c\u00e1lida musicalidad tan apreciada por los aficionados al vinilo.<br \/>\nLos archivos HD pasan f\u00e1cilmente a trav\u00e9s de WTX-TUBES y se vuelven m\u00e1s precisos y equilibrados gracias a la integraci\u00f3n del c\u00f3dec aptX HD.<\/p>\n<p>\u00a1Desc\u00fabralo cuanto antes!<\/p>","protected":false},"excerpt":{"rendered":"<p>Receptor Bluetooth con salidas de tubo anal\u00f3gicas<\/p>","protected":false},"featured_media":3055,"template":"","meta":{"_acf_changed":false},"product_brand":[],"product_cat":[332,487],"product_tag":[345,314],"class_list":{"0":"post-1849","1":"product","2":"type-product","3":"status-publish","4":"has-post-thumbnail","6":"product_cat-recepteur-bluetooth","7":"product_cat-wtx","8":"product_tag-bluetooth","9":"product_tag-tubes","11":"first","12":"outofstock","13":"shipping-taxable","14":"purchasable","15":"product-type-simple"},"acf":[],"jetpack_sharing_enabled":true,"_links":{"self":[{"href":"https:\/\/www.advanceparis.com\/es\/wp-json\/wp\/v2\/product\/1849","targetHints":{"allow":["GET"]}}],"collection":[{"href":"https:\/\/www.advanceparis.com\/es\/wp-json\/wp\/v2\/product"}],"about":[{"href":"https:\/\/www.advanceparis.com\/es\/wp-json\/wp\/v2\/types\/product"}],"wp:featuredmedia":[{"embeddable":true,"href":"https:\/\/www.advanceparis.com\/es\/wp-json\/wp\/v2\/media\/3055"}],"wp:attachment":[{"href":"https:\/\/www.advanceparis.com\/es\/wp-json\/wp\/v2\/media?parent=1849"}],"wp:term":[{"taxonomy":"product_brand","embeddable":true,"href":"https:\/\/www.advanceparis.com\/es\/wp-json\/wp\/v2\/product_brand?post=1849"},{"taxonomy":"product_cat","embeddable":true,"href":"https:\/\/www.advanceparis.com\/es\/wp-json\/wp\/v2\/product_cat?post=1849"},{"taxonomy":"product_tag","embeddable":true,"href":"https:\/\/www.advanceparis.com\/es\/wp-json\/wp\/v2\/product_tag?post=1849"}],"curies":[{"name":"wp","href":"https:\/\/api.w.org\/{rel}","templated":true}]}}