{"id":1847,"date":"2022-09-15T15:50:31","date_gmt":"2022-09-15T13:50:31","guid":{"rendered":"https:\/\/www.advanceparis.com\/?post_type=product&#038;p=1847"},"modified":"2025-08-05T18:17:28","modified_gmt":"2025-08-05T16:17:28","slug":"wtx-700","status":"publish","type":"product","link":"https:\/\/www.advanceparis.com\/es\/producto\/wtx-700\/","title":{"rendered":"WTX-700 EVO"},"content":{"rendered":"<p>Alta definici\u00f3n en Bluetooth Gracias al nuevo WTX-700 EVO, transmitir tu m\u00fasica en alta definici\u00f3n es ahora m\u00e1s f\u00e1cil.<\/p>\n<p>WTX-700 EVO es compatible con todos los dispositivos de audio Bluetooth del mercado: smartphones, tabletas, PC o Mac...<\/p>\n<p>Al incorporar aptX HD y un convertidor TI PCM 5102 independiente, el WTX-700 ampl\u00eda los l\u00edmites de la transmisi\u00f3n de alta definici\u00f3n hifi.<\/p>\n<p>La tecnolog\u00eda utilizada no s\u00f3lo permite manejar audio de 24 bits de extremo a extremo, sino que tambi\u00e9n ofrece un procesamiento digital de la se\u00f1al m\u00e1s eficaz y una menor relaci\u00f3n se\u00f1al\/ruido gracias a la codificaci\u00f3n y descodificaci\u00f3n, as\u00ed como menos distorsi\u00f3n, sobre todo en la gama de 10-20kHz.<\/p>","protected":false},"excerpt":{"rendered":"<p>Receptor Bluetooth aptx HD compacto<\/p>","protected":false},"featured_media":3049,"template":"","meta":{"_acf_changed":false},"product_brand":[],"product_cat":[332,487],"product_tag":[345],"class_list":{"0":"post-1847","1":"product","2":"type-product","3":"status-publish","4":"has-post-thumbnail","6":"product_cat-recepteur-bluetooth","7":"product_cat-wtx","8":"product_tag-bluetooth","10":"first","11":"instock","12":"shipping-taxable","13":"purchasable","14":"product-type-simple"},"acf":[],"jetpack_sharing_enabled":true,"_links":{"self":[{"href":"https:\/\/www.advanceparis.com\/es\/wp-json\/wp\/v2\/product\/1847","targetHints":{"allow":["GET"]}}],"collection":[{"href":"https:\/\/www.advanceparis.com\/es\/wp-json\/wp\/v2\/product"}],"about":[{"href":"https:\/\/www.advanceparis.com\/es\/wp-json\/wp\/v2\/types\/product"}],"wp:featuredmedia":[{"embeddable":true,"href":"https:\/\/www.advanceparis.com\/es\/wp-json\/wp\/v2\/media\/3049"}],"wp:attachment":[{"href":"https:\/\/www.advanceparis.com\/es\/wp-json\/wp\/v2\/media?parent=1847"}],"wp:term":[{"taxonomy":"product_brand","embeddable":true,"href":"https:\/\/www.advanceparis.com\/es\/wp-json\/wp\/v2\/product_brand?post=1847"},{"taxonomy":"product_cat","embeddable":true,"href":"https:\/\/www.advanceparis.com\/es\/wp-json\/wp\/v2\/product_cat?post=1847"},{"taxonomy":"product_tag","embeddable":true,"href":"https:\/\/www.advanceparis.com\/es\/wp-json\/wp\/v2\/product_tag?post=1847"}],"curies":[{"name":"wp","href":"https:\/\/api.w.org\/{rel}","templated":true}]}}