{"id":1846,"date":"2022-09-15T15:49:50","date_gmt":"2022-09-15T13:49:50","guid":{"rendered":"https:\/\/www.advanceparis.com\/?post_type=product&#038;p=1846"},"modified":"2024-02-28T17:10:32","modified_gmt":"2024-02-28T16:10:32","slug":"wtx-500","status":"publish","type":"product","link":"https:\/\/www.advanceparis.com\/es\/producto\/wtx-500\/","title":{"rendered":"WTX-500"},"content":{"rendered":"<p>Vivimos en un entorno en el que la m\u00fasica desmaterializada es cada vez m\u00e1s importante. Ahora es posible transmitir de forma inal\u00e1mbrica toda la m\u00fasica de tus dispositivos m\u00f3viles, ordenadores, tabletas, smartphones y otros reproductores port\u00e1tiles a tu sistema de alta fidelidad.<\/p>\n<p>El nuevo receptor inal\u00e1mbrico WTX-500 realiza esta tarea con verdadero talento. Se adapta f\u00e1cilmente a cualquier entrada anal\u00f3gica de tu amplificador.<\/p>\n<p>El WTX-500 le ofrece un alto rendimiento musical, combinado con facilidad de uso y compatibilidad aptX.<\/p>","protected":false},"excerpt":{"rendered":"<p>Receptor Bluetooth aptX compacto<\/p>","protected":false},"featured_media":3042,"template":"","meta":{"_acf_changed":false},"product_brand":[],"product_cat":[332,487],"product_tag":[345],"class_list":{"0":"post-1846","1":"product","2":"type-product","3":"status-publish","4":"has-post-thumbnail","6":"product_cat-recepteur-bluetooth","7":"product_cat-wtx","8":"product_tag-bluetooth","10":"first","11":"instock","12":"shipping-taxable","13":"purchasable","14":"product-type-simple"},"acf":[],"jetpack_sharing_enabled":true,"_links":{"self":[{"href":"https:\/\/www.advanceparis.com\/es\/wp-json\/wp\/v2\/product\/1846","targetHints":{"allow":["GET"]}}],"collection":[{"href":"https:\/\/www.advanceparis.com\/es\/wp-json\/wp\/v2\/product"}],"about":[{"href":"https:\/\/www.advanceparis.com\/es\/wp-json\/wp\/v2\/types\/product"}],"wp:featuredmedia":[{"embeddable":true,"href":"https:\/\/www.advanceparis.com\/es\/wp-json\/wp\/v2\/media\/3042"}],"wp:attachment":[{"href":"https:\/\/www.advanceparis.com\/es\/wp-json\/wp\/v2\/media?parent=1846"}],"wp:term":[{"taxonomy":"product_brand","embeddable":true,"href":"https:\/\/www.advanceparis.com\/es\/wp-json\/wp\/v2\/product_brand?post=1846"},{"taxonomy":"product_cat","embeddable":true,"href":"https:\/\/www.advanceparis.com\/es\/wp-json\/wp\/v2\/product_cat?post=1846"},{"taxonomy":"product_tag","embeddable":true,"href":"https:\/\/www.advanceparis.com\/es\/wp-json\/wp\/v2\/product_tag?post=1846"}],"curies":[{"name":"wp","href":"https:\/\/api.w.org\/{rel}","templated":true}]}}