{"id":1661,"date":"2022-09-12T15:09:29","date_gmt":"2022-09-12T13:09:29","guid":{"rendered":"https:\/\/adp.stanisdemo.fr\/?post_type=product&#038;p=1661"},"modified":"2026-04-20T14:36:58","modified_gmt":"2026-04-20T12:36:58","slug":"x-ftb02","status":"publish","type":"product","link":"https:\/\/www.advanceparis.com\/es\/producto\/x-ftb02\/","title":{"rendered":"X-FTB02"},"content":{"rendered":"<p><strong>Potente procesamiento multiprocesador \u00a0<\/strong><br \/>\nNuestro X-FTB02 cuenta con una potencia de c\u00e1lculo inigualable para el procesamiento r\u00e1pido de datos, lo que le permite ofrecer una reproducci\u00f3n musical de m\u00e1xima calidad. Nuestro X-FTB02 incorpora un procesador Dual Core de 32 bits combinado con un \u00fanico n\u00facleo a 120Mhz. (interfaces de audio de 24 bits).<br \/>\nLa se\u00f1al de audio original se recupera directamente en formato digital en su etapa de salida, por lo que no se ve alterada por ninguna conversi\u00f3n de digital a anal\u00f3gico. La conversi\u00f3n la realiza directamente el DAC descendente.<\/p>\n<p><strong>Audio de alta definici\u00f3n<\/strong><br \/>\nNuestro X-FTB02 incorpora aptX HD. Este c\u00f3dec se ha desarrollado para satisfacer a los mel\u00f3manos exigentes que desean acceder a audio de alta resoluci\u00f3n. Este c\u00f3dec optimizado admite m\u00fasica de calidad de 24 bits. Esto significa que los detalles m\u00e1s sutiles de tu m\u00fasica ser\u00e1n audibles.<\/p>","protected":false},"excerpt":{"rendered":"<p>Receptor Bluetooth aptX HD compatible con MyConnect, PlayStream y productos de la gama Classic<\/p>","protected":false},"featured_media":2916,"template":"","meta":{"_acf_changed":false},"product_brand":[],"product_cat":[332,487],"product_tag":[345],"class_list":{"0":"post-1661","1":"product","2":"type-product","3":"status-publish","4":"has-post-thumbnail","6":"product_cat-recepteur-bluetooth","7":"product_cat-wtx","8":"product_tag-bluetooth","10":"first","11":"outofstock","12":"shipping-taxable","13":"purchasable","14":"product-type-simple"},"acf":[],"jetpack_sharing_enabled":true,"_links":{"self":[{"href":"https:\/\/www.advanceparis.com\/es\/wp-json\/wp\/v2\/product\/1661","targetHints":{"allow":["GET"]}}],"collection":[{"href":"https:\/\/www.advanceparis.com\/es\/wp-json\/wp\/v2\/product"}],"about":[{"href":"https:\/\/www.advanceparis.com\/es\/wp-json\/wp\/v2\/types\/product"}],"wp:featuredmedia":[{"embeddable":true,"href":"https:\/\/www.advanceparis.com\/es\/wp-json\/wp\/v2\/media\/2916"}],"wp:attachment":[{"href":"https:\/\/www.advanceparis.com\/es\/wp-json\/wp\/v2\/media?parent=1661"}],"wp:term":[{"taxonomy":"product_brand","embeddable":true,"href":"https:\/\/www.advanceparis.com\/es\/wp-json\/wp\/v2\/product_brand?post=1661"},{"taxonomy":"product_cat","embeddable":true,"href":"https:\/\/www.advanceparis.com\/es\/wp-json\/wp\/v2\/product_cat?post=1661"},{"taxonomy":"product_tag","embeddable":true,"href":"https:\/\/www.advanceparis.com\/es\/wp-json\/wp\/v2\/product_tag?post=1661"}],"curies":[{"name":"wp","href":"https:\/\/api.w.org\/{rel}","templated":true}]}}