{"id":1660,"date":"2022-09-12T15:09:11","date_gmt":"2022-09-12T13:09:11","guid":{"rendered":"https:\/\/adp.stanisdemo.fr\/?post_type=product&#038;p=1660"},"modified":"2025-06-10T10:45:42","modified_gmt":"2025-06-10T08:45:42","slug":"x-ftb01","status":"publish","type":"product","link":"https:\/\/www.advanceparis.com\/es\/producto\/x-ftb01\/","title":{"rendered":"X-FTB01"},"content":{"rendered":"<p>Vivimos en un entorno en el que la m\u00fasica desmaterializada es cada vez m\u00e1s importante. Ahora es posible transmitir de forma inal\u00e1mbrica toda la m\u00fasica de tus dispositivos m\u00f3viles, ordenadores, tabletas, smartphones y otros reproductores port\u00e1tiles a tu sistema de alta fidelidad.<\/p>\n<p>El nuevo receptor digital compatible con Bluetooth hace el trabajo con verdadero estilo. Es compatible con todos los productos de las gamas Classic, MyConnect, PlayStream y Smart que dispongan de puerto BT.<\/p>\n<p>Alto rendimiento musical y facilidad de uso.<\/p>","protected":false},"excerpt":{"rendered":"<p>Receptor Bluetooth compatible con MyConnect, PlayStream y productos de la gama Classic<\/p>","protected":false},"featured_media":2926,"template":"","meta":{"_acf_changed":false},"product_brand":[],"product_cat":[332,487],"product_tag":[345],"class_list":{"0":"post-1660","1":"product","2":"type-product","3":"status-publish","4":"has-post-thumbnail","6":"product_cat-recepteur-bluetooth","7":"product_cat-wtx","8":"product_tag-bluetooth","10":"first","11":"outofstock","12":"shipping-taxable","13":"purchasable","14":"product-type-simple"},"acf":[],"jetpack_sharing_enabled":true,"_links":{"self":[{"href":"https:\/\/www.advanceparis.com\/es\/wp-json\/wp\/v2\/product\/1660","targetHints":{"allow":["GET"]}}],"collection":[{"href":"https:\/\/www.advanceparis.com\/es\/wp-json\/wp\/v2\/product"}],"about":[{"href":"https:\/\/www.advanceparis.com\/es\/wp-json\/wp\/v2\/types\/product"}],"wp:featuredmedia":[{"embeddable":true,"href":"https:\/\/www.advanceparis.com\/es\/wp-json\/wp\/v2\/media\/2926"}],"wp:attachment":[{"href":"https:\/\/www.advanceparis.com\/es\/wp-json\/wp\/v2\/media?parent=1660"}],"wp:term":[{"taxonomy":"product_brand","embeddable":true,"href":"https:\/\/www.advanceparis.com\/es\/wp-json\/wp\/v2\/product_brand?post=1660"},{"taxonomy":"product_cat","embeddable":true,"href":"https:\/\/www.advanceparis.com\/es\/wp-json\/wp\/v2\/product_cat?post=1660"},{"taxonomy":"product_tag","embeddable":true,"href":"https:\/\/www.advanceparis.com\/es\/wp-json\/wp\/v2\/product_tag?post=1660"}],"curies":[{"name":"wp","href":"https:\/\/api.w.org\/{rel}","templated":true}]}}