{"id":10282,"date":"2025-04-11T17:00:28","date_gmt":"2025-04-11T15:00:28","guid":{"rendered":"https:\/\/www.advanceparis.com\/?post_type=product&#038;p=10282"},"modified":"2025-11-21T08:19:33","modified_gmt":"2025-11-21T07:19:33","slug":"link-rca","status":"publish","type":"product","link":"https:\/\/www.advanceparis.com\/es\/producto\/link-rca\/","title":{"rendered":"LINK RCA"},"content":{"rendered":"","protected":false},"excerpt":{"rendered":"<p>Cable de audio anal\u00f3gico apantallado LINK RCA de alto rendimiento, dise\u00f1ado para satisfacer los requisitos de los audi\u00f3filos y garantizar una reproducci\u00f3n de sonido excepcional.<br \/>\nPerfecto para su uso con amplificadores, reproductores de CD, giradiscos y preamplificadores, este cable es imprescindible para los aficionados a la m\u00fasica.<\/p>","protected":false},"featured_media":10289,"template":"woocommerce\/single-product-v2.php","meta":{"_acf_changed":false},"product_brand":[],"product_cat":[422,1407],"product_tag":[],"class_list":{"0":"post-10282","1":"product","2":"type-product","3":"status-publish","4":"has-post-thumbnail","6":"product_cat-cable","7":"product_cat-link","9":"first","10":"outofstock","11":"shipping-taxable","12":"purchasable","13":"product-type-variable"},"acf":[],"jetpack_sharing_enabled":true,"_links":{"self":[{"href":"https:\/\/www.advanceparis.com\/es\/wp-json\/wp\/v2\/product\/10282","targetHints":{"allow":["GET"]}}],"collection":[{"href":"https:\/\/www.advanceparis.com\/es\/wp-json\/wp\/v2\/product"}],"about":[{"href":"https:\/\/www.advanceparis.com\/es\/wp-json\/wp\/v2\/types\/product"}],"wp:featuredmedia":[{"embeddable":true,"href":"https:\/\/www.advanceparis.com\/es\/wp-json\/wp\/v2\/media\/10289"}],"wp:attachment":[{"href":"https:\/\/www.advanceparis.com\/es\/wp-json\/wp\/v2\/media?parent=10282"}],"wp:term":[{"taxonomy":"product_brand","embeddable":true,"href":"https:\/\/www.advanceparis.com\/es\/wp-json\/wp\/v2\/product_brand?post=10282"},{"taxonomy":"product_cat","embeddable":true,"href":"https:\/\/www.advanceparis.com\/es\/wp-json\/wp\/v2\/product_cat?post=10282"},{"taxonomy":"product_tag","embeddable":true,"href":"https:\/\/www.advanceparis.com\/es\/wp-json\/wp\/v2\/product_tag?post=10282"}],"curies":[{"name":"wp","href":"https:\/\/api.w.org\/{rel}","templated":true}]}}