{"id":982,"date":"2022-07-15T05:18:11","date_gmt":"2022-07-15T03:18:11","guid":{"rendered":"https:\/\/www.advanceparis.com\/?page_id=982"},"modified":"2022-12-24T23:46:40","modified_gmt":"2022-12-24T22:46:40","slug":"assistance","status":"publish","type":"page","link":"https:\/\/www.advanceparis.com\/es\/assistance\/","title":{"rendered":"Asistencia"},"content":{"rendered":"<div class=\"wpb-content-wrapper\"><div data-vc-full-width=\"true\" data-vc-full-width-init=\"false\" class=\"vc_row wpb_row vc_row-fluid vc_custom_1657984130078 vc_row-has-fill vc_row-has-padding-top vc_row-has-padding-bottom vc_row-bg-position-top\"><div class=\"wpb_column vc_column_container vc_col-sm-12\"><div class=\"vc_column-inner vc_custom_1516115464846\"><div class=\"wpb_wrapper\"><header class=\"kd-section-title col-lg-12 text-center  subtitle-below-title\" ><h1 class=\"separator_off\" style=\"color: #ffffff;\">Asistencia<\/h1><\/header><div style=\"color:#ffffff;\" class=\"breadcrumbs breadcrumbs-shortcode bcn-center\" typeof=\"BreadcrumbList\" vocab=\"https:\/\/schema.org\/\" ><span property=\"itemListElement\" typeof=\"ListItem\"><a property=\"item\" typeof=\"WebPage\" title=\"Ir a Advance Paris.\" href=\"https:\/\/www.advanceparis.com\/es\" class=\"home\" ><span property=\"name\">Avance Par\u00eds<\/span><\/a><meta property=\"position\" content=\"1\"><\/span> &gt; <span property=\"itemListElement\" typeof=\"ListItem\"><a property=\"item\" typeof=\"WebPage\" title=\"Ir a Noticias.\" href=\"https:\/\/www.advanceparis.com\/es\/actualites\/\" class=\"post-root post post-post\" aria-current=\"page\"><span property=\"name\">Noticias<\/span><\/a><meta property=\"position\" content=\"2\"><\/span><\/div><\/div><\/div><\/div><\/div><div class=\"vc_row-full-width vc_clearfix\"><\/div><div data-vc-full-width=\"true\" data-vc-full-width-init=\"false\" class=\"vc_row wpb_row vc_row-fluid overflow-fix vc_custom_1657978796027 vc_row-has-padding-top vc_row-has-padding-bottom vc_row-bg-position-top\"><div class=\"wpb_column vc_column_container vc_col-sm-12\"><div class=\"vc_column-inner vc_custom_1601461951542\"><div class=\"wpb_wrapper\"><div class=\"vc_row wpb_row vc_inner vc_row-fluid vc_row-bg-position-top\"><div class=\"wpb_column vc_column_container vc_col-sm-6 vc_col-has-fill\"><div class=\"vc_column-inner vc_custom_1664787089000   vc_custom_1664787089001\"><div class=\"wpb_wrapper\"><div class=\"key-icon-box icon-default icon-top cont-center ib-no-effect with-shadow    icon-no-background icon-no-border\" style=\"background-color: #ffffff;\" ><div class=\"ib-wrapper\" style=\"background-color:#ffffff;\"><div class=\"ib-simple-icon-wrapper\" style=\"margin-bottom:40px;\"><div class=\"tt-iconbox-customimg\"><img loading=\"lazy\" decoding=\"async\" width=\"284\" height=\"284\" src=\"https:\/\/www.advanceparis.com\/wp-content\/uploads\/2022\/10\/ADP-Picto_GARANTLEE.png\" class=\"attachment-full\" alt=\"\" title=\"ADP-Picto_GARANTLEE\" srcset=\"https:\/\/www.advanceparis.com\/wp-content\/uploads\/2022\/10\/ADP-Picto_GARANTLEE.png 284w, https:\/\/www.advanceparis.com\/wp-content\/uploads\/2022\/10\/ADP-Picto_GARANTLEE-150x150.png 150w, https:\/\/www.advanceparis.com\/wp-content\/uploads\/2022\/10\/ADP-Picto_GARANTLEE-50x50.png 50w, https:\/\/www.advanceparis.com\/wp-content\/uploads\/2022\/10\/ADP-Picto_GARANTLEE-100x100.png 100w\" sizes=\"auto, (max-width: 284px) 100vw, 284px\" \/><\/div><\/div><h4 class=\"service-heading\" >Garant\u00eda ampliada<\/h4><p ><\/p>\n<p style=\"text-align: center;\">Registre sus productos (s\u00f3lo en Francia). Tras el registro, su producto se beneficiar\u00e1 de una garant\u00eda adicional de 1 a\u00f1o.<\/p>\n<p><\/p><div class=\"ib-button-wrapper\"><a class=\"tt_button tt_primary_button btn_primary_color hover_solid_primary\" href=\"https:\/\/www.advanceparis.com\/index.php\/assistance\/extension-de-garantie\/\" target=\"_self\">Registre su producto<\/a><\/div><\/div><\/div><\/div><\/div><\/div><div class=\"wpb_column vc_column_container vc_col-sm-6\"><div class=\"vc_column-inner\"><div class=\"wpb_wrapper\"><div class=\"key-icon-box icon-default icon-top cont-center ib-no-effect with-shadow    icon-no-background icon-no-border\" style=\"background-color: #ffffff;margin-bottom:30px;\" ><div class=\"ib-wrapper\" style=\"background-color:#ffffff;\"><div class=\"ib-simple-icon-wrapper\" style=\"margin-bottom:40px;\"><div class=\"tt-iconbox-customimg\"><img loading=\"lazy\" decoding=\"async\" width=\"285\" height=\"284\" src=\"https:\/\/www.advanceparis.com\/wp-content\/uploads\/2022\/10\/ADP-Picto_FAQ.png\" class=\"attachment-full\" alt=\"\" title=\"ADP-Picto_FAQ\" srcset=\"https:\/\/www.advanceparis.com\/wp-content\/uploads\/2022\/10\/ADP-Picto_FAQ.png 285w, https:\/\/www.advanceparis.com\/wp-content\/uploads\/2022\/10\/ADP-Picto_FAQ-150x150.png 150w, https:\/\/www.advanceparis.com\/wp-content\/uploads\/2022\/10\/ADP-Picto_FAQ-50x50.png 50w, https:\/\/www.advanceparis.com\/wp-content\/uploads\/2022\/10\/ADP-Picto_FAQ-100x100.png 100w\" sizes=\"auto, (max-width: 285px) 100vw, 285px\" \/><\/div><\/div><h4 class=\"service-heading\" >P\u00f3ngase en contacto con nosotros<\/h4><p ><\/p>\n<p style=\"text-align: center;\">\u00bfTiene una pregunta t\u00e9cnica o comercial, o desea informaci\u00f3n sobre un producto antiguo o con el que ha estado so\u00f1ando? Rellene este formulario con todos los detalles posibles. Volveremos a partir del 2 de enero de 2023.<\/p>\n<p><\/p><div class=\"ib-button-wrapper\"><a class=\"tt_button tt_primary_button btn_primary_color hover_solid_primary\" href=\"https:\/\/www.advanceparis.com\/index.php\/assistance\/contact\" target=\"_self\">P\u00f3ngase en contacto con nosotros<\/a><\/div><\/div><\/div><\/div><\/div><\/div><\/div><\/div><\/div><\/div><\/div><div class=\"vc_row-full-width vc_clearfix\"><\/div>\n<\/div>","protected":false},"excerpt":{"rendered":"AssistanceAdvance Paris &gt; Actualit\u00e9sExtension de garantie Enregistrement de vos produits (France uniquement). Apr\u00e8s enregistrement, votre produit b\u00e9n\u00e9ficiera d'une garantie suppl\u00e9mentaire [...]","protected":false},"author":2,"featured_media":542,"parent":0,"menu_order":0,"comment_status":"closed","ping_status":"closed","template":"","meta":{"_acf_changed":false,"footnotes":""},"class_list":["post-982","page","type-page","status-publish","has-post-thumbnail","hentry"],"acf":[],"jetpack_sharing_enabled":true,"_links":{"self":[{"href":"https:\/\/www.advanceparis.com\/es\/wp-json\/wp\/v2\/pages\/982","targetHints":{"allow":["GET"]}}],"collection":[{"href":"https:\/\/www.advanceparis.com\/es\/wp-json\/wp\/v2\/pages"}],"about":[{"href":"https:\/\/www.advanceparis.com\/es\/wp-json\/wp\/v2\/types\/page"}],"author":[{"embeddable":true,"href":"https:\/\/www.advanceparis.com\/es\/wp-json\/wp\/v2\/users\/2"}],"replies":[{"embeddable":true,"href":"https:\/\/www.advanceparis.com\/es\/wp-json\/wp\/v2\/comments?post=982"}],"version-history":[{"count":90,"href":"https:\/\/www.advanceparis.com\/es\/wp-json\/wp\/v2\/pages\/982\/revisions"}],"predecessor-version":[{"id":3231,"href":"https:\/\/www.advanceparis.com\/es\/wp-json\/wp\/v2\/pages\/982\/revisions\/3231"}],"wp:featuredmedia":[{"embeddable":true,"href":"https:\/\/www.advanceparis.com\/es\/wp-json\/wp\/v2\/media\/542"}],"wp:attachment":[{"href":"https:\/\/www.advanceparis.com\/es\/wp-json\/wp\/v2\/media?parent=982"}],"curies":[{"name":"wp","href":"https:\/\/api.w.org\/{rel}","templated":true}]}}