{"id":959,"date":"2022-07-15T02:47:27","date_gmt":"2022-07-15T00:47:27","guid":{"rendered":"https:\/\/www.advanceparis.com\/?page_id=959"},"modified":"2025-01-17T16:02:54","modified_gmt":"2025-01-17T15:02:54","slug":"notice-logiciel","status":"publish","type":"page","link":"https:\/\/www.advanceparis.com\/es\/assistance\/notice-logiciel\/","title":{"rendered":"Manual y software"},"content":{"rendered":"<div class=\"wpb-content-wrapper\"><div data-vc-full-width=\"true\" data-vc-full-width-init=\"false\" class=\"vc_row wpb_row vc_row-fluid vc_custom_1652347404070 vc_custom_1652347404071 vc_row-has-fill vc_row-has-padding-top vc_row-has-padding-bottom vc_row-bg-position-top\"><div class=\"wpb_column vc_column_container vc_col-sm-12\"><div class=\"vc_column-inner vc_custom_1516115464846\"><div class=\"wpb_wrapper\"><header class=\"kd-section-title col-lg-12 text-center  subtitle-below-title\" ><h1 class=\"separator_off\" style=\"color: #ffffff;\">Manuales y actualizaciones<\/h1><h6 class=\"subtitle\" style=\"color: #ffffff;\">Encuentre todos los manuales de usuario y software de nuestros productos.<\/h6><\/header><div style=\"color:#ffffff;\" class=\"breadcrumbs breadcrumbs-shortcode bcn-center\" typeof=\"BreadcrumbList\" vocab=\"https:\/\/schema.org\/\" ><span property=\"itemListElement\" typeof=\"ListItem\"><a property=\"item\" typeof=\"WebPage\" title=\"Ir a Advance Paris.\" href=\"https:\/\/www.advanceparis.com\/es\" class=\"home\" ><span property=\"name\">Avance Par\u00eds<\/span><\/a><meta property=\"position\" content=\"1\"><\/span> &gt; <span property=\"itemListElement\" typeof=\"ListItem\"><a property=\"item\" typeof=\"WebPage\" title=\"Ir a Noticias.\" href=\"https:\/\/www.advanceparis.com\/es\/actualites\/\" class=\"post-root post post-post\" aria-current=\"page\"><span property=\"name\">Noticias<\/span><\/a><meta property=\"position\" content=\"2\"><\/span><\/div><\/div><\/div><\/div><\/div><div class=\"vc_row-full-width vc_clearfix\"><\/div><div class=\"vc_row wpb_row vc_row-fluid vc_row-bg-position-top\"><div class=\"wpb_column vc_column_container vc_col-sm-12\"><div class=\"vc_column-inner\"><div class=\"wpb_wrapper\"><div class=\"vc_tta-container\" data-vc-action=\"collapse\"><div class=\"vc_general vc_tta vc_tta-tabs vc_tta-color-grey vc_tta-style-classic vc_tta-shape-rounded vc_tta-spacing-1 vc_tta-tabs-position-top vc_tta-controls-align-left\"><div class=\"vc_tta-tabs-container\"><ul class=\"vc_tta-tabs-list\"><li class=\"vc_tta-tab vc_active\" data-vc-tab><a href=\"#1737125133130-86b3931e-ac8c\" data-vc-tabs data-vc-container=\".vc_tta\"><span class=\"vc_tta-title-text\">Streamer<\/span><\/a><\/li><li class=\"vc_tta-tab\" data-vc-tab><a href=\"#1678718344647-5209f892-bb04\" data-vc-tabs data-vc-container=\".vc_tta\"><span class=\"vc_tta-title-text\">CD<\/span><\/a><\/li><li class=\"vc_tta-tab\" data-vc-tab><a href=\"#1678718344654-c42ecc73-5957\" data-vc-tabs data-vc-container=\".vc_tta\"><span class=\"vc_tta-title-text\">Amplificador integrado<\/span><\/a><\/li><li class=\"vc_tta-tab\" data-vc-tab><a href=\"#1678718380356-532f3a14-ef96\" data-vc-tabs data-vc-container=\".vc_tta\"><span class=\"vc_tta-title-text\">Amplificador conectado<\/span><\/a><\/li><li class=\"vc_tta-tab\" data-vc-tab><a href=\"#1678718401960-37b3069f-39a6\" data-vc-tabs data-vc-container=\".vc_tta\"><span class=\"vc_tta-title-text\">Preamplificador<\/span><\/a><\/li><li class=\"vc_tta-tab\" data-vc-tab><a href=\"#1678718417827-5ffe26e9-351e\" data-vc-tabs data-vc-container=\".vc_tta\"><span class=\"vc_tta-title-text\">Bloque de potencia<\/span><\/a><\/li><li class=\"vc_tta-tab\" data-vc-tab><a href=\"#1678719159728-ffbe342e-5a69\" data-vc-tabs data-vc-container=\".vc_tta\"><span class=\"vc_tta-title-text\">Altavoces<\/span><\/a><\/li><\/ul><\/div><div class=\"vc_tta-panels-container\"><div class=\"vc_tta-panels\"><div class=\"vc_tta-panel vc_active\" id=\"1737125133130-86b3931e-ac8c\" data-vc-content=\".vc_tta-panel-body\"><div class=\"vc_tta-panel-heading\"><h4 class=\"vc_tta-panel-title\"><a href=\"#1737125133130-86b3931e-ac8c\" data-vc-accordion data-vc-container=\".vc_tta-container\"><span class=\"vc_tta-title-text\">Streamer<\/span><\/a><\/h4><\/div><div class=\"vc_tta-panel-body\"><div class=\"vc_btn3-container vc_btn3-inline vc_custom_1737126169814 vc_do_btn\" ><a class=\"vc_general vc_btn3 vc_btn3-size-md vc_btn3-shape-rounded vc_btn3-style-modern vc_btn3-color-grey\" href=\"https:\/\/www.advanceparis.com\/?page_id=8922&#038;preview=true\" title=\"\">A-NTC<\/a><\/div><\/div><\/div><div class=\"vc_tta-panel\" id=\"1678718344647-5209f892-bb04\" data-vc-content=\".vc_tta-panel-body\"><div class=\"vc_tta-panel-heading\"><h4 class=\"vc_tta-panel-title\"><a href=\"#1678718344647-5209f892-bb04\" data-vc-accordion data-vc-container=\".vc_tta-container\"><span class=\"vc_tta-title-text\">CD<\/span><\/a><\/h4><\/div><div class=\"vc_tta-panel-body\"><div  class=\"vc_do_toggle vc_toggle vc_toggle_default vc_toggle_color_default  vc_toggle_size_md\"><div class=\"vc_toggle_title\"><h4>X-CD1000 EVO<\/h4><i class=\"vc_toggle_icon\"><\/i><\/div><div class=\"vc_toggle_content\"><\/div><\/div><div  class=\"vc_do_toggle vc_toggle vc_toggle_default vc_toggle_color_default  vc_toggle_size_md\"><div class=\"vc_toggle_title\"><h4>X-D500<\/h4><i class=\"vc_toggle_icon\"><\/i><\/div><div class=\"vc_toggle_content\"><p>Alternar el contenido va aqu\u00ed, haga clic en el bot\u00f3n Editar para cambiar este texto.<\/p>\n<\/div><\/div><div  class=\"vc_do_toggle vc_toggle vc_toggle_default vc_toggle_color_default  vc_toggle_size_md\"><div class=\"vc_toggle_title\"><h4>X-CD9<\/h4><i class=\"vc_toggle_icon\"><\/i><\/div><div class=\"vc_toggle_content\"><p>Alternar el contenido va aqu\u00ed, haga clic en el bot\u00f3n Editar para cambiar este texto.<\/p>\n<\/div><\/div><div  class=\"vc_do_toggle vc_toggle vc_toggle_default vc_toggle_color_default  vc_toggle_size_md\"><div class=\"vc_toggle_title\"><h4>X-CD7<\/h4><i class=\"vc_toggle_icon\"><\/i><\/div><div class=\"vc_toggle_content\"><p>Alternar el contenido va aqu\u00ed, haga clic en el bot\u00f3n Editar para cambiar este texto.<\/p>\n<\/div><\/div><\/div><\/div><div class=\"vc_tta-panel\" id=\"1678718344654-c42ecc73-5957\" data-vc-content=\".vc_tta-panel-body\"><div class=\"vc_tta-panel-heading\"><h4 class=\"vc_tta-panel-title\"><a href=\"#1678718344654-c42ecc73-5957\" data-vc-accordion data-vc-container=\".vc_tta-container\"><span class=\"vc_tta-title-text\">Amplificador integrado<\/span><\/a><\/h4><\/div><div class=\"vc_tta-panel-body\"><div  class=\"vc_do_toggle vc_toggle vc_toggle_default vc_toggle_color_default  vc_toggle_size_md\"><div class=\"vc_toggle_title\"><h4>X-i50 BT<\/h4><i class=\"vc_toggle_icon\"><\/i><\/div><div class=\"vc_toggle_content\"><p><a href=\"https:\/\/www.advanceparis.com\/wp-content\/uploads\/2023\/03\/AP-X-i50-BT-Photos.zip\">Fotos\u00a0<\/a><\/p>\n<\/div><\/div><div  class=\"vc_do_toggle vc_toggle vc_toggle_default vc_toggle_color_default  vc_toggle_size_md\"><div class=\"vc_toggle_title\"><h4>A12 Cl\u00e1sico<\/h4><i class=\"vc_toggle_icon\"><\/i><\/div><div class=\"vc_toggle_content\"><p><a href=\"https:\/\/www.advanceparis.com\/wp-content\/uploads\/2023\/03\/AP-A12-CLassic-Photos.zip\">Fotos<\/a><\/p>\n<\/div><\/div><\/div><\/div><div class=\"vc_tta-panel\" id=\"1678718380356-532f3a14-ef96\" data-vc-content=\".vc_tta-panel-body\"><div class=\"vc_tta-panel-heading\"><h4 class=\"vc_tta-panel-title\"><a href=\"#1678718380356-532f3a14-ef96\" data-vc-accordion data-vc-container=\".vc_tta-container\"><span class=\"vc_tta-title-text\">Amplificador conectado<\/span><\/a><\/h4><\/div><div class=\"vc_tta-panel-body\"><\/div><\/div><div class=\"vc_tta-panel\" id=\"1678718401960-37b3069f-39a6\" data-vc-content=\".vc_tta-panel-body\"><div class=\"vc_tta-panel-heading\"><h4 class=\"vc_tta-panel-title\"><a href=\"#1678718401960-37b3069f-39a6\" data-vc-accordion data-vc-container=\".vc_tta-container\"><span class=\"vc_tta-title-text\">Preamplificador<\/span><\/a><\/h4><\/div><div class=\"vc_tta-panel-body\"><\/div><\/div><div class=\"vc_tta-panel\" id=\"1678718417827-5ffe26e9-351e\" data-vc-content=\".vc_tta-panel-body\"><div class=\"vc_tta-panel-heading\"><h4 class=\"vc_tta-panel-title\"><a href=\"#1678718417827-5ffe26e9-351e\" data-vc-accordion data-vc-container=\".vc_tta-container\"><span class=\"vc_tta-title-text\">Bloque de potencia<\/span><\/a><\/h4><\/div><div class=\"vc_tta-panel-body\"><\/div><\/div><div class=\"vc_tta-panel\" id=\"1678719159728-ffbe342e-5a69\" data-vc-content=\".vc_tta-panel-body\"><div class=\"vc_tta-panel-heading\"><h4 class=\"vc_tta-panel-title\"><a href=\"#1678719159728-ffbe342e-5a69\" data-vc-accordion data-vc-container=\".vc_tta-container\"><span class=\"vc_tta-title-text\">Altavoces<\/span><\/a><\/h4><\/div><div class=\"vc_tta-panel-body\"><div  class=\"vc_do_toggle vc_toggle vc_toggle_default vc_toggle_color_default  vc_toggle_size_md\"><div class=\"vc_toggle_title\"><h4>ZENEO ZX<\/h4><i class=\"vc_toggle_icon\"><\/i><\/div><div class=\"vc_toggle_content\"><p>Alternar el contenido va aqu\u00ed, haga clic en el bot\u00f3n Editar para cambiar este texto.<\/p>\n<\/div><\/div><div  class=\"vc_do_toggle vc_toggle vc_toggle_default vc_toggle_color_default  vc_toggle_size_md\"><div class=\"vc_toggle_title\"><h4>AIRE 65<\/h4><i class=\"vc_toggle_icon\"><\/i><\/div><div class=\"vc_toggle_content\"><p>Alternar el contenido va aqu\u00ed, haga clic en el bot\u00f3n Editar para cambiar este texto.<\/p>\n<\/div><\/div><\/div><\/div><\/div><\/div><\/div><\/div><\/div><\/div><\/div><\/div>\n<\/div>","protected":false},"excerpt":{"rendered":"Manuels et mises \u00e0 jourRetrouvez tous les modes d'emploi et logiciels de nos produits.Advance Paris &gt; Actualit\u00e9sStreamerCDAmplificateur int\u00e9gr\u00e9Amplificateur connect\u00e9Pr\u00e9-AmplificateurBloc de [...]","protected":false},"author":2,"featured_media":542,"parent":982,"menu_order":0,"comment_status":"closed","ping_status":"closed","template":"","meta":{"_acf_changed":false,"footnotes":""},"class_list":["post-959","page","type-page","status-publish","has-post-thumbnail","hentry"],"acf":[],"jetpack_sharing_enabled":true,"_links":{"self":[{"href":"https:\/\/www.advanceparis.com\/es\/wp-json\/wp\/v2\/pages\/959","targetHints":{"allow":["GET"]}}],"collection":[{"href":"https:\/\/www.advanceparis.com\/es\/wp-json\/wp\/v2\/pages"}],"about":[{"href":"https:\/\/www.advanceparis.com\/es\/wp-json\/wp\/v2\/types\/page"}],"author":[{"embeddable":true,"href":"https:\/\/www.advanceparis.com\/es\/wp-json\/wp\/v2\/users\/2"}],"replies":[{"embeddable":true,"href":"https:\/\/www.advanceparis.com\/es\/wp-json\/wp\/v2\/comments?post=959"}],"version-history":[{"count":45,"href":"https:\/\/www.advanceparis.com\/es\/wp-json\/wp\/v2\/pages\/959\/revisions"}],"predecessor-version":[{"id":10724,"href":"https:\/\/www.advanceparis.com\/es\/wp-json\/wp\/v2\/pages\/959\/revisions\/10724"}],"up":[{"embeddable":true,"href":"https:\/\/www.advanceparis.com\/es\/wp-json\/wp\/v2\/pages\/982"}],"wp:featuredmedia":[{"embeddable":true,"href":"https:\/\/www.advanceparis.com\/es\/wp-json\/wp\/v2\/media\/542"}],"wp:attachment":[{"href":"https:\/\/www.advanceparis.com\/es\/wp-json\/wp\/v2\/media?parent=959"}],"curies":[{"name":"wp","href":"https:\/\/api.w.org\/{rel}","templated":true}]}}