{"id":2966,"date":"2022-10-19T12:51:07","date_gmt":"2022-10-19T10:51:07","guid":{"rendered":"https:\/\/www.advanceparis.com\/?page_id=2966"},"modified":"2023-09-28T14:33:45","modified_gmt":"2023-09-28T12:33:45","slug":"doc","status":"publish","type":"page","link":"https:\/\/www.advanceparis.com\/es\/doc\/","title":{"rendered":"DoC"},"content":{"rendered":"<div class=\"wpb-content-wrapper\"><div data-vc-full-width=\"true\" data-vc-full-width-init=\"false\" class=\"vc_row wpb_row vc_row-fluid vc_custom_1652739795840 vc_custom_1652739795841 vc_row-has-fill vc_row-has-padding-top vc_row-has-padding-bottom vc_row-bg-position-top\"><div class=\"wpb_column vc_column_container vc_col-sm-12\"><div class=\"vc_column-inner\"><div class=\"wpb_wrapper\"><div class=\"vc_row wpb_row vc_inner vc_row-fluid vc_row-bg-position-top\"><div class=\"wpb_column vc_column_container vc_col-sm-6\"><div class=\"vc_column-inner\"><div class=\"wpb_wrapper\"><\/div><\/div><\/div><div class=\"wpb_column vc_column_container vc_col-sm-6\"><div class=\"vc_column-inner\"><div class=\"wpb_wrapper\"><div style=\"color:#ffffff;\" class=\"breadcrumbs breadcrumbs-shortcode bcn-left\" typeof=\"BreadcrumbList\" vocab=\"https:\/\/schema.org\/\" ><span property=\"itemListElement\" typeof=\"ListItem\"><a property=\"item\" typeof=\"WebPage\" title=\"Ir a Advance Paris.\" href=\"https:\/\/www.advanceparis.com\/es\" class=\"home\" ><span property=\"name\">Avance Par\u00eds<\/span><\/a><meta property=\"position\" content=\"1\"><\/span> &gt; <span property=\"itemListElement\" typeof=\"ListItem\"><a property=\"item\" typeof=\"WebPage\" title=\"Ir a Noticias.\" href=\"https:\/\/www.advanceparis.com\/es\/actualites\/\" class=\"post-root post post-post\" aria-current=\"page\"><span property=\"name\">Noticias<\/span><\/a><meta property=\"position\" content=\"2\"><\/span><\/div><header class=\"kd-section-title col-lg-12 text-left  subtitle-below-title kd-animated fadeIn   vc_custom_1666197734259\" data-animation-delay=\"200\"><h1 class=\"separator_off\" style=\"color: #ffffff;font-size: 60px;line-height: 70px;margin-bottom:30px;\">Declaraci\u00f3n de conformidad<\/h1><h6 class=\"subtitle\" style=\"color: #f2f2f2;\">Haga clic aqu\u00ed para ver nuestras declaraciones de conformidad de los productos Advance Paris en la Uni\u00f3n Europea.<\/h6><\/header><\/div><\/div><\/div><\/div><\/div><\/div><\/div><\/div><div class=\"vc_row-full-width vc_clearfix\"><\/div><div class=\"vc_row wpb_row vc_row-fluid vc_custom_1650603766314 vc_row-bg-position-top\"><div class=\"wpb_column vc_column_container vc_col-sm-12\"><div class=\"vc_column-inner vc_custom_1599033169011 vc_custom_1599033169012 vc_custom_1599033169013 vc_custom_1599033169014\"><div class=\"wpb_wrapper\"><div class=\"vc_row wpb_row vc_inner vc_row-fluid vc_row-bg-position-top\"><div class=\"wpb_column vc_column_container vc_col-sm-6\"><div class=\"vc_column-inner\"><div class=\"wpb_wrapper\"><div class=\"kd-photobox\" ><div class=\"photobox-img\"><img loading=\"lazy\" decoding=\"async\" width=\"1000\" height=\"793\" src=\"https:\/\/www.advanceparis.com\/wp-content\/uploads\/2022\/05\/ADP-A-1000x1000-X_A1200-8.png\" class=\"attachment-full\" alt=\"\" title=\"ADP-A-1000x1000-X_A1200-8\" srcset=\"https:\/\/www.advanceparis.com\/wp-content\/uploads\/2022\/05\/ADP-A-1000x1000-X_A1200-8.png 1000w, https:\/\/www.advanceparis.com\/wp-content\/uploads\/2022\/05\/ADP-A-1000x1000-X_A1200-8-600x476.png 600w, https:\/\/www.advanceparis.com\/wp-content\/uploads\/2022\/05\/ADP-A-1000x1000-X_A1200-8-300x238.png 300w, https:\/\/www.advanceparis.com\/wp-content\/uploads\/2022\/05\/ADP-A-1000x1000-X_A1200-8-768x609.png 768w\" sizes=\"auto, (max-width: 1000px) 100vw, 1000px\" \/><\/div><div class=\"phb-content text-left\">\n                  <h5 ><\/h5>\n                  <p ><\/p><\/div><\/div><\/div><\/div><\/div><div class=\"wpb_column vc_column_container vc_col-sm-6\"><div class=\"vc_column-inner\"><div class=\"wpb_wrapper\"><\/div><\/div><\/div><\/div><\/div><\/div><\/div><\/div><div class=\"vc_row wpb_row vc_row-fluid vc_custom_1650604138194 vc_row-bg-position-top\"><div class=\"wpb_column vc_column_container vc_col-sm-4\"><div class=\"vc_column-inner vc_custom_1650604054820 vc_custom_1650604054820 vc_custom_1650604054820 vc_custom_1650604054820\"><div class=\"wpb_wrapper\"><div  class=\"vc_do_toggle vc_toggle vc_toggle_default vc_toggle_color_default  vc_toggle_size_md\"><div class=\"vc_toggle_title\"><h4>A12 Cl\u00e1sico<\/h4><i class=\"vc_toggle_icon\"><\/i><\/div><div class=\"vc_toggle_content\"><p><a href=\"https:\/\/www.advanceparis.com\/wp-content\/uploads\/2022\/10\/A12-Classic-DoC.pdf\">A12 Classic DoC<\/a><\/p>\n<\/div><\/div><div  class=\"vc_do_toggle vc_toggle vc_toggle_default vc_toggle_color_default  vc_toggle_size_md\"><div class=\"vc_toggle_title\"><h4>Cl\u00e1sico A10<\/h4><i class=\"vc_toggle_icon\"><\/i><\/div><div class=\"vc_toggle_content\"><p><a href=\"https:\/\/www.advanceparis.com\/wp-content\/uploads\/2022\/10\/A10-Classic-DoC.pdf\">A10 Classic DoC<\/a><\/p>\n<\/div><\/div><div  class=\"vc_do_toggle vc_toggle vc_toggle_default vc_toggle_color_default  vc_toggle_size_md\"><div class=\"vc_toggle_title\"><h4>X-FTB02<\/h4><i class=\"vc_toggle_icon\"><\/i><\/div><div class=\"vc_toggle_content\"><p><a href=\"https:\/\/www.advanceparis.com\/wp-content\/uploads\/2022\/10\/X-FTB02-DoC.pdf\">X-FTB02 DoC<\/a><\/p>\n<\/div><\/div><div  class=\"vc_do_toggle vc_toggle vc_toggle_default vc_toggle_color_default  vc_toggle_size_md\"><div class=\"vc_toggle_title\"><h4>X-FTB01<\/h4><i class=\"vc_toggle_icon\"><\/i><\/div><div class=\"vc_toggle_content\"><p><a href=\"https:\/\/www.advanceparis.com\/wp-content\/uploads\/2022\/10\/X-FTB01-DoC.pdf\">X-FTB01 DoC<\/a><\/p>\n<\/div><\/div><div  class=\"vc_do_toggle vc_toggle vc_toggle_default vc_toggle_color_default  vc_toggle_size_md\"><div class=\"vc_toggle_title\"><h4>AIRE 65<\/h4><i class=\"vc_toggle_icon\"><\/i><\/div><div class=\"vc_toggle_content\"><p><a href=\"https:\/\/www.advanceparis.com\/wp-content\/uploads\/2023\/08\/DoC-Air65.pdf\">DoC Air65<\/a><\/p>\n<\/div><\/div><div  class=\"vc_do_toggle vc_toggle vc_toggle_default vc_toggle_color_default  vc_toggle_size_md\"><div class=\"vc_toggle_title\"><h4>WTX-500<\/h4><i class=\"vc_toggle_icon\"><\/i><\/div><div class=\"vc_toggle_content\"><p><a href=\"https:\/\/www.advanceparis.com\/wp-content\/uploads\/2023\/09\/Declaration-of-Conformity-WTX500-et-WTX700-evo.pdf\">Declaraci\u00f3n de conformidad WTX500 y WTX700 evo<\/a><\/p>\n<\/div><\/div><div  class=\"vc_do_toggle vc_toggle vc_toggle_default vc_toggle_color_default  vc_toggle_size_md\"><div class=\"vc_toggle_title\"><h4>WTX-700 EVO<\/h4><i class=\"vc_toggle_icon\"><\/i><\/div><div class=\"vc_toggle_content\"><p><a href=\"https:\/\/www.advanceparis.com\/wp-content\/uploads\/2023\/09\/WTX-700evo-CE.pdf\">WTX-700evo CE<\/a><\/p>\n<\/div><\/div><\/div><\/div><\/div><div class=\"wpb_column vc_column_container vc_col-sm-4\"><div class=\"vc_column-inner\"><div class=\"wpb_wrapper\"><div  class=\"vc_do_toggle vc_toggle vc_toggle_default vc_toggle_color_default  vc_toggle_size_md\"><div class=\"vc_toggle_title\"><h4>MyConnect 250<\/h4><i class=\"vc_toggle_icon\"><\/i><\/div><div class=\"vc_toggle_content\"><p><a href=\"https:\/\/www.advanceparis.com\/wp-content\/uploads\/2023\/09\/MyConnect-250-DC.pdf\">MyConnect 250 CC<\/a><\/p>\n<\/div><\/div><div  class=\"vc_do_toggle vc_toggle vc_toggle_default vc_toggle_color_default  vc_toggle_size_md\"><div class=\"vc_toggle_title\"><h4>MyConnect 150<\/h4><i class=\"vc_toggle_icon\"><\/i><\/div><div class=\"vc_toggle_content\"><p><a href=\"https:\/\/www.advanceparis.com\/wp-content\/uploads\/2022\/10\/MyConnect-150-DoC.pdf\">MyConnect 150 DoC<\/a><\/p>\n<\/div><\/div><div  class=\"vc_do_toggle vc_toggle vc_toggle_default vc_toggle_color_default  vc_toggle_size_md\"><div class=\"vc_toggle_title\"><h4>MyConnect 60<\/h4><i class=\"vc_toggle_icon\"><\/i><\/div><div class=\"vc_toggle_content\"><p><a href=\"https:\/\/www.advanceparis.com\/wp-content\/uploads\/2023\/08\/AP-MyConnect60.pdf\">AP MyConnect60<\/a><\/p>\n<\/div><\/div><div  class=\"vc_do_toggle vc_toggle vc_toggle_default vc_toggle_color_default  vc_toggle_size_md\"><div class=\"vc_toggle_title\"><h4>MyCast 7<\/h4><i class=\"vc_toggle_icon\"><\/i><\/div><div class=\"vc_toggle_content\"><p><a href=\"https:\/\/www.advanceparis.com\/wp-content\/uploads\/2023\/08\/DoC-MyCast7.pdf\">DoC MyCast7<\/a><\/p>\n<\/div><\/div><div  class=\"vc_do_toggle vc_toggle vc_toggle_default vc_toggle_color_default  vc_toggle_size_md\"><div class=\"vc_toggle_title\"><h4>WTX-StreamTubes<\/h4><i class=\"vc_toggle_icon\"><\/i><\/div><div class=\"vc_toggle_content\"><p><a href=\"https:\/\/www.advanceparis.com\/wp-content\/uploads\/2023\/08\/WTX-Streamtubes-DoC.pdf\">WTX-Streamtubes DoC<\/a><\/p>\n<\/div><\/div><div  class=\"vc_do_toggle vc_toggle vc_toggle_default vc_toggle_color_default  vc_toggle_size_md\"><div class=\"vc_toggle_title\"><h4>HDT-800<\/h4><i class=\"vc_toggle_icon\"><\/i><\/div><div class=\"vc_toggle_content\"><p><a href=\"https:\/\/www.advanceparis.com\/wp-content\/uploads\/2023\/08\/DoC-HDT800.pdf\">DoC HDT800<\/a><\/p>\n<\/div><\/div><div  class=\"vc_do_toggle vc_toggle vc_toggle_default vc_toggle_color_default  vc_toggle_size_md\"><div class=\"vc_toggle_title\"><h4>UX-1<\/h4><i class=\"vc_toggle_icon\"><\/i><\/div><div class=\"vc_toggle_content\"><p><a href=\"https:\/\/www.advanceparis.com\/wp-content\/uploads\/2023\/08\/DoC-UX1-Xstream9.pdf\">DoC UX1 Xstream9<\/a><\/p>\n<\/div><\/div><\/div><\/div><\/div><div class=\"wpb_column vc_column_container vc_col-sm-4\"><div class=\"vc_column-inner\"><div class=\"wpb_wrapper\"><div  class=\"vc_do_toggle vc_toggle vc_toggle_default vc_toggle_color_default  vc_toggle_size_md\"><div class=\"vc_toggle_title\"><h4>PlayStream A7<\/h4><i class=\"vc_toggle_icon\"><\/i><\/div><div class=\"vc_toggle_content\"><p><a href=\"https:\/\/www.advanceparis.com\/wp-content\/uploads\/2022\/10\/Playstream-A7-DoC.pdf\">PlayStream A7 DoC<\/a><\/p>\n<\/div><\/div><div  class=\"vc_do_toggle vc_toggle vc_toggle_default vc_toggle_color_default  vc_toggle_size_md\"><div class=\"vc_toggle_title\"><h4>PlayStream A5<\/h4><i class=\"vc_toggle_icon\"><\/i><\/div><div class=\"vc_toggle_content\"><p><a href=\"https:\/\/www.advanceparis.com\/wp-content\/uploads\/2022\/10\/Playstream-A5-DoC.pdf\">PlayStream A5 DoC<\/a><\/p>\n<\/div><\/div><div  class=\"vc_do_toggle vc_toggle vc_toggle_default vc_toggle_color_default  vc_toggle_size_md\"><div class=\"vc_toggle_title\"><h4>PlayStream A1<\/h4><i class=\"vc_toggle_icon\"><\/i><\/div><div class=\"vc_toggle_content\"><p><a href=\"https:\/\/www.advanceparis.com\/wp-content\/uploads\/2023\/08\/DoC-PlaystreamA1.pdf\">DoC PlaystreamA1<\/a><\/p>\n<\/div><\/div><div  class=\"vc_do_toggle vc_toggle vc_toggle_default vc_toggle_color_default  vc_toggle_size_md\"><div class=\"vc_toggle_title\"><h4>WTX-MicroStream<\/h4><i class=\"vc_toggle_icon\"><\/i><\/div><div class=\"vc_toggle_content\"><p><a href=\"https:\/\/www.advanceparis.com\/wp-content\/uploads\/2023\/08\/DoC-WTX-Microstream.pdf\">DoC WTX-Microstream<\/a><\/p>\n<\/div><\/div><div  class=\"vc_do_toggle vc_toggle vc_toggle_default vc_toggle_color_default  vc_toggle_size_md\"><div class=\"vc_toggle_title\"><h4>WTX-Tubes<\/h4><i class=\"vc_toggle_icon\"><\/i><\/div><div class=\"vc_toggle_content\"><p><a href=\"https:\/\/www.advanceparis.com\/wp-content\/uploads\/2023\/08\/DoC-WTX-Tubes.pdf\">Tubos DoC WTX<\/a><\/p>\n<\/div><\/div><div  class=\"vc_do_toggle vc_toggle vc_toggle_default vc_toggle_color_default  vc_toggle_size_md\"><div class=\"vc_toggle_title\"><h4>WTX-1100<\/h4><i class=\"vc_toggle_icon\"><\/i><\/div><div class=\"vc_toggle_content\"><p><a href=\"https:\/\/www.advanceparis.com\/wp-content\/uploads\/2023\/08\/WTX1100.pdf\">WTX1100<\/a><\/p>\n<\/div><\/div><\/div><\/div><\/div><\/div><div class=\"vc_row wpb_row vc_row-fluid vc_row-bg-position-top\"><div class=\"wpb_column vc_column_container vc_col-sm-4\"><div class=\"vc_column-inner\"><div class=\"wpb_wrapper\"><div  class=\"vc_do_toggle vc_toggle vc_toggle_default vc_toggle_color_default  vc_toggle_size_md\"><div class=\"vc_toggle_title\"><h4>X-i1100<\/h4><i class=\"vc_toggle_icon\"><\/i><\/div><div class=\"vc_toggle_content\"><p><a href=\"https:\/\/www.advanceparis.com\/wp-content\/uploads\/2023\/08\/Xi1100-DC.pdf\">Xi1100 CC<\/a><\/p>\n<\/div><\/div><div  class=\"vc_do_toggle vc_toggle vc_toggle_default vc_toggle_color_default  vc_toggle_size_md\"><div class=\"vc_toggle_title\"><h4>BX-2<\/h4><i class=\"vc_toggle_icon\"><\/i><\/div><div class=\"vc_toggle_content\"><p><a href=\"https:\/\/www.advanceparis.com\/wp-content\/uploads\/2023\/08\/DoC-BX2.pdf\">DoC BX2<\/a><\/p>\n<\/div><\/div><div  class=\"vc_do_toggle vc_toggle vc_toggle_default vc_toggle_color_default  vc_toggle_size_md\"><div class=\"vc_toggle_title\"><h4>BX-1<\/h4><i class=\"vc_toggle_icon\"><\/i><\/div><div class=\"vc_toggle_content\"><p><a href=\"https:\/\/www.advanceparis.com\/wp-content\/uploads\/2023\/08\/DoC-BX1.pdf\">DoC BX1<\/a><\/p>\n<\/div><\/div><div  class=\"vc_do_toggle vc_toggle vc_toggle_default vc_toggle_color_default  vc_toggle_size_md\"><div class=\"vc_toggle_title\"><h4>X-i75<\/h4><i class=\"vc_toggle_icon\"><\/i><\/div><div class=\"vc_toggle_content\"><p><a href=\"https:\/\/www.advanceparis.com\/wp-content\/uploads\/2023\/08\/DoC-Xi-75.pdf\">DoC-Xi-75<\/a><\/p>\n<\/div><\/div><div  class=\"vc_do_toggle vc_toggle vc_toggle_default vc_toggle_color_default  vc_toggle_size_md\"><div class=\"vc_toggle_title\"><h4>X-i50BT<\/h4><i class=\"vc_toggle_icon\"><\/i><\/div><div class=\"vc_toggle_content\"><p><a href=\"https:\/\/www.advanceparis.com\/wp-content\/uploads\/2023\/08\/DoC-Xi50Bt-Stream80.pdf\">DoC Xi50Bt Stream80<\/a><\/p>\n<\/div><\/div><div  class=\"vc_do_toggle vc_toggle vc_toggle_default vc_toggle_color_default  vc_toggle_size_md\"><div class=\"vc_toggle_title\"><h4>Corriente 80<\/h4><i class=\"vc_toggle_icon\"><\/i><\/div><div class=\"vc_toggle_content\"><p><a href=\"https:\/\/www.advanceparis.com\/wp-content\/uploads\/2023\/08\/DoC-Xi50Bt-Stream80.pdf\">DoC Xi50Bt Stream80<\/a><\/p>\n<\/div><\/div><\/div><\/div><\/div><div class=\"wpb_column vc_column_container vc_col-sm-4\"><div class=\"vc_column-inner\"><div class=\"wpb_wrapper\"><div  class=\"vc_do_toggle vc_toggle vc_toggle_default vc_toggle_color_default  vc_toggle_size_md\"><div class=\"vc_toggle_title\"><h4>X-CD1000 EVO<\/h4><i class=\"vc_toggle_icon\"><\/i><\/div><div class=\"vc_toggle_content\"><p><a href=\"https:\/\/www.advanceparis.com\/wp-content\/uploads\/2023\/08\/DoC-Xcd1000EVO.pdf\">DoC Xcd1000EVO<\/a><\/p>\n<\/div><\/div><div  class=\"vc_do_toggle vc_toggle vc_toggle_default vc_toggle_color_default  vc_toggle_size_md\"><div class=\"vc_toggle_title\"><h4>X-D500<\/h4><i class=\"vc_toggle_icon\"><\/i><\/div><div class=\"vc_toggle_content\"><p><a href=\"https:\/\/www.advanceparis.com\/wp-content\/uploads\/2023\/08\/DoC-X-D500.pdf\">DoC X-D500<\/a><\/p>\n<\/div><\/div><div  class=\"vc_do_toggle vc_toggle vc_toggle_default vc_toggle_color_default  vc_toggle_size_md\"><div class=\"vc_toggle_title\"><h4>X-Stream 9<\/h4><i class=\"vc_toggle_icon\"><\/i><\/div><div class=\"vc_toggle_content\"><p><a href=\"https:\/\/www.advanceparis.com\/wp-content\/uploads\/2023\/08\/DoC-UX1-Xstream9.pdf\">DoC UX1 Xstream9<\/a><\/p>\n<\/div><\/div><div  class=\"vc_do_toggle vc_toggle vc_toggle_default vc_toggle_color_default  vc_toggle_size_md\"><div class=\"vc_toggle_title\"><h4>X-CD9<\/h4><i class=\"vc_toggle_icon\"><\/i><\/div><div class=\"vc_toggle_content\"><p><a href=\"https:\/\/www.advanceparis.com\/wp-content\/uploads\/2023\/08\/DoC-Xcd9.pdf\">DoC Xcd9<\/a><\/p>\n<\/div><\/div><div  class=\"vc_do_toggle vc_toggle vc_toggle_default vc_toggle_color_default  vc_toggle_size_md\"><div class=\"vc_toggle_title\"><h4>X-CD7<\/h4><i class=\"vc_toggle_icon\"><\/i><\/div><div class=\"vc_toggle_content\"><p><a href=\"https:\/\/www.advanceparis.com\/wp-content\/uploads\/2023\/08\/DoC-Xcd7.pdf\">DoC Xcd7<\/a><\/p>\n<\/div><\/div><\/div><\/div><\/div><div class=\"wpb_column vc_column_container vc_col-sm-4\"><div class=\"vc_column-inner\"><div class=\"wpb_wrapper\"><div  class=\"vc_do_toggle vc_toggle vc_toggle_default vc_toggle_color_default  vc_toggle_size_md\"><div class=\"vc_toggle_title\"><h4>X-P1200<\/h4><i class=\"vc_toggle_icon\"><\/i><\/div><div class=\"vc_toggle_content\"><p><a href=\"https:\/\/www.advanceparis.com\/wp-content\/uploads\/2023\/08\/XP1200-DC.pdf\">XP1200 CC<\/a><\/p>\n<\/div><\/div><div  class=\"vc_do_toggle vc_toggle vc_toggle_default vc_toggle_color_default  vc_toggle_size_md\"><div class=\"vc_toggle_title\"><h4>X-P700<\/h4><i class=\"vc_toggle_icon\"><\/i><\/div><div class=\"vc_toggle_content\"><p><a href=\"https:\/\/www.advanceparis.com\/wp-content\/uploads\/2023\/08\/XP700-DC.pdf\">XP700 DC<\/a><\/p>\n<\/div><\/div><div  class=\"vc_do_toggle vc_toggle vc_toggle_default vc_toggle_color_default  vc_toggle_size_md\"><div class=\"vc_toggle_title\"><h4>X-A1200<\/h4><i class=\"vc_toggle_icon\"><\/i><\/div><div class=\"vc_toggle_content\"><p><a href=\"https:\/\/www.advanceparis.com\/wp-content\/uploads\/2023\/08\/XA1200-DC.pdf\">XA1200 CC<\/a><\/p>\n<\/div><\/div><div  class=\"vc_do_toggle vc_toggle vc_toggle_default vc_toggle_color_default  vc_toggle_size_md\"><div class=\"vc_toggle_title\"><h4>X-A220 EVO<\/h4><i class=\"vc_toggle_icon\"><\/i><\/div><div class=\"vc_toggle_content\"><p><a href=\"https:\/\/www.advanceparis.com\/wp-content\/uploads\/2023\/08\/XA220-EVO-DC.pdf\">XA220 EVO DC<\/a><\/p>\n<\/div><\/div><div  class=\"vc_do_toggle vc_toggle vc_toggle_default vc_toggle_color_default  vc_toggle_size_md\"><div class=\"vc_toggle_title\"><h4>X-A220<\/h4><i class=\"vc_toggle_icon\"><\/i><\/div><div class=\"vc_toggle_content\"><p><a href=\"https:\/\/www.advanceparis.com\/wp-content\/uploads\/2023\/08\/XA220-DC.pdf\">XA220 CC<\/a><\/p>\n<\/div><\/div><div  class=\"vc_do_toggle vc_toggle vc_toggle_default vc_toggle_color_default  vc_toggle_size_md\"><div class=\"vc_toggle_title\"><h4>X-A600<\/h4><i class=\"vc_toggle_icon\"><\/i><\/div><div class=\"vc_toggle_content\"><p><a href=\"https:\/\/www.advanceparis.com\/wp-content\/uploads\/2023\/08\/XA600-DC.pdf\">XA600 CC<\/a><\/p>\n<\/div><\/div><div  class=\"vc_do_toggle vc_toggle vc_toggle_default vc_toggle_color_default  vc_toggle_size_md\"><div class=\"vc_toggle_title\"><h4>X-A160 EVO<\/h4><i class=\"vc_toggle_icon\"><\/i><\/div><div class=\"vc_toggle_content\"><p><a href=\"https:\/\/www.advanceparis.com\/wp-content\/uploads\/2023\/08\/XA160EVO-DC.pdf\">XA160EVO CC<\/a><\/p>\n<\/div><\/div><\/div><\/div><\/div><\/div>\n<\/div>","protected":false},"excerpt":{"rendered":"Advance Paris &gt; Actualit\u00e9sD\u00e9claration de conformit\u00e9Retrouvez ici nos d\u00e9clarations de conformit\u00e9s pour l'Union Europ\u00e9enne des produits Advance Paris A12 ClassicA12 [...]","protected":false},"author":2,"featured_media":81,"parent":0,"menu_order":0,"comment_status":"closed","ping_status":"closed","template":"","meta":{"_acf_changed":false,"footnotes":""},"class_list":["post-2966","page","type-page","status-publish","has-post-thumbnail","hentry"],"acf":[],"jetpack_sharing_enabled":true,"_links":{"self":[{"href":"https:\/\/www.advanceparis.com\/es\/wp-json\/wp\/v2\/pages\/2966","targetHints":{"allow":["GET"]}}],"collection":[{"href":"https:\/\/www.advanceparis.com\/es\/wp-json\/wp\/v2\/pages"}],"about":[{"href":"https:\/\/www.advanceparis.com\/es\/wp-json\/wp\/v2\/types\/page"}],"author":[{"embeddable":true,"href":"https:\/\/www.advanceparis.com\/es\/wp-json\/wp\/v2\/users\/2"}],"replies":[{"embeddable":true,"href":"https:\/\/www.advanceparis.com\/es\/wp-json\/wp\/v2\/comments?post=2966"}],"version-history":[{"count":30,"href":"https:\/\/www.advanceparis.com\/es\/wp-json\/wp\/v2\/pages\/2966\/revisions"}],"predecessor-version":[{"id":8025,"href":"https:\/\/www.advanceparis.com\/es\/wp-json\/wp\/v2\/pages\/2966\/revisions\/8025"}],"wp:featuredmedia":[{"embeddable":true,"href":"https:\/\/www.advanceparis.com\/es\/wp-json\/wp\/v2\/media\/81"}],"wp:attachment":[{"href":"https:\/\/www.advanceparis.com\/es\/wp-json\/wp\/v2\/media?parent=2966"}],"curies":[{"name":"wp","href":"https:\/\/api.w.org\/{rel}","templated":true}]}}