{"id":11219,"date":"2026-04-08T14:22:59","date_gmt":"2026-04-08T12:22:59","guid":{"rendered":"https:\/\/www.advanceparis.com\/?page_id=11219"},"modified":"2026-04-14T09:32:17","modified_gmt":"2026-04-14T07:32:17","slug":"nova","status":"publish","type":"page","link":"https:\/\/www.advanceparis.com\/es\/gammes\/nova\/","title":{"rendered":"NOVA"},"content":{"rendered":"<div class=\"wpb-content-wrapper\"><div data-vc-full-width=\"true\" data-vc-full-width-init=\"false\" class=\"vc_row wpb_row vc_row-fluid vc_custom_1652739795840 vc_custom_1652739795841 vc_row-has-fill vc_row-has-padding-top vc_row-has-padding-bottom vc_row-bg-position-top\"><div class=\"wpb_column vc_column_container vc_col-sm-12\"><div class=\"vc_column-inner\"><div class=\"wpb_wrapper\"><div class=\"vc_row wpb_row vc_inner vc_row-fluid vc_row-bg-position-top\"><div class=\"wpb_column vc_column_container vc_col-sm-12\"><div class=\"vc_column-inner\"><div class=\"wpb_wrapper\"><div style=\"color:#ffffff;\" class=\"breadcrumbs breadcrumbs-shortcode bcn-left\" typeof=\"BreadcrumbList\" vocab=\"https:\/\/schema.org\/\" ><span property=\"itemListElement\" typeof=\"ListItem\"><a property=\"item\" typeof=\"WebPage\" title=\"Ir a Advance Paris.\" href=\"https:\/\/www.advanceparis.com\/es\" class=\"home\" ><span property=\"name\">Avance Par\u00eds<\/span><\/a><meta property=\"position\" content=\"1\"><\/span> &gt; <span property=\"itemListElement\" typeof=\"ListItem\"><a property=\"item\" typeof=\"WebPage\" title=\"Ir a Noticias.\" href=\"https:\/\/www.advanceparis.com\/es\/actualites\/\" class=\"post-root post post-post\" aria-current=\"page\"><span property=\"name\">Noticias<\/span><\/a><meta property=\"position\" content=\"2\"><\/span><\/div><header class=\"kd-section-title col-lg-12 text-left  subtitle-below-title kd-animated fadeIn   vc_custom_1775566718189\" data-animation-delay=\"200\"><h1 class=\"separator_off\" style=\"color: #ffffff;font-size: 60px;line-height: 70px;margin-bottom:30px;\">NOVA<\/h1><h6 class=\"subtitle\" style=\"color: #f2f2f2;\">Sonido premium con estilo neo-retro.<\/h6><\/header><\/div><\/div><\/div><\/div><\/div><\/div><\/div><\/div><div class=\"vc_row-full-width vc_clearfix\"><\/div><div class=\"vc_row wpb_row vc_row-fluid vc_row-bg-position-top\"><div class=\"wpb_column vc_column_container vc_col-sm-12\"><div class=\"vc_column-inner\"><div class=\"wpb_wrapper\"><div class=\"vc_empty_space\"   style=\"height: 32px\"><span class=\"vc_empty_space_inner\"><\/span><\/div><\/div><\/div><\/div><\/div><div class=\"vc_row wpb_row vc_row-fluid vc_row-bg-position-top\"><div class=\"wpb_column vc_column_container vc_col-sm-12\"><div class=\"vc_column-inner vc_custom_1761256019773 vc_custom_1761256019773 vc_custom_1761256019773 vc_custom_1761256019773\"><div class=\"wpb_wrapper\"><header class=\"kd-section-title col-lg-12 text-center  subtitle-below-title\" ><h2 class=\"separator_off\" >La gama <span style=\"color:#BE9B68;\">NOVA<\/span><\/h2><\/header><\/div><\/div><\/div><\/div><div class=\"vc_row wpb_row vc_row-fluid vc_row-bg-position-top\"><div class=\"wpb_column vc_column_container vc_col-sm-12\"><div class=\"vc_column-inner\"><div class=\"wpb_wrapper\"><div class=\"vc_empty_space\"   style=\"height: 32px\"><span class=\"vc_empty_space_inner\"><\/span><\/div><\/div><\/div><\/div><\/div><div class=\"vc_row wpb_row vc_row-fluid vc_row-bg-position-top\"><div class=\"wpb_column vc_column_container vc_col-sm-3\"><div class=\"vc_column-inner\"><div class=\"wpb_wrapper\">\n\t<div  class=\"wpb_single_image wpb_content_element vc_align_center wpb_content_element\">\n\t\t\n\t\t<figure class=\"wpb_wrapper vc_figure\">\n\t\t\t<div class=\"vc_single_image-wrapper   vc_box_border_grey\"><img loading=\"lazy\" decoding=\"async\" width=\"1080\" height=\"1500\" src=\"https:\/\/www.advanceparis.com\/wp-content\/uploads\/2026\/04\/ADVANCE_Tubes-gamme.jpg\" class=\"vc_single_image-img attachment-full\" alt=\"\" title=\"ADVANCE_Tubos-gama\" \/><\/div>\n\t\t<\/figure>\n\t<\/div>\n<\/div><\/div><\/div><div class=\"wpb_column vc_column_container vc_col-sm-9\"><div class=\"vc_column-inner\"><div class=\"wpb_wrapper\">\n\t<div class=\"wpb_text_column wpb_content_element\" >\n\t\t<div class=\"wpb_wrapper\">\n\t\t\t<h6 style=\"text-align: left;\"><span style=\"font-weight: 400;\">Filosof\u00eda<\/span><\/h6>\n\n\t\t<\/div>\n\t<\/div>\n\n\t<div class=\"wpb_text_column wpb_content_element\" >\n\t\t<div class=\"wpb_wrapper\">\n\t\t\t<blockquote>\n<h1 style=\"text-align: center;\"><span style=\"font-weight: 400;\">La hibridaci\u00f3n como <em>manifieste<\/em><\/span><\/h1>\n<\/blockquote>\n\n\t\t<\/div>\n\t<\/div>\n\n\t<div class=\"wpb_text_column wpb_content_element\" >\n\t\t<div class=\"wpb_wrapper\">\n\t\t\t<h6><span style=\"font-weight: 400;\">Nova no es una simple gama de amplificadores. Es una convicci\u00f3n: que la calidez de los tubos y el control digital no se oponen, sino que se complementan. Cada NOVA integra una etapa de preamplificaci\u00f3n de tubos ECC81, una firma sonora inimitable, acoplada a una secci\u00f3n amplificadora de transistores de Clase AB para una potencia sin concesiones.<\/span><\/h6>\n<h6><span style=\"font-weight: 400;\">En el amplificador, un DSP de 4 canales ofrece una correcci\u00f3n ac\u00fastica de precisi\u00f3n profesional, seguido de un DAC ESS9017S de 8 canales en modo Quad, garantizando una conversi\u00f3n de alta resoluci\u00f3n en cada uno de sus canales, independientemente.<\/span><\/h6>\n<h6><span style=\"font-weight: 400;\">El resultado: un sistema que se adapta a tu espacio, a tus altavoces, a tus usos, hoy y ma\u00f1ana.<\/span><\/h6>\n\n\t\t<\/div>\n\t<\/div>\n<\/div><\/div><\/div><\/div><div class=\"vc_row wpb_row vc_row-fluid vc_row-bg-position-top\"><div class=\"wpb_column vc_column_container vc_col-sm-12\"><div class=\"vc_column-inner\"><div class=\"wpb_wrapper\"><div class=\"vc_empty_space\"   style=\"height: 32px\"><span class=\"vc_empty_space_inner\"><\/span><\/div><\/div><\/div><\/div><\/div><div class=\"vc_row wpb_row vc_row-fluid vc_row-bg-position-top\"><div class=\"wpb_column vc_column_container vc_col-sm-12\"><div class=\"vc_column-inner\"><div class=\"wpb_wrapper\"><div class=\"vc_separator wpb_content_element vc_separator_align_center vc_sep_width_100 vc_sep_pos_align_center vc_separator_no_text wpb_content_element  wpb_content_element\" ><span class=\"vc_sep_holder vc_sep_holder_l\"><span style=\"border-color:#000000;\" class=\"vc_sep_line\"><\/span><\/span><span class=\"vc_sep_holder vc_sep_holder_r\"><span style=\"border-color:#000000;\" class=\"vc_sep_line\"><\/span><\/span>\n<\/div><\/div><\/div><\/div><\/div><div class=\"vc_row wpb_row vc_row-fluid vc_row-bg-position-top\"><div class=\"wpb_column vc_column_container vc_col-sm-12\"><div class=\"vc_column-inner\"><div class=\"wpb_wrapper\">\n\t<div class=\"wpb_text_column wpb_content_element wpb_animate_when_almost_visible wpb_fadeIn fadeIn\" >\n\t\t<div class=\"wpb_wrapper\">\n\t\t\t<h1 style=\"text-align: center;\">Los 5 compromisos NOVA<\/h1>\n\n\t\t<\/div>\n\t<\/div>\n<\/div><\/div><\/div><\/div><div class=\"vc_row wpb_row vc_row-fluid vc_row-bg-position-top\"><div class=\"wpb_column vc_column_container vc_col-sm-12\"><div class=\"vc_column-inner\"><div class=\"wpb_wrapper\"><div class=\"vc_empty_space\"   style=\"height: 32px\"><span class=\"vc_empty_space_inner\"><\/span><\/div><\/div><\/div><\/div><\/div><div class=\"vc_row wpb_row vc_row-fluid vc_row-bg-position-top\"><div class=\"wpb_column vc_column_container vc_col-sm-1\/5\"><div class=\"vc_column-inner\"><div class=\"wpb_wrapper\">\n\t<div class=\"wpb_text_column wpb_content_element\" >\n\t\t<div class=\"wpb_wrapper\">\n\t\t\t<h4><b>01. Gama Alta<\/b><\/h4>\n<p><span style=\"font-weight: 400;\">Componentes insignia. Transformador toroidal, potenci\u00f3metro ALPS, v\u00e1lvula ECC81 seleccionada. Sin concesiones en la cadena de se\u00f1al.<\/span><\/p>\n\n\t\t<\/div>\n\t<\/div>\n<\/div><\/div><\/div><div class=\"wpb_column vc_column_container vc_col-sm-1\/5\"><div class=\"vc_column-inner\"><div class=\"wpb_wrapper\">\n\t<div class=\"wpb_text_column wpb_content_element\" >\n\t\t<div class=\"wpb_wrapper\">\n\t\t\t<h4><b>02. Dise\u00f1o elegante<\/b><\/h4>\n<p><span style=\"font-weight: 400;\">Fachada de aluminio de 8 mm, acabado cepillado, anodizado en negro o gris. Medidores de nivel bicolor. Una preferencia visual inolvidable.<\/span><\/p>\n\n\t\t<\/div>\n\t<\/div>\n<\/div><\/div><\/div><div class=\"wpb_column vc_column_container vc_col-sm-1\/5\"><div class=\"vc_column-inner\"><div class=\"wpb_wrapper\">\n\t<div class=\"wpb_text_column wpb_content_element\" >\n\t\t<div class=\"wpb_wrapper\">\n\t\t\t<h4><b>03. Dise\u00f1ado para durar<\/b><\/h4>\n<p><span style=\"font-weight: 400;\">Mec\u00e1nica robusta, m\u00f3dulo de streaming actualizable, compatibilidad tecnol\u00f3gica anticipada. NOVA crece contigo y elige intercambiar la tecnolog\u00eda de streaming.<\/span><\/p>\n\n\t\t<\/div>\n\t<\/div>\n<\/div><\/div><\/div><div class=\"wpb_column vc_column_container vc_col-sm-1\/5\"><div class=\"vc_column-inner\"><div class=\"wpb_wrapper\">\n\t<div class=\"wpb_text_column wpb_content_element\" >\n\t\t<div class=\"wpb_wrapper\">\n\t\t\t<h4><b>Rendimiento<\/b><\/h4>\n<p><span style=\"font-weight: 400;\">De 130 a 190 W RMS por canal. Calibraci\u00f3n DSP profesional. Controle cualquier parlante. Equilibre cualquier ac\u00fastica.<\/span><\/p>\n\n\t\t<\/div>\n\t<\/div>\n<\/div><\/div><\/div><div class=\"wpb_column vc_column_container vc_col-sm-1\/5\"><div class=\"vc_column-inner\"><div class=\"wpb_wrapper\">\n\t<div class=\"wpb_text_column wpb_content_element\" >\n\t\t<div class=\"wpb_wrapper\">\n\t\t\t<h4><b>05. Dise\u00f1o x Uso<\/b><\/h4>\n<p><span style=\"font-weight: 400;\">Interfaz intuitiva, compatibilidad HDMI eARC con el televisor, mando a distancia met\u00e1lico giratorio. Complejidad t\u00e9cnica, invisible para el usuario.<\/span><\/p>\n\n\t\t<\/div>\n\t<\/div>\n<\/div><\/div><\/div><\/div><div class=\"vc_row wpb_row vc_row-fluid vc_row-bg-position-top\"><div class=\"wpb_column vc_column_container vc_col-sm-12\"><div class=\"vc_column-inner\"><div class=\"wpb_wrapper\"><div class=\"vc_separator wpb_content_element vc_separator_align_center vc_sep_width_100 vc_sep_pos_align_center vc_separator_no_text vc_custom_1775846467739 wpb_content_element  vc_custom_1775846467739 wpb_content_element\" ><span class=\"vc_sep_holder vc_sep_holder_l\"><span style=\"border-color:#000000;\" class=\"vc_sep_line\"><\/span><\/span><span class=\"vc_sep_holder vc_sep_holder_r\"><span style=\"border-color:#000000;\" class=\"vc_sep_line\"><\/span><\/span>\n<\/div><div class=\"vc_empty_space\"   style=\"height: 32px\"><span class=\"vc_empty_space_inner\"><\/span><\/div><\/div><\/div><\/div><\/div><div class=\"vc_row wpb_row vc_row-fluid vc_custom_1665060160175 vc_row-bg-position-top\"><div class=\"wpb_column vc_column_container vc_col-sm-12\"><div class=\"vc_column-inner\"><div class=\"wpb_wrapper\"><div class=\"woocommerce columns-3\"><ul class=\"products columns-3\">\n\n<li class=\"woo-detailed-style product type-product post-11230 status-publish first outofstock product_cat-amplificateur product_cat-amplificateur-integre product_cat-nova product_tag-tubes has-post-thumbnail shipping-taxable purchasable product-type-variable has-default-attributes woo-variation-gallery-product woovr-active woovr-show-price woovr-show-availability woovr-show-description\">\n\t<a href=\"https:\/\/www.advanceparis.com\/es\/producto\/a-i130-nova\/\" class=\"woocommerce-LoopProduct-link woocommerce-loop-product__link\"><div class=\"woo-entry-image\"><img loading=\"lazy\" decoding=\"async\" width=\"300\" height=\"300\" src=\"https:\/\/www.advanceparis.com\/wp-content\/uploads\/2026\/04\/ADVANCE_NOVA_A-I130_3-4_grey.jpg\" class=\"attachment-woocommerce_thumbnail size-woocommerce_thumbnail\" alt=\"A-i130 NOVA\" \/><\/div><\/a><div class=\"woo-entry-wrapper\"><a href=\"https:\/\/www.advanceparis.com\/es\/producto\/a-i130-nova\/\" class=\"woocommerce-LoopProduct-link woocommerce-loop-product__link\"><h2 class=\"woocommerce-loop-product__title\">A-i130 NOVA<\/h2><\/a>\n\t<span class=\"price\"><span class=\"woocommerce-Price-amount amount\"><bdi>4490,00&nbsp;<span class=\"woocommerce-Price-currencySymbol\">\u20ac<\/span><\/bdi><\/span><\/span>\n<a href=\"https:\/\/www.advanceparis.com\/es\/producto\/a-i130-nova\/\" class=\"button\" data-no-translation=\"\" data-trp-gettext=\"\">M\u00e1s informaci\u00f3n<\/a>\t<span id=\"woocommerce_loop_add_to_cart_link_describedby_11230\" class=\"screen-reader-text\">\n\t\tEste producto tiene m\u00faltiples variantes. Las opciones se pueden elegir en la p\u00e1gina de producto\t<\/span>\n<span class=\"gtm4wp_productdata\" style=\"display:none; visibility:hidden;\" data-gtm4wp_product_data=\"{&quot;internal_id&quot;:11230,&quot;item_id&quot;:11230,&quot;item_name&quot;:&quot;A-i130 NOVA&quot;,&quot;sku&quot;:11230,&quot;price&quot;:4490,&quot;stocklevel&quot;:null,&quot;stockstatus&quot;:&quot;outofstock&quot;,&quot;google_business_vertical&quot;:&quot;retail&quot;,&quot;item_category&quot;:&quot;Amplificateur int\\u00e9gr\\u00e9&quot;,&quot;id&quot;:11230,&quot;productlink&quot;:&quot;https:\\\/\\\/www.advanceparis.com\\\/es\\\/producto\\\/a-i130-nova\\\/&quot;,&quot;item_list_name&quot;:&quot;Lista general de productos&quot;,&quot;index&quot;:1,&quot;product_type&quot;:&quot;variable&quot;,&quot;item_brand&quot;:&quot;&quot;}\"><\/span><\/div><\/li>\n\n<li class=\"woo-detailed-style product type-product post-11285 status-publish outofstock product_cat-amplificateur product_cat-amplificateur-integre product_cat-nova product_tag-tubes has-post-thumbnail shipping-taxable purchasable product-type-variable has-default-attributes woo-variation-gallery-product woovr-active woovr-show-price woovr-show-availability woovr-show-description\">\n\t<a href=\"https:\/\/www.advanceparis.com\/es\/producto\/a-i190-nova\/\" class=\"woocommerce-LoopProduct-link woocommerce-loop-product__link\"><div class=\"woo-entry-image\"><img loading=\"lazy\" decoding=\"async\" width=\"300\" height=\"300\" src=\"https:\/\/www.advanceparis.com\/wp-content\/uploads\/2026\/04\/ADVANCE_NOVA_A-I190_3-4_black.jpg\" class=\"attachment-woocommerce_thumbnail size-woocommerce_thumbnail\" alt=\"A-i190 NOVA\" \/><\/div><\/a><div class=\"woo-entry-wrapper\"><a href=\"https:\/\/www.advanceparis.com\/es\/producto\/a-i190-nova\/\" class=\"woocommerce-LoopProduct-link woocommerce-loop-product__link\"><h2 class=\"woocommerce-loop-product__title\">A-i190 NOVA<\/h2><\/a>\n\t<span class=\"price\"><span class=\"woocommerce-Price-amount amount\"><bdi>5490,00&nbsp;<span class=\"woocommerce-Price-currencySymbol\">\u20ac<\/span><\/bdi><\/span><\/span>\n<a href=\"https:\/\/www.advanceparis.com\/es\/producto\/a-i190-nova\/\" class=\"button\" data-no-translation=\"\" data-trp-gettext=\"\">M\u00e1s informaci\u00f3n<\/a>\t<span id=\"woocommerce_loop_add_to_cart_link_describedby_11285\" class=\"screen-reader-text\">\n\t\tEste producto tiene m\u00faltiples variantes. Las opciones se pueden elegir en la p\u00e1gina de producto\t<\/span>\n<span class=\"gtm4wp_productdata\" style=\"display:none; visibility:hidden;\" data-gtm4wp_product_data=\"{&quot;internal_id&quot;:11285,&quot;item_id&quot;:11285,&quot;item_name&quot;:&quot;A-i190 NOVA&quot;,&quot;sku&quot;:11285,&quot;price&quot;:5490,&quot;stocklevel&quot;:null,&quot;stockstatus&quot;:&quot;outofstock&quot;,&quot;google_business_vertical&quot;:&quot;retail&quot;,&quot;item_category&quot;:&quot;Amplificateur int\\u00e9gr\\u00e9&quot;,&quot;id&quot;:11285,&quot;productlink&quot;:&quot;https:\\\/\\\/www.advanceparis.com\\\/es\\\/producto\\\/a-i190-nova\\\/&quot;,&quot;item_list_name&quot;:&quot;Lista general de productos&quot;,&quot;index&quot;:2,&quot;product_type&quot;:&quot;variable&quot;,&quot;item_brand&quot;:&quot;&quot;}\"><\/span><\/div><\/li>\n<\/ul>\n<\/div><\/div><\/div><\/div><\/div>\n<\/div>","protected":false},"excerpt":{"rendered":"Advance Paris &gt; Actualit\u00e9sNOVALe son premium au style n\u00e9o-r\u00e9tro.La gamme NOVA Philosophie L\u2019hybridation comme manifeste Nova n\u2019est pas une simple [...]","protected":false},"author":2,"featured_media":0,"parent":230,"menu_order":0,"comment_status":"closed","ping_status":"closed","template":"","meta":{"_acf_changed":false,"footnotes":""},"class_list":["post-11219","page","type-page","status-publish","hentry"],"acf":[],"jetpack_sharing_enabled":true,"_links":{"self":[{"href":"https:\/\/www.advanceparis.com\/es\/wp-json\/wp\/v2\/pages\/11219","targetHints":{"allow":["GET"]}}],"collection":[{"href":"https:\/\/www.advanceparis.com\/es\/wp-json\/wp\/v2\/pages"}],"about":[{"href":"https:\/\/www.advanceparis.com\/es\/wp-json\/wp\/v2\/types\/page"}],"author":[{"embeddable":true,"href":"https:\/\/www.advanceparis.com\/es\/wp-json\/wp\/v2\/users\/2"}],"replies":[{"embeddable":true,"href":"https:\/\/www.advanceparis.com\/es\/wp-json\/wp\/v2\/comments?post=11219"}],"version-history":[{"count":15,"href":"https:\/\/www.advanceparis.com\/es\/wp-json\/wp\/v2\/pages\/11219\/revisions"}],"predecessor-version":[{"id":11312,"href":"https:\/\/www.advanceparis.com\/es\/wp-json\/wp\/v2\/pages\/11219\/revisions\/11312"}],"up":[{"embeddable":true,"href":"https:\/\/www.advanceparis.com\/es\/wp-json\/wp\/v2\/pages\/230"}],"wp:attachment":[{"href":"https:\/\/www.advanceparis.com\/es\/wp-json\/wp\/v2\/media?parent=11219"}],"curies":[{"name":"wp","href":"https:\/\/api.w.org\/{rel}","templated":true}]}}