{"id":10835,"date":"2025-10-23T23:47:24","date_gmt":"2025-10-23T21:47:24","guid":{"rendered":"https:\/\/www.advanceparis.com\/?page_id=10835"},"modified":"2025-10-28T15:55:11","modified_gmt":"2025-10-28T14:55:11","slug":"apex","status":"publish","type":"page","link":"https:\/\/www.advanceparis.com\/es\/gammes\/apex\/","title":{"rendered":"APEX"},"content":{"rendered":"<div class=\"wpb-content-wrapper\"><div data-vc-full-width=\"true\" data-vc-full-width-init=\"false\" class=\"vc_row wpb_row vc_row-fluid vc_custom_1652739795840 vc_custom_1652739795841 vc_row-has-fill vc_row-has-padding-top vc_row-has-padding-bottom vc_row-bg-position-top\"><div class=\"wpb_column vc_column_container vc_col-sm-12\"><div class=\"vc_column-inner\"><div class=\"wpb_wrapper\"><div class=\"vc_row wpb_row vc_inner vc_row-fluid vc_row-bg-position-top\"><div class=\"wpb_column vc_column_container vc_col-sm-12\"><div class=\"vc_column-inner\"><div class=\"wpb_wrapper\"><div style=\"color:#ffffff;\" class=\"breadcrumbs breadcrumbs-shortcode bcn-left\" typeof=\"BreadcrumbList\" vocab=\"https:\/\/schema.org\/\" ><span property=\"itemListElement\" typeof=\"ListItem\"><a property=\"item\" typeof=\"WebPage\" title=\"Ir a Advance Paris.\" href=\"https:\/\/www.advanceparis.com\/es\" class=\"home\" ><span property=\"name\">Avance Par\u00eds<\/span><\/a><meta property=\"position\" content=\"1\"><\/span> &gt; <span property=\"itemListElement\" typeof=\"ListItem\"><a property=\"item\" typeof=\"WebPage\" title=\"Ir a Noticias.\" href=\"https:\/\/www.advanceparis.com\/es\/actualites\/\" class=\"post-root post post-post\" aria-current=\"page\"><span property=\"name\">Noticias<\/span><\/a><meta property=\"position\" content=\"2\"><\/span><\/div><header class=\"kd-section-title col-lg-12 text-left  subtitle-below-title kd-animated fadeIn   vc_custom_1760955839323\" data-animation-delay=\"200\"><h1 class=\"separator_off\" style=\"color: #ffffff;font-size: 60px;line-height: 70px;margin-bottom:30px;\">APEX<\/h1><h6 class=\"subtitle\" style=\"color: #f2f2f2;\">Sonido premium con estilo neo-retro.<\/h6><\/header><\/div><\/div><\/div><\/div><\/div><\/div><\/div><\/div><div class=\"vc_row-full-width vc_clearfix\"><\/div><div class=\"vc_row wpb_row vc_row-fluid vc_row-bg-position-top\"><div class=\"wpb_column vc_column_container vc_col-sm-12\"><div class=\"vc_column-inner\"><div class=\"wpb_wrapper\"><div class=\"vc_empty_space\"   style=\"height: 32px\"><span class=\"vc_empty_space_inner\"><\/span><\/div><\/div><\/div><\/div><\/div><div class=\"vc_row wpb_row vc_row-fluid vc_row-bg-position-top\"><div class=\"wpb_column vc_column_container vc_col-sm-12\"><div class=\"vc_column-inner vc_custom_1761256019773 vc_custom_1761256019773 vc_custom_1761256019773 vc_custom_1761256019773\"><div class=\"wpb_wrapper\"><header class=\"kd-section-title col-lg-12 text-center  subtitle-below-title\" ><h2 class=\"separator_off\" >La gama <span style=\"color:#BE9B68;\">APEX<\/span><\/h2><h6 class=\"subtitle\" >Para celebrar su 30 aniversario, Advance Paris ha lanzado APEX, una serie dise\u00f1ada para los amantes del gran sonido. Detr\u00e1s de sus l\u00edneas neo-retro se esconde una ingenier\u00eda audi\u00f3fila acorde con la tradici\u00f3n de la marca.<br \/>\nAPEX es la expresi\u00f3n de un saber hacer franc\u00e9s exigente y apasionado, un homenaje al pasado pensado para el futuro.<\/h6><\/header><\/div><\/div><\/div><\/div><div class=\"vc_row wpb_row vc_row-fluid vc_custom_1665060160175 vc_row-bg-position-top\"><div class=\"wpb_column vc_column_container vc_col-sm-12\"><div class=\"vc_column-inner\"><div class=\"wpb_wrapper\"><div class=\"vc_separator wpb_content_element vc_separator_align_center vc_sep_width_100 vc_sep_pos_align_center vc_separator_no_text vc_custom_1665060065605 wpb_content_element  vc_custom_1665060065605 wpb_content_element\" ><span class=\"vc_sep_holder vc_sep_holder_l\"><span style=\"border-color:#445781;\" class=\"vc_sep_line\"><\/span><\/span><span class=\"vc_sep_holder vc_sep_holder_r\"><span style=\"border-color:#445781;\" class=\"vc_sep_line\"><\/span><\/span>\n<\/div><div class=\"woocommerce columns-3\"><ul class=\"products columns-3\">\n\n<li class=\"woo-detailed-style product type-product post-10878 status-publish first instock product_cat-amplificateur product_cat-amplificateur-integre product_cat-apex product_tag-tubes has-post-thumbnail shipping-taxable purchasable product-type-simple woo-variation-gallery-product\">\n\t<a href=\"https:\/\/www.advanceparis.com\/es\/producto\/a10-apex\/\" class=\"woocommerce-LoopProduct-link woocommerce-loop-product__link\"><div class=\"woo-entry-image\"><img loading=\"lazy\" decoding=\"async\" width=\"300\" height=\"300\" src=\"https:\/\/www.advanceparis.com\/wp-content\/uploads\/2025\/10\/ADVANCE_APEX_A10_3_4_vignetteproduit.jpg\" class=\"attachment-woocommerce_thumbnail size-woocommerce_thumbnail\" alt=\"A10 APEX\" \/><\/div><\/a><div class=\"woo-entry-wrapper\"><a href=\"https:\/\/www.advanceparis.com\/es\/producto\/a10-apex\/\" class=\"woocommerce-LoopProduct-link woocommerce-loop-product__link\"><h2 class=\"woocommerce-loop-product__title\">A10 APEX<\/h2><\/a>\n\t<span class=\"price\"><span class=\"woocommerce-Price-amount amount\"><bdi>2490,00&nbsp;<span class=\"woocommerce-Price-currencySymbol\">\u20ac<\/span><\/bdi><\/span><\/span>\n<a href=\"https:\/\/www.advanceparis.com\/es\/producto\/a10-apex\/\" class=\"button\" data-no-translation=\"\" data-trp-gettext=\"\">M\u00e1s informaci\u00f3n<\/a>\t<span id=\"woocommerce_loop_add_to_cart_link_describedby_10878\" class=\"screen-reader-text\">\n\t\t\t<\/span>\n<span class=\"gtm4wp_productdata\" style=\"display:none; visibility:hidden;\" data-gtm4wp_product_data=\"{&quot;internal_id&quot;:10878,&quot;item_id&quot;:10878,&quot;item_name&quot;:&quot;A10 APEX&quot;,&quot;sku&quot;:10878,&quot;price&quot;:2490,&quot;stocklevel&quot;:null,&quot;stockstatus&quot;:&quot;instock&quot;,&quot;google_business_vertical&quot;:&quot;retail&quot;,&quot;item_category&quot;:&quot;Amplificateur int\\u00e9gr\\u00e9&quot;,&quot;id&quot;:10878,&quot;productlink&quot;:&quot;https:\\\/\\\/www.advanceparis.com\\\/es\\\/producto\\\/a10-apex\\\/&quot;,&quot;item_list_name&quot;:&quot;Lista general de productos&quot;,&quot;index&quot;:1,&quot;product_type&quot;:&quot;simple&quot;,&quot;item_brand&quot;:&quot;&quot;}\"><\/span><\/div><\/li>\n\n<li class=\"woo-detailed-style product type-product post-10900 status-publish instock product_cat-amplificateur product_cat-amplificateur-integre product_cat-apex product_tag-tubes has-post-thumbnail shipping-taxable purchasable product-type-simple woo-variation-gallery-product\">\n\t<a href=\"https:\/\/www.advanceparis.com\/es\/producto\/a12-apex\/\" class=\"woocommerce-LoopProduct-link woocommerce-loop-product__link\"><div class=\"woo-entry-image\"><img loading=\"lazy\" decoding=\"async\" width=\"300\" height=\"300\" src=\"https:\/\/www.advanceparis.com\/wp-content\/uploads\/2025\/10\/ADVANCE_APEX_A12_3_4_vignetteproduit.jpg\" class=\"attachment-woocommerce_thumbnail size-woocommerce_thumbnail\" alt=\"A12 APEX\" \/><\/div><\/a><div class=\"woo-entry-wrapper\"><a href=\"https:\/\/www.advanceparis.com\/es\/producto\/a12-apex\/\" class=\"woocommerce-LoopProduct-link woocommerce-loop-product__link\"><h2 class=\"woocommerce-loop-product__title\">A12 APEX<\/h2><\/a>\n\t<span class=\"price\"><span class=\"woocommerce-Price-amount amount\"><bdi>3490,00&nbsp;<span class=\"woocommerce-Price-currencySymbol\">\u20ac<\/span><\/bdi><\/span><\/span>\n<a href=\"https:\/\/www.advanceparis.com\/es\/producto\/a12-apex\/\" class=\"button\" data-no-translation=\"\" data-trp-gettext=\"\">M\u00e1s informaci\u00f3n<\/a>\t<span id=\"woocommerce_loop_add_to_cart_link_describedby_10900\" class=\"screen-reader-text\">\n\t\t\t<\/span>\n<span class=\"gtm4wp_productdata\" style=\"display:none; visibility:hidden;\" data-gtm4wp_product_data=\"{&quot;internal_id&quot;:10900,&quot;item_id&quot;:10900,&quot;item_name&quot;:&quot;A12 APEX&quot;,&quot;sku&quot;:10900,&quot;price&quot;:3490,&quot;stocklevel&quot;:null,&quot;stockstatus&quot;:&quot;instock&quot;,&quot;google_business_vertical&quot;:&quot;retail&quot;,&quot;item_category&quot;:&quot;Amplificateur int\\u00e9gr\\u00e9&quot;,&quot;id&quot;:10900,&quot;productlink&quot;:&quot;https:\\\/\\\/www.advanceparis.com\\\/es\\\/producto\\\/a12-apex\\\/&quot;,&quot;item_list_name&quot;:&quot;Lista general de productos&quot;,&quot;index&quot;:2,&quot;product_type&quot;:&quot;simple&quot;,&quot;item_brand&quot;:&quot;&quot;}\"><\/span><\/div><\/li>\n\n<li class=\"woo-detailed-style product type-product post-10861 status-publish last instock product_cat-amplificateur product_cat-amplificateur-integre product_cat-apex product_tag-tubes has-post-thumbnail shipping-taxable purchasable product-type-simple woo-variation-gallery-product\">\n\t<a href=\"https:\/\/www.advanceparis.com\/es\/producto\/a8-apex\/\" class=\"woocommerce-LoopProduct-link woocommerce-loop-product__link\"><div class=\"woo-entry-image\"><img loading=\"lazy\" decoding=\"async\" width=\"300\" height=\"300\" src=\"https:\/\/www.advanceparis.com\/wp-content\/uploads\/2025\/10\/ADVANCE_APEX_A8_3_4_vignetteproduit2.jpg\" class=\"attachment-woocommerce_thumbnail size-woocommerce_thumbnail\" alt=\"A8 APEX\" \/><\/div><\/a><div class=\"woo-entry-wrapper\"><a href=\"https:\/\/www.advanceparis.com\/es\/producto\/a8-apex\/\" class=\"woocommerce-LoopProduct-link woocommerce-loop-product__link\"><h2 class=\"woocommerce-loop-product__title\">A8 APEX<\/h2><\/a>\n\t<span class=\"price\"><span class=\"woocommerce-Price-amount amount\"><bdi>1990,00&nbsp;<span class=\"woocommerce-Price-currencySymbol\">\u20ac<\/span><\/bdi><\/span><\/span>\n<a href=\"https:\/\/www.advanceparis.com\/es\/producto\/a8-apex\/\" class=\"button\" data-no-translation=\"\" data-trp-gettext=\"\">M\u00e1s informaci\u00f3n<\/a>\t<span id=\"woocommerce_loop_add_to_cart_link_describedby_10861\" class=\"screen-reader-text\">\n\t\t\t<\/span>\n<span class=\"gtm4wp_productdata\" style=\"display:none; visibility:hidden;\" data-gtm4wp_product_data=\"{&quot;internal_id&quot;:10861,&quot;item_id&quot;:10861,&quot;item_name&quot;:&quot;A8 APEX&quot;,&quot;sku&quot;:10861,&quot;price&quot;:1990,&quot;stocklevel&quot;:null,&quot;stockstatus&quot;:&quot;instock&quot;,&quot;google_business_vertical&quot;:&quot;retail&quot;,&quot;item_category&quot;:&quot;Amplificateur int\\u00e9gr\\u00e9&quot;,&quot;id&quot;:10861,&quot;productlink&quot;:&quot;https:\\\/\\\/www.advanceparis.com\\\/es\\\/producto\\\/a8-apex\\\/&quot;,&quot;item_list_name&quot;:&quot;Lista general de productos&quot;,&quot;index&quot;:3,&quot;product_type&quot;:&quot;simple&quot;,&quot;item_brand&quot;:&quot;&quot;}\"><\/span><\/div><\/li>\n\n<li class=\"woo-detailed-style product type-product post-10702 status-publish first instock product_cat-apex product_cat-lecteur-cd product_tag-tubes has-post-thumbnail shipping-taxable purchasable product-type-simple woo-variation-gallery-product\">\n\t<a href=\"https:\/\/www.advanceparis.com\/es\/producto\/acd-apex\/\" class=\"woocommerce-LoopProduct-link woocommerce-loop-product__link\"><div class=\"woo-entry-image\"><img loading=\"lazy\" decoding=\"async\" width=\"300\" height=\"300\" src=\"https:\/\/www.advanceparis.com\/wp-content\/uploads\/2025\/10\/ADVANCE_APEX_ACD_3_4_vignetteproduit.jpg\" class=\"attachment-woocommerce_thumbnail size-woocommerce_thumbnail\" alt=\"ACD APEX\" \/><\/div><\/a><div class=\"woo-entry-wrapper\"><a href=\"https:\/\/www.advanceparis.com\/es\/producto\/acd-apex\/\" class=\"woocommerce-LoopProduct-link woocommerce-loop-product__link\"><h2 class=\"woocommerce-loop-product__title\">ACD APEX<\/h2><\/a>\n\t<span class=\"price\"><span class=\"woocommerce-Price-amount amount\"><bdi>890,00&nbsp;<span class=\"woocommerce-Price-currencySymbol\">\u20ac<\/span><\/bdi><\/span><\/span>\n<a href=\"https:\/\/www.advanceparis.com\/es\/producto\/acd-apex\/\" class=\"button\" data-no-translation=\"\" data-trp-gettext=\"\">M\u00e1s informaci\u00f3n<\/a>\t<span id=\"woocommerce_loop_add_to_cart_link_describedby_10702\" class=\"screen-reader-text\">\n\t\t\t<\/span>\n<span class=\"gtm4wp_productdata\" style=\"display:none; visibility:hidden;\" data-gtm4wp_product_data=\"{&quot;internal_id&quot;:10702,&quot;item_id&quot;:10702,&quot;item_name&quot;:&quot;ACD APEX&quot;,&quot;sku&quot;:10702,&quot;price&quot;:890,&quot;stocklevel&quot;:null,&quot;stockstatus&quot;:&quot;instock&quot;,&quot;google_business_vertical&quot;:&quot;retail&quot;,&quot;item_category&quot;:&quot;APEX&quot;,&quot;id&quot;:10702,&quot;productlink&quot;:&quot;https:\\\/\\\/www.advanceparis.com\\\/es\\\/producto\\\/acd-apex\\\/&quot;,&quot;item_list_name&quot;:&quot;Lista general de productos&quot;,&quot;index&quot;:4,&quot;product_type&quot;:&quot;simple&quot;,&quot;item_brand&quot;:&quot;&quot;}\"><\/span><\/div><\/li>\n<\/ul>\n<\/div><\/div><\/div><\/div><\/div>\n<\/div>","protected":false},"excerpt":{"rendered":"Advance Paris &gt; Actualit\u00e9sAPEXLe son premium au style n\u00e9o-r\u00e9tro.La gamme APEXEn c\u00e9l\u00e9brant son 30e anniversaire, Advance Paris signe APEX, une [...]","protected":false},"author":3666,"featured_media":0,"parent":230,"menu_order":0,"comment_status":"closed","ping_status":"closed","template":"","meta":{"_acf_changed":false,"footnotes":""},"class_list":["post-10835","page","type-page","status-publish","hentry"],"acf":[],"jetpack_sharing_enabled":true,"_links":{"self":[{"href":"https:\/\/www.advanceparis.com\/es\/wp-json\/wp\/v2\/pages\/10835","targetHints":{"allow":["GET"]}}],"collection":[{"href":"https:\/\/www.advanceparis.com\/es\/wp-json\/wp\/v2\/pages"}],"about":[{"href":"https:\/\/www.advanceparis.com\/es\/wp-json\/wp\/v2\/types\/page"}],"author":[{"embeddable":true,"href":"https:\/\/www.advanceparis.com\/es\/wp-json\/wp\/v2\/users\/3666"}],"replies":[{"embeddable":true,"href":"https:\/\/www.advanceparis.com\/es\/wp-json\/wp\/v2\/comments?post=10835"}],"version-history":[{"count":13,"href":"https:\/\/www.advanceparis.com\/es\/wp-json\/wp\/v2\/pages\/10835\/revisions"}],"predecessor-version":[{"id":10942,"href":"https:\/\/www.advanceparis.com\/es\/wp-json\/wp\/v2\/pages\/10835\/revisions\/10942"}],"up":[{"embeddable":true,"href":"https:\/\/www.advanceparis.com\/es\/wp-json\/wp\/v2\/pages\/230"}],"wp:attachment":[{"href":"https:\/\/www.advanceparis.com\/es\/wp-json\/wp\/v2\/media?parent=10835"}],"curies":[{"name":"wp","href":"https:\/\/api.w.org\/{rel}","templated":true}]}}