{"id":524,"date":"2022-05-12T10:26:20","date_gmt":"2022-05-12T08:26:20","guid":{"rendered":"https:\/\/www.advanceparis.com\/?post_type=product&#038;p=524"},"modified":"2025-03-07T16:52:05","modified_gmt":"2025-03-07T15:52:05","slug":"x-d500","status":"publish","type":"product","link":"https:\/\/www.advanceparis.com\/en\/product\/x-d500\/","title":{"rendered":"X-D500"},"content":{"rendered":"<p>The X-D500 is a CD Transport that concentrates on its main task: extracting the purest digital information from the CD.<\/p>\n<p>Analog conversion must be carried out via a digital-to-analog converter (DAC) or an amplifier with digital sockets.<\/p>\n<p>L\u02bcalimentation de type lin\u00e9aire se base sur 2transformateurs toro\u00efdaux pour une parfaite s\u00e9paration des diff\u00e9rentes alimentations. Circuits required for product operation, such as mechanical management, laser signal processing...<\/p>\n<p>An up-sampling function transforms the original digital signal (16bit\/44.1kHz) into a high-definition signal (24bit\/96kHz or 24bit\/192kHz).<\/p>\n<p>The X-D500 benefits from a highly rigid chassis thanks to its mechanical design. Equipped with Coaxial (RCA), Optical (TOSLINK) and AES \/ EBU (XLR) digital outputs, the X-D500 is a high-end CD source for yourHi-Fi system.<\/p>\n<p>Compatible with all our products (except the X-i50BT), it will allow you to enjoy your CDs, media that are still a reference for their audio quality.<\/p>","protected":false},"excerpt":{"rendered":"<p>Le X-D500 est un Transport CD qui se concentre sur sa t\u00e2che principale : extraire l\u02bcinformation num\u00e9rique la plus pure [&hellip;]<\/p>\n","protected":false},"featured_media":3067,"template":"","meta":{"_acf_changed":false},"product_brand":[],"product_cat":[480,321],"product_tag":[],"class_list":{"0":"post-524","1":"product","2":"type-product","3":"status-publish","4":"has-post-thumbnail","6":"product_cat-classic-line","7":"product_cat-transport-cd","9":"first","10":"outofstock","11":"shipping-taxable","12":"purchasable","13":"product-type-simple"},"acf":[],"jetpack_sharing_enabled":true,"_links":{"self":[{"href":"https:\/\/www.advanceparis.com\/en\/wp-json\/wp\/v2\/product\/524","targetHints":{"allow":["GET"]}}],"collection":[{"href":"https:\/\/www.advanceparis.com\/en\/wp-json\/wp\/v2\/product"}],"about":[{"href":"https:\/\/www.advanceparis.com\/en\/wp-json\/wp\/v2\/types\/product"}],"wp:featuredmedia":[{"embeddable":true,"href":"https:\/\/www.advanceparis.com\/en\/wp-json\/wp\/v2\/media\/3067"}],"wp:attachment":[{"href":"https:\/\/www.advanceparis.com\/en\/wp-json\/wp\/v2\/media?parent=524"}],"wp:term":[{"taxonomy":"product_brand","embeddable":true,"href":"https:\/\/www.advanceparis.com\/en\/wp-json\/wp\/v2\/product_brand?post=524"},{"taxonomy":"product_cat","embeddable":true,"href":"https:\/\/www.advanceparis.com\/en\/wp-json\/wp\/v2\/product_cat?post=524"},{"taxonomy":"product_tag","embeddable":true,"href":"https:\/\/www.advanceparis.com\/en\/wp-json\/wp\/v2\/product_tag?post=524"}],"curies":[{"name":"wp","href":"https:\/\/api.w.org\/{rel}","templated":true}]}}