{"id":2056,"date":"2022-09-30T15:49:10","date_gmt":"2022-09-30T13:49:10","guid":{"rendered":"https:\/\/www.advanceparis.com\/?post_type=product&#038;p=2056"},"modified":"2024-09-02T15:03:55","modified_gmt":"2024-09-02T13:03:55","slug":"acs-fourches","status":"publish","type":"product","link":"https:\/\/www.advanceparis.com\/en\/product\/acs-fourches\/","title":{"rendered":"ACS - Forks"},"content":{"rendered":"<p>The behavior of connecting cables, the quality of plugs and connectors in general have a primordial influence on the musical performance of an audio system.<\/p>\n<p>As a result, we've developed a range of cables with exceptional performance, capable of reproducing all the parameters contained in music: rhythm, melody and dynamics. Advance Acoustic cables provide you with a solution and the guarantee of optimizing the perfect connection between elements.<\/p>\n<p>The mechanical and electrical characteristics of our plugs are of the highest quality, and all too often the performance of a Hi-Fi system is altered or degraded by poor contacts. For these reasons, we recommend using ACS 100 speaker cable with ACS 97 forks.<\/p>","protected":false},"excerpt":{"rendered":"<p>Le comportement des c\u00e2bles de liaison, la qualit\u00e9 des prises et la connectique en g\u00e9n\u00e9ral ont une influence primordiale sur [&hellip;]<\/p>\n","protected":false},"featured_media":2058,"template":"","meta":{"_acf_changed":false},"product_brand":[],"product_cat":[422,486],"product_tag":[],"class_list":{"0":"post-2056","1":"product","2":"type-product","3":"status-publish","4":"has-post-thumbnail","6":"product_cat-cable","7":"product_cat-wire","9":"first","10":"instock","11":"shipping-taxable","12":"purchasable","13":"product-type-simple"},"acf":[],"jetpack_sharing_enabled":true,"_links":{"self":[{"href":"https:\/\/www.advanceparis.com\/en\/wp-json\/wp\/v2\/product\/2056","targetHints":{"allow":["GET"]}}],"collection":[{"href":"https:\/\/www.advanceparis.com\/en\/wp-json\/wp\/v2\/product"}],"about":[{"href":"https:\/\/www.advanceparis.com\/en\/wp-json\/wp\/v2\/types\/product"}],"wp:featuredmedia":[{"embeddable":true,"href":"https:\/\/www.advanceparis.com\/en\/wp-json\/wp\/v2\/media\/2058"}],"wp:attachment":[{"href":"https:\/\/www.advanceparis.com\/en\/wp-json\/wp\/v2\/media?parent=2056"}],"wp:term":[{"taxonomy":"product_brand","embeddable":true,"href":"https:\/\/www.advanceparis.com\/en\/wp-json\/wp\/v2\/product_brand?post=2056"},{"taxonomy":"product_cat","embeddable":true,"href":"https:\/\/www.advanceparis.com\/en\/wp-json\/wp\/v2\/product_cat?post=2056"},{"taxonomy":"product_tag","embeddable":true,"href":"https:\/\/www.advanceparis.com\/en\/wp-json\/wp\/v2\/product_tag?post=2056"}],"curies":[{"name":"wp","href":"https:\/\/api.w.org\/{rel}","templated":true}]}}