{"id":2051,"date":"2022-09-30T15:26:37","date_gmt":"2022-09-30T13:26:37","guid":{"rendered":"https:\/\/www.advanceparis.com\/?post_type=product&#038;p=2051"},"modified":"2025-03-07T15:11:36","modified_gmt":"2025-03-07T14:11:36","slug":"acs-optique","status":"publish","type":"product","link":"https:\/\/www.advanceparis.com\/en\/product\/acs-optique\/","title":{"rendered":"ACS - Optical"},"content":{"rendered":"<p>The behavior of connecting cables, the quality of plugs and connectors in general have a primordial influence on the musical performance of an audio system.<\/p>\n<p>As a result, we've developed a range of cables with exceptional performance, capable of reproducing all the parameters contained in music: rhythm, melody and dynamics. Advance Acoustic cables provide you with a solution and the guarantee of optimizing the perfect connection between elements.<\/p>\n<p>ACS optical fibers are extremely flexible, with high-quality polished contact surfaces. Thanks to different insulators, ACS optical fiber is insensitive to internal and external radiation.<\/p>\n<p>ACS fiber optics are recommended for all types of connection between digital sources and a converter or amplifier with optical digital input (TOSLINK socket).<\/p>","protected":false},"excerpt":{"rendered":"<p>Le comportement des c\u00e2bles de liaison, la qualit\u00e9 des prises et la connectique en g\u00e9n\u00e9ral ont une influence primordiale sur [&hellip;]<\/p>\n","protected":false},"featured_media":2054,"template":"","meta":{"_acf_changed":false},"product_brand":[],"product_cat":[422,486],"product_tag":[],"class_list":{"0":"post-2051","1":"product","2":"type-product","3":"status-publish","4":"has-post-thumbnail","6":"product_cat-cable","7":"product_cat-wire","9":"first","10":"outofstock","11":"shipping-taxable","12":"purchasable","13":"product-type-variable","14":"has-default-attributes"},"acf":[],"jetpack_sharing_enabled":true,"_links":{"self":[{"href":"https:\/\/www.advanceparis.com\/en\/wp-json\/wp\/v2\/product\/2051","targetHints":{"allow":["GET"]}}],"collection":[{"href":"https:\/\/www.advanceparis.com\/en\/wp-json\/wp\/v2\/product"}],"about":[{"href":"https:\/\/www.advanceparis.com\/en\/wp-json\/wp\/v2\/types\/product"}],"wp:featuredmedia":[{"embeddable":true,"href":"https:\/\/www.advanceparis.com\/en\/wp-json\/wp\/v2\/media\/2054"}],"wp:attachment":[{"href":"https:\/\/www.advanceparis.com\/en\/wp-json\/wp\/v2\/media?parent=2051"}],"wp:term":[{"taxonomy":"product_brand","embeddable":true,"href":"https:\/\/www.advanceparis.com\/en\/wp-json\/wp\/v2\/product_brand?post=2051"},{"taxonomy":"product_cat","embeddable":true,"href":"https:\/\/www.advanceparis.com\/en\/wp-json\/wp\/v2\/product_cat?post=2051"},{"taxonomy":"product_tag","embeddable":true,"href":"https:\/\/www.advanceparis.com\/en\/wp-json\/wp\/v2\/product_tag?post=2051"}],"curies":[{"name":"wp","href":"https:\/\/api.w.org\/{rel}","templated":true}]}}