{"id":2045,"date":"2022-09-30T14:34:03","date_gmt":"2022-09-30T12:34:03","guid":{"rendered":"https:\/\/www.advanceparis.com\/?post_type=product&#038;p=2045"},"modified":"2025-05-23T12:09:05","modified_gmt":"2025-05-23T10:09:05","slug":"acs-xlr","status":"publish","type":"product","link":"https:\/\/www.advanceparis.com\/en\/product\/acs-xlr\/","title":{"rendered":"ACS - XLR"},"content":{"rendered":"<p>The behavior of connecting cables, the quality of plugs and connectors in general have a primordial influence on the musical performance of an audio system.<\/p>\n<p>As a result, we've developed a range of cables with exceptional performance, capable of reproducing all the parameters contained in music: rhythm, melody and dynamics. Advance Acoustic cables provide you with a solution and the guarantee of optimizing the perfect connection between elements.<\/p>\n<p>Unlike asymmetrical modulation cables, which are made up of an active conductor (hot spot) and a ground braid (cold spot), ACS 12 symmetrical modulation cable is made up of two active conductors (+ and -) called hot spot and cold spot, with the separate ground braid serving solely as a shield and connected to ground. In addition, an aluminum foil surrounds the cable insulation to act as a screen against electromagnetic and other interference.<\/p>\n<p>This technique, derived from professional equipment and introduced into the world of \"high-end\" hi-fi, enables very high-level musical performance even over lengths of several meters.<\/p>\n<p>This cable is recommended for all types of connection with XLR sockets, such as a preamplifier to an amplifier. But also for connecting our sources to the inputs of some of our amplifiers or preamplifiers.<\/p>","protected":false},"excerpt":{"rendered":"<p>Le comportement des c\u00e2bles de liaison, la qualit\u00e9 des prises et la connectique en g\u00e9n\u00e9ral ont une influence primordiale sur [&hellip;]<\/p>\n","protected":false},"featured_media":8212,"template":"","meta":{"_acf_changed":false},"product_brand":[],"product_cat":[422,486],"product_tag":[],"class_list":{"0":"post-2045","1":"product","2":"type-product","3":"status-publish","4":"has-post-thumbnail","6":"product_cat-cable","7":"product_cat-wire","9":"first","10":"instock","11":"shipping-taxable","12":"purchasable","13":"product-type-variable","14":"has-default-attributes"},"acf":[],"jetpack_sharing_enabled":true,"_links":{"self":[{"href":"https:\/\/www.advanceparis.com\/en\/wp-json\/wp\/v2\/product\/2045","targetHints":{"allow":["GET"]}}],"collection":[{"href":"https:\/\/www.advanceparis.com\/en\/wp-json\/wp\/v2\/product"}],"about":[{"href":"https:\/\/www.advanceparis.com\/en\/wp-json\/wp\/v2\/types\/product"}],"wp:featuredmedia":[{"embeddable":true,"href":"https:\/\/www.advanceparis.com\/en\/wp-json\/wp\/v2\/media\/8212"}],"wp:attachment":[{"href":"https:\/\/www.advanceparis.com\/en\/wp-json\/wp\/v2\/media?parent=2045"}],"wp:term":[{"taxonomy":"product_brand","embeddable":true,"href":"https:\/\/www.advanceparis.com\/en\/wp-json\/wp\/v2\/product_brand?post=2045"},{"taxonomy":"product_cat","embeddable":true,"href":"https:\/\/www.advanceparis.com\/en\/wp-json\/wp\/v2\/product_cat?post=2045"},{"taxonomy":"product_tag","embeddable":true,"href":"https:\/\/www.advanceparis.com\/en\/wp-json\/wp\/v2\/product_tag?post=2045"}],"curies":[{"name":"wp","href":"https:\/\/api.w.org\/{rel}","templated":true}]}}