{"id":969,"date":"2022-07-15T03:56:41","date_gmt":"2022-07-15T01:56:41","guid":{"rendered":"https:\/\/www.advanceparis.com\/?page_id=969"},"modified":"2022-10-20T20:46:58","modified_gmt":"2022-10-20T18:46:58","slug":"playstream","status":"publish","type":"page","link":"https:\/\/www.advanceparis.com\/en\/gammes\/playstream\/","title":{"rendered":"PlayStream"},"content":{"rendered":"<div class=\"wpb-content-wrapper\"><div data-vc-full-width=\"true\" data-vc-full-width-init=\"false\" class=\"vc_row wpb_row vc_row-fluid vc_custom_1652739795840 vc_custom_1652739795841 vc_row-has-fill vc_row-has-padding-top vc_row-has-padding-bottom vc_row-bg-position-top\"><div class=\"wpb_column vc_column_container vc_col-sm-12\"><div class=\"vc_column-inner\"><div class=\"wpb_wrapper\"><div class=\"vc_row wpb_row vc_inner vc_row-fluid vc_row-bg-position-top\"><div class=\"wpb_column vc_column_container vc_col-sm-6\"><div class=\"vc_column-inner\"><div class=\"wpb_wrapper\"><\/div><\/div><\/div><div class=\"wpb_column vc_column_container vc_col-sm-6\"><div class=\"vc_column-inner\"><div class=\"wpb_wrapper\"><div style=\"color:#ffffff;\" class=\"breadcrumbs breadcrumbs-shortcode bcn-left\" typeof=\"BreadcrumbList\" vocab=\"https:\/\/schema.org\/\" ><span property=\"itemListElement\" typeof=\"ListItem\"><a property=\"item\" typeof=\"WebPage\" title=\"Go to Advance Paris.\" href=\"https:\/\/www.advanceparis.com\/en\" class=\"home\" ><span property=\"name\">Advance Paris<\/span><\/a><meta property=\"position\" content=\"1\"><\/span> &gt; <span property=\"itemListElement\" typeof=\"ListItem\"><a property=\"item\" typeof=\"WebPage\" title=\"Go to News.\" href=\"https:\/\/www.advanceparis.com\/en\/actualites\/\" class=\"post-root post post-post\" aria-current=\"page\"><span property=\"name\">News<\/span><\/a><meta property=\"position\" content=\"2\"><\/span><\/div><header class=\"kd-section-title col-lg-12 text-left  subtitle-below-title kd-animated fadeIn   vc_custom_1657852079862\" data-animation-delay=\"200\"><h1 class=\"separator_off\" style=\"color: #ffffff;font-size: 60px;line-height: 70px;margin-bottom:30px;\">PlayStream<\/h1><h6 class=\"subtitle\" style=\"color: #f2f2f2;\">The PlayStream range comprises 3 models, all with network compatibility for streaming your music from a phone, tablet or computer.<\/h6><\/header><\/div><\/div><\/div><\/div><\/div><\/div><\/div><\/div><div class=\"vc_row-full-width vc_clearfix\"><\/div><div class=\"vc_row wpb_row vc_row-fluid vc_custom_1650603766314 vc_row-bg-position-top\"><div class=\"wpb_column vc_column_container vc_col-sm-12\"><div class=\"vc_column-inner vc_custom_1599033169011 vc_custom_1599033169012 vc_custom_1599033169013 vc_custom_1599033169014\"><div class=\"wpb_wrapper\"><div class=\"vc_row wpb_row vc_inner vc_row-fluid vc_row-bg-position-top\"><div class=\"wpb_column vc_column_container vc_col-sm-6\"><div class=\"vc_column-inner\"><div class=\"wpb_wrapper\"><div class=\"kd-photobox\" ><div class=\"photobox-img\"><img loading=\"lazy\" decoding=\"async\" width=\"1000\" height=\"1000\" src=\"https:\/\/www.advanceparis.com\/wp-content\/uploads\/2022\/10\/ADP-A-1000x1000-PlayStream_A7-6.png\" class=\"attachment-full\" alt=\"\" title=\"ADP-A-1000x1000-PlayStream_A7-6\" srcset=\"https:\/\/www.advanceparis.com\/wp-content\/uploads\/2022\/10\/ADP-A-1000x1000-PlayStream_A7-6.png 1000w, https:\/\/www.advanceparis.com\/wp-content\/uploads\/2022\/10\/ADP-A-1000x1000-PlayStream_A7-6-300x300.png 300w, https:\/\/www.advanceparis.com\/wp-content\/uploads\/2022\/10\/ADP-A-1000x1000-PlayStream_A7-6-150x150.png 150w, https:\/\/www.advanceparis.com\/wp-content\/uploads\/2022\/10\/ADP-A-1000x1000-PlayStream_A7-6-768x768.png 768w, https:\/\/www.advanceparis.com\/wp-content\/uploads\/2022\/10\/ADP-A-1000x1000-PlayStream_A7-6-320x320.png 320w, https:\/\/www.advanceparis.com\/wp-content\/uploads\/2022\/10\/ADP-A-1000x1000-PlayStream_A7-6-600x600.png 600w, https:\/\/www.advanceparis.com\/wp-content\/uploads\/2022\/10\/ADP-A-1000x1000-PlayStream_A7-6-50x50.png 50w, https:\/\/www.advanceparis.com\/wp-content\/uploads\/2022\/10\/ADP-A-1000x1000-PlayStream_A7-6-100x100.png 100w\" sizes=\"auto, (max-width: 1000px) 100vw, 1000px\" \/><\/div><div class=\"phb-content text-left\">\n                  <h5 ><\/h5>\n                  <p ><\/p><\/div><\/div><\/div><\/div><\/div><div class=\"wpb_column vc_column_container vc_col-sm-6\"><div class=\"vc_column-inner\"><div class=\"wpb_wrapper\"><\/div><\/div><\/div><\/div><\/div><\/div><\/div><\/div><div class=\"vc_row wpb_row vc_row-fluid vc_custom_1650604138194 vc_row-bg-position-top\"><div class=\"wpb_column vc_column_container vc_col-sm-12\"><div class=\"vc_column-inner vc_custom_1650604054820 vc_custom_1650604054820 vc_custom_1650604054820 vc_custom_1650604054820\"><div class=\"wpb_wrapper\"><header class=\"kd-section-title col-lg-12 text-center  subtitle-below-title    vc_custom_1666291613514\" ><h2 class=\"separator_off\" >The range <span style=\"color:#BE9B68;\">PlayStream<\/span><\/h2><h6 class=\"subtitle\" >Depending on the model, you'll also find Bluetooth (integrated or optional), and an HDMI ARC socket for connecting your TV. And, as always with Advance Paris products, a plethora of digital and analog inputs, plus the option of connecting a subwoofer.<\/h6><\/header><div class=\"vc_row wpb_row vc_inner vc_row-fluid vc_row-bg-position-top\"><div class=\"wpb_column vc_column_container vc_col-sm-4\"><div class=\"vc_column-inner\"><div class=\"wpb_wrapper\"><div class=\"key-icon-box icon-default icon-top cont-center ib-hover-1 with-shadow    icon-no-background icon-no-border kd-animated fadeInUp\" style=\"background-color: #ffffff;\" ><div class=\"ib-wrapper\" style=\"background-color:#ffffff;\"><div class=\"ib-simple-icon-wrapper\" ><div class=\"tt-iconbox-customimg\"><img loading=\"lazy\" decoding=\"async\" width=\"72\" height=\"72\" src=\"https:\/\/www.advanceparis.com\/wp-content\/uploads\/2022\/05\/ADP-Picto-SMALL_POWER-44.png\" class=\"attachment-full\" alt=\"\" title=\"ADP-Picto-SMALL_POWER-44\" \/><\/div><\/div><h4 class=\"service-heading\" >High-performance<\/h4><p >Satisfied<br \/>\nthe audiophile<br \/>\ndemanding<\/p><\/div><\/div><\/div><\/div><\/div><div class=\"wpb_column vc_column_container vc_col-sm-4\"><div class=\"vc_column-inner\"><div class=\"wpb_wrapper\"><div class=\"key-icon-box icon-default icon-top cont-center ib-hover-1 with-shadow    icon-no-background icon-no-border kd-animated fadeInUp\" style=\"background-color: #ffffff;\" ><div class=\"ib-wrapper\" style=\"background-color:#ffffff;\"><div class=\"ib-simple-icon-wrapper\" ><div class=\"tt-iconbox-customimg\"><img loading=\"lazy\" decoding=\"async\" width=\"72\" height=\"72\" src=\"https:\/\/www.advanceparis.com\/wp-content\/uploads\/2022\/05\/ADP-Picto-SMALL_CONNECT.png\" class=\"attachment-full\" alt=\"\" title=\"ADP-Picto-SMALL_CONNECT\" \/><\/div><\/div><h4 class=\"service-heading\" >Numerous channels<\/h4><p >Inputs<br \/>\nand outings<br \/>\nmultiple<\/p><\/div><\/div><\/div><\/div><\/div><div class=\"wpb_column vc_column_container vc_col-sm-4\"><div class=\"vc_column-inner\"><div class=\"wpb_wrapper\"><div class=\"key-icon-box icon-default icon-top cont-center ib-hover-1 with-shadow    icon-no-background icon-no-border kd-animated fadeInUp\" style=\"background-color: #ffffff;\" ><div class=\"ib-wrapper\" style=\"background-color:#ffffff;\"><div class=\"ib-simple-icon-wrapper\" ><div class=\"tt-iconbox-customimg\"><img loading=\"lazy\" decoding=\"async\" width=\"72\" height=\"72\" src=\"https:\/\/www.advanceparis.com\/wp-content\/uploads\/2022\/04\/ADP-Picto_WI-FI.png\" class=\"attachment-full\" alt=\"\" title=\"ADP-Picto_WI-FI\" \/><\/div><\/div><h4 class=\"service-heading\" >Wireless<\/h4><p >Connectivity<br \/>\nwireless<br \/>\nBluetooth \/ Wi-Fi<\/p><\/div><\/div><\/div><\/div><\/div><\/div><\/div><\/div><\/div><\/div><div data-vc-full-width=\"true\" data-vc-full-width-init=\"false\" class=\"vc_row wpb_row vc_row-fluid vc_custom_1652740023795 vc_row-has-padding-top vc_row-has-padding-bottom vc_row-bg-position-top\"><div class=\"wpb_column vc_column_container vc_col-sm-12\"><div class=\"vc_column-inner vc_custom_1602594906620\"><div class=\"wpb_wrapper\"><header class=\"kd-section-title col-lg-12 text-center  subtitle-below-title    vc_custom_1657851730425\" ><h2 class=\"separator_off\" >Products in the range <span style=\"color:#BE9B68;\">PlayStream<\/span><\/h2><\/header><div class=\"vc_row wpb_row vc_inner vc_row-fluid woo-detailed-style vc_custom_1598017399321 vc_row-has-fill vc_row-bg-position-top\"><div class=\"wpb_column vc_column_container vc_col-sm-12\"><div class=\"vc_column-inner vc_custom_1602594910184\"><div class=\"wpb_wrapper\"><div class=\"woocommerce columns-3\"><ul class=\"products columns-3\">\n\n<li class=\"woo-detailed-style product type-product post-530 status-publish first instock product_cat-amplificateur-connecte product_cat-playstream product_tag-bluetooth product_tag-ethernet product_tag-wifi has-post-thumbnail sale shipping-taxable purchasable product-type-variable woo-variation-gallery-product woovr-active woovr-show-price woovr-show-availability woovr-show-description\">\n\t<a href=\"https:\/\/www.advanceparis.com\/en\/product\/playstream-a1\/\" class=\"woocommerce-LoopProduct-link woocommerce-loop-product__link\"><div class=\"woo-entry-image\">\n\t<span class=\"onsale\">Sale 44%<\/span>\n\t<img loading=\"lazy\" decoding=\"async\" width=\"300\" height=\"193\" src=\"https:\/\/www.advanceparis.com\/wp-content\/uploads\/2022\/05\/ADVANCE_PLAYSTREAM-A1-Front-300x193.jpg\" class=\"attachment-woocommerce_thumbnail size-woocommerce_thumbnail\" alt=\"PlayStream A1\" srcset=\"https:\/\/www.advanceparis.com\/wp-content\/uploads\/2022\/05\/ADVANCE_PLAYSTREAM-A1-Front-300x193.jpg 300w, https:\/\/www.advanceparis.com\/wp-content\/uploads\/2022\/05\/ADVANCE_PLAYSTREAM-A1-Front-1024x660.jpg 1024w, https:\/\/www.advanceparis.com\/wp-content\/uploads\/2022\/05\/ADVANCE_PLAYSTREAM-A1-Front-768x495.jpg 768w, https:\/\/www.advanceparis.com\/wp-content\/uploads\/2022\/05\/ADVANCE_PLAYSTREAM-A1-Front-1536x990.jpg 1536w, https:\/\/www.advanceparis.com\/wp-content\/uploads\/2022\/05\/ADVANCE_PLAYSTREAM-A1-Front-2048x1320.jpg 2048w, https:\/\/www.advanceparis.com\/wp-content\/uploads\/2022\/05\/ADVANCE_PLAYSTREAM-A1-Front-18x12.jpg 18w, https:\/\/www.advanceparis.com\/wp-content\/uploads\/2022\/05\/ADVANCE_PLAYSTREAM-A1-Front-600x387.jpg 600w\" sizes=\"auto, (max-width: 300px) 100vw, 300px\" \/><\/div><\/a><div class=\"woo-entry-wrapper\"><a href=\"https:\/\/www.advanceparis.com\/en\/product\/playstream-a1\/\" class=\"woocommerce-LoopProduct-link woocommerce-loop-product__link\"><h2 class=\"woocommerce-loop-product__title\">PlayStream A1<\/h2><\/a>\n\t<span class=\"price\"><span class=\"woocommerce-Price-amount amount\" aria-hidden=\"true\"><bdi>499,00&nbsp;<span class=\"woocommerce-Price-currencySymbol\">&euro;<\/span><\/bdi><\/span> <span aria-hidden=\"true\">\u00a0\u2013\u00a0<\/span> <span class=\"woocommerce-Price-amount amount\" aria-hidden=\"true\"><bdi>548,00&nbsp;<span class=\"woocommerce-Price-currencySymbol\">&euro;<\/span><\/bdi><\/span><span class=\"screen-reader-text\" data-no-translation=\"\" data-trp-gettext=\"\">Plage de prix\u00a0: 499,00&nbsp;&euro; \u00e0 548,00&nbsp;&euro;<\/span><\/span>\n<a href=\"https:\/\/www.advanceparis.com\/en\/product\/playstream-a1\/\" class=\"button\" data-no-translation=\"\" data-trp-gettext=\"\">En savoir plus<\/a>\t<span id=\"woocommerce_loop_add_to_cart_link_describedby_530\" class=\"screen-reader-text\">\n\t\tCe produit a plusieurs variations. Les options peuvent \u00eatre choisies sur la page du produit\t<\/span>\n<span class=\"gtm4wp_productdata\" style=\"display:none; visibility:hidden;\" data-gtm4wp_product_data=\"{&quot;internal_id&quot;:530,&quot;item_id&quot;:530,&quot;item_name&quot;:&quot;PlayStream A1&quot;,&quot;sku&quot;:&quot;3760179292169&quot;,&quot;price&quot;:499,&quot;stocklevel&quot;:null,&quot;stockstatus&quot;:&quot;instock&quot;,&quot;google_business_vertical&quot;:&quot;retail&quot;,&quot;item_category&quot;:&quot;Amplificateur Connect\\u00e9&quot;,&quot;id&quot;:530,&quot;productlink&quot;:&quot;https:\\\/\\\/www.advanceparis.com\\\/en\\\/product\\\/playstream-a1\\\/&quot;,&quot;item_list_name&quot;:&quot;General Product List&quot;,&quot;index&quot;:1,&quot;product_type&quot;:&quot;variable&quot;,&quot;item_brand&quot;:&quot;&quot;}\"><\/span><\/div><\/li>\n\n<li class=\"woo-detailed-style product type-product post-59 status-publish outofstock product_cat-amplificateur-connecte product_cat-playstream product_tag-ethernet product_tag-vu product_tag-wifi has-post-thumbnail shipping-taxable purchasable product-type-variable has-default-attributes woo-variation-gallery-product woovr-active woovr-show-price woovr-show-availability woovr-show-description\">\n\t<a href=\"https:\/\/www.advanceparis.com\/en\/product\/playstream-a5\/\" class=\"woocommerce-LoopProduct-link woocommerce-loop-product__link\"><div class=\"woo-entry-image\"><img loading=\"lazy\" decoding=\"async\" width=\"300\" height=\"300\" src=\"https:\/\/www.advanceparis.com\/wp-content\/uploads\/2022\/04\/PLAYSTREAM5-300x300.jpg\" class=\"attachment-woocommerce_thumbnail size-woocommerce_thumbnail\" alt=\"PlayStream A5\" srcset=\"https:\/\/www.advanceparis.com\/wp-content\/uploads\/2022\/04\/PLAYSTREAM5-300x300.jpg 300w, https:\/\/www.advanceparis.com\/wp-content\/uploads\/2022\/04\/PLAYSTREAM5-100x100.jpg 100w, https:\/\/www.advanceparis.com\/wp-content\/uploads\/2022\/04\/PLAYSTREAM5-600x600.jpg 600w, https:\/\/www.advanceparis.com\/wp-content\/uploads\/2022\/04\/PLAYSTREAM5-150x150.jpg 150w, https:\/\/www.advanceparis.com\/wp-content\/uploads\/2022\/04\/PLAYSTREAM5-768x768.jpg 768w, https:\/\/www.advanceparis.com\/wp-content\/uploads\/2022\/04\/PLAYSTREAM5-320x320.jpg 320w, https:\/\/www.advanceparis.com\/wp-content\/uploads\/2022\/04\/PLAYSTREAM5-50x50.jpg 50w, https:\/\/www.advanceparis.com\/wp-content\/uploads\/2022\/04\/PLAYSTREAM5.jpg 1000w\" sizes=\"auto, (max-width: 300px) 100vw, 300px\" \/><\/div><\/a><div class=\"woo-entry-wrapper\"><a href=\"https:\/\/www.advanceparis.com\/en\/product\/playstream-a5\/\" class=\"woocommerce-LoopProduct-link woocommerce-loop-product__link\"><h2 class=\"woocommerce-loop-product__title\">PlayStream A5<\/h2><\/a>\n\t<span class=\"price\"><span class=\"woocommerce-Price-amount amount\" aria-hidden=\"true\"><bdi>1190,00&nbsp;<span class=\"woocommerce-Price-currencySymbol\">&euro;<\/span><\/bdi><\/span> <span aria-hidden=\"true\">\u00a0\u2013\u00a0<\/span> <span class=\"woocommerce-Price-amount amount\" aria-hidden=\"true\"><bdi>1289,00&nbsp;<span class=\"woocommerce-Price-currencySymbol\">&euro;<\/span><\/bdi><\/span><span class=\"screen-reader-text\" data-no-translation=\"\" data-trp-gettext=\"\">Plage de prix\u00a0: 1190,00&nbsp;&euro; \u00e0 1289,00&nbsp;&euro;<\/span><\/span>\n<a href=\"https:\/\/www.advanceparis.com\/en\/product\/playstream-a5\/\" class=\"button\" data-no-translation=\"\" data-trp-gettext=\"\">En savoir plus<\/a>\t<span id=\"woocommerce_loop_add_to_cart_link_describedby_59\" class=\"screen-reader-text\">\n\t\tCe produit a plusieurs variations. Les options peuvent \u00eatre choisies sur la page du produit\t<\/span>\n<span class=\"gtm4wp_productdata\" style=\"display:none; visibility:hidden;\" data-gtm4wp_product_data=\"{&quot;internal_id&quot;:59,&quot;item_id&quot;:59,&quot;item_name&quot;:&quot;PlayStream A5&quot;,&quot;sku&quot;:&quot;3760179291896&quot;,&quot;price&quot;:1190,&quot;stocklevel&quot;:null,&quot;stockstatus&quot;:&quot;outofstock&quot;,&quot;google_business_vertical&quot;:&quot;retail&quot;,&quot;item_category&quot;:&quot;Amplificateur Connect\\u00e9&quot;,&quot;id&quot;:59,&quot;productlink&quot;:&quot;https:\\\/\\\/www.advanceparis.com\\\/en\\\/product\\\/playstream-a5\\\/&quot;,&quot;item_list_name&quot;:&quot;General Product List&quot;,&quot;index&quot;:2,&quot;product_type&quot;:&quot;variable&quot;,&quot;item_brand&quot;:&quot;&quot;}\"><\/span><\/div><\/li>\n\n<li class=\"woo-detailed-style product type-product post-535 status-publish last outofstock product_cat-amplificateur-connecte product_cat-playstream product_tag-ethernet product_tag-vu product_tag-wifi has-post-thumbnail shipping-taxable purchasable product-type-variable has-default-attributes woo-variation-gallery-product woovr-active woovr-show-price woovr-show-availability woovr-show-description\">\n\t<a href=\"https:\/\/www.advanceparis.com\/en\/product\/playstream-a7\/\" class=\"woocommerce-LoopProduct-link woocommerce-loop-product__link\"><div class=\"woo-entry-image\"><img loading=\"lazy\" decoding=\"async\" width=\"300\" height=\"300\" src=\"https:\/\/www.advanceparis.com\/wp-content\/uploads\/2022\/05\/ADP-A-1000x1000-PlayStream_A7-1-300x300.png\" class=\"attachment-woocommerce_thumbnail size-woocommerce_thumbnail\" alt=\"PlayStream A7\" srcset=\"https:\/\/www.advanceparis.com\/wp-content\/uploads\/2022\/05\/ADP-A-1000x1000-PlayStream_A7-1-300x300.png 300w, https:\/\/www.advanceparis.com\/wp-content\/uploads\/2022\/05\/ADP-A-1000x1000-PlayStream_A7-1-600x600.png 600w, https:\/\/www.advanceparis.com\/wp-content\/uploads\/2022\/05\/ADP-A-1000x1000-PlayStream_A7-1-150x150.png 150w, https:\/\/www.advanceparis.com\/wp-content\/uploads\/2022\/05\/ADP-A-1000x1000-PlayStream_A7-1-768x768.png 768w, https:\/\/www.advanceparis.com\/wp-content\/uploads\/2022\/05\/ADP-A-1000x1000-PlayStream_A7-1-320x320.png 320w, https:\/\/www.advanceparis.com\/wp-content\/uploads\/2022\/05\/ADP-A-1000x1000-PlayStream_A7-1.png 1000w\" sizes=\"auto, (max-width: 300px) 100vw, 300px\" \/><\/div><\/a><div class=\"woo-entry-wrapper\"><a href=\"https:\/\/www.advanceparis.com\/en\/product\/playstream-a7\/\" class=\"woocommerce-LoopProduct-link woocommerce-loop-product__link\"><h2 class=\"woocommerce-loop-product__title\">PlayStream A7<\/h2><\/a>\n\t<span class=\"price\"><span class=\"woocommerce-Price-amount amount\" aria-hidden=\"true\"><bdi>1490,00&nbsp;<span class=\"woocommerce-Price-currencySymbol\">&euro;<\/span><\/bdi><\/span> <span aria-hidden=\"true\">\u00a0\u2013\u00a0<\/span> <span class=\"woocommerce-Price-amount amount\" aria-hidden=\"true\"><bdi>1609,00&nbsp;<span class=\"woocommerce-Price-currencySymbol\">&euro;<\/span><\/bdi><\/span><span class=\"screen-reader-text\" data-no-translation=\"\" data-trp-gettext=\"\">Plage de prix\u00a0: 1490,00&nbsp;&euro; \u00e0 1609,00&nbsp;&euro;<\/span><\/span>\n<a href=\"https:\/\/www.advanceparis.com\/en\/product\/playstream-a7\/\" class=\"button\" data-no-translation=\"\" data-trp-gettext=\"\">En savoir plus<\/a>\t<span id=\"woocommerce_loop_add_to_cart_link_describedby_535\" class=\"screen-reader-text\">\n\t\tCe produit a plusieurs variations. Les options peuvent \u00eatre choisies sur la page du produit\t<\/span>\n<span class=\"gtm4wp_productdata\" style=\"display:none; visibility:hidden;\" data-gtm4wp_product_data=\"{&quot;internal_id&quot;:535,&quot;item_id&quot;:535,&quot;item_name&quot;:&quot;PlayStream A7&quot;,&quot;sku&quot;:&quot;3760179291889&quot;,&quot;price&quot;:1490,&quot;stocklevel&quot;:null,&quot;stockstatus&quot;:&quot;outofstock&quot;,&quot;google_business_vertical&quot;:&quot;retail&quot;,&quot;item_category&quot;:&quot;Amplificateur Connect\\u00e9&quot;,&quot;id&quot;:535,&quot;productlink&quot;:&quot;https:\\\/\\\/www.advanceparis.com\\\/en\\\/product\\\/playstream-a7\\\/&quot;,&quot;item_list_name&quot;:&quot;General Product List&quot;,&quot;index&quot;:3,&quot;product_type&quot;:&quot;variable&quot;,&quot;item_brand&quot;:&quot;&quot;}\"><\/span><\/div><\/li>\n<\/ul>\n<\/div><\/div><\/div><\/div><\/div><\/div><\/div><\/div><\/div><div class=\"vc_row-full-width vc_clearfix\"><\/div><div class=\"vc_row wpb_row vc_row-fluid vc_row-bg-position-top\"><div class=\"wpb_column vc_column_container vc_col-sm-12\"><div class=\"vc_column-inner\"><div class=\"wpb_wrapper\"><\/div><\/div><\/div><\/div>\n<\/div>","protected":false},"excerpt":{"rendered":"Advance Paris &gt; Actualit\u00e9sPlayStreamLa gamme PlayStream se compose de 3 mod\u00e8les tous munis de la compatibilit\u00e9 r\u00e9seau pour streamer votre [...]","protected":false},"author":2,"featured_media":81,"parent":230,"menu_order":0,"comment_status":"closed","ping_status":"closed","template":"","meta":{"_acf_changed":false,"footnotes":""},"class_list":["post-969","page","type-page","status-publish","has-post-thumbnail","hentry"],"acf":[],"jetpack_sharing_enabled":true,"_links":{"self":[{"href":"https:\/\/www.advanceparis.com\/en\/wp-json\/wp\/v2\/pages\/969","targetHints":{"allow":["GET"]}}],"collection":[{"href":"https:\/\/www.advanceparis.com\/en\/wp-json\/wp\/v2\/pages"}],"about":[{"href":"https:\/\/www.advanceparis.com\/en\/wp-json\/wp\/v2\/types\/page"}],"author":[{"embeddable":true,"href":"https:\/\/www.advanceparis.com\/en\/wp-json\/wp\/v2\/users\/2"}],"replies":[{"embeddable":true,"href":"https:\/\/www.advanceparis.com\/en\/wp-json\/wp\/v2\/comments?post=969"}],"version-history":[{"count":18,"href":"https:\/\/www.advanceparis.com\/en\/wp-json\/wp\/v2\/pages\/969\/revisions"}],"predecessor-version":[{"id":3002,"href":"https:\/\/www.advanceparis.com\/en\/wp-json\/wp\/v2\/pages\/969\/revisions\/3002"}],"up":[{"embeddable":true,"href":"https:\/\/www.advanceparis.com\/en\/wp-json\/wp\/v2\/pages\/230"}],"wp:featuredmedia":[{"embeddable":true,"href":"https:\/\/www.advanceparis.com\/en\/wp-json\/wp\/v2\/media\/81"}],"wp:attachment":[{"href":"https:\/\/www.advanceparis.com\/en\/wp-json\/wp\/v2\/media?parent=969"}],"curies":[{"name":"wp","href":"https:\/\/api.w.org\/{rel}","templated":true}]}}