{"id":7592,"date":"2023-04-05T13:08:13","date_gmt":"2023-04-05T11:08:13","guid":{"rendered":"https:\/\/www.advanceparis.com\/?page_id=7592"},"modified":"2026-04-02T10:39:03","modified_gmt":"2026-04-02T08:39:03","slug":"configuration-clients","status":"publish","type":"page","link":"https:\/\/www.advanceparis.com\/en\/configuration-clients\/","title":{"rendered":"Configuration-Clients"},"content":{"rendered":"<div class=\"wpb-content-wrapper\"><div data-vc-full-width=\"true\" data-vc-full-width-init=\"false\" class=\"vc_row wpb_row vc_row-fluid vc_custom_1652739795840 vc_custom_1652739795841 vc_row-has-fill vc_row-has-padding-top vc_row-has-padding-bottom vc_row-bg-position-top\"><div class=\"wpb_column vc_column_container vc_col-sm-12\"><div class=\"vc_column-inner\"><div class=\"wpb_wrapper\"><div class=\"vc_row wpb_row vc_inner vc_row-fluid vc_row-bg-position-top\"><div class=\"wpb_column vc_column_container vc_col-sm-6\"><div class=\"vc_column-inner\"><div class=\"wpb_wrapper\"><div style=\"color:#ffffff;\" class=\"breadcrumbs breadcrumbs-shortcode bcn-left\" typeof=\"BreadcrumbList\" vocab=\"https:\/\/schema.org\/\" ><span property=\"itemListElement\" typeof=\"ListItem\"><a property=\"item\" typeof=\"WebPage\" title=\"Go to Advance Paris.\" href=\"https:\/\/www.advanceparis.com\/en\" class=\"home\" ><span property=\"name\">Advance Paris<\/span><\/a><meta property=\"position\" content=\"1\"><\/span> &gt; <span property=\"itemListElement\" typeof=\"ListItem\"><a property=\"item\" typeof=\"WebPage\" title=\"Go to News.\" href=\"https:\/\/www.advanceparis.com\/en\/actualites\/\" class=\"post-root post post-post\" aria-current=\"page\"><span property=\"name\">News<\/span><\/a><meta property=\"position\" content=\"2\"><\/span><\/div><header class=\"kd-section-title col-lg-12 text-left  subtitle-below-title kd-animated fadeIn   vc_custom_1680699008337\" data-animation-delay=\"200\"><h4 class=\"separator_off\" style=\"color: #ffffff;font-size: 60px;line-height: 70px;margin-bottom:30px;\">Our customers and Advance Paris equipment<\/h4><h6 class=\"subtitle\" style=\"color: #f2f2f2;\">Please find photos of our customers' Hi-Fi systems. If you would like to appear on this page, please send us some nice photos of your setup to info@advanceparis.com<\/h6><\/header><\/div><\/div><\/div><\/div><\/div><\/div><\/div><\/div><div class=\"vc_row-full-width vc_clearfix\"><\/div><div class=\"vc_row wpb_row vc_row-fluid vc_custom_1680692723473 vc_row-bg-position-top\"><div class=\"wpb_column vc_column_container vc_col-sm-12\"><div class=\"vc_column-inner\"><div class=\"wpb_wrapper\"><\/div><\/div><\/div><\/div><div data-vc-full-width=\"true\" data-vc-full-width-init=\"false\" class=\"vc_row wpb_row vc_row-fluid vc_custom_1597236624249 vc_row-has-padding-top vc_row-has-padding-bottom vc_row-bg-position-top\"><div class=\"wpb_column vc_column_container vc_col-sm-12\"><div class=\"vc_column-inner\"><div class=\"wpb_wrapper\"><div class=\"mg-gallery mg-container row three-columns\" ><div class=\"mg-sizer\"><\/div><div class=\"mg-single-img big-masonry-img\"><a data-size=\"1280x720\" href=\"https:\/\/www.advanceparis.com\/wp-content\/uploads\/2026\/04\/1000006407.jpeg\"  ><img loading=\"lazy\" decoding=\"async\" width=\"1280\" height=\"720\" src=\"https:\/\/www.advanceparis.com\/wp-content\/uploads\/2026\/04\/1000006407.jpeg\" class=\"attachment-full\" alt=\"\" title=\"1000006407\" \/><\/a><\/div><div class=\"mg-single-img big-masonry-img\"><a data-size=\"1280x591\" href=\"https:\/\/www.advanceparis.com\/wp-content\/uploads\/2026\/04\/1000006841.jpeg\"  ><img loading=\"lazy\" decoding=\"async\" width=\"1280\" height=\"591\" src=\"https:\/\/www.advanceparis.com\/wp-content\/uploads\/2026\/04\/1000006841.jpeg\" class=\"attachment-full\" alt=\"\" title=\"1000006841\" \/><\/a><\/div><div class=\"mg-single-img big-masonry-img\"><a data-size=\"1024x768\" href=\"https:\/\/www.advanceparis.com\/wp-content\/uploads\/2025\/04\/D16DD450-2241-41FA-9A81-E8684F916422_1_105_c.jpeg\"  ><img loading=\"lazy\" decoding=\"async\" width=\"1024\" height=\"768\" src=\"https:\/\/www.advanceparis.com\/wp-content\/uploads\/2025\/04\/D16DD450-2241-41FA-9A81-E8684F916422_1_105_c.jpeg\" class=\"attachment-full\" alt=\"\" title=\"D16DD450-2241-41FA-9A81-E8684F916422_1_105_c\" srcset=\"https:\/\/www.advanceparis.com\/wp-content\/uploads\/2025\/04\/D16DD450-2241-41FA-9A81-E8684F916422_1_105_c.jpeg 1024w, https:\/\/www.advanceparis.com\/wp-content\/uploads\/2025\/04\/D16DD450-2241-41FA-9A81-E8684F916422_1_105_c-300x225.jpeg 300w, https:\/\/www.advanceparis.com\/wp-content\/uploads\/2025\/04\/D16DD450-2241-41FA-9A81-E8684F916422_1_105_c-768x576.jpeg 768w, https:\/\/www.advanceparis.com\/wp-content\/uploads\/2025\/04\/D16DD450-2241-41FA-9A81-E8684F916422_1_105_c-16x12.jpeg 16w, https:\/\/www.advanceparis.com\/wp-content\/uploads\/2025\/04\/D16DD450-2241-41FA-9A81-E8684F916422_1_105_c-600x450.jpeg 600w\" sizes=\"auto, (max-width: 1024px) 100vw, 1024px\" \/><\/a><\/div><div class=\"mg-single-img small-masonry-img\"><a data-size=\"1024x768\" href=\"https:\/\/www.advanceparis.com\/wp-content\/uploads\/2025\/04\/3C7177F6-AFA5-454E-B924-B0F5AA425C4A_1_105_c.jpeg\"  ><img loading=\"lazy\" decoding=\"async\" width=\"1024\" height=\"768\" src=\"https:\/\/www.advanceparis.com\/wp-content\/uploads\/2025\/04\/3C7177F6-AFA5-454E-B924-B0F5AA425C4A_1_105_c.jpeg\" class=\"attachment-full\" alt=\"\" title=\"3C7177F6-AFA5-454E-B924-B0F5AA425C4A_1_105_c\" srcset=\"https:\/\/www.advanceparis.com\/wp-content\/uploads\/2025\/04\/3C7177F6-AFA5-454E-B924-B0F5AA425C4A_1_105_c.jpeg 1024w, https:\/\/www.advanceparis.com\/wp-content\/uploads\/2025\/04\/3C7177F6-AFA5-454E-B924-B0F5AA425C4A_1_105_c-300x225.jpeg 300w, https:\/\/www.advanceparis.com\/wp-content\/uploads\/2025\/04\/3C7177F6-AFA5-454E-B924-B0F5AA425C4A_1_105_c-768x576.jpeg 768w, https:\/\/www.advanceparis.com\/wp-content\/uploads\/2025\/04\/3C7177F6-AFA5-454E-B924-B0F5AA425C4A_1_105_c-16x12.jpeg 16w, https:\/\/www.advanceparis.com\/wp-content\/uploads\/2025\/04\/3C7177F6-AFA5-454E-B924-B0F5AA425C4A_1_105_c-600x450.jpeg 600w\" sizes=\"auto, (max-width: 1024px) 100vw, 1024px\" \/><\/a><\/div><div class=\"mg-single-img big-masonry-img\"><a data-size=\"2560x1838\" href=\"https:\/\/www.advanceparis.com\/wp-content\/uploads\/2025\/02\/Advance-Xi90-1-scaled.jpg\"  ><img loading=\"lazy\" decoding=\"async\" width=\"2560\" height=\"1838\" src=\"https:\/\/www.advanceparis.com\/wp-content\/uploads\/2025\/02\/Advance-Xi90-1-scaled.jpg\" class=\"attachment-full\" alt=\"\" title=\"Advance Xi90\" srcset=\"https:\/\/www.advanceparis.com\/wp-content\/uploads\/2025\/02\/Advance-Xi90-1-scaled.jpg 2560w, https:\/\/www.advanceparis.com\/wp-content\/uploads\/2025\/02\/Advance-Xi90-1-300x215.jpg 300w, https:\/\/www.advanceparis.com\/wp-content\/uploads\/2025\/02\/Advance-Xi90-1-1024x735.jpg 1024w, https:\/\/www.advanceparis.com\/wp-content\/uploads\/2025\/02\/Advance-Xi90-1-768x552.jpg 768w, https:\/\/www.advanceparis.com\/wp-content\/uploads\/2025\/02\/Advance-Xi90-1-1536x1103.jpg 1536w, https:\/\/www.advanceparis.com\/wp-content\/uploads\/2025\/02\/Advance-Xi90-1-2048x1471.jpg 2048w, https:\/\/www.advanceparis.com\/wp-content\/uploads\/2025\/02\/Advance-Xi90-1-18x12.jpg 18w, https:\/\/www.advanceparis.com\/wp-content\/uploads\/2025\/02\/Advance-Xi90-1-600x431.jpg 600w\" sizes=\"auto, (max-width: 2560px) 100vw, 2560px\" \/><\/a><\/div><div class=\"mg-single-img small-masonry-img\"><a data-size=\"1536x2048\" href=\"https:\/\/www.advanceparis.com\/wp-content\/uploads\/2024\/03\/CC.jpeg\"  ><img loading=\"lazy\" decoding=\"async\" width=\"1536\" height=\"2048\" src=\"https:\/\/www.advanceparis.com\/wp-content\/uploads\/2024\/03\/CC.jpeg\" class=\"attachment-full\" alt=\"\" title=\"CC\" srcset=\"https:\/\/www.advanceparis.com\/wp-content\/uploads\/2024\/03\/CC.jpeg 1536w, https:\/\/www.advanceparis.com\/wp-content\/uploads\/2024\/03\/CC-300x400.jpeg 300w, https:\/\/www.advanceparis.com\/wp-content\/uploads\/2024\/03\/CC-600x800.jpeg 600w, https:\/\/www.advanceparis.com\/wp-content\/uploads\/2024\/03\/CC-225x300.jpeg 225w, https:\/\/www.advanceparis.com\/wp-content\/uploads\/2024\/03\/CC-768x1024.jpeg 768w, https:\/\/www.advanceparis.com\/wp-content\/uploads\/2024\/03\/CC-1152x1536.jpeg 1152w\" sizes=\"auto, (max-width: 1536px) 100vw, 1536px\" \/><\/a><\/div><div class=\"mg-single-img small-masonry-img\"><a data-size=\"1280x960\" href=\"https:\/\/www.advanceparis.com\/wp-content\/uploads\/2024\/03\/FB-1280.jpeg\"  ><img loading=\"lazy\" decoding=\"async\" width=\"1280\" height=\"960\" src=\"https:\/\/www.advanceparis.com\/wp-content\/uploads\/2024\/03\/FB-1280.jpeg\" class=\"attachment-full\" alt=\"\" title=\"FB - 1280\" srcset=\"https:\/\/www.advanceparis.com\/wp-content\/uploads\/2024\/03\/FB-1280.jpeg 1280w, https:\/\/www.advanceparis.com\/wp-content\/uploads\/2024\/03\/FB-1280-300x225.jpeg 300w, https:\/\/www.advanceparis.com\/wp-content\/uploads\/2024\/03\/FB-1280-600x450.jpeg 600w, https:\/\/www.advanceparis.com\/wp-content\/uploads\/2024\/03\/FB-1280-1024x768.jpeg 1024w, https:\/\/www.advanceparis.com\/wp-content\/uploads\/2024\/03\/FB-1280-768x576.jpeg 768w\" sizes=\"auto, (max-width: 1280px) 100vw, 1280px\" \/><\/a><\/div><div class=\"mg-single-img small-masonry-img\"><a data-size=\"200x100\" href=\"https:\/\/www.advanceparis.com\/wp-content\/uploads\/2022\/09\/DFuse-Tech.jpg\"  ><img loading=\"lazy\" decoding=\"async\" width=\"200\" height=\"100\" src=\"https:\/\/www.advanceparis.com\/wp-content\/uploads\/2022\/09\/DFuse-Tech.jpg\" class=\"attachment-full\" alt=\"\" title=\"DFuse Tech\" \/><\/a><\/div><div class=\"mg-single-img small-masonry-img\"><a data-size=\"1754x2560\" href=\"https:\/\/www.advanceparis.com\/wp-content\/uploads\/2023\/04\/IMG_20221021_084507789_HDR3-1-scaled.jpg\"  ><img loading=\"lazy\" decoding=\"async\" width=\"1754\" height=\"2560\" src=\"https:\/\/www.advanceparis.com\/wp-content\/uploads\/2023\/04\/IMG_20221021_084507789_HDR3-1-scaled.jpg\" class=\"attachment-full\" alt=\"\" title=\"IMG_20221021_084507789_HDR3-1\" srcset=\"https:\/\/www.advanceparis.com\/wp-content\/uploads\/2023\/04\/IMG_20221021_084507789_HDR3-1-scaled.jpg 1754w, https:\/\/www.advanceparis.com\/wp-content\/uploads\/2023\/04\/IMG_20221021_084507789_HDR3-1-scaled-300x438.jpg 300w, https:\/\/www.advanceparis.com\/wp-content\/uploads\/2023\/04\/IMG_20221021_084507789_HDR3-1-scaled-600x876.jpg 600w, https:\/\/www.advanceparis.com\/wp-content\/uploads\/2023\/04\/IMG_20221021_084507789_HDR3-1-206x300.jpg 206w, https:\/\/www.advanceparis.com\/wp-content\/uploads\/2023\/04\/IMG_20221021_084507789_HDR3-1-702x1024.jpg 702w, https:\/\/www.advanceparis.com\/wp-content\/uploads\/2023\/04\/IMG_20221021_084507789_HDR3-1-768x1121.jpg 768w, https:\/\/www.advanceparis.com\/wp-content\/uploads\/2023\/04\/IMG_20221021_084507789_HDR3-1-1053x1536.jpg 1053w, https:\/\/www.advanceparis.com\/wp-content\/uploads\/2023\/04\/IMG_20221021_084507789_HDR3-1-1403x2048.jpg 1403w\" sizes=\"auto, (max-width: 1754px) 100vw, 1754px\" \/><\/a><\/div><div class=\"mg-single-img small-masonry-img\"><a data-size=\"960x1280\" href=\"https:\/\/www.advanceparis.com\/wp-content\/uploads\/2023\/05\/KP-1-Grande.jpeg\"  ><img loading=\"lazy\" decoding=\"async\" width=\"960\" height=\"1280\" src=\"https:\/\/www.advanceparis.com\/wp-content\/uploads\/2023\/05\/KP-1-Grande.jpeg\" class=\"attachment-full\" alt=\"\" title=\"KP - 1 Large\" srcset=\"https:\/\/www.advanceparis.com\/wp-content\/uploads\/2023\/05\/KP-1-Grande.jpeg 960w, https:\/\/www.advanceparis.com\/wp-content\/uploads\/2023\/05\/KP-1-Grande-300x400.jpeg 300w, https:\/\/www.advanceparis.com\/wp-content\/uploads\/2023\/05\/KP-1-Grande-600x800.jpeg 600w, https:\/\/www.advanceparis.com\/wp-content\/uploads\/2023\/05\/KP-1-Grande-225x300.jpeg 225w, https:\/\/www.advanceparis.com\/wp-content\/uploads\/2023\/05\/KP-1-Grande-768x1024.jpeg 768w\" sizes=\"auto, (max-width: 960px) 100vw, 960px\" \/><\/a><\/div><div class=\"mg-single-img small-masonry-img\"><a data-size=\"1280x606\" href=\"https:\/\/www.advanceparis.com\/wp-content\/uploads\/2023\/05\/JLJ-1-Grande.jpeg\"  ><img loading=\"lazy\" decoding=\"async\" width=\"1280\" height=\"606\" src=\"https:\/\/www.advanceparis.com\/wp-content\/uploads\/2023\/05\/JLJ-1-Grande.jpeg\" class=\"attachment-full\" alt=\"\" title=\"JLJ-1 Large\" srcset=\"https:\/\/www.advanceparis.com\/wp-content\/uploads\/2023\/05\/JLJ-1-Grande.jpeg 1280w, https:\/\/www.advanceparis.com\/wp-content\/uploads\/2023\/05\/JLJ-1-Grande-300x142.jpeg 300w, https:\/\/www.advanceparis.com\/wp-content\/uploads\/2023\/05\/JLJ-1-Grande-600x284.jpeg 600w, https:\/\/www.advanceparis.com\/wp-content\/uploads\/2023\/05\/JLJ-1-Grande-1024x485.jpeg 1024w, https:\/\/www.advanceparis.com\/wp-content\/uploads\/2023\/05\/JLJ-1-Grande-768x364.jpeg 768w\" sizes=\"auto, (max-width: 1280px) 100vw, 1280px\" \/><\/a><\/div><div class=\"mg-single-img small-masonry-img\"><a data-size=\"1280x960\" href=\"https:\/\/www.advanceparis.com\/wp-content\/uploads\/2023\/04\/JLB-Grande.jpeg\"  ><img loading=\"lazy\" decoding=\"async\" width=\"1280\" height=\"960\" src=\"https:\/\/www.advanceparis.com\/wp-content\/uploads\/2023\/04\/JLB-Grande.jpeg\" class=\"attachment-full\" alt=\"\" title=\"JLB Grande\" srcset=\"https:\/\/www.advanceparis.com\/wp-content\/uploads\/2023\/04\/JLB-Grande.jpeg 1280w, https:\/\/www.advanceparis.com\/wp-content\/uploads\/2023\/04\/JLB-Grande-300x225.jpeg 300w, https:\/\/www.advanceparis.com\/wp-content\/uploads\/2023\/04\/JLB-Grande-600x450.jpeg 600w, https:\/\/www.advanceparis.com\/wp-content\/uploads\/2023\/04\/JLB-Grande-1024x768.jpeg 1024w, https:\/\/www.advanceparis.com\/wp-content\/uploads\/2023\/04\/JLB-Grande-768x576.jpeg 768w\" sizes=\"auto, (max-width: 1280px) 100vw, 1280px\" \/><\/a><\/div><div class=\"mg-single-img small-masonry-img\"><a data-size=\"1080x757\" href=\"https:\/\/www.advanceparis.com\/wp-content\/uploads\/2023\/04\/Christos.jpg\"  ><img loading=\"lazy\" decoding=\"async\" width=\"1080\" height=\"757\" src=\"https:\/\/www.advanceparis.com\/wp-content\/uploads\/2023\/04\/Christos.jpg\" class=\"attachment-full\" alt=\"\" title=\"Christos\" srcset=\"https:\/\/www.advanceparis.com\/wp-content\/uploads\/2023\/04\/Christos.jpg 1080w, https:\/\/www.advanceparis.com\/wp-content\/uploads\/2023\/04\/Christos-300x210.jpg 300w, https:\/\/www.advanceparis.com\/wp-content\/uploads\/2023\/04\/Christos-600x421.jpg 600w, https:\/\/www.advanceparis.com\/wp-content\/uploads\/2023\/04\/Christos-1024x718.jpg 1024w, https:\/\/www.advanceparis.com\/wp-content\/uploads\/2023\/04\/Christos-768x538.jpg 768w\" sizes=\"auto, (max-width: 1080px) 100vw, 1080px\" \/><\/a><\/div><div class=\"mg-single-img small-masonry-img\"><a data-size=\"960x1280\" href=\"https:\/\/www.advanceparis.com\/wp-content\/uploads\/2023\/04\/IMG_1730-Grande.jpeg\"  ><img loading=\"lazy\" decoding=\"async\" width=\"960\" height=\"1280\" src=\"https:\/\/www.advanceparis.com\/wp-content\/uploads\/2023\/04\/IMG_1730-Grande.jpeg\" class=\"attachment-full\" alt=\"\" title=\"IMG_1730 Large\" srcset=\"https:\/\/www.advanceparis.com\/wp-content\/uploads\/2023\/04\/IMG_1730-Grande.jpeg 960w, https:\/\/www.advanceparis.com\/wp-content\/uploads\/2023\/04\/IMG_1730-Grande-300x400.jpeg 300w, https:\/\/www.advanceparis.com\/wp-content\/uploads\/2023\/04\/IMG_1730-Grande-600x800.jpeg 600w, https:\/\/www.advanceparis.com\/wp-content\/uploads\/2023\/04\/IMG_1730-Grande-225x300.jpeg 225w, https:\/\/www.advanceparis.com\/wp-content\/uploads\/2023\/04\/IMG_1730-Grande-768x1024.jpeg 768w\" sizes=\"auto, (max-width: 960px) 100vw, 960px\" \/><\/a><\/div><div class=\"mg-single-img small-masonry-img\"><a data-size=\"960x1280\" href=\"https:\/\/www.advanceparis.com\/wp-content\/uploads\/2023\/04\/IMG20230414210734-Grande.jpeg\"  ><img loading=\"lazy\" decoding=\"async\" width=\"960\" height=\"1280\" src=\"https:\/\/www.advanceparis.com\/wp-content\/uploads\/2023\/04\/IMG20230414210734-Grande.jpeg\" class=\"attachment-full\" alt=\"\" title=\"IMG20230414210734 Large\" srcset=\"https:\/\/www.advanceparis.com\/wp-content\/uploads\/2023\/04\/IMG20230414210734-Grande.jpeg 960w, https:\/\/www.advanceparis.com\/wp-content\/uploads\/2023\/04\/IMG20230414210734-Grande-300x400.jpeg 300w, https:\/\/www.advanceparis.com\/wp-content\/uploads\/2023\/04\/IMG20230414210734-Grande-600x800.jpeg 600w, https:\/\/www.advanceparis.com\/wp-content\/uploads\/2023\/04\/IMG20230414210734-Grande-225x300.jpeg 225w, https:\/\/www.advanceparis.com\/wp-content\/uploads\/2023\/04\/IMG20230414210734-Grande-768x1024.jpeg 768w\" sizes=\"auto, (max-width: 960px) 100vw, 960px\" \/><\/a><\/div><div class=\"mg-single-img small-masonry-img\"><a data-size=\"2012x1268\" href=\"https:\/\/www.advanceparis.com\/wp-content\/uploads\/2023\/04\/image0.jpeg\"  ><img loading=\"lazy\" decoding=\"async\" width=\"2012\" height=\"1268\" src=\"https:\/\/www.advanceparis.com\/wp-content\/uploads\/2023\/04\/image0.jpeg\" class=\"attachment-full\" alt=\"\" title=\"image0\" srcset=\"https:\/\/www.advanceparis.com\/wp-content\/uploads\/2023\/04\/image0.jpeg 2012w, https:\/\/www.advanceparis.com\/wp-content\/uploads\/2023\/04\/image0-300x189.jpeg 300w, https:\/\/www.advanceparis.com\/wp-content\/uploads\/2023\/04\/image0-600x378.jpeg 600w, https:\/\/www.advanceparis.com\/wp-content\/uploads\/2023\/04\/image0-1024x645.jpeg 1024w, https:\/\/www.advanceparis.com\/wp-content\/uploads\/2023\/04\/image0-768x484.jpeg 768w, https:\/\/www.advanceparis.com\/wp-content\/uploads\/2023\/04\/image0-1536x968.jpeg 1536w\" sizes=\"auto, (max-width: 2012px) 100vw, 2012px\" \/><\/a><\/div><div class=\"mg-single-img small-masonry-img\"><a data-size=\"1280x960\" href=\"https:\/\/www.advanceparis.com\/wp-content\/uploads\/2023\/04\/IMG_20221128_094541-Grande.jpeg\"  ><img loading=\"lazy\" decoding=\"async\" width=\"1280\" height=\"960\" src=\"https:\/\/www.advanceparis.com\/wp-content\/uploads\/2023\/04\/IMG_20221128_094541-Grande.jpeg\" class=\"attachment-full\" alt=\"\" title=\"IMG_20221128_094541 Large\" srcset=\"https:\/\/www.advanceparis.com\/wp-content\/uploads\/2023\/04\/IMG_20221128_094541-Grande.jpeg 1280w, https:\/\/www.advanceparis.com\/wp-content\/uploads\/2023\/04\/IMG_20221128_094541-Grande-300x225.jpeg 300w, https:\/\/www.advanceparis.com\/wp-content\/uploads\/2023\/04\/IMG_20221128_094541-Grande-600x450.jpeg 600w, https:\/\/www.advanceparis.com\/wp-content\/uploads\/2023\/04\/IMG_20221128_094541-Grande-1024x768.jpeg 1024w, https:\/\/www.advanceparis.com\/wp-content\/uploads\/2023\/04\/IMG_20221128_094541-Grande-768x576.jpeg 768w\" sizes=\"auto, (max-width: 1280px) 100vw, 1280px\" \/><\/a><\/div><div class=\"mg-single-img small-masonry-img\"><a data-size=\"1280x951\" href=\"https:\/\/www.advanceparis.com\/wp-content\/uploads\/2023\/04\/IMG_5688-Grande.jpeg\"  ><img loading=\"lazy\" decoding=\"async\" width=\"1280\" height=\"951\" src=\"https:\/\/www.advanceparis.com\/wp-content\/uploads\/2023\/04\/IMG_5688-Grande.jpeg\" class=\"attachment-full\" alt=\"\" title=\"IMG_5688 Large\" srcset=\"https:\/\/www.advanceparis.com\/wp-content\/uploads\/2023\/04\/IMG_5688-Grande.jpeg 1280w, https:\/\/www.advanceparis.com\/wp-content\/uploads\/2023\/04\/IMG_5688-Grande-300x223.jpeg 300w, https:\/\/www.advanceparis.com\/wp-content\/uploads\/2023\/04\/IMG_5688-Grande-600x446.jpeg 600w, https:\/\/www.advanceparis.com\/wp-content\/uploads\/2023\/04\/IMG_5688-Grande-1024x761.jpeg 1024w, https:\/\/www.advanceparis.com\/wp-content\/uploads\/2023\/04\/IMG_5688-Grande-768x571.jpeg 768w\" sizes=\"auto, (max-width: 1280px) 100vw, 1280px\" \/><\/a><\/div><div class=\"mg-single-img small-masonry-img\"><a data-size=\"2000x1500\" href=\"https:\/\/www.advanceparis.com\/wp-content\/uploads\/2023\/04\/20220211_053915_resized.jpg\"  ><img loading=\"lazy\" decoding=\"async\" width=\"2000\" height=\"1500\" src=\"https:\/\/www.advanceparis.com\/wp-content\/uploads\/2023\/04\/20220211_053915_resized.jpg\" class=\"attachment-full\" alt=\"\" title=\"20220211_053915_resized\" srcset=\"https:\/\/www.advanceparis.com\/wp-content\/uploads\/2023\/04\/20220211_053915_resized.jpg 2000w, https:\/\/www.advanceparis.com\/wp-content\/uploads\/2023\/04\/20220211_053915_resized-300x225.jpg 300w, https:\/\/www.advanceparis.com\/wp-content\/uploads\/2023\/04\/20220211_053915_resized-600x450.jpg 600w, https:\/\/www.advanceparis.com\/wp-content\/uploads\/2023\/04\/20220211_053915_resized-1024x768.jpg 1024w, https:\/\/www.advanceparis.com\/wp-content\/uploads\/2023\/04\/20220211_053915_resized-768x576.jpg 768w, https:\/\/www.advanceparis.com\/wp-content\/uploads\/2023\/04\/20220211_053915_resized-1536x1152.jpg 1536w\" sizes=\"auto, (max-width: 2000px) 100vw, 2000px\" \/><\/a><\/div><div class=\"mg-single-img small-masonry-img\"><a data-size=\"1500x2000\" href=\"https:\/\/www.advanceparis.com\/wp-content\/uploads\/2023\/04\/20220820_134511_resized.jpg\"  ><img loading=\"lazy\" decoding=\"async\" width=\"1500\" height=\"2000\" src=\"https:\/\/www.advanceparis.com\/wp-content\/uploads\/2023\/04\/20220820_134511_resized.jpg\" class=\"attachment-full\" alt=\"\" title=\"20220820_134511_resized\" srcset=\"https:\/\/www.advanceparis.com\/wp-content\/uploads\/2023\/04\/20220820_134511_resized.jpg 1500w, https:\/\/www.advanceparis.com\/wp-content\/uploads\/2023\/04\/20220820_134511_resized-300x400.jpg 300w, https:\/\/www.advanceparis.com\/wp-content\/uploads\/2023\/04\/20220820_134511_resized-600x800.jpg 600w, https:\/\/www.advanceparis.com\/wp-content\/uploads\/2023\/04\/20220820_134511_resized-225x300.jpg 225w, https:\/\/www.advanceparis.com\/wp-content\/uploads\/2023\/04\/20220820_134511_resized-768x1024.jpg 768w, https:\/\/www.advanceparis.com\/wp-content\/uploads\/2023\/04\/20220820_134511_resized-1152x1536.jpg 1152w\" sizes=\"auto, (max-width: 1500px) 100vw, 1500px\" \/><\/a><\/div><div class=\"mg-single-img small-masonry-img\"><a data-size=\"1924x1248\" href=\"https:\/\/www.advanceparis.com\/wp-content\/uploads\/2023\/04\/211122-Mr-Torsten-Trunzle-MC150-.jpeg\"  ><img loading=\"lazy\" decoding=\"async\" width=\"1924\" height=\"1248\" src=\"https:\/\/www.advanceparis.com\/wp-content\/uploads\/2023\/04\/211122-Mr-Torsten-Trunzle-MC150-.jpeg\" class=\"attachment-full\" alt=\"\" title=\"211122 Mr Torsten Trunzle MC150\" srcset=\"https:\/\/www.advanceparis.com\/wp-content\/uploads\/2023\/04\/211122-Mr-Torsten-Trunzle-MC150-.jpeg 1924w, https:\/\/www.advanceparis.com\/wp-content\/uploads\/2023\/04\/211122-Mr-Torsten-Trunzle-MC150--300x195.jpeg 300w, https:\/\/www.advanceparis.com\/wp-content\/uploads\/2023\/04\/211122-Mr-Torsten-Trunzle-MC150--600x389.jpeg 600w, https:\/\/www.advanceparis.com\/wp-content\/uploads\/2023\/04\/211122-Mr-Torsten-Trunzle-MC150--1024x664.jpeg 1024w, https:\/\/www.advanceparis.com\/wp-content\/uploads\/2023\/04\/211122-Mr-Torsten-Trunzle-MC150--768x498.jpeg 768w, https:\/\/www.advanceparis.com\/wp-content\/uploads\/2023\/04\/211122-Mr-Torsten-Trunzle-MC150--1536x996.jpeg 1536w\" sizes=\"auto, (max-width: 1924px) 100vw, 1924px\" \/><\/a><\/div><\/div><\/div><\/div><\/div><\/div><div class=\"vc_row-full-width vc_clearfix\"><\/div>\n<\/div>","protected":false},"excerpt":{"rendered":"Advance Paris &gt; Actualit\u00e9sNos clients et le mat\u00e9riel Advance ParisVeuillez trouver les photos des syst\u00e8mes Hi-Fi de nos clients. Si [...]","protected":false},"author":2,"featured_media":81,"parent":0,"menu_order":0,"comment_status":"closed","ping_status":"closed","template":"","meta":{"_acf_changed":false,"footnotes":""},"class_list":["post-7592","page","type-page","status-publish","has-post-thumbnail","hentry"],"acf":[],"jetpack_sharing_enabled":true,"_links":{"self":[{"href":"https:\/\/www.advanceparis.com\/en\/wp-json\/wp\/v2\/pages\/7592","targetHints":{"allow":["GET"]}}],"collection":[{"href":"https:\/\/www.advanceparis.com\/en\/wp-json\/wp\/v2\/pages"}],"about":[{"href":"https:\/\/www.advanceparis.com\/en\/wp-json\/wp\/v2\/types\/page"}],"author":[{"embeddable":true,"href":"https:\/\/www.advanceparis.com\/en\/wp-json\/wp\/v2\/users\/2"}],"replies":[{"embeddable":true,"href":"https:\/\/www.advanceparis.com\/en\/wp-json\/wp\/v2\/comments?post=7592"}],"version-history":[{"count":36,"href":"https:\/\/www.advanceparis.com\/en\/wp-json\/wp\/v2\/pages\/7592\/revisions"}],"predecessor-version":[{"id":11218,"href":"https:\/\/www.advanceparis.com\/en\/wp-json\/wp\/v2\/pages\/7592\/revisions\/11218"}],"wp:featuredmedia":[{"embeddable":true,"href":"https:\/\/www.advanceparis.com\/en\/wp-json\/wp\/v2\/media\/81"}],"wp:attachment":[{"href":"https:\/\/www.advanceparis.com\/en\/wp-json\/wp\/v2\/media?parent=7592"}],"curies":[{"name":"wp","href":"https:\/\/api.w.org\/{rel}","templated":true}]}}