{"id":662,"date":"2022-05-17T18:50:48","date_gmt":"2022-05-17T16:50:48","guid":{"rendered":"https:\/\/www.advanceparis.com\/?post_type=product&#038;p=662"},"modified":"2026-01-21T14:58:54","modified_gmt":"2026-01-21T13:58:54","slug":"x-a160-evo","status":"publish","type":"product","link":"https:\/\/www.advanceparis.com\/de\/produkt\/x-a160-evo\/","title":{"rendered":"X-A160 EVO"},"content":{"rendered":"<p>Neue Schaltpl\u00e4ne, identische Leistungstransistoren wie der MAA 1000, neues Netzteil, mehr Leistung, mehr Musik, moderneres Layout - das ist der X-A160EVO.<\/p>\n<p>Der Verst\u00e4rker X-A160EVO besteht aus einem ultraharten, unterteilten Chassis, das eine effektive Abschirmung bietet und somit das Risiko von Strahlung zwischen den verschiedenen Schaltkreisen des Ger\u00e4ts eliminiert.<\/p>\n<p>Die Verwendung von \"Audiophile\"-Komponenten garantiert, dass Ihre Lieblingsmusik mit Feingef\u00fchl und Subtilit\u00e4t wiedergegeben wird.<\/p>\n<p>Das Hochleistungsnetzteil in Kombination mit den Hochstrom-Leistungstransistoren (NJW0281G - NJW0302G) des MAA 1000 liefert selbst die anspruchsvollste Dynamik.<\/p>\n<p>Der X-A160EVO liefert eine Leistung von 160 W pro Kanal in Klasse AB*, ein Schalter auf der R\u00fcckseite des Ger\u00e4ts erm\u00f6glicht es dem X-A160EVO, die ersten Watt in Klasse A* zu liefern. \u00dcber diese Leistung hinaus wird automatisch in die Klasse AB** umgeschaltet.<\/p>\n<style>.imh-6310-point-icons{display: none}<\/style>\r\n<div \r\n   class=\"imh-6310-annotation-box imh-6310-annotation-box-10\" \r\n   data-id=\"10\"\r\n   data-display-type=\"0\"\r\n   >\r\n<img decoding=\"async\" src=\"https:\/\/www.advanceparis.com\/wp-content\/uploads\/2024\/05\/X-A160-EVO_BACK_V2.jpg\" class=\"imh-6310-main-image imh-6310-img\" data-imh-cls=\"imh-6310-main-image imh-6310-img\"  data-imh-value=\"https:\/\/www.advanceparis.com\/wp-content\/uploads\/2024\/05\/X-A160-EVO_BACK_V2.jpg\"  \/>\r\n   \r\n            <div data-id='1' data-always-show='0' data-json='{&quot;iconType&quot;:1,&quot;fontAwesomeIcon&quot;:&quot;fas fa-plus&quot;,&quot;fontAwesomeHoverIcon&quot;:&quot;fas fa-plus&quot;,&quot;fontAwesomeIconColor&quot;:&quot;rgba(255, 255, 255, 1)&quot;,&quot;fontAwesomeIconHoverColor&quot;:&quot;rgba(255, 255, 255, 1)&quot;,&quot;fontAwesomIconSize&quot;:&quot;30&quot;,&quot;fontAwesomIconSizeInMobile&quot;:&quot;20&quot;,&quot;imgOrIconSize&quot;:&quot;30&quot;,&quot;imgOrIconSizeInMobile&quot;:&quot;20&quot;,&quot;customFirstImg&quot;:&quot;&quot;,&quot;customSecondImg&quot;:&quot;&quot;,&quot;customText&quot;:&quot;Hover here&quot;,&quot;customTextSize&quot;:&quot;16&quot;,&quot;customTextColor&quot;:&quot;rgb(255, 255, 255)&quot;,&quot;customTextBgColor&quot;:&quot;rgba(2, 59, 92, 0.99)&quot;,&quot;blinkTooltip&quot;:&quot;1&quot;,&quot;glowColor&quot;:&quot;rgba(255, 255, 255, 1)&quot;,&quot;selectedTemplate&quot;:&quot;01&quot;,&quot;linkText&quot;:&quot;Borniers pour la connexion de vos enceintes&quot;,&quot;linkURL&quot;:&quot;www.wpmart.org&quot;,&quot;openNewTab&quot;:&quot;1&quot;,&quot;openPopup&quot;:&quot;1&quot;,&quot;openDesImg&quot;:&quot;&quot;,&quot;openDescription&quot;:&quot;Lorem ipsum dolor sit amet consectetur adipisicing elit. Debitis vero maxime beatae fugiat, aspernatur quia.&quot;,&quot;openDesFontSize&quot;:&quot;16&quot;,&quot;openDesFontColor&quot;:&quot;rgb(0, 0, 0)&quot;,&quot;tempCommonFontSize&quot;:&quot;16&quot;,&quot;tempCommonFontColor&quot;:&quot;rgb(18, 0, 0)&quot;,&quot;tempCommonBgColor&quot;:&quot;rgb(255, 255, 255)&quot;,&quot;tem02EmbeddedLink&quot;:&quot;&quot;,&quot;customeHtmlCode&quot;:&quot;&quot;,&quot;customeCssCode&quot;:&quot;&quot;,&quot;customeCodePopup&quot;:&quot;&quot;,&quot;popupCustomHtml&quot;:&quot;&quot;,&quot;popupCustomCss&quot;:&quot;&quot;,&quot;popupCustomCodeWidth&quot;:&quot;&quot;,&quot;customIconLinkType&quot;:&quot;2&quot;,&quot;elementType&quot;:1,&quot;xPos&quot;:&quot;30.18&quot;,&quot;yPos&quot;:&quot;34.80&quot;,&quot;tWidth&quot;:&quot;1624.828125&quot;,&quot;iconWidth&quot;:&quot;26.25&quot;}' class='imh-6310-drag imh-6310-point-10-1' style='style: display: none' >\r\n               <div class='imh-6310-point-icons imh-6310-point-icons-10-1'>\r\n                                            \r\n                <i class='fas fa-plus imh-6310-pin-main-img imh-6310-blinking-10-1'><\/i>\r\n                <i class='fas fa-plus imh-6310-pin-hover-img imh-6310-blinking-hover-10-1'><\/i>              \r\n              \r\n               <\/div>\r\n            <\/div>  \r\n            \r\n               <div class='imh-6310-hover-content imh-6310-hover-content-10-1' data-always-show='0' style='display:none;'>\r\n               \r\n               <div class='imh-6310-template-01-hover-content'><div class='imh-6310-close-button imh-6310-close-button-mobile'><\/div>Klemmen zum Anschluss Ihrer Lautsprecher<\/div>\r\n               \r\n            <\/div>\r\n            \r\n            <div data-id='2' data-always-show='0' data-json='{&quot;iconType&quot;:1,&quot;fontAwesomeIcon&quot;:&quot;fas fa-plus&quot;,&quot;fontAwesomeHoverIcon&quot;:&quot;fas fa-plus&quot;,&quot;fontAwesomeIconColor&quot;:&quot;rgba(255, 255, 255, 1)&quot;,&quot;fontAwesomeIconHoverColor&quot;:&quot;rgba(255, 255, 255, 1)&quot;,&quot;fontAwesomIconSize&quot;:&quot;30&quot;,&quot;fontAwesomIconSizeInMobile&quot;:&quot;20&quot;,&quot;imgOrIconSize&quot;:&quot;30&quot;,&quot;imgOrIconSizeInMobile&quot;:&quot;20&quot;,&quot;customFirstImg&quot;:&quot;&quot;,&quot;customSecondImg&quot;:&quot;&quot;,&quot;customText&quot;:&quot;Hover here&quot;,&quot;customTextSize&quot;:&quot;16&quot;,&quot;customTextColor&quot;:&quot;rgb(255, 255, 255)&quot;,&quot;customTextBgColor&quot;:&quot;rgba(2, 59, 92, 0.99)&quot;,&quot;blinkTooltip&quot;:&quot;1&quot;,&quot;glowColor&quot;:&quot;rgba(255, 255, 255, 1)&quot;,&quot;selectedTemplate&quot;:&quot;01&quot;,&quot;linkText&quot;:&quot;Borniers pour la connexion de vos enceintes&quot;,&quot;linkURL&quot;:&quot;www.wpmart.org&quot;,&quot;openNewTab&quot;:&quot;1&quot;,&quot;openPopup&quot;:&quot;1&quot;,&quot;openDesImg&quot;:&quot;&quot;,&quot;openDescription&quot;:&quot;Lorem ipsum dolor sit amet consectetur adipisicing elit. Debitis vero maxime beatae fugiat, aspernatur quia.&quot;,&quot;openDesFontSize&quot;:&quot;16&quot;,&quot;openDesFontColor&quot;:&quot;rgb(0, 0, 0)&quot;,&quot;tempCommonFontSize&quot;:&quot;16&quot;,&quot;tempCommonFontColor&quot;:&quot;rgb(18, 0, 0)&quot;,&quot;tempCommonBgColor&quot;:&quot;rgb(255, 255, 255)&quot;,&quot;tem02EmbeddedLink&quot;:&quot;&quot;,&quot;customeHtmlCode&quot;:&quot;&quot;,&quot;customeCssCode&quot;:&quot;&quot;,&quot;customeCodePopup&quot;:&quot;&quot;,&quot;popupCustomHtml&quot;:&quot;&quot;,&quot;popupCustomCss&quot;:&quot;&quot;,&quot;popupCustomCodeWidth&quot;:&quot;&quot;,&quot;customIconLinkType&quot;:&quot;2&quot;,&quot;elementType&quot;:1,&quot;xPos&quot;:&quot;69.16&quot;,&quot;yPos&quot;:&quot;34.73&quot;,&quot;tWidth&quot;:&quot;1624.828125&quot;,&quot;iconWidth&quot;:&quot;26.25&quot;}' class='imh-6310-drag imh-6310-point-10-2' style='style: display: none' >\r\n               <div class='imh-6310-point-icons imh-6310-point-icons-10-2'>\r\n                                            \r\n                <i class='fas fa-plus imh-6310-pin-main-img imh-6310-blinking-10-2'><\/i>\r\n                <i class='fas fa-plus imh-6310-pin-hover-img imh-6310-blinking-hover-10-2'><\/i>              \r\n              \r\n               <\/div>\r\n            <\/div>  \r\n            \r\n               <div class='imh-6310-hover-content imh-6310-hover-content-10-2' data-always-show='0' style='display:none;'>\r\n               \r\n               <div class='imh-6310-template-01-hover-content'><div class='imh-6310-close-button imh-6310-close-button-mobile'><\/div>Klemmen zum Anschluss Ihrer Lautsprecher<\/div>\r\n               \r\n            <\/div>\r\n            \r\n            <div data-id='3' data-always-show='0' data-json='{&quot;iconType&quot;:1,&quot;fontAwesomeIcon&quot;:&quot;fas fa-plus&quot;,&quot;fontAwesomeHoverIcon&quot;:&quot;fas fa-plus&quot;,&quot;fontAwesomeIconColor&quot;:&quot;rgba(255, 255, 255, 1)&quot;,&quot;fontAwesomeIconHoverColor&quot;:&quot;rgba(255, 255, 255, 1)&quot;,&quot;fontAwesomIconSize&quot;:&quot;30&quot;,&quot;fontAwesomIconSizeInMobile&quot;:&quot;20&quot;,&quot;imgOrIconSize&quot;:&quot;30&quot;,&quot;imgOrIconSizeInMobile&quot;:&quot;20&quot;,&quot;customFirstImg&quot;:&quot;&quot;,&quot;customSecondImg&quot;:&quot;&quot;,&quot;customText&quot;:&quot;Hover here&quot;,&quot;customTextSize&quot;:&quot;16&quot;,&quot;customTextColor&quot;:&quot;rgb(255, 255, 255)&quot;,&quot;customTextBgColor&quot;:&quot;rgba(2, 59, 92, 0.99)&quot;,&quot;blinkTooltip&quot;:&quot;1&quot;,&quot;alwaysShow&quot;:&quot;2&quot;,&quot;glowColor&quot;:&quot;rgba(255, 255, 255, 1)&quot;,&quot;selectedTemplate&quot;:&quot;01&quot;,&quot;linkText&quot;:&quot;R\\u00e9glage du bias&quot;,&quot;linkURL&quot;:&quot;www.wpmart.org&quot;,&quot;openNewTab&quot;:&quot;1&quot;,&quot;openPopup&quot;:&quot;1&quot;,&quot;openDesImg&quot;:&quot;&quot;,&quot;openDescription&quot;:&quot;Lorem ipsum dolor sit amet consectetur adipisicing elit. Debitis vero maxime beatae fugiat, aspernatur quia.&quot;,&quot;openDesFontSize&quot;:&quot;16&quot;,&quot;openDesFontColor&quot;:&quot;rgb(0, 0, 0)&quot;,&quot;tempCommonFontSize&quot;:&quot;16&quot;,&quot;tempCommonFontColor&quot;:&quot;rgb(18, 0, 0)&quot;,&quot;tempCommonBgColor&quot;:&quot;rgb(255, 255, 255)&quot;,&quot;tem02EmbeddedLink&quot;:&quot;&quot;,&quot;customeHtmlCode&quot;:&quot;&quot;,&quot;customeCssCode&quot;:&quot;&quot;,&quot;customeCodePopup&quot;:&quot;&quot;,&quot;popupCustomHtml&quot;:&quot;&quot;,&quot;popupCustomCss&quot;:&quot;&quot;,&quot;popupCustomCodeWidth&quot;:&quot;&quot;,&quot;customIconLinkType&quot;:&quot;2&quot;,&quot;elementType&quot;:1,&quot;xPos&quot;:&quot;30.97&quot;,&quot;yPos&quot;:&quot;79.42&quot;,&quot;tWidth&quot;:&quot;1624.828125&quot;,&quot;iconWidth&quot;:&quot;26.25&quot;}' class='imh-6310-drag imh-6310-point-10-3' style='style: display: none' >\r\n               <div class='imh-6310-point-icons imh-6310-point-icons-10-3'>\r\n                                            \r\n                <i class='fas fa-plus imh-6310-pin-main-img imh-6310-blinking-10-3'><\/i>\r\n                <i class='fas fa-plus imh-6310-pin-hover-img imh-6310-blinking-hover-10-3'><\/i>              \r\n              \r\n               <\/div>\r\n            <\/div>  \r\n            \r\n               <div class='imh-6310-hover-content imh-6310-hover-content-10-3' data-always-show='0' style='display:none;'>\r\n               \r\n               <div class='imh-6310-template-01-hover-content'><div class='imh-6310-close-button imh-6310-close-button-mobile'><\/div>Bias-Einstellung<\/div>\r\n               \r\n            <\/div>\r\n            \r\n            <div data-id='4' data-always-show='0' data-json='{&quot;iconType&quot;:1,&quot;fontAwesomeIcon&quot;:&quot;fas fa-plus&quot;,&quot;fontAwesomeHoverIcon&quot;:&quot;fas fa-plus&quot;,&quot;fontAwesomeIconColor&quot;:&quot;rgba(255, 255, 255, 1)&quot;,&quot;fontAwesomeIconHoverColor&quot;:&quot;rgba(255, 255, 255, 1)&quot;,&quot;fontAwesomIconSize&quot;:&quot;30&quot;,&quot;fontAwesomIconSizeInMobile&quot;:&quot;20&quot;,&quot;imgOrIconSize&quot;:&quot;30&quot;,&quot;imgOrIconSizeInMobile&quot;:&quot;20&quot;,&quot;customFirstImg&quot;:&quot;&quot;,&quot;customSecondImg&quot;:&quot;&quot;,&quot;customText&quot;:&quot;Hover here&quot;,&quot;customTextSize&quot;:&quot;16&quot;,&quot;customTextColor&quot;:&quot;rgb(255, 255, 255)&quot;,&quot;customTextBgColor&quot;:&quot;rgba(2, 59, 92, 0.99)&quot;,&quot;blinkTooltip&quot;:&quot;1&quot;,&quot;alwaysShow&quot;:&quot;2&quot;,&quot;glowColor&quot;:&quot;rgba(255, 255, 255, 1)&quot;,&quot;selectedTemplate&quot;:&quot;01&quot;,&quot;linkText&quot;:&quot;R\\u00e9glage de l&#039;intensit\\u00e9 du r\\u00e9tro-\\u00e9clairage&quot;,&quot;linkURL&quot;:&quot;www.wpmart.org&quot;,&quot;openNewTab&quot;:&quot;1&quot;,&quot;openPopup&quot;:&quot;1&quot;,&quot;openDesImg&quot;:&quot;&quot;,&quot;openDescription&quot;:&quot;Lorem ipsum dolor sit amet consectetur adipisicing elit. Debitis vero maxime beatae fugiat, aspernatur quia.&quot;,&quot;openDesFontSize&quot;:&quot;16&quot;,&quot;openDesFontColor&quot;:&quot;rgb(0, 0, 0)&quot;,&quot;tempCommonFontSize&quot;:&quot;16&quot;,&quot;tempCommonFontColor&quot;:&quot;rgb(18, 0, 0)&quot;,&quot;tempCommonBgColor&quot;:&quot;rgb(255, 255, 255)&quot;,&quot;tem02EmbeddedLink&quot;:&quot;&quot;,&quot;customeHtmlCode&quot;:&quot;&quot;,&quot;customeCssCode&quot;:&quot;&quot;,&quot;customeCodePopup&quot;:&quot;&quot;,&quot;popupCustomHtml&quot;:&quot;&quot;,&quot;popupCustomCss&quot;:&quot;&quot;,&quot;popupCustomCodeWidth&quot;:&quot;&quot;,&quot;customIconLinkType&quot;:&quot;2&quot;,&quot;elementType&quot;:1,&quot;xPos&quot;:&quot;40.06&quot;,&quot;yPos&quot;:&quot;78.70&quot;,&quot;tWidth&quot;:&quot;1624.828125&quot;,&quot;iconWidth&quot;:&quot;26.25&quot;}' class='imh-6310-drag imh-6310-point-10-4' style='style: display: none' >\r\n               <div class='imh-6310-point-icons imh-6310-point-icons-10-4'>\r\n                                            \r\n                <i class='fas fa-plus imh-6310-pin-main-img imh-6310-blinking-10-4'><\/i>\r\n                <i class='fas fa-plus imh-6310-pin-hover-img imh-6310-blinking-hover-10-4'><\/i>              \r\n              \r\n               <\/div>\r\n            <\/div>  \r\n            \r\n               <div class='imh-6310-hover-content imh-6310-hover-content-10-4' data-always-show='0' style='display:none;'>\r\n               \r\n               <div class='imh-6310-template-01-hover-content'><div class='imh-6310-close-button imh-6310-close-button-mobile'><\/div>Anpassen der Intensit\u00e4t der Hintergrundbeleuchtung<\/div>\r\n               \r\n            <\/div>\r\n            \r\n            <div data-id='5' data-always-show='0' data-json='{&quot;iconType&quot;:1,&quot;fontAwesomeIcon&quot;:&quot;fas fa-plus&quot;,&quot;fontAwesomeHoverIcon&quot;:&quot;fas fa-plus&quot;,&quot;fontAwesomeIconColor&quot;:&quot;rgba(255, 255, 255, 1)&quot;,&quot;fontAwesomeIconHoverColor&quot;:&quot;rgba(255, 255, 255, 1)&quot;,&quot;fontAwesomIconSize&quot;:&quot;30&quot;,&quot;fontAwesomIconSizeInMobile&quot;:&quot;20&quot;,&quot;imgOrIconSize&quot;:&quot;30&quot;,&quot;imgOrIconSizeInMobile&quot;:&quot;20&quot;,&quot;customFirstImg&quot;:&quot;&quot;,&quot;customSecondImg&quot;:&quot;&quot;,&quot;customText&quot;:&quot;Hover here&quot;,&quot;customTextSize&quot;:&quot;16&quot;,&quot;customTextColor&quot;:&quot;rgb(255, 255, 255)&quot;,&quot;customTextBgColor&quot;:&quot;rgba(2, 59, 92, 0.99)&quot;,&quot;blinkTooltip&quot;:&quot;1&quot;,&quot;alwaysShow&quot;:&quot;2&quot;,&quot;glowColor&quot;:&quot;rgba(255, 255, 255, 1)&quot;,&quot;selectedTemplate&quot;:&quot;01&quot;,&quot;linkText&quot;:&quot;S\\u00e9lecteur d&#039;entr\\u00e9es analogiques asym\\u00e9triques (RCA) ou asym\\u00e9triques (XLR)&quot;,&quot;linkURL&quot;:&quot;www.wpmart.org&quot;,&quot;openNewTab&quot;:&quot;1&quot;,&quot;openPopup&quot;:&quot;1&quot;,&quot;openDesImg&quot;:&quot;&quot;,&quot;openDescription&quot;:&quot;Lorem ipsum dolor sit amet consectetur adipisicing elit. Debitis vero maxime beatae fugiat, aspernatur quia.&quot;,&quot;openDesFontSize&quot;:&quot;16&quot;,&quot;openDesFontColor&quot;:&quot;rgb(0, 0, 0)&quot;,&quot;tempCommonFontSize&quot;:&quot;16&quot;,&quot;tempCommonFontColor&quot;:&quot;rgb(18, 0, 0)&quot;,&quot;tempCommonBgColor&quot;:&quot;rgb(255, 255, 255)&quot;,&quot;tem02EmbeddedLink&quot;:&quot;&quot;,&quot;customeHtmlCode&quot;:&quot;&quot;,&quot;customeCssCode&quot;:&quot;&quot;,&quot;customeCodePopup&quot;:&quot;&quot;,&quot;popupCustomHtml&quot;:&quot;&quot;,&quot;popupCustomCss&quot;:&quot;&quot;,&quot;popupCustomCodeWidth&quot;:&quot;&quot;,&quot;customIconLinkType&quot;:&quot;2&quot;,&quot;elementType&quot;:1,&quot;xPos&quot;:&quot;52.12&quot;,&quot;yPos&quot;:&quot;62.71&quot;,&quot;tWidth&quot;:&quot;1624.828125&quot;,&quot;iconWidth&quot;:&quot;26.25&quot;}' class='imh-6310-drag imh-6310-point-10-5' style='style: display: none' >\r\n               <div class='imh-6310-point-icons imh-6310-point-icons-10-5'>\r\n                                            \r\n                <i class='fas fa-plus imh-6310-pin-main-img imh-6310-blinking-10-5'><\/i>\r\n                <i class='fas fa-plus imh-6310-pin-hover-img imh-6310-blinking-hover-10-5'><\/i>              \r\n              \r\n               <\/div>\r\n            <\/div>  \r\n            \r\n               <div class='imh-6310-hover-content imh-6310-hover-content-10-5' data-always-show='0' style='display:none;'>\r\n               \r\n               <div class='imh-6310-template-01-hover-content'><div class='imh-6310-close-button imh-6310-close-button-mobile'><\/div>Wahlschalter f\u00fcr asymmetrische (RCA) oder unsymmetrische (XLR) analoge Eing\u00e4nge<\/div>\r\n               \r\n            <\/div>\r\n            \r\n            <div data-id='6' data-always-show='0' data-json='{&quot;iconType&quot;:1,&quot;fontAwesomeIcon&quot;:&quot;fas fa-plus&quot;,&quot;fontAwesomeHoverIcon&quot;:&quot;fas fa-plus&quot;,&quot;fontAwesomeIconColor&quot;:&quot;rgba(255, 255, 255, 1)&quot;,&quot;fontAwesomeIconHoverColor&quot;:&quot;rgba(255, 255, 255, 1)&quot;,&quot;fontAwesomIconSize&quot;:&quot;30&quot;,&quot;fontAwesomIconSizeInMobile&quot;:&quot;20&quot;,&quot;imgOrIconSize&quot;:&quot;30&quot;,&quot;imgOrIconSizeInMobile&quot;:&quot;20&quot;,&quot;customFirstImg&quot;:&quot;&quot;,&quot;customSecondImg&quot;:&quot;&quot;,&quot;customText&quot;:&quot;Hover here&quot;,&quot;customTextSize&quot;:&quot;16&quot;,&quot;customTextColor&quot;:&quot;rgb(255, 255, 255)&quot;,&quot;customTextBgColor&quot;:&quot;rgba(2, 59, 92, 0.99)&quot;,&quot;blinkTooltip&quot;:&quot;1&quot;,&quot;alwaysShow&quot;:&quot;2&quot;,&quot;glowColor&quot;:&quot;rgba(255, 255, 255, 1)&quot;,&quot;selectedTemplate&quot;:&quot;01&quot;,&quot;linkText&quot;:&quot;Entr\\u00e9es analogiques asym\\u00e9triques (RCA) et asym\\u00e9triques (XLR)&quot;,&quot;linkURL&quot;:&quot;www.wpmart.org&quot;,&quot;openNewTab&quot;:&quot;1&quot;,&quot;openPopup&quot;:&quot;1&quot;,&quot;openDesImg&quot;:&quot;&quot;,&quot;openDescription&quot;:&quot;Lorem ipsum dolor sit amet consectetur adipisicing elit. Debitis vero maxime beatae fugiat, aspernatur quia.&quot;,&quot;openDesFontSize&quot;:&quot;16&quot;,&quot;openDesFontColor&quot;:&quot;rgb(0, 0, 0)&quot;,&quot;tempCommonFontSize&quot;:&quot;16&quot;,&quot;tempCommonFontColor&quot;:&quot;rgb(18, 0, 0)&quot;,&quot;tempCommonBgColor&quot;:&quot;rgb(255, 255, 255)&quot;,&quot;tem02EmbeddedLink&quot;:&quot;&quot;,&quot;customeHtmlCode&quot;:&quot;&quot;,&quot;customeCssCode&quot;:&quot;&quot;,&quot;customeCodePopup&quot;:&quot;&quot;,&quot;popupCustomHtml&quot;:&quot;&quot;,&quot;popupCustomCss&quot;:&quot;&quot;,&quot;popupCustomCodeWidth&quot;:&quot;&quot;,&quot;customIconLinkType&quot;:&quot;2&quot;,&quot;elementType&quot;:1,&quot;xPos&quot;:&quot;41.54&quot;,&quot;yPos&quot;:&quot;62.38&quot;,&quot;tWidth&quot;:&quot;1624.828125&quot;,&quot;iconWidth&quot;:&quot;26.25&quot;}' class='imh-6310-drag imh-6310-point-10-6' style='style: display: none' >\r\n               <div class='imh-6310-point-icons imh-6310-point-icons-10-6'>\r\n                                            \r\n                <i class='fas fa-plus imh-6310-pin-main-img imh-6310-blinking-10-6'><\/i>\r\n                <i class='fas fa-plus imh-6310-pin-hover-img imh-6310-blinking-hover-10-6'><\/i>              \r\n              \r\n               <\/div>\r\n            <\/div>  \r\n            \r\n               <div class='imh-6310-hover-content imh-6310-hover-content-10-6' data-always-show='0' style='display:none;'>\r\n               \r\n               <div class='imh-6310-template-01-hover-content'><div class='imh-6310-close-button imh-6310-close-button-mobile'><\/div>Unsymmetrische (Cinch) und unsymmetrische (XLR) analoge Eing\u00e4nge<\/div>\r\n               \r\n            <\/div>\r\n            <\/div>","protected":false},"excerpt":{"rendered":"<p>Neue Schaltpl\u00e4ne, identische Leistungstransistoren wie der MAA 1000, neues Netzteil, mehr Leistung, mehr Musik, moderneres Layout - das ist der X-A160EVO.<\/p>","protected":false},"featured_media":3063,"template":"","meta":{"_acf_changed":false},"product_brand":[],"product_cat":[317,480],"product_tag":[344],"class_list":{"0":"post-662","1":"product","2":"type-product","3":"status-publish","4":"has-post-thumbnail","6":"product_cat-bloc-stereo","7":"product_cat-classic-line","8":"product_tag-vu","10":"first","11":"outofstock","12":"shipping-taxable","13":"purchasable","14":"product-type-variable","15":"has-default-attributes"},"acf":[],"jetpack_sharing_enabled":true,"_links":{"self":[{"href":"https:\/\/www.advanceparis.com\/de\/wp-json\/wp\/v2\/product\/662","targetHints":{"allow":["GET"]}}],"collection":[{"href":"https:\/\/www.advanceparis.com\/de\/wp-json\/wp\/v2\/product"}],"about":[{"href":"https:\/\/www.advanceparis.com\/de\/wp-json\/wp\/v2\/types\/product"}],"wp:featuredmedia":[{"embeddable":true,"href":"https:\/\/www.advanceparis.com\/de\/wp-json\/wp\/v2\/media\/3063"}],"wp:attachment":[{"href":"https:\/\/www.advanceparis.com\/de\/wp-json\/wp\/v2\/media?parent=662"}],"wp:term":[{"taxonomy":"product_brand","embeddable":true,"href":"https:\/\/www.advanceparis.com\/de\/wp-json\/wp\/v2\/product_brand?post=662"},{"taxonomy":"product_cat","embeddable":true,"href":"https:\/\/www.advanceparis.com\/de\/wp-json\/wp\/v2\/product_cat?post=662"},{"taxonomy":"product_tag","embeddable":true,"href":"https:\/\/www.advanceparis.com\/de\/wp-json\/wp\/v2\/product_tag?post=662"}],"curies":[{"name":"wp","href":"https:\/\/api.w.org\/{rel}","templated":true}]}}