{"id":640,"date":"2022-05-17T02:10:39","date_gmt":"2022-05-17T00:10:39","guid":{"rendered":"https:\/\/www.advanceparis.com\/?post_type=product&#038;p=640"},"modified":"2025-10-23T16:11:25","modified_gmt":"2025-10-23T14:11:25","slug":"x-i75","status":"publish","type":"product","link":"https:\/\/www.advanceparis.com\/de\/produkt\/x-i75\/","title":{"rendered":"X-i75"},"content":{"rendered":"<p>Die zeitlosen X-i75-Verst\u00e4rker verf\u00fcgen \u00fcber ein schlichtes und elegantes Design.<\/p>\n<p>Die zahlreichen Einsatzm\u00f6glichkeiten sowohl auf analoger als auch auf digitaler Ebene profitieren von den neuesten technischen Innovationen.<br \/>\nIn Kombination mit den besten derzeit erh\u00e4ltlichen Komponenten sorgen sie f\u00fcr ein au\u00dfergew\u00f6hnlich dynamisches H\u00f6rerlebnis ohne Aggressivit\u00e4t, das auch die kleinsten Nuancen der Musik wiedergibt.<\/p>\n<p>Dank der \"Hi Bias\"-Betriebsart kann die \u00fcberwiegende Mehrheit der auf dem Markt erh\u00e4ltlichen Lautsprecher problemlos mit Strom versorgt werden.<\/p>\n<p>Die serienm\u00e4\u00dfig mitgelieferte globale Fernbedienung bietet Ihnen noch mehr Bedienkomfort.<\/p>","protected":false},"excerpt":{"rendered":"<p>Die zeitlosen X-i75-Verst\u00e4rker verf\u00fcgen \u00fcber ein schlichtes und elegantes Design.<\/p>","protected":false},"featured_media":8106,"template":"","meta":{"_acf_changed":false},"product_brand":[],"product_cat":[419,480],"product_tag":[],"class_list":{"0":"post-640","1":"product","2":"type-product","3":"status-publish","4":"has-post-thumbnail","6":"product_cat-amplificateur-integre","7":"product_cat-classic-line","9":"first","10":"instock","11":"shipping-taxable","12":"purchasable","13":"product-type-simple"},"acf":[],"jetpack_sharing_enabled":true,"_links":{"self":[{"href":"https:\/\/www.advanceparis.com\/de\/wp-json\/wp\/v2\/product\/640","targetHints":{"allow":["GET"]}}],"collection":[{"href":"https:\/\/www.advanceparis.com\/de\/wp-json\/wp\/v2\/product"}],"about":[{"href":"https:\/\/www.advanceparis.com\/de\/wp-json\/wp\/v2\/types\/product"}],"wp:featuredmedia":[{"embeddable":true,"href":"https:\/\/www.advanceparis.com\/de\/wp-json\/wp\/v2\/media\/8106"}],"wp:attachment":[{"href":"https:\/\/www.advanceparis.com\/de\/wp-json\/wp\/v2\/media?parent=640"}],"wp:term":[{"taxonomy":"product_brand","embeddable":true,"href":"https:\/\/www.advanceparis.com\/de\/wp-json\/wp\/v2\/product_brand?post=640"},{"taxonomy":"product_cat","embeddable":true,"href":"https:\/\/www.advanceparis.com\/de\/wp-json\/wp\/v2\/product_cat?post=640"},{"taxonomy":"product_tag","embeddable":true,"href":"https:\/\/www.advanceparis.com\/de\/wp-json\/wp\/v2\/product_tag?post=640"}],"curies":[{"name":"wp","href":"https:\/\/api.w.org\/{rel}","templated":true}]}}